{"id":10139,"date":"2023-11-25T15:53:26","date_gmt":"2023-11-25T20:53:26","guid":{"rendered":"https:\/\/patrimoinepotton.org\/?page_id=10139"},"modified":"2023-11-25T15:56:47","modified_gmt":"2023-11-25T20:56:47","slug":"my-calendar","status":"publish","type":"page","link":"https:\/\/patrimoinepotton.org\/?page_id=10139","title":{"rendered":"Calendrier des activit\u00e9s"},"content":{"rendered":"\r\n<div id='my-calendar' class='mc-main mcjs listjs gridjs minijs ajaxjs twentytwentytwo calendar month my-calendar is-main-view' >\n<script type=\"application\/ld+json\">\n[{\"@context\":\"https:\/\/schema.org\",\"@type\":\"Event\",\"name\":\"Assembl\\u00e9e g\\u00e9n\\u00e9rale annuelle | 26 avril 2026\",\"description\":\"Vous \\u00eates cordialement invit\\u00e9s \\u00e0 la 34\\u00e8me Assembl\\u00e9e g\\u00e9n\\u00e9rale des membres de l\\u2019Association du patrimoine de Potton, qui se tiendra sous peu, donc : Le dimanche 26 avril 2026 La r\\u00e9union d\\u00e9butera \\u00e0 9:30\\u00a0heures Au sous-sol de l\\u2019\\u00c9glise Saint-Cajetan \\u00e0 Mansonvilles Lire la suite\",\"image\":\"https:\/\/patrimoinepotton.org\/blogue\/wp-content\/uploads\/2015\/08\/Favicon_Logo.jpg\",\"url\":\"https:\/\/patrimoinepotton.org\/?mc-events=assemblee-generale-annuelle-26-avril-2026\",\"startDate\":\"2026-04-26T09:30:00-04:00\",\"endDate\":\"2026-04-26T12:00:00-04:00\",\"duration\":\"PT2H30M\",\"eventAttendanceMode\":\"https:\/\/schema.org\/OnlineEventAttendanceMode\",\"location\":{\"@type\":\"VirtualLocation\",\"url\":\"https:\/\/patrimoinepotton.org\/?mc-events=assemblee-generale-annuelle-26-avril-2026\"}}]\n<\/script>\n<h2 id=\"mc_head_my-calendar\" class=\"heading my-calendar-month\"><span>\u00c9v\u00e8nements en avril 2026<\/span><\/h2>\n\n<nav class=\"my-calendar-navigation\" aria-label=\"Calendrier (Haut)\">\n<div class=\"my-calendar-header\"><div class='mc-format'>\r\n\t\t<ul><li><button type='button' id='mc_grid-my-calendar' data-href='https:\/\/patrimoinepotton.org\/?page_id=10139&#038;format=calendar&#038;rest_route=\/wp\/v2\/pages\/10139' aria-pressed=\"true\" class='mc-navigation-button mc-grid-option mc-active'><span class='mc-icon' aria-hidden='true'><\/span><span class=\"maybe-hide\">Vue <\/span>Calendrier<\/button><\/li><li><button type='button' id='mc_list-my-calendar' data-href='https:\/\/patrimoinepotton.org\/?page_id=10139&#038;format=list&#038;rest_route=\/wp\/v2\/pages\/10139'  class='mc-navigation-button mc-list-option'><span class='mc-icon' aria-hidden='true'><\/span><span class=\"maybe-hide\">Vue en <\/span>Liste<\/button><\/li><\/ul>\r\n\t\t<\/div><div class='mc-time'><ul><li><button type='button' id='mc_month-my-calendar' data-href='https:\/\/patrimoinepotton.org\/?page_id=10139&#038;cid=my-calendar&#038;rest_route=\/wp\/v2\/pages\/10139&#038;time=month' class='mc-navigation-button month mc-active' aria-pressed='true'>Mois<\/button><\/li><li><button type='button' id='mc_week-my-calendar' data-href='https:\/\/patrimoinepotton.org\/?page_id=10139&#038;cid=my-calendar&#038;dy=13&#038;month=4&#038;rest_route=\/wp\/v2\/pages\/10139&#038;time=week&#038;yr=2026' class='mc-navigation-button week'>Semaine<\/button><\/li><li><button type='button' id='mc_day-my-calendar' data-href='https:\/\/patrimoinepotton.org\/?page_id=10139&#038;cid=my-calendar&#038;dy=13&#038;rest_route=\/wp\/v2\/pages\/10139&#038;time=day' class='mc-navigation-button day'>Jour<\/button><li><\/ul><\/div><div class=\"my-calendar-date-switcher\"><form class=\"mc-date-switcher\" action=\"https:\/\/patrimoinepotton.org?rest_route=\/wp\/v2\/pages\/10139\" method=\"get\"><div><input type=\"hidden\" name=\"cid\" value=\"my-calendar\" \/><input type=\"hidden\" name=\"rest_route\" value=\"\/wp\/v2\/pages\/10139\" \/> <label class=\"maybe-hide\" for=\"my-calendar-month\">Mois<\/label> <select id=\"my-calendar-month\" name=\"month\">\n<option value='1'>janvier<\/option>\n<option value='2'>f\u00e9vrier<\/option>\n<option value='3'>mars<\/option>\n<option value='4' selected='selected'>avril<\/option>\n<option value='5'>mai<\/option>\n<option value='6'>juin<\/option>\n<option value='7'>juillet<\/option>\n<option value='8'>ao\u00fbt<\/option>\n<option value='9'>septembre<\/option>\n<option value='10'>octobre<\/option>\n<option value='11'>novembre<\/option>\n<option value='12'>d\u00e9cembre<\/option>\n<\/select>\n <label class=\"maybe-hide\" for=\"my-calendar-year\">Ann\u00e9e<\/label> <select id=\"my-calendar-year\" name=\"yr\">\n<option value=\"2023\">2023<\/option>\n<option value=\"2024\">2024<\/option>\n<option value=\"2025\">2025<\/option>\n<option value=\"2026\" selected='selected'>2026<\/option>\n<\/select> <input type=\"submit\" class=\"button\" id=\"my-calendar-button\" value=\"Aller\" \/><\/div><\/form><\/div>\r\n\t\t<div class=\"my-calendar-nav\">\r\n\t\t\t<ul>\r\n\t\t\t\t<li class=\"my-calendar-prev\"><button type=\"button\" class=\"mc-navigation-button\" id=\"mc_previous_my-calendar\" data-href=\"https:\/\/patrimoinepotton.org\/?page_id=10139&#038;cid=my-calendar&#038;dy&#038;month=3&#038;rest_route=\/wp\/v2\/pages\/10139&#038;time=month&#038;yr=2026\"><span class=\"mc-icon\" aria-hidden=\"true\"><\/span><span class=\"maybe-hide\">Pr\u00e9c\u00e9dent <\/span><\/button><\/li><li class=\"my-calendar-today\"><button type=\"button\" id=\"mc_today_my-calendar\" data-href=\"https:\/\/patrimoinepotton.org\/?page_id=10139&#038;cid=my-calendar&#038;rest_route=\/wp\/v2\/pages\/10139\" class=\"mc-navigation-button today mc-active\" aria-current=\"true\"><span class=\"mc-icon\" aria-hidden=\"true\"><\/span>Aujourd\u2019hui<\/button><\/li>\r\n\t\t\t<\/ul>\r\n\t\t<\/div><\/div>\n<\/nav>\n<div class=\"mc-content\">\n<table class='my-calendar-table' aria-labelledby='mc_head_my-calendar'>\n<thead>\n\t<tr class='mc-row'>\n\t\t<th scope=\"col\" class='day-heading mon'><abbr title=\"lundi\" aria-hidden=\"true\">lun<\/abbr><span class=\"screen-reader-text\">lundi<\/span><\/th>\n\n\t\t<th scope=\"col\" class='day-heading tues'><abbr title=\"mardi\" aria-hidden=\"true\">mar<\/abbr><span class=\"screen-reader-text\">mardi<\/span><\/th>\n\n\t\t<th scope=\"col\" class='day-heading wed'><abbr title=\"mercredi\" aria-hidden=\"true\">mer<\/abbr><span class=\"screen-reader-text\">mercredi<\/span><\/th>\n\n\t\t<th scope=\"col\" class='day-heading thur'><abbr title=\"jeudi\" aria-hidden=\"true\">jeu<\/abbr><span class=\"screen-reader-text\">jeudi<\/span><\/th>\n\n\t\t<th scope=\"col\" class='day-heading fri'><abbr title=\"vendredi\" aria-hidden=\"true\">ven<\/abbr><span class=\"screen-reader-text\">vendredi<\/span><\/th>\n\n\t\t<th scope=\"col\" class='weekend-heading sat'><abbr title=\"samedi\" aria-hidden=\"true\">sam<\/abbr><span class=\"screen-reader-text\">samedi<\/span><\/th>\n\n\t\t<th scope=\"col\" class='weekend-heading sun'><abbr title=\"dimanche\" aria-hidden=\"true\">dim<\/abbr><span class=\"screen-reader-text\">dimanche<\/span><\/th>\n\t<\/tr>\n<\/thead>\n<tbody>\n<tr class='mc-row'><td class='no-events lundi lun past-day past-date  nextmonth no-events day-with-date'><div class='mc-date-container'><span class='mc-date no-events'><span aria-hidden='true'>30<\/span><span class='screen-reader-text'>30 mars 2026<\/span><\/span><\/div>\n<\/td>\n<td class='no-events mardi mar past-day past-date  nextmonth no-events day-with-date'><div class='mc-date-container'><span class='mc-date no-events'><span aria-hidden='true'>31<\/span><span class='screen-reader-text'>31 mars 2026<\/span><\/span><\/div>\n<\/td>\n<td class='no-events mercredi mer past-day past-date   no-events day-with-date'><div class='mc-date-container'><span class='mc-date no-events'><span aria-hidden='true'>1<\/span><span class='screen-reader-text'>1 avril 2026<\/span><\/span><\/div>\n<\/td>\n<td class='no-events jeudi jeu past-day past-date   no-events day-with-date'><div class='mc-date-container'><span class='mc-date no-events'><span aria-hidden='true'>2<\/span><span class='screen-reader-text'>2 avril 2026<\/span><\/span><\/div>\n<\/td>\n<td class='no-events vendredi ven past-day past-date   no-events day-with-date'><div class='mc-date-container'><span class='mc-date no-events'><span aria-hidden='true'>3<\/span><span class='screen-reader-text'>3 avril 2026<\/span><\/span><\/div>\n<\/td>\n<td class='no-events samedi sam past-day past-date weekend  no-events day-with-date'><div class='mc-date-container'><span class='mc-date no-events'><span aria-hidden='true'>4<\/span><span class='screen-reader-text'>4 avril 2026<\/span><\/span><\/div>\n<\/td>\n<td class='no-events dimanche dim past-day past-date weekend  no-events day-with-date'><div class='mc-date-container'><span class='mc-date no-events'><span aria-hidden='true'>5<\/span><span class='screen-reader-text'>5 avril 2026<\/span><\/span><\/div>\n<\/td>\n<\/tr>\n<!-- End Event Row -->\n<tr class='mc-row'><td class='no-events lundi lun past-day past-date   no-events day-with-date'><div class='mc-date-container'><span class='mc-date no-events'><span aria-hidden='true'>6<\/span><span class='screen-reader-text'>6 avril 2026<\/span><\/span><\/div>\n<\/td>\n<td class='no-events mardi mar past-day past-date   no-events day-with-date'><div class='mc-date-container'><span class='mc-date no-events'><span aria-hidden='true'>7<\/span><span class='screen-reader-text'>7 avril 2026<\/span><\/span><\/div>\n<\/td>\n<td class='no-events mercredi mer past-day past-date   no-events day-with-date'><div class='mc-date-container'><span class='mc-date no-events'><span aria-hidden='true'>8<\/span><span class='screen-reader-text'>8 avril 2026<\/span><\/span><\/div>\n<\/td>\n<td class='no-events jeudi jeu past-day past-date   no-events day-with-date'><div class='mc-date-container'><span class='mc-date no-events'><span aria-hidden='true'>9<\/span><span class='screen-reader-text'>9 avril 2026<\/span><\/span><\/div>\n<\/td>\n<td class='no-events vendredi ven past-day past-date   no-events day-with-date'><div class='mc-date-container'><span class='mc-date no-events'><span aria-hidden='true'>10<\/span><span class='screen-reader-text'>10 avril 2026<\/span><\/span><\/div>\n<\/td>\n<td class='no-events samedi sam past-day past-date weekend  no-events day-with-date'><div class='mc-date-container'><span class='mc-date no-events'><span aria-hidden='true'>11<\/span><span class='screen-reader-text'>11 avril 2026<\/span><\/span><\/div>\n<\/td>\n<td class='no-events dimanche dim past-day past-date weekend  no-events day-with-date'><div class='mc-date-container'><span class='mc-date no-events'><span aria-hidden='true'>12<\/span><span class='screen-reader-text'>12 avril 2026<\/span><\/span><\/div>\n<\/td>\n<\/tr>\n<!-- End Event Row -->\n<tr class='mc-row'><td class='no-events lundi lun past-day past-date   no-events day-with-date'><div class='mc-date-container'><span class='mc-date no-events'><span aria-hidden='true'>13<\/span><span class='screen-reader-text'>13 avril 2026<\/span><\/span><\/div>\n<\/td>\n<td class='no-events mardi mar past-day past-date   no-events day-with-date'><div class='mc-date-container'><span class='mc-date no-events'><span aria-hidden='true'>14<\/span><span class='screen-reader-text'>14 avril 2026<\/span><\/span><\/div>\n<\/td>\n<td class='no-events mercredi mer past-day past-date   no-events day-with-date'><div class='mc-date-container'><span class='mc-date no-events'><span aria-hidden='true'>15<\/span><span class='screen-reader-text'>15 avril 2026<\/span><\/span><\/div>\n<\/td>\n<td class='no-events jeudi jeu past-day past-date   no-events day-with-date'><div class='mc-date-container'><span class='mc-date no-events'><span aria-hidden='true'>16<\/span><span class='screen-reader-text'>16 avril 2026<\/span><\/span><\/div>\n<\/td>\n<td class='no-events vendredi ven past-day past-date   no-events day-with-date'><div class='mc-date-container'><span class='mc-date no-events'><span aria-hidden='true'>17<\/span><span class='screen-reader-text'>17 avril 2026<\/span><\/span><\/div>\n<\/td>\n<td class='no-events samedi sam past-day past-date weekend  no-events day-with-date'><div class='mc-date-container'><span class='mc-date no-events'><span aria-hidden='true'>18<\/span><span class='screen-reader-text'>18 avril 2026<\/span><\/span><\/div>\n<\/td>\n<td aria-current=\"date\" class='no-events dimanche dim current-day weekend  no-events day-with-date'><div class='mc-date-container'><span class='mc-date no-events'><span aria-hidden='true'>19<\/span><span class='screen-reader-text'>19 avril 2026<\/span><\/span><\/div>\n<\/td>\n<\/tr>\n<!-- End Event Row -->\n<tr class='mc-row'><td class='no-events lundi lun future-day   no-events day-with-date'><div class='mc-date-container'><span class='mc-date no-events'><span aria-hidden='true'>20<\/span><span class='screen-reader-text'>20 avril 2026<\/span><\/span><\/div>\n<\/td>\n<td class='no-events mardi mar future-day   no-events day-with-date'><div class='mc-date-container'><span class='mc-date no-events'><span aria-hidden='true'>21<\/span><span class='screen-reader-text'>21 avril 2026<\/span><\/span><\/div>\n<\/td>\n<td class='no-events mercredi mer future-day   no-events day-with-date'><div class='mc-date-container'><span class='mc-date no-events'><span aria-hidden='true'>22<\/span><span class='screen-reader-text'>22 avril 2026<\/span><\/span><\/div>\n<\/td>\n<td class='no-events jeudi jeu future-day   no-events day-with-date'><div class='mc-date-container'><span class='mc-date no-events'><span aria-hidden='true'>23<\/span><span class='screen-reader-text'>23 avril 2026<\/span><\/span><\/div>\n<\/td>\n<td class='no-events vendredi ven future-day   no-events day-with-date'><div class='mc-date-container'><span class='mc-date no-events'><span aria-hidden='true'>24<\/span><span class='screen-reader-text'>24 avril 2026<\/span><\/span><\/div>\n<\/td>\n<td class='no-events samedi sam future-day weekend  no-events day-with-date'><div class='mc-date-container'><span class='mc-date no-events'><span aria-hidden='true'>25<\/span><span class='screen-reader-text'>25 avril 2026<\/span><\/span><\/div>\n<\/td>\n<td id='calendar-2026-04-26' class='mc-events dimanche dim future-day weekend  has-events author5 mcat_general day-with-date'><div class='mc-date-container'>\n\t<span class='mc-date'><span aria-hidden='true' class='mc-day-number'>26<\/span><span class='screen-reader-text mc-day-date'>26 avril 2026<\/span><span class=\"event-icon\" aria-hidden=\"true\">&#9679;<\/span><span class=\"screen-reader-text\"><span class=\"mc-list-details event-count\">(1 \u00e9v\u00e8nement)<\/span><\/span><\/span><\/div><article id='mc_calendar_26_52-calendar-52' class='mc-mc_calendar_52 calendar-event mc_general mc_no-location  future-event mc_primary_general nonrecurring mc-3-heures mc-start-09-30 ungrouped mc-event-34 mc-events mc-event mc_rel_general'><header>\t<h3 class='event-title summary' id='mc_52-title-my-calendar'><button type='button'  aria-expanded='false' aria-controls='mc_calendar_26_52-calendar-details-52' class='calendar open url summary'><div>9 h 30 min: Assembl\u00e9e g\u00e9n\u00e9rale annuelle | 26 avril 2026<\/div><\/button><\/h3>\n<\/header><div id='mc_calendar_26_52-calendar-details-52' class='details no-image single-details'  aria-labelledby='mc_52-title-my-calendar'>\n\t<button type='button' aria-controls='mc_calendar_26_52-calendar-details-52' class='mc-toggle close'><span class='dashicons dashicons-dismiss' aria-hidden='true'><\/span><span class='screen-reader-text'>Close<\/span><\/button>\n\t\t<h4 class=\"mc-title\">9 h 30 min: Assembl\u00e9e g\u00e9n\u00e9rale annuelle | 26 avril 2026<\/h4>\n\t\r\n\t<div class='time-block'>\r\n\t\t<span class='mc-icon' aria-hidden='true'><\/span>\r\n\t\t<p><span class=\"time-wrapper\"><span class='event-time dtstart'><time class='value-title' datetime='2026-04-26T09:30:00-04:00' title='2026-04-26T09:30:00-04:00'>9 h 30 min<\/time><\/span> <span class='time-separator'> &ndash; <\/span> <span class='end-time dtend'> <time class='value-title' datetime='2026-04-26T12:00:00-04:00' title='2026-04-26T12:00:00-04:00'>12 h 00 min<\/time><\/span><\/span><br \/><span class=\"date-wrapper\"><span class='mc-start-date dtstart' title='2026-04-26T09:30:00-04:00' content='2026-04-26T09:30:00-04:00'>26 avril 2026<\/span>  <\/span><\/p>\r\n\t<\/div>\n\t\t<div class='longdesc description'><p><!-- \/wp:paragraph --><\/p>\n<p><!-- wp:paragraph --><\/p>\n<p>Vous \u00eates cordialement invit\u00e9s \u00e0 la 34\u00e8me Assembl\u00e9e g\u00e9n\u00e9rale des membres de l\u2019Association du patrimoine de Potton, qui se tiendra sous peu, donc :<\/p>\n<p><!-- \/wp:paragraph --><\/p>\n<p><!-- wp:list {\"ordered\":true,\"type\":\"1\"} --><\/p>\n<ol class=\"wp-block-list\" style=\"list-style-type: 1\">\n<li style=\"list-style-type: none\">\n<ul class=\"wp-block-list\" style=\"list-style-type: 1\"><!-- wp:list-item --><\/p>\n<li>Le dimanche <strong>26 avril 2026<\/strong><\/li>\n<\/ul>\n<\/li>\n<\/ol>\n<p><!-- \/wp:list-item --><\/p>\n<p><!-- wp:list-item --><\/p>\n<ul class=\"wp-block-list\" style=\"list-style-type: 1\">\n<li style=\"list-style-type: none\">\n<ul class=\"wp-block-list\" style=\"list-style-type: 1\">\n<li>La r\u00e9union d\u00e9butera \u00e0 <strong>9:30\u00a0heures<\/strong><\/li>\n<\/ul>\n<\/li>\n<\/ul>\n<p><!-- \/wp:list-item --><\/p>\n<p><!-- wp:list-item --><\/p>\n<ul class=\"wp-block-list\" style=\"list-style-type: 1\">\n<li style=\"list-style-type: none\">\n<ul class=\"wp-block-list\" style=\"list-style-type: 1\">\n<li>Au sous-sol de l\u2019\u00c9glise Saint-Cajetan \u00e0 Mansonvilles<\/li>\n<\/ul>\n<\/li>\n<\/ul>\n<p><!-- \/wp:list-item --><\/p>\n<p><!-- wp:list-item --><\/p>\n<ul class=\"wp-block-list\" style=\"list-style-type: 1\">\n<li style=\"list-style-type: none\"><\/li>\n<\/ul>\n<p><a href=\"https:\/\/patrimoinepotton.org\/?p=12269\">Lire la suite<\/a><\/p>\n<p><!-- \/wp:list-item --><\/p>\n<\/div><\/div><!--end .details--><\/article>\n<\/td>\n<\/tr>\n<!-- End Event Row -->\n<tr class='mc-row'><td class='no-events lundi lun future-day   no-events day-with-date'><div class='mc-date-container'><span class='mc-date no-events'><span aria-hidden='true'>27<\/span><span class='screen-reader-text'>27 avril 2026<\/span><\/span><\/div>\n<\/td>\n<td class='no-events mardi mar future-day   no-events day-with-date'><div class='mc-date-container'><span class='mc-date no-events'><span aria-hidden='true'>28<\/span><span class='screen-reader-text'>28 avril 2026<\/span><\/span><\/div>\n<\/td>\n<td class='no-events mercredi mer future-day   no-events day-with-date'><div class='mc-date-container'><span class='mc-date no-events'><span aria-hidden='true'>29<\/span><span class='screen-reader-text'>29 avril 2026<\/span><\/span><\/div>\n<\/td>\n<td class='no-events jeudi jeu future-day   no-events day-with-date'><div class='mc-date-container'><span class='mc-date no-events'><span aria-hidden='true'>30<\/span><span class='screen-reader-text'>30 avril 2026<\/span><\/span><\/div>\n<\/td>\n<td class='no-events vendredi ven future-day  nextmonth no-events day-with-date'><div class='mc-date-container'><span class='mc-date no-events'><span aria-hidden='true'>1<\/span><span class='screen-reader-text'>1 mai 2026<\/span><\/span><\/div>\n<\/td>\n<td class='no-events samedi sam future-day weekend nextmonth no-events day-with-date'><div class='mc-date-container'><span class='mc-date no-events'><span aria-hidden='true'>2<\/span><span class='screen-reader-text'>2 mai 2026<\/span><\/span><\/div>\n<\/td>\n<td class='no-events dimanche dim future-day weekend nextmonth no-events day-with-date'><div class='mc-date-container'><span class='mc-date no-events'><span aria-hidden='true'>3<\/span><span class='screen-reader-text'>3 mai 2026<\/span><\/span><\/div>\n<\/td>\n<\/tr>\n<!-- End Event Row -->\n\n<\/tbody>\n<\/table><\/div><!-- .mc-content -->\n<nav class=\"my-calendar-navigation\" aria-label=\"Calendrier (Bas)\">\n<div class=\"mc_bottomnav my-calendar-footer\"><div class='mc-print'><a id='mc_print-my-calendar' href='https:\/\/patrimoinepotton.org?cid=mc-print-view&#038;dy=1&#038;href=https%3A%2F%2Fpatrimoinepotton.org%3Frest_route%3D%2Fwp%2Fv2%2Fpages%2F10139&#038;month=4&#038;rest_route=\/wp\/v2\/pages\/10139&#038;time=month&#038;yr=2026' rel='nofollow'><span class='mc-icon' aria-hidden='true'><\/span><span class=\"maybe-hide\">Vue<\/span> impression<\/a><\/div><\/div>\n<\/nav>\n\r\n<\/div><!-- Close Main My Calendar Wrapper -->\n","protected":false},"excerpt":{"rendered":"","protected":false},"author":5,"featured_media":0,"parent":0,"menu_order":0,"comment_status":"closed","ping_status":"closed","template":"","meta":{"ngg_post_thumbnail":0,"_mc_calendar":{"weekends":"true","shortcode":"[my_calendar weekends=&quot;true&quot;]","append":""},"footnotes":""},"class_list":["post-10139","page","type-page","status-publish","hentry"],"_links":{"self":[{"href":"https:\/\/patrimoinepotton.org\/index.php?rest_route=\/wp\/v2\/pages\/10139","targetHints":{"allow":["GET"]}}],"collection":[{"href":"https:\/\/patrimoinepotton.org\/index.php?rest_route=\/wp\/v2\/pages"}],"about":[{"href":"https:\/\/patrimoinepotton.org\/index.php?rest_route=\/wp\/v2\/types\/page"}],"author":[{"embeddable":true,"href":"https:\/\/patrimoinepotton.org\/index.php?rest_route=\/wp\/v2\/users\/5"}],"replies":[{"embeddable":true,"href":"https:\/\/patrimoinepotton.org\/index.php?rest_route=%2Fwp%2Fv2%2Fcomments&post=10139"}],"version-history":[{"count":0,"href":"https:\/\/patrimoinepotton.org\/index.php?rest_route=\/wp\/v2\/pages\/10139\/revisions"}],"wp:attachment":[{"href":"https:\/\/patrimoinepotton.org\/index.php?rest_route=%2Fwp%2Fv2%2Fmedia&parent=10139"}],"curies":[{"name":"wp","href":"https:\/\/api.w.org\/{rel}","templated":true}]}}