{"id":10477,"date":"2023-12-13T21:07:58","date_gmt":"2023-12-14T02:07:58","guid":{"rendered":"https:\/\/patrimoinepotton.org\/?page_id=10477"},"modified":"2023-12-15T16:44:01","modified_gmt":"2023-12-15T21:44:01","slug":"selection-du-webmestre","status":"publish","type":"page","link":"https:\/\/patrimoinepotton.org\/?page_id=10477","title":{"rendered":"S\u00e9lection du webmestre"},"content":{"rendered":"\n<p><em>Parcourir les albums photos et les portails Web de l&rsquo;Association du patrimoine de Potton \u00e9voque d&rsquo;agr\u00e9ables souvenirs.<br><br>Voici une s\u00e9lection de mes coups de c\u0153ur libell\u00e9s dans des montages parfois humoristiques.<\/em><\/p>\n\n\n\n<p><em>Serge Normand | D\u00e9cembre 2023<\/em><\/p>\n\n\n\nngg_shortcode_0_placeholder\n","protected":false},"excerpt":{"rendered":"<p>Parcourir les albums photos et les portails Web de l&rsquo;Association du patrimoine de Potton \u00e9voque d&rsquo;agr\u00e9ables souvenirs. Voici une s\u00e9lection de mes coups de c\u0153ur libell\u00e9s dans des montages parfois humoristiques. Serge Normand | D\u00e9cembre 2023<\/p>\n","protected":false},"author":5,"featured_media":0,"parent":0,"menu_order":0,"comment_status":"closed","ping_status":"closed","template":"","meta":{"ngg_post_thumbnail":0,"_mc_calendar":[],"footnotes":""},"class_list":["post-10477","page","type-page","status-publish","hentry"],"_links":{"self":[{"href":"https:\/\/patrimoinepotton.org\/index.php?rest_route=\/wp\/v2\/pages\/10477","targetHints":{"allow":["GET"]}}],"collection":[{"href":"https:\/\/patrimoinepotton.org\/index.php?rest_route=\/wp\/v2\/pages"}],"about":[{"href":"https:\/\/patrimoinepotton.org\/index.php?rest_route=\/wp\/v2\/types\/page"}],"author":[{"embeddable":true,"href":"https:\/\/patrimoinepotton.org\/index.php?rest_route=\/wp\/v2\/users\/5"}],"replies":[{"embeddable":true,"href":"https:\/\/patrimoinepotton.org\/index.php?rest_route=%2Fwp%2Fv2%2Fcomments&post=10477"}],"version-history":[{"count":0,"href":"https:\/\/patrimoinepotton.org\/index.php?rest_route=\/wp\/v2\/pages\/10477\/revisions"}],"wp:attachment":[{"href":"https:\/\/patrimoinepotton.org\/index.php?rest_route=%2Fwp%2Fv2%2Fmedia&parent=10477"}],"curies":[{"name":"wp","href":"https:\/\/api.w.org\/{rel}","templated":true}]}}