{"id":1100,"date":"2011-03-12T19:34:47","date_gmt":"2011-03-13T00:34:47","guid":{"rendered":"http:\/\/patrimoinepotton.org\/?page_id=1100"},"modified":"2023-04-12T11:45:14","modified_gmt":"2023-04-12T15:45:14","slug":"concours-de-photographie-2011","status":"publish","type":"page","link":"https:\/\/patrimoinepotton.org\/?page_id=1100","title":{"rendered":"Concours de photographie 2014"},"content":{"rendered":"<p style=\"text-align: center;\"><strong>Politique adopt\u00e9e par le CA de l&rsquo;Association<\/strong><\/p>\n<ul>\n<li style=\"text-align: justify;\">Le concours de photographie 2014 de l\u2019Association du patrimoine de Potton (APP) se tient \u00e0 l\u2019occasion du Festival multiculturel de Potton (FMP), qui aura lieu le 9 ao\u00fbt 2014.<\/li>\n<li style=\"text-align: justify;\">Le th\u00e8me de 2014 : <strong>Quel est votre plus beau paysage ? <\/strong>(occasion de montrer vos coups de coeurs pour nos paysages ).<\/li>\n<li style=\"text-align: justify;\">Le concours est ouvert \u00e0 tous, habitant ou non le canton de Potton. Les membres du conseil d\u2019administration de l\u2019Association du patrimoine, leurs conjoints et leurs enfants peuvent participer, mais ne sont pas admissibles aux prix d\u00e9cern\u00e9s.<\/li>\n<li style=\"text-align: justify;\">Les photos doivent avoir \u00e9t\u00e9 prises dans le Canton de Potton.<\/li>\n<li style=\"text-align: justify;\">Un candidat peut soumettre un maximum de trois (3) photographies, en format imprim\u00e9. Toutefois, l\u2019espace pour la pr\u00e9sentation des \u0153uvres \u00e9tant limit\u00e9, l\u2019Association se r\u00e9serve le droit de r\u00e9duire le nombre d\u2019\u0153uvres expos\u00e9es par chaque participant. Dans un tel cas, l\u2019Association demandera au participant de choisir la photographie qui sera pr\u00e9sent\u00e9e au public du FMP.<\/li>\n<li style=\"text-align: justify;\">Les photos imprim\u00e9es doivent \u00eatre soumises dans un format de 8\u2019\u2019 x 10\u2019\u2019 ou de 8\u2019\u2019 x 12\u2019\u2019 et peuvent \u00eatre en couleurs ou en noir et blanc.<\/li>\n<li style=\"text-align: justify;\">Au dos de chaque photo, le candidat doit inscrire \u00e0 quel endroit la photo a \u00e9t\u00e9 prise ainsi que ses nom, num\u00e9ro de t\u00e9l\u00e9phone, courriel et adresse postale.<\/li>\n<li style=\"text-align: justify;\">Aux fins du concours, toutes les photos, en format imprim\u00e9, doivent \u00eatre post\u00e9es \u00e0 l\u2019Association du patrimoine de Potton, C.P. 262, Mansonville (Qu\u00e9bec) J0E 1X0 ou remises \u00e0 Christian Smeesters,\u00a0 3, chemin Maurice C\u00f4t\u00e9, Mansonville (Qu\u00e9bec) J0E 1X0, au plus tard une (1) semaine avant le FMP, soit le\u00a0<strong>2 ao\u00fbt 2014<\/strong>.<\/li>\n<li style=\"text-align: justify;\">Les photos imprim\u00e9es peuvent \u00eatre r\u00e9cup\u00e9r\u00e9es apr\u00e8s le concours sur simple demande \u00e0 Christian Smeesters<\/li>\n<li style=\"text-align: justify;\">L\u2019Association souhaite recevoir \u00e9galement les photographies num\u00e9ris\u00e9es au format jpg et ne d\u00e9passant pas 2 Mo, afin de les publier sur son site Web. Ces photos doivent \u00eatre envoy\u00e9es \u00e0 l\u2019adresse courriel suivante : <a href=\"mailto:concoursphoto@patrimoinepotton.org\">concoursphoto@patrimoinepotton.org<\/a> \u00a0ou remises sur une cl\u00e9 USB \u00e0 Christian Smeesters. Elles doivent \u00eatre accompagn\u00e9es des m\u00eames informations que celles exig\u00e9es ci-dessus. Veuillez noter cependant que, pour participer au concours, vous devez soumettre les photos en format imprim\u00e9, le format num\u00e9rique \u00e9tant facultatif.<\/li>\n<li style=\"text-align: justify;\">Le public du FMP choisira les trois (3) photos gagnantes.<\/li>\n<li style=\"text-align: justify;\">Les gagnants verront leur photo lamin\u00e9e gratuitement en vue d\u2019une exposition \u00e0 l\u2019automne.<\/li>\n<li style=\"text-align: justify;\">En soumettant une photographie au concours, le candidat autorise automatiquement l\u2019Association du patrimoine de Potton \u00e0 l\u2019utiliser pour son site Web, ses publications et ses expositions, \u00e0 la condition que l\u2019auteur de la photo soit clairement identifi\u00e9. Aucune r\u00e9mun\u00e9ration ne sera vers\u00e9e \u00e0 l\u2019auteur pour une telle utilisation.<\/li>\n<\/ul>\n","protected":false},"excerpt":{"rendered":"<p>Politique adopt\u00e9e par le CA de l&rsquo;Association Le concours de photographie 2014 de l\u2019Association du patrimoine de Potton (APP) se tient \u00e0 l\u2019occasion du Festival multiculturel de Potton (FMP), qui aura lieu le 9 ao\u00fbt 2014. Le th\u00e8me de 2014 : Quel est votre plus beau paysage ? (occasion de montrer vos coups de coeurs [&hellip;]<\/p>\n","protected":false},"author":5,"featured_media":0,"parent":1870,"menu_order":14,"comment_status":"closed","ping_status":"closed","template":"","meta":{"ngg_post_thumbnail":0,"_mc_calendar":[],"footnotes":""},"class_list":["post-1100","page","type-page","status-publish","hentry"],"_links":{"self":[{"href":"https:\/\/patrimoinepotton.org\/index.php?rest_route=\/wp\/v2\/pages\/1100","targetHints":{"allow":["GET"]}}],"collection":[{"href":"https:\/\/patrimoinepotton.org\/index.php?rest_route=\/wp\/v2\/pages"}],"about":[{"href":"https:\/\/patrimoinepotton.org\/index.php?rest_route=\/wp\/v2\/types\/page"}],"author":[{"embeddable":true,"href":"https:\/\/patrimoinepotton.org\/index.php?rest_route=\/wp\/v2\/users\/5"}],"replies":[{"embeddable":true,"href":"https:\/\/patrimoinepotton.org\/index.php?rest_route=%2Fwp%2Fv2%2Fcomments&post=1100"}],"version-history":[{"count":0,"href":"https:\/\/patrimoinepotton.org\/index.php?rest_route=\/wp\/v2\/pages\/1100\/revisions"}],"up":[{"embeddable":true,"href":"https:\/\/patrimoinepotton.org\/index.php?rest_route=\/wp\/v2\/pages\/1870"}],"wp:attachment":[{"href":"https:\/\/patrimoinepotton.org\/index.php?rest_route=%2Fwp%2Fv2%2Fmedia&parent=1100"}],"curies":[{"name":"wp","href":"https:\/\/api.w.org\/{rel}","templated":true}]}}