{"id":11778,"date":"2024-04-07T15:53:41","date_gmt":"2024-04-07T19:53:41","guid":{"rendered":"https:\/\/patrimoinepotton.org\/?page_id=11778"},"modified":"2025-08-20T07:48:20","modified_gmt":"2025-08-20T11:48:20","slug":"grange-ronde-archives-photos","status":"publish","type":"page","link":"https:\/\/patrimoinepotton.org\/?page_id=11778","title":{"rendered":"Grange ronde | Archives photos"},"content":{"rendered":"\n<p>Depuis sa fondation, l&rsquo;Association fait la promotion de la sauvegarde de la grange ronde.<br>Ce r\u00e9pertoire pr\u00e9sente une collection de photographies et de vid\u00e9os souvenirs.<\/p>\n\n\n\nngg_shortcode_0_placeholder\n\n\n\n<p class=\"has-large-font-size\" style=\"font-style:normal;font-weight:600\"><a href=\"https:\/\/patrimoinepotton.org\/?page_id=12126\" data-type=\"page\" data-id=\"12126\">Ah! Les granges rondes | Vid\u00e9os<\/a><\/p>\n\n\n\n<div class=\"wp-block-group is-content-justification-space-between is-nowrap is-layout-flex wp-container-core-group-is-layout-cb46ffcb wp-block-group-is-layout-flex\">\n<figure class=\"wp-block-image size-full\"><img loading=\"lazy\" decoding=\"async\" width=\"1024\" height=\"480\" src=\"https:\/\/patrimoinepotton.org\/blogue\/wp-content\/uploads\/2025\/08\/Portait_GR-1.jpg\" alt=\"\" class=\"wp-image-12130\" srcset=\"https:\/\/patrimoinepotton.org\/blogue\/wp-content\/uploads\/2025\/08\/Portait_GR-1.jpg 1024w, https:\/\/patrimoinepotton.org\/blogue\/wp-content\/uploads\/2025\/08\/Portait_GR-1-300x141.jpg 300w, https:\/\/patrimoinepotton.org\/blogue\/wp-content\/uploads\/2025\/08\/Portait_GR-1-768x360.jpg 768w\" sizes=\"auto, (max-width: 1024px) 100vw, 1024px\" \/><figcaption class=\"wp-element-caption\">Ferme Stanley Holmes<br>Barnston West ( pr\u00e8s de Coaticook )<\/figcaption><\/figure>\n\n\n\n<figure class=\"wp-block-image size-full\"><img loading=\"lazy\" decoding=\"async\" width=\"1024\" height=\"655\" src=\"https:\/\/patrimoinepotton.org\/blogue\/wp-content\/uploads\/2025\/08\/Restauration_GR.jpg\" alt=\"\" class=\"wp-image-12131\" srcset=\"https:\/\/patrimoinepotton.org\/blogue\/wp-content\/uploads\/2025\/08\/Restauration_GR.jpg 1024w, https:\/\/patrimoinepotton.org\/blogue\/wp-content\/uploads\/2025\/08\/Restauration_GR-300x192.jpg 300w, https:\/\/patrimoinepotton.org\/blogue\/wp-content\/uploads\/2025\/08\/Restauration_GR-768x491.jpg 768w\" sizes=\"auto, (max-width: 1024px) 100vw, 1024px\" \/><figcaption class=\"wp-element-caption\">Grange ronde de Mansonville<\/figcaption><\/figure>\n<\/div>\n\n\n\n<p><\/p>\n","protected":false},"excerpt":{"rendered":"<p>Depuis sa fondation, l&rsquo;Association fait la promotion de la sauvegarde de la grange ronde.Ce r\u00e9pertoire pr\u00e9sente une collection de photographies et de vid\u00e9os souvenirs. Ah! Les granges rondes | Vid\u00e9os<\/p>\n","protected":false},"author":5,"featured_media":0,"parent":0,"menu_order":0,"comment_status":"closed","ping_status":"closed","template":"","meta":{"ngg_post_thumbnail":0,"_mc_calendar":[],"footnotes":""},"class_list":["post-11778","page","type-page","status-publish","hentry"],"_links":{"self":[{"href":"https:\/\/patrimoinepotton.org\/index.php?rest_route=\/wp\/v2\/pages\/11778","targetHints":{"allow":["GET"]}}],"collection":[{"href":"https:\/\/patrimoinepotton.org\/index.php?rest_route=\/wp\/v2\/pages"}],"about":[{"href":"https:\/\/patrimoinepotton.org\/index.php?rest_route=\/wp\/v2\/types\/page"}],"author":[{"embeddable":true,"href":"https:\/\/patrimoinepotton.org\/index.php?rest_route=\/wp\/v2\/users\/5"}],"replies":[{"embeddable":true,"href":"https:\/\/patrimoinepotton.org\/index.php?rest_route=%2Fwp%2Fv2%2Fcomments&post=11778"}],"version-history":[{"count":0,"href":"https:\/\/patrimoinepotton.org\/index.php?rest_route=\/wp\/v2\/pages\/11778\/revisions"}],"wp:attachment":[{"href":"https:\/\/patrimoinepotton.org\/index.php?rest_route=%2Fwp%2Fv2%2Fmedia&parent=11778"}],"curies":[{"name":"wp","href":"https:\/\/api.w.org\/{rel}","templated":true}]}}