{"id":1182,"date":"2011-05-18T15:51:03","date_gmt":"2011-05-18T19:51:03","guid":{"rendered":"http:\/\/patrimoinepotton.org\/?page_id=1182"},"modified":"2013-10-14T12:11:54","modified_gmt":"2013-10-14T16:11:54","slug":"activites-ete-2011","status":"publish","type":"page","link":"https:\/\/patrimoinepotton.org\/?page_id=1182","title":{"rendered":"Activit\u00e9s \u00e9t\u00e9 2011"},"content":{"rendered":"<p><strong>Samedi 18 juin, 18 h 30 : ouverture de la saison estivale<\/strong> par Hans Walser dans une maison de bois rond nich\u00e9e dans la montagne Sugar Loaf. Souper aux sushis au bord de l\u2019\u00e9tang et au son du Jazz. Lieu : 52 Hilmar Krausser. Co\u00fbt : 40$\/personne, apportez votre vin. R\u00e9servation obligatoire avant le 4 juin aupr\u00e8s de Carol Bishop (450) 292-4844. Nombre limit\u00e9 de places.<\/p>\n<p><strong>Samedi 25 juin \u00e0 9 h 30 : d\u00e9couverte de la rivi\u00e8re Missisquoi<\/strong> en kayak et des paysages de Potton d\u2019un point de vue exceptionnel. Location de kayaks possible aupr\u00e8s de Jacques Thouin (450) 292-3020 : 25 $ pour les membres (nombre limit\u00e9) ou \u00e0 Dunkin (450) 538-4052. Rencontre : 560 route de Mansonville. Apportez votre lunch pour piqueniquer chez Jacques et Terry.<\/p>\n<p><strong>Vendredi le 15 juillet \u00e0 9h30 : excursion au Mont Singer<\/strong> (marche de 4 h). Rencontre \u00e0 l\u2019angle du chemin Westhill et route 243. Apportez votre lunch. Confirmez votre pr\u00e9sence avec Frank Ruiz : (450) 292-3542.<\/p>\n<p><strong>Samedi 23 juillet, 10 h : Visite d\u2019une mini-ferme.<\/strong> RV \u00e0 10 h \u00e0 la ferme Roberge, 267 chemin Owl\u2019s head. Il y a un magnifique potager, des poules, des canards, des moutons, des ch\u00e8vres, des chevaux et plus: un endroit magnifique \u00e0 d\u00e9couvrir avec des enfants! La marche a \u00e9t\u00e9 supprim\u00e9e pour nous permettre d\u2019aller pique-niquer \u00e0 la place Manson vers 11h30 et de participer aux \u00ab Samedis de Potton \u00bb. Si vous voulez quand m\u00eame marcher vous pouvez partir plus t\u00f4t et faire l\u2019aller retour \u00e0 partir du terrain de golf (4 km A\/R). Responsable : \u00c9dith (450) 292-0547.<\/p>\n<p><strong>Jeudi 4 ao\u00fbt, 14 h : d\u00e9couverte du sentier Missisquoi Nord vers la R\u00e9serve naturelle des Montagnes Vertes<\/strong>. D\u00e9part \u00e0 l\u2019angle du chemin Westhill et route 243. Suivi d\u2019un souper-spectacle au \u00ab Red room \u00bb \u00e0 Glen Sutton pour ceux qui le d\u00e9sirent. R\u00e9servations pour le souper avant le 27 juillet: Frank Ruiz (450) 292-3542.<\/p>\n<p><strong>Samedi 13 ao\u00fbt \u00e0 partir de 9 h : Festival multiculturel de Potton<\/strong>. Kiosque de l\u2019association du patrimoine et concours de photos sur le th\u00e8me \u00ab Ma meilleure photo de Potton \u00bb illustrant notre patrimoine tant naturel que culturel, paysager, b\u00e2ti ou arch\u00e9ologique. Participez en grand nombre, date limite : 5 ao\u00fbt! D\u00e9tails sur le site : <a href=\"https:\/\/patrimoinepotton.org\/?page_id=1100\">https:\/\/patrimoinepotton.org\/?page_id=1100<\/a><\/p>\n<p><strong>Dimanche 21 ao\u00fbt \u00e0 16 h: Visite du vignoble \u00ab Chapelle St Agn\u00e8s \u00bb, <\/strong>2565 ch. Scenic, Sutton, suivi d\u2019une pr\u00e9sentation des nouveaux d\u00e9pliants sur le patrimoine de Potton et d\u2019un buffet dans la salle des mariages. Co\u00fbt : 25$\/personne + taxes, incluant la visite. Vin local ou import\u00e9 disponible sur place. R\u00e9servation obligatoire avant le 7 ao\u00fbt aupr\u00e8s de Carol: (450) 292-4844. <a href=\"https:\/\/www.vindeglace.com\">https:\/\/www.vindeglace.com<\/a><\/p>\n<p><strong>Samedi 10 septembre, \u00e0 10 h : Marche et cueillette de champignons<\/strong> sur un site avec vues magnifiques sur le Canton, avec les mycologues Nicole Busby et Romain Labrie. Apportez votre lunch. Maximum 40 personnes. R\u00e9serv\u00e9 aux membres en priorit\u00e9. Appelez pour le lieu de RV: Edith (450) 292-0547.<\/p>\n<p><strong>24-25 sept, 1-2 octobre, 8-9-10 octobre : festival d\u2019automne<\/strong>, d\u00e9tails \u00e0 venir<\/p>\n<p><strong>30 septembre : Journ\u00e9e du patrimoine<\/strong><\/p>\n<p><strong>30 septembre, 1-2 octobre : Journ\u00e9es de la culture<\/strong> : <a href=\"https:\/\/www.journeesdelaculture.qc.ca\/\">https:\/\/www.journeesdelaculture.qc.ca\/<\/a><\/p>\n<p>NB : R\u00e9servez toujours pour toutes les activit\u00e9s aupr\u00e8s du responsable d\u00e9sign\u00e9. Sauf indication contraire, les activit\u00e9s sont gratuites pour les membres de l\u2019Association, 5$ pour les autres. Apportez votre lunch pour les excursions. Pour devenir membre de l\u2019Association, contactez Yolande Lamontagne: (450) 292-0430. Courriel membres: <a href=\"mailto:info@patrimoinepotton.org\">info@patrimoinepotton.org<\/a><\/p>\n<h1 style=\"text-align: center;\">Bon \u00e9t\u00e9 !<\/h1>\n<p>&nbsp;<\/p>\n","protected":false},"excerpt":{"rendered":"<p>Samedi 18 juin, 18 h 30 : ouverture de la saison estivale par Hans Walser dans une maison de bois rond nich\u00e9e dans la montagne Sugar Loaf. Souper aux sushis au bord de l\u2019\u00e9tang et au son du Jazz. Lieu : 52 Hilmar Krausser. Co\u00fbt : 40$\/personne, apportez votre vin. R\u00e9servation obligatoire avant le 4 [&hellip;]<\/p>\n","protected":false},"author":5,"featured_media":0,"parent":329,"menu_order":2,"comment_status":"closed","ping_status":"closed","template":"onecolumn-page.php","meta":{"ngg_post_thumbnail":0,"_mc_calendar":[],"footnotes":""},"class_list":["post-1182","page","type-page","status-publish","hentry"],"_links":{"self":[{"href":"https:\/\/patrimoinepotton.org\/index.php?rest_route=\/wp\/v2\/pages\/1182","targetHints":{"allow":["GET"]}}],"collection":[{"href":"https:\/\/patrimoinepotton.org\/index.php?rest_route=\/wp\/v2\/pages"}],"about":[{"href":"https:\/\/patrimoinepotton.org\/index.php?rest_route=\/wp\/v2\/types\/page"}],"author":[{"embeddable":true,"href":"https:\/\/patrimoinepotton.org\/index.php?rest_route=\/wp\/v2\/users\/5"}],"replies":[{"embeddable":true,"href":"https:\/\/patrimoinepotton.org\/index.php?rest_route=%2Fwp%2Fv2%2Fcomments&post=1182"}],"version-history":[{"count":0,"href":"https:\/\/patrimoinepotton.org\/index.php?rest_route=\/wp\/v2\/pages\/1182\/revisions"}],"up":[{"embeddable":true,"href":"https:\/\/patrimoinepotton.org\/index.php?rest_route=\/wp\/v2\/pages\/329"}],"wp:attachment":[{"href":"https:\/\/patrimoinepotton.org\/index.php?rest_route=%2Fwp%2Fv2%2Fmedia&parent=1182"}],"curies":[{"name":"wp","href":"https:\/\/api.w.org\/{rel}","templated":true}]}}