{"id":1261,"date":"2011-07-27T21:03:18","date_gmt":"2011-07-28T01:03:18","guid":{"rendered":"http:\/\/patrimoinepotton.org\/?page_id=1261"},"modified":"2023-04-12T11:43:02","modified_gmt":"2023-04-12T15:43:02","slug":"photos-concours-2011","status":"publish","type":"page","link":"https:\/\/patrimoinepotton.org\/?page_id=1261","title":{"rendered":"Photos &#8211; Concours 2011"},"content":{"rendered":"<p>Les photographies soumises pour le Concours 2011 sont pr\u00e9sent\u00e9es par ordre de r\u00e9ception.<br \/>\nLe num\u00e9ro correspond \u00e0 la date de r\u00e9ception. Un num\u00e9ro s\u00e9quentiel est ajout\u00e9 \u00e0 la date pour les r\u00e9ceptions d&rsquo;un m\u00eame jour.<br \/>\nngg_shortcode_0_placeholder<\/p>\n","protected":false},"excerpt":{"rendered":"<p>Les photographies soumises pour le Concours 2011 sont pr\u00e9sent\u00e9es par ordre de r\u00e9ception. Le num\u00e9ro correspond \u00e0 la date de r\u00e9ception. Un num\u00e9ro s\u00e9quentiel est ajout\u00e9 \u00e0 la date pour les r\u00e9ceptions d&rsquo;un m\u00eame jour.<\/p>\n","protected":false},"author":5,"featured_media":0,"parent":1870,"menu_order":11,"comment_status":"closed","ping_status":"closed","template":"","meta":{"ngg_post_thumbnail":0,"_mc_calendar":[],"footnotes":""},"class_list":["post-1261","page","type-page","status-publish","hentry"],"_links":{"self":[{"href":"https:\/\/patrimoinepotton.org\/index.php?rest_route=\/wp\/v2\/pages\/1261","targetHints":{"allow":["GET"]}}],"collection":[{"href":"https:\/\/patrimoinepotton.org\/index.php?rest_route=\/wp\/v2\/pages"}],"about":[{"href":"https:\/\/patrimoinepotton.org\/index.php?rest_route=\/wp\/v2\/types\/page"}],"author":[{"embeddable":true,"href":"https:\/\/patrimoinepotton.org\/index.php?rest_route=\/wp\/v2\/users\/5"}],"replies":[{"embeddable":true,"href":"https:\/\/patrimoinepotton.org\/index.php?rest_route=%2Fwp%2Fv2%2Fcomments&post=1261"}],"version-history":[{"count":0,"href":"https:\/\/patrimoinepotton.org\/index.php?rest_route=\/wp\/v2\/pages\/1261\/revisions"}],"up":[{"embeddable":true,"href":"https:\/\/patrimoinepotton.org\/index.php?rest_route=\/wp\/v2\/pages\/1870"}],"wp:attachment":[{"href":"https:\/\/patrimoinepotton.org\/index.php?rest_route=%2Fwp%2Fv2%2Fmedia&parent=1261"}],"curies":[{"name":"wp","href":"https:\/\/api.w.org\/{rel}","templated":true}]}}