{"id":1355,"date":"2011-10-01T09:29:16","date_gmt":"2011-10-01T13:29:16","guid":{"rendered":"http:\/\/patrimoinepotton.org\/?page_id=1355"},"modified":"2023-04-12T18:19:25","modified_gmt":"2023-04-12T22:19:25","slug":"les-ponts-couverts-au-quebec","status":"publish","type":"page","link":"https:\/\/patrimoinepotton.org\/?page_id=1355","title":{"rendered":"Les ponts couverts au Qu\u00e9bec"},"content":{"rendered":"<p><span style=\"color: #993300;\">Conf\u00e9rence pr\u00e9sent\u00e9e par JEAN LEFRAN\u00c7OIS<\/span><br \/>\n<em>Mercredi 19 octobre 2011, 19 h 30<\/em><br \/>\n<em> H\u00f4tel de ville, Mansonville<\/em><\/p>\n<p><strong>R\u00e9sum\u00e9<\/strong><\/p>\n<p>Le Qu\u00e9bec compte 12 000 ponts-routes sur l&rsquo;ensemble de son territoire. Moins de 1 % sont des ponts couverts. \u00c0 elle seule, la province compte 57 % des ponts couverts canadiens dont le nombre est de 154. \u00c0 l&rsquo;\u00e9chelle mondiale, le Qu\u00e9bec abrite 7 % de ces structures en bois. Serait-il l&rsquo;\u00c9den des ponts couverts?<\/p>\n<p>Du d\u00e9but du XIXe si\u00e8cle \u00e0 la fin des ann\u00e9es 50, le ph\u00e9nom\u00e8ne des ponts couverts est indissociable de l&rsquo;histoire du Qu\u00e9bec, car beaucoup de ces ouvrages en bois \u00e9taient indispensables : lieux de passage, ils sont alors le catalyseur de nouvelles colonies. La vie s&rsquo;y greffe. Ces ponts de colonisation unissent les rives, facilitent la mise en march\u00e9 des produits du terroir et donnent acc\u00e8s aux lieux de culte, v\u00e9ritable ciment de la soci\u00e9t\u00e9 qu\u00e9b\u00e9coise en ces temps o\u00f9 le clerg\u00e9 exerce une influence r\u00e9elle. La mise en service sur les cours d&rsquo;eau de ces constructions ouvr\u00e9es signifiait la plupart du temps la marche vers une \u00e9conomie prometteuse et des jours meilleurs. Jadis, il s&rsquo;en est b\u00e2ti pr\u00e8s de 1 500. Le pont couvert qu\u00e9b\u00e9cois s&rsquo;est transform\u00e9 au fil des d\u00e9cennies. Au XIXe si\u00e8cle, les styles sont tr\u00e8s vari\u00e9s et parfois enrubann\u00e9s de coquetterie. Les ponts affichent ni plus ni moins les talents d&rsquo;architecte et de charpentier de leur constructeur comme de v\u00e9ritables signatures. Qui aurait cru \u00e0 une telle vari\u00e9t\u00e9 de ponts couverts au Qu\u00e9bec? Un si\u00e8cle d&rsquo;usage plus tard, vers 1905, la conception des ponts couverts atteint un degr\u00e9 de perfectionnement \u00e9lev\u00e9 au moment o\u00f9 les fonctionnaires provinciaux du minist\u00e8re de la Colonisation dessinent le pont Town qu\u00e9b\u00e9cois, arch\u00e9type peu co\u00fbteux et tr\u00e8s peu changeant, mais d&rsquo;une efficience extr\u00eame que l&rsquo;on ne retrouvera nulle part ailleurs dans le monde. En cinquante ans, 500 ponts Town qu\u00e9b\u00e9cois sont construits.<\/p>\n<p>De nos jours, pour les petites communaut\u00e9s vivant aux c\u00f4t\u00e9s de ces belles charpentes d&rsquo;autrefois, le pont couvert repr\u00e9sente un patrimoine sans \u00e9gal. Depuis les 20 derni\u00e8res ann\u00e9es, le minist\u00e8re des Transports du Qu\u00e9bec a investi beaucoup dans le but d\u2019en assurer la p\u00e9rennit\u00e9. Ces derniers temps, nous assistons \u00e0 un \u00e9veil collectif pour sauvegarder les 88 ponts couverts authentiques diss\u00e9min\u00e9s dans toutes les r\u00e9gions du Qu\u00e9bec. Jadis, les ponts couverts au Qu\u00e9bec \u00e9taient consid\u00e9r\u00e9s comme des constructions durables, aujourd\u2019hui ces traverses d&rsquo;antan sont r\u00e9put\u00e9es h\u00e9ritage pr\u00e9cieux.<\/p>\n<p><strong>Biographie<\/strong><\/p>\n<p>Jean Lefran\u00e7ois, le Pontife*<\/p>\n<p>Jean Lefran\u00e7ois compte vingt-quatre ans d&rsquo;exp\u00e9rience dans l&rsquo;\u00e9tude des ponts. En 1986, ce Gasp\u00e9sien se joint au minist\u00e8re des Transports du Qu\u00e9bec comme technicien. Pendant seize ans, il travaille \u00e0 l&rsquo;inspection, \u00e0 la r\u00e9paration et \u00e0 la reconstruction des ponts et autres ouvrages d&rsquo;art dans les r\u00e9gions du Lac-Saint-Jean et de Qu\u00e9bec.<\/p>\n<p>Sa passion des ponts le conduit \u00e0 s&rsquo;interroger davantage sur l&rsquo;origine des travers\u00e9es des rivi\u00e8res jeannoises. En 1997, son enthousiasme l&rsquo;am\u00e8ne \u00e0 diffuser ses travaux de recherches par l&rsquo;entremise d&rsquo;un site Internet sur les ponts du Lac-Saint-Jean. Deux ans plus tard, la Soci\u00e9t\u00e9 historique du Saguenay l&rsquo;invite \u00e0 pr\u00e9parer un num\u00e9ro sp\u00e9cial pr\u00e9sentant ses d\u00e9couvertes dans la revue Saguenayensia.<\/p>\n<p>De 2002 \u00e0 2006, il gagne les rangs de la Direction des structures o\u00f9 il participe \u00e0 la recherche et \u00e0 l&rsquo;\u00e9criture du Manuel d&rsquo;\u00e9valuation patrimoniale des ponts du Qu\u00e9bec et \u00e0 la r\u00e9daction d&rsquo;une Orientation minist\u00e9rielle sur l&rsquo;identification et la gestion des ponts \u00e0 valeur patrimoniale pour le minist\u00e8re des Transports du Qu\u00e9bec. En 2004-2005, il s&rsquo;acquitte de la publication d&rsquo;un livre sur les ponts couverts au Qu\u00e9bec.<\/p>\n<p>Depuis pr\u00e8s de 13 ans, Jean Lefran\u00e7ois publie fr\u00e9quemment dans des revues et p\u00e9riodiques des articles tr\u00e8s fouill\u00e9s \u00e0 couleur historico-technique sur des ponts qu\u00e9b\u00e9cois m\u00e9connus, mais d&rsquo;un int\u00e9r\u00eat certain. Ses connaissances jumel\u00e9es aux demandes du milieu l&rsquo;am\u00e8nent de plus en plus \u00e0 prononcer des conf\u00e9rences ou \u00e0 participer \u00e0 des documentaires t\u00e9l\u00e9vis\u00e9s favorisant la d\u00e9couverte de ce volet de notre patrimoine b\u00e2ti.<\/p>\n<p>&nbsp;<\/p>\n<p>*\u00ab Pontife \u00bb est son pseudonyme de chercheur.<\/p>\n<p>\u00c0 Rome, les pontifes sont charg\u00e9s de l&rsquo;entretien du pont sacr\u00e9 (pont Sublicius) et de surveiller la bonne observance des pratiques religieuses. Les pontifes s&rsquo;occupent aussi des temples ne disposant pas de clerg\u00e9 propre. De plus, ils tiennent les archives de l&rsquo;Empire : Ils consignent les faits notables dans les Grandes Annales, ainsi que diverses choses comme les cultes, les pr\u00e9c\u00e9dents en mati\u00e8re de droit. Les Grandes Annales sont tenues secr\u00e8tes pendant longtemps jusqu&rsquo;\u00e0 ce que le grand pontife Mucius Scaevola les rende publiques en 123 Av. J.-C.<\/p>\n<p>Wikip\u00e9dia<\/p>\n<p>&nbsp;<\/p>\n","protected":false},"excerpt":{"rendered":"<p>Conf\u00e9rence pr\u00e9sent\u00e9e par JEAN LEFRAN\u00c7OIS Mercredi 19 octobre 2011, 19 h 30 H\u00f4tel de ville, Mansonville R\u00e9sum\u00e9 Le Qu\u00e9bec compte 12 000 ponts-routes sur l&rsquo;ensemble de son territoire. Moins de 1 % sont des ponts couverts. \u00c0 elle seule, la province compte 57 % des ponts couverts canadiens dont le nombre est de 154. \u00c0 [&hellip;]<\/p>\n","protected":false},"author":5,"featured_media":0,"parent":329,"menu_order":20,"comment_status":"closed","ping_status":"closed","template":"","meta":{"ngg_post_thumbnail":0,"_mc_calendar":[],"footnotes":""},"class_list":["post-1355","page","type-page","status-publish","hentry"],"_links":{"self":[{"href":"https:\/\/patrimoinepotton.org\/index.php?rest_route=\/wp\/v2\/pages\/1355","targetHints":{"allow":["GET"]}}],"collection":[{"href":"https:\/\/patrimoinepotton.org\/index.php?rest_route=\/wp\/v2\/pages"}],"about":[{"href":"https:\/\/patrimoinepotton.org\/index.php?rest_route=\/wp\/v2\/types\/page"}],"author":[{"embeddable":true,"href":"https:\/\/patrimoinepotton.org\/index.php?rest_route=\/wp\/v2\/users\/5"}],"replies":[{"embeddable":true,"href":"https:\/\/patrimoinepotton.org\/index.php?rest_route=%2Fwp%2Fv2%2Fcomments&post=1355"}],"version-history":[{"count":0,"href":"https:\/\/patrimoinepotton.org\/index.php?rest_route=\/wp\/v2\/pages\/1355\/revisions"}],"up":[{"embeddable":true,"href":"https:\/\/patrimoinepotton.org\/index.php?rest_route=\/wp\/v2\/pages\/329"}],"wp:attachment":[{"href":"https:\/\/patrimoinepotton.org\/index.php?rest_route=%2Fwp%2Fv2%2Fmedia&parent=1355"}],"curies":[{"name":"wp","href":"https:\/\/api.w.org\/{rel}","templated":true}]}}