{"id":1395,"date":"2011-10-20T17:56:19","date_gmt":"2011-10-20T21:56:19","guid":{"rendered":"http:\/\/patrimoinepotton.org\/?page_id=1395"},"modified":"2023-04-12T18:18:40","modified_gmt":"2023-04-12T22:18:40","slug":"renovation-et-restauration-ecologiques","status":"publish","type":"page","link":"https:\/\/patrimoinepotton.org\/?page_id=1395","title":{"rendered":"R\u00e9novation et restauration \u00e9cologiques"},"content":{"rendered":"<h3><span style=\"color: #993300;\">Conf\u00e9rence pr\u00e9sent\u00e9e par David Leslie, architecte<\/span><br \/>\n<em>Mercredi 9 novembre 2011, 19 h 30<\/em><br \/>\n<em> H\u00f4tel de ville, Mansonville<\/em><\/h3>\n<p><em>Conf\u00e9rence pr\u00e9sent\u00e9e en fran\u00e7ais, dur\u00e9e approximative de 45 minutes, suivie d\u2019une p\u00e9riode de questions et d&rsquo;\u00e9changes en fran\u00e7ais et en anglais<\/em><strong><em>.<\/em><\/strong><\/p>\n<p><strong>R\u00e9sum\u00e9<\/strong><\/p>\n<p>La conf\u00e9rence traite des fa\u00e7ons de proc\u00e9der pour ex\u00e9cuter des r\u00e9novations ou des restaurations \u00e9cologiques. Elle aborde les diff\u00e9rents \u00e9l\u00e9ments structurels d\u2019une maison : la charpente, l\u2019enveloppe ext\u00e9rieure, les portes, les fen\u00eatres, le toit, la finition ext\u00e9rieure et int\u00e9rieure, les syst\u00e8mes m\u00e9caniques tels que la plomberie, le chauffage, la ventilation et le syst\u00e8me \u00e9lectrique incluant l\u2019\u00e9clairage. Les probl\u00e8mes sp\u00e9cifiques \u00e0 la restauration des maisons traditionnelles sont aussi abord\u00e9s.<\/p>\n<p><strong>Biographie<\/strong><\/p>\n<figure id=\"attachment_1404\" aria-describedby=\"caption-attachment-1404\" style=\"width: 300px\" class=\"wp-caption alignleft\"><a href=\"https:\/\/patrimoinepotton.org\/blogue\/wp-content\/uploads\/2011\/10\/Photo-David-Leslie.jpg\"><img loading=\"lazy\" decoding=\"async\" class=\"size-medium wp-image-1404\" title=\"David Leslie\" src=\"https:\/\/patrimoinepotton.org\/blogue\/wp-content\/uploads\/2011\/10\/Photo-David-Leslie-300x225.jpg\" alt=\"David Leslie\" width=\"300\" height=\"225\" srcset=\"https:\/\/patrimoinepotton.org\/blogue\/wp-content\/uploads\/2011\/10\/Photo-David-Leslie-300x225.jpg 300w, https:\/\/patrimoinepotton.org\/blogue\/wp-content\/uploads\/2011\/10\/Photo-David-Leslie.jpg 1024w\" sizes=\"auto, (max-width: 300px) 100vw, 300px\" \/><\/a><figcaption id=\"caption-attachment-1404\" class=\"wp-caption-text\">David Leslie<\/figcaption><\/figure>\n<p>R\u00e9sidant \u00e0 Cookshire dans le Canton d\u2019Eaton il y a r\u00e9nov\u00e9 une vieille maison, jouit de la vie paisible de la campagne et aime la nature, les activit\u00e9s de plein air et la musique.<\/p>\n<p>Membre de l\u2019Ordre des Architectes du Qu\u00e9bec et de l\u2019Association des Architectes en pratique priv\u00e9e du Qu\u00e9bec, il est le seul au Canada et un des rare au monde d\u2019avoir quatre certifications LEED (Leadership in Energy and Environmental Design). Son approche \u00e9cologique de l\u2019architecture en fait un des pionniers de la bioarchitecture au Qu\u00e9bec. Il dirige sa firme d\u2019architecte \u00e0 Qu\u00e9bec depuis 1987 et celle de l\u2019Estrie depuis 1998.<\/p>\n<p>Auteur de nombreux articles il pr\u00e9pare un recueil de ses textes, notes et r\u00e9flexions pr\u00e9sentant sa philosophie architecturale : l\u2019\u00e2me, le corps et la nature se r\u00e9unissent dans un b\u00e2timent pour unifier la mati\u00e8re avec l\u2019immortel.<\/p>\n<p>Principaux domaines de travail : restauration de vieilles \u00e9glises; constructions ou agrandissements de CPE; expertises techniques; am\u00e9nagements int\u00e9rieurs dans les secteurs institutionnels, commerciaux, industriels et r\u00e9sidentiels.<\/p>\n<p><strong>Ses grandes \u0153uvres<\/strong> :<\/p>\n<p>Le Centre d\u2019interpr\u00e9tation du parc botanique \u00e0 Kingsey Falls, deux b\u00e2timents de forme octogonale coiff\u00e9s d\u2019un toit articul\u00e9 comme les p\u00e9tales d\u2019une fleur prennent une forme organique pour s&rsquo;int\u00e9grer dans les jardins.<\/p>\n<p>Le Monast\u00e8re des s\u0153urs Clarisses de Lennoxville, sa forme et ses innombrables d\u00e9tails hautement symboliques lui donnent une vie, une \u00e2me et une \u00e9nergie que les gens ressentent dans les lieux. La Caisse des Hauts-Bois\u00e9s et la Caserne de Cookshire qui sont des projets marquant pour la communaut\u00e9.<\/p>\n<p>&nbsp;<\/p>\n<p>&nbsp;<\/p>\n","protected":false},"excerpt":{"rendered":"<p>Conf\u00e9rence pr\u00e9sent\u00e9e par David Leslie, architecte Mercredi 9 novembre 2011, 19 h 30 H\u00f4tel de ville, Mansonville Conf\u00e9rence pr\u00e9sent\u00e9e en fran\u00e7ais, dur\u00e9e approximative de 45 minutes, suivie d\u2019une p\u00e9riode de questions et d&rsquo;\u00e9changes en fran\u00e7ais et en anglais. R\u00e9sum\u00e9 La conf\u00e9rence traite des fa\u00e7ons de proc\u00e9der pour ex\u00e9cuter des r\u00e9novations ou des restaurations \u00e9cologiques. Elle [&hellip;]<\/p>\n","protected":false},"author":5,"featured_media":0,"parent":329,"menu_order":20,"comment_status":"closed","ping_status":"closed","template":"","meta":{"ngg_post_thumbnail":0,"_mc_calendar":[],"footnotes":""},"class_list":["post-1395","page","type-page","status-publish","hentry"],"_links":{"self":[{"href":"https:\/\/patrimoinepotton.org\/index.php?rest_route=\/wp\/v2\/pages\/1395","targetHints":{"allow":["GET"]}}],"collection":[{"href":"https:\/\/patrimoinepotton.org\/index.php?rest_route=\/wp\/v2\/pages"}],"about":[{"href":"https:\/\/patrimoinepotton.org\/index.php?rest_route=\/wp\/v2\/types\/page"}],"author":[{"embeddable":true,"href":"https:\/\/patrimoinepotton.org\/index.php?rest_route=\/wp\/v2\/users\/5"}],"replies":[{"embeddable":true,"href":"https:\/\/patrimoinepotton.org\/index.php?rest_route=%2Fwp%2Fv2%2Fcomments&post=1395"}],"version-history":[{"count":0,"href":"https:\/\/patrimoinepotton.org\/index.php?rest_route=\/wp\/v2\/pages\/1395\/revisions"}],"up":[{"embeddable":true,"href":"https:\/\/patrimoinepotton.org\/index.php?rest_route=\/wp\/v2\/pages\/329"}],"wp:attachment":[{"href":"https:\/\/patrimoinepotton.org\/index.php?rest_route=%2Fwp%2Fv2%2Fmedia&parent=1395"}],"curies":[{"name":"wp","href":"https:\/\/api.w.org\/{rel}","templated":true}]}}