{"id":1588,"date":"2012-01-07T10:50:32","date_gmt":"2012-01-07T15:50:32","guid":{"rendered":"http:\/\/patrimoinepotton.org\/?page_id=1588"},"modified":"2012-01-23T15:21:55","modified_gmt":"2012-01-23T20:21:55","slug":"potton-dantan-exposition-de-photos-anciennes","status":"publish","type":"page","link":"https:\/\/patrimoinepotton.org\/?page_id=1588","title":{"rendered":"Potton d&rsquo;antan &#8211; Exposition de photos anciennes"},"content":{"rendered":"<table border=\"0\">\n<tbody>\n<tr>\n<td>Le catalogue de l\u2019exposition de photos anciennes tenue en 1997 pour c\u00e9l\u00e9brer le bicentenaire de Potton ( 1797-1997 ) est disponible sous les liens suivants:<\/td>\n<td><em>The catalogue to the exhibition of old photos held in 1997 to celebrate the bicentennial of Potton\u2019s founding (1797-1997) is availably by clicking on the links below.These photos have explanatory identification<\/em>.<\/td>\n<\/tr>\n<\/tbody>\n<\/table>\n<ul>\n<li><a title=\"Potton d\u2019antan \u2013 Photos (1-25)\" href=\"https:\/\/patrimoinepotton.org\/?page_id=1612\">Photos 1 &#8211; 25<\/a><\/li>\n<li><a title=\"Potton d\u2019antan \u2013 Photos (26-50)\" href=\"https:\/\/patrimoinepotton.org\/?page_id=1637\">Photos 26 &#8211; 50<\/a><\/li>\n<li><a title=\"Potton d\u2019antan \u2013 Photos (51-75)\" href=\"https:\/\/patrimoinepotton.org\/?page_id=1661\">Photos 51 &#8211; 75<\/a><\/li>\n<li><a title=\"Potton d\u2019antan \u2013 Photos (76-100)\" href=\"https:\/\/patrimoinepotton.org\/?page_id=1700\">Photos 76 &#8211; 100<\/a><\/li>\n<li><a title=\"Potton d\u2019antan \u2013 Photos (101-139)\" href=\"https:\/\/patrimoinepotton.org\/?page_id=1709\">Photos 101 &#8211; 139<\/a><\/li>\n<\/ul>\n<table border=\"0\">\n<tbody>\n<tr>\n<td>Pour une recherche rapide, cliquez sur la photo suivante pour visualiser l&rsquo;ensemble des vignettes de l&rsquo;album. Les l\u00e9gendes accompagnant les photos figurent cependant dans les liens pr\u00e9c\u00e9dents.<\/td>\n<td><em>Click on the photo below to view the complete thumbnail gallery.<\/em><\/td>\n<\/tr>\n<\/tbody>\n<\/table>\nngg_shortcode_0_placeholder\n<table border=\"0\">\n<tbody>\n<tr>\n<td>Ces photographies sont num\u00e9rot\u00e9es en r\u00e9f\u00e9rence au document:<\/td>\n<td><em>The reference numbers follow those to be found in:<\/em><\/td>\n<\/tr>\n<\/tbody>\n<\/table>\n<p style=\"text-align: center;\"><strong>Potton d\u2019antan \u2013\u00a0<em>Yesterdays of Potton<br \/>\n<\/em>Les d\u00e9buts d&rsquo;un canton &#8211; <em>The Beginnings of a Township<br \/>\n<\/em><\/strong>de<strong><br \/>\nG\u00e9rard Leduc et Paul Rouillard<\/strong><\/p>\n<table border=\"0\">\n<tbody>\n<tr>\n<td>publi\u00e9 en 1997 et disponible en ligne sur ce site:\u00a0<a title=\"Potton d\u2019antan\" href=\"https:\/\/patrimoinepotton.org\/?page_id=1620\">Version fran\u00e7aise<\/a><\/td>\n<td><em>published in 1997 and available on this site: <a title=\"Yesterdays of Potton\" href=\"https:\/\/pottonheritage.org\/?page_id=532\">English Version<\/a><\/em><\/td>\n<\/tr>\n<\/tbody>\n<\/table>\n","protected":false},"excerpt":{"rendered":"<p>Le catalogue de l\u2019exposition de photos anciennes tenue en 1997 pour c\u00e9l\u00e9brer le bicentenaire de Potton ( 1797-1997 ) est disponible sous les liens suivants: The catalogue to the exhibition of old photos held in 1997 to celebrate the bicentennial of Potton\u2019s founding (1797-1997) is availably by clicking on the links below.These photos have explanatory [&hellip;]<\/p>\n","protected":false},"author":5,"featured_media":0,"parent":429,"menu_order":1,"comment_status":"closed","ping_status":"closed","template":"onecolumn-page.php","meta":{"ngg_post_thumbnail":0,"_mc_calendar":[],"footnotes":""},"class_list":["post-1588","page","type-page","status-publish","hentry"],"_links":{"self":[{"href":"https:\/\/patrimoinepotton.org\/index.php?rest_route=\/wp\/v2\/pages\/1588","targetHints":{"allow":["GET"]}}],"collection":[{"href":"https:\/\/patrimoinepotton.org\/index.php?rest_route=\/wp\/v2\/pages"}],"about":[{"href":"https:\/\/patrimoinepotton.org\/index.php?rest_route=\/wp\/v2\/types\/page"}],"author":[{"embeddable":true,"href":"https:\/\/patrimoinepotton.org\/index.php?rest_route=\/wp\/v2\/users\/5"}],"replies":[{"embeddable":true,"href":"https:\/\/patrimoinepotton.org\/index.php?rest_route=%2Fwp%2Fv2%2Fcomments&post=1588"}],"version-history":[{"count":0,"href":"https:\/\/patrimoinepotton.org\/index.php?rest_route=\/wp\/v2\/pages\/1588\/revisions"}],"up":[{"embeddable":true,"href":"https:\/\/patrimoinepotton.org\/index.php?rest_route=\/wp\/v2\/pages\/429"}],"wp:attachment":[{"href":"https:\/\/patrimoinepotton.org\/index.php?rest_route=%2Fwp%2Fv2%2Fmedia&parent=1588"}],"curies":[{"name":"wp","href":"https:\/\/api.w.org\/{rel}","templated":true}]}}