{"id":1620,"date":"2012-01-08T11:14:50","date_gmt":"2012-01-08T16:14:50","guid":{"rendered":"http:\/\/patrimoinepotton.org\/?page_id=1620"},"modified":"2023-04-12T21:07:07","modified_gmt":"2023-04-13T01:07:07","slug":"potton-dantan-yesterdays-of-potton","status":"publish","type":"page","link":"https:\/\/patrimoinepotton.org\/?page_id=1620","title":{"rendered":"Potton d&rsquo;antan &#8211; Yesterdays of Potton"},"content":{"rendered":"<p style=\"text-align: center;\">Cette publication est d\u00e9sormais int\u00e9gr\u00e9e dans la<br \/>\nBiblioth\u00e8que num\u00e9rique<\/p>\n<figure id=\"attachment_7857\" aria-describedby=\"caption-attachment-7857\" style=\"width: 1024px\" class=\"wp-caption aligncenter\"><a href=\"https:\/\/patrimoinepotton.org\/appnum\/s\/PA\"><img loading=\"lazy\" decoding=\"async\" class=\"wp-image-7857 size-full\" src=\"https:\/\/patrimoinepotton.org\/blogue\/wp-content\/uploads\/2019\/10\/R_Billet_PA.jpg\" alt=\"\" width=\"1024\" height=\"273\" srcset=\"https:\/\/patrimoinepotton.org\/blogue\/wp-content\/uploads\/2019\/10\/R_Billet_PA.jpg 1024w, https:\/\/patrimoinepotton.org\/blogue\/wp-content\/uploads\/2019\/10\/R_Billet_PA-300x80.jpg 300w, https:\/\/patrimoinepotton.org\/blogue\/wp-content\/uploads\/2019\/10\/R_Billet_PA-768x205.jpg 768w\" sizes=\"auto, (max-width: 1024px) 100vw, 1024px\" \/><\/a><figcaption id=\"caption-attachment-7857\" class=\"wp-caption-text\">Cliquez sur l&rsquo;image pour parcourir le document.<\/figcaption><\/figure>\n","protected":false},"excerpt":{"rendered":"<p>Cette publication est d\u00e9sormais int\u00e9gr\u00e9e dans la Biblioth\u00e8que num\u00e9rique<\/p>\n","protected":false},"author":5,"featured_media":3295,"parent":427,"menu_order":12,"comment_status":"closed","ping_status":"closed","template":"","meta":{"ngg_post_thumbnail":0,"_mc_calendar":[],"footnotes":""},"class_list":["post-1620","page","type-page","status-publish","has-post-thumbnail","hentry"],"_links":{"self":[{"href":"https:\/\/patrimoinepotton.org\/index.php?rest_route=\/wp\/v2\/pages\/1620","targetHints":{"allow":["GET"]}}],"collection":[{"href":"https:\/\/patrimoinepotton.org\/index.php?rest_route=\/wp\/v2\/pages"}],"about":[{"href":"https:\/\/patrimoinepotton.org\/index.php?rest_route=\/wp\/v2\/types\/page"}],"author":[{"embeddable":true,"href":"https:\/\/patrimoinepotton.org\/index.php?rest_route=\/wp\/v2\/users\/5"}],"replies":[{"embeddable":true,"href":"https:\/\/patrimoinepotton.org\/index.php?rest_route=%2Fwp%2Fv2%2Fcomments&post=1620"}],"version-history":[{"count":0,"href":"https:\/\/patrimoinepotton.org\/index.php?rest_route=\/wp\/v2\/pages\/1620\/revisions"}],"up":[{"embeddable":true,"href":"https:\/\/patrimoinepotton.org\/index.php?rest_route=\/wp\/v2\/pages\/427"}],"wp:featuredmedia":[{"embeddable":true,"href":"https:\/\/patrimoinepotton.org\/index.php?rest_route=\/wp\/v2\/media\/3295"}],"wp:attachment":[{"href":"https:\/\/patrimoinepotton.org\/index.php?rest_route=%2Fwp%2Fv2%2Fmedia&parent=1620"}],"curies":[{"name":"wp","href":"https:\/\/api.w.org\/{rel}","templated":true}]}}