{"id":1709,"date":"2012-01-18T11:33:47","date_gmt":"2012-01-18T16:33:47","guid":{"rendered":"http:\/\/patrimoinepotton.org\/?page_id=1709"},"modified":"2012-01-23T09:38:52","modified_gmt":"2012-01-23T14:38:52","slug":"potton-dantan-photos-101-139","status":"publish","type":"page","link":"https:\/\/patrimoinepotton.org\/?page_id=1709","title":{"rendered":"Potton d\u2019antan \u2013 Photos (101-139)"},"content":{"rendered":"<p>&nbsp;<\/p>\n<h3>101<\/h3>\n<table border=\"1\" cellspacing=\"0\" cellpadding=\"0\">\n<tbody>\n<tr>\n<td valign=\"top\" width=\"674\">Mountain House. Circa 1890<br \/>\nUn homme p\u00eache !<\/td>\n<\/tr>\n<tr>\n<td valign=\"top\" width=\"674\">ngg_shortcode_0_placeholder<\/td>\n<\/tr>\n<tr>\n<td valign=\"top\" width=\"674\">\n<p align=\"right\">Mountain House. Circa 1890<br \/>\nA good catch !<\/p>\n<\/td>\n<\/tr>\n<\/tbody>\n<\/table>\n<p>&nbsp;<\/p>\n<h3>102<\/h3>\n<table border=\"1\" cellspacing=\"0\" cellpadding=\"0\">\n<tbody>\n<tr>\n<td valign=\"top\" width=\"674\">Potton Springs Hotel. Circa 1915<br \/>\nSite c\u00e9l\u00e8bre pour ses sources d\u2019eau sulfureuses.<\/td>\n<\/tr>\n<tr>\n<td valign=\"top\" width=\"674\">ngg_shortcode_1_placeholder<\/td>\n<\/tr>\n<tr>\n<td valign=\"top\" width=\"674\">\n<p align=\"right\">Potton Springs Hotel. Circa 1915<br \/>\nFamous for its sulphur springs<\/p>\n<\/td>\n<\/tr>\n<\/tbody>\n<\/table>\n<p>&nbsp;<\/p>\n<h3>103<\/h3>\n<table border=\"1\" cellspacing=\"0\" cellpadding=\"0\">\n<tbody>\n<tr>\n<td valign=\"top\" width=\"674\">Potton Springs Hotel. Circa 1910<br \/>\n\u00c0 la source d\u2019eau sulfureuse<\/td>\n<\/tr>\n<tr>\n<td valign=\"top\" width=\"674\">Photo non disponible ( \u00e0 venir )<\/td>\n<\/tr>\n<tr>\n<td valign=\"top\" width=\"674\">\n<p align=\"right\">Potton Springs Hotel. Circa 1910<br \/>\nWaiting for a drink at the sulphur sprins.<\/p>\n<\/td>\n<\/tr>\n<\/tbody>\n<\/table>\n<p>&nbsp;<\/p>\n<h3>104<\/h3>\n<table border=\"1\" cellspacing=\"0\" cellpadding=\"0\">\n<tbody>\n<tr>\n<td valign=\"top\" width=\"674\">Potton Springs Hotel. Circa 1900<br \/>\nUn pique-nique champ\u00eatre<\/td>\n<\/tr>\n<tr>\n<td valign=\"top\" width=\"674\">ngg_shortcode_2_placeholder<\/td>\n<\/tr>\n<tr>\n<td valign=\"top\" width=\"674\">\n<p align=\"right\">Potton Springs Hotel. Circa 1900<br \/>\nA lovely picnic.<\/p>\n<\/td>\n<\/tr>\n<\/tbody>\n<\/table>\n<p>&nbsp;<\/p>\n<h3>105<\/h3>\n<table border=\"1\" cellspacing=\"0\" cellpadding=\"0\">\n<tbody>\n<tr>\n<td valign=\"top\" width=\"674\">Mansonville Hotel. 1935<\/td>\n<\/tr>\n<tr>\n<td valign=\"top\" width=\"674\">ngg_shortcode_3_placeholder<\/td>\n<\/tr>\n<tr>\n<td valign=\"top\" width=\"674\">\n<p align=\"right\">Mansonville Hotel. 1935<\/p>\n<\/td>\n<\/tr>\n<\/tbody>\n<\/table>\n<p>&nbsp;<\/p>\n<h3>106<\/h3>\n<table border=\"1\" cellspacing=\"0\" cellpadding=\"0\">\n<tbody>\n<tr>\n<td valign=\"top\" width=\"674\">Highwater Inn. 1930<\/td>\n<\/tr>\n<tr>\n<td valign=\"top\" width=\"674\">ngg_shortcode_4_placeholder<\/td>\n<\/tr>\n<tr>\n<td valign=\"top\" width=\"674\">\n<p align=\"right\">Highwater Inn. 1930<\/p>\n<\/td>\n<\/tr>\n<\/tbody>\n<\/table>\n<p>&nbsp;<\/p>\n<h3>107<\/h3>\n<table border=\"1\" cellspacing=\"0\" cellpadding=\"0\">\n<tbody>\n<tr>\n<td valign=\"top\" width=\"674\">Mansonville Station (Highwater). Circa 1910<br \/>\nL\u2019h\u00f4tel Stanley House et le magasin Champion \u00e0 l\u2019arri\u00e8re plan<\/td>\n<\/tr>\n<tr>\n<td valign=\"top\" width=\"674\">ngg_shortcode_5_placeholder<\/td>\n<\/tr>\n<tr>\n<td valign=\"top\" width=\"674\">\n<p align=\"right\">Mansonville Station (Highwater). Circa 1910<br \/>\nStanley House Hotel and the Champion Store in the background<\/p>\n<\/td>\n<\/tr>\n<\/tbody>\n<\/table>\n<p>&nbsp;<\/p>\n<h3>108<\/h3>\n<table border=\"1\" cellspacing=\"0\" cellpadding=\"0\">\n<tbody>\n<tr>\n<td valign=\"top\" width=\"674\">Ufton Court, Vale Perkins. Circa 1920.<br \/>\nLa maison paternelle de David Perkins qui devint une pension d\u2019\u00e9t\u00e9.<\/td>\n<\/tr>\n<tr>\n<td valign=\"top\" width=\"674\">ngg_shortcode_6_placeholder<\/td>\n<\/tr>\n<tr>\n<td valign=\"top\" width=\"674\">\n<p align=\"right\">Ufton Court, Vale Perkins. Circa 1920.<br \/>\nDavid Perkin\u2019s ancestral home which became a summer boarding house.<\/p>\n<\/td>\n<\/tr>\n<\/tbody>\n<\/table>\n<p>&nbsp;<\/p>\n<h3>109<\/h3>\n<table border=\"1\" cellspacing=\"0\" cellpadding=\"0\">\n<tbody>\n<tr>\n<td valign=\"top\" width=\"674\">\u00c9cole No 7 &#8211; 1935.<br \/>\nSur la route 243 pr\u00e8s de la ferme Kirpy..<\/td>\n<\/tr>\n<tr>\n<td valign=\"top\" width=\"674\">ngg_shortcode_7_placeholder<\/td>\n<\/tr>\n<tr>\n<td valign=\"top\" width=\"674\">\n<p align=\"right\">School No. 7 on Rte 243 near the Kirby Farm.<\/p>\n<\/td>\n<\/tr>\n<\/tbody>\n<\/table>\n<p>&nbsp;<\/p>\n<h3>110<\/h3>\n<table border=\"1\" cellspacing=\"0\" cellpadding=\"0\">\n<tbody>\n<tr>\n<td valign=\"top\" width=\"674\">\u00c9cole No 1 \u2013 Dunkin \u2013 Avant 1906<br \/>\nL\u2019institutrice Agnes Crowell.<\/td>\n<\/tr>\n<tr>\n<td valign=\"top\" width=\"674\">ngg_shortcode_8_placeholder<\/td>\n<\/tr>\n<tr>\n<td valign=\"top\" width=\"674\">\n<p align=\"right\">School No 1 \u2013 Dunkin \u2013 Before 1906<br \/>\nTeacher \u00a0Agnes Crowell.<\/p>\n<\/td>\n<\/tr>\n<\/tbody>\n<\/table>\n<p>&nbsp;<\/p>\n<h3>111<\/h3>\n<table border=\"1\" cellspacing=\"0\" cellpadding=\"0\">\n<tbody>\n<tr>\n<td valign=\"top\" width=\"674\">\u00c9cole Gordon No 13 \u2013 1907<br \/>\nSitu\u00e9e sur le chemin Vale Perkins au coin de Bombardier.<\/td>\n<\/tr>\n<tr>\n<td valign=\"top\" width=\"674\">ngg_shortcode_9_placeholder<\/td>\n<\/tr>\n<tr>\n<td valign=\"top\" width=\"674\">\n<p align=\"right\">Gordon School No 13 \u2013 1907<br \/>\nLocated on the Vale Perkins Road at the corner of Bombardier.<\/p>\n<\/td>\n<\/tr>\n<\/tbody>\n<\/table>\n<p>&nbsp;<\/p>\n<h3>112<\/h3>\n<table border=\"1\" cellspacing=\"0\" cellpadding=\"0\">\n<tbody>\n<tr>\n<td valign=\"top\" width=\"674\">\u00c9cole\u00a0 No 11 \u2013 Vale Perkins 1910<br \/>\n\u00c9cole de rang au pied du mont Owl\u2019s HeadRichard Jones (2<sup>e<\/sup> \u00e0 gauche en arri\u00e8re);l\u2019institutrice Eva Phelps<br \/>\nHazel Darling Jewett (5<sup>e<\/sup> \u00e0 gauche dans la 1<sup>e<\/sup> rang\u00e9e)<\/td>\n<\/tr>\n<tr>\n<td valign=\"top\" width=\"674\">ngg_shortcode_10_placeholder<\/td>\n<\/tr>\n<tr>\n<td valign=\"top\" width=\"674\">\n<p align=\"right\">School No. 11 at the foot of Owl\u2019s Head.<br \/>\nRichard Jones (2<sup>nd<\/sup> from left, back row) Teacher Eva Phelps<br \/>\nHazel darling Jewett ( 5<sup>th<\/sup> from left, 1<sup>st<\/sup> row)<\/p>\n<\/td>\n<\/tr>\n<\/tbody>\n<\/table>\n<p>&nbsp;<\/p>\n<h3>113<\/h3>\n<table border=\"1\" cellspacing=\"0\" cellpadding=\"0\">\n<tbody>\n<tr>\n<td valign=\"top\" width=\"674\">Mansonville Academy. 1909<\/td>\n<\/tr>\n<tr>\n<td valign=\"top\" width=\"674\">ngg_shortcode_11_placeholder<\/td>\n<\/tr>\n<tr>\n<td valign=\"top\" width=\"674\">\n<p align=\"right\">Mansonville Academy. 1909<\/p>\n<\/td>\n<\/tr>\n<\/tbody>\n<\/table>\n<p>&nbsp;<\/p>\n<h3>114<\/h3>\n<table border=\"1\" cellspacing=\"0\" cellpadding=\"0\">\n<tbody>\n<tr>\n<td valign=\"top\" width=\"674\">Circa 1900.<br \/>\nLes \u00e9l\u00e8ves des \u00e9coles Vale Perkins et Owl\u2019s Head en pique-nique.<\/td>\n<\/tr>\n<tr>\n<td valign=\"top\" width=\"674\">ngg_shortcode_12_placeholder<\/td>\n<\/tr>\n<tr>\n<td valign=\"top\" width=\"674\">\n<p align=\"right\">Vale Perkins et Owl\u2019s Head Schools together at a picnic<\/p>\n<\/td>\n<\/tr>\n<\/tbody>\n<\/table>\n<p>&nbsp;<\/p>\n<h3>115<\/h3>\n<table border=\"1\" cellspacing=\"0\" cellpadding=\"0\">\n<tbody>\n<tr>\n<td valign=\"top\" width=\"674\">Mansonville. 5 oct. 1936.<br \/>\nClasse \u00e0 l\u2019\u00e9cole fran\u00e7aise (Sacr\u00e9-C\u0153ur) avec maxime \u00ab\u00a0Toujours mieux\u00a0\u00bb<\/td>\n<\/tr>\n<tr>\n<td valign=\"top\" width=\"674\">ngg_shortcode_13_placeholder<\/td>\n<\/tr>\n<tr>\n<td valign=\"top\" width=\"674\">\n<p align=\"right\">Classroom in French school (Sacr\u00e9-C\u0153ur) with maxim\u00a0: \u00ab\u00a0Always the best\u00a0\u00bb.<\/p>\n<\/td>\n<\/tr>\n<\/tbody>\n<\/table>\n<p>&nbsp;<\/p>\n<h3>116<\/h3>\n<table border=\"1\" cellspacing=\"0\" cellpadding=\"0\">\n<tbody>\n<tr>\n<td valign=\"top\" width=\"674\">\u00c9cole No 1 \u2013 Dunkin -1941<\/td>\n<\/tr>\n<tr>\n<td valign=\"top\" width=\"674\">ngg_shortcode_14_placeholder<\/td>\n<\/tr>\n<tr>\n<td valign=\"top\" width=\"674\">\n<p align=\"right\">School No 1 \u2013 Dunkin -1941<\/p>\n<\/td>\n<\/tr>\n<\/tbody>\n<\/table>\n<p>&nbsp;<\/p>\n<h3>117<\/h3>\n<table border=\"1\" cellspacing=\"0\" cellpadding=\"0\">\n<tbody>\n<tr>\n<td valign=\"top\" width=\"674\">\u00c9cole au coin du Chemin de l\u2019\u00c9tang Fullerton et West Hill.<br \/>\nFred Smith, Elosia Tabor, Tom and Joan Dix, Wilfred St-Laurent, Norma Smith,<br \/>\nWilliam, Isabelle and Leone Tracey.<\/td>\n<\/tr>\n<tr>\n<td valign=\"top\" width=\"674\">ngg_shortcode_15_placeholder<\/td>\n<\/tr>\n<tr>\n<td valign=\"top\" width=\"674\">\n<p align=\"right\">School at the corner of Fullerton et West Hill.<br \/>\nFred Smith, Elosia Tabor, Tom and Joan Dix, Wilfred St-Laurent, Norma Smith,<br \/>\nWilliam, Isabelle and Leone Tracey<\/p>\n<\/td>\n<\/tr>\n<\/tbody>\n<\/table>\n<p>&nbsp;<\/p>\n<h3>118<\/h3>\n<table border=\"1\" cellspacing=\"0\" cellpadding=\"0\">\n<tbody>\n<tr>\n<td valign=\"top\" width=\"674\">\u00c9cole No 12.Vale Perkins. Circa 1940.<br \/>\n\u00c9cole primaire<\/td>\n<\/tr>\n<tr>\n<td valign=\"top\" width=\"674\">ngg_shortcode_16_placeholder<\/td>\n<\/tr>\n<tr>\n<td valign=\"top\" width=\"674\">\n<p align=\"right\">Grade school No 12.Vale Perkins. Circa 1940.<\/p>\n<\/td>\n<\/tr>\n<\/tbody>\n<\/table>\n<p>&nbsp;<\/p>\n<h3>119<\/h3>\n<table border=\"1\" cellspacing=\"0\" cellpadding=\"0\">\n<tbody>\n<tr>\n<td valign=\"top\" width=\"674\">Knowlton\u2019s Landing. Circa 1910<br \/>\n\u00c9cole Cooledge<\/td>\n<\/tr>\n<tr>\n<td valign=\"top\" width=\"674\">ngg_shortcode_17_placeholder<\/td>\n<\/tr>\n<tr>\n<td valign=\"top\" width=\"674\">\n<p align=\"right\">Knowlton\u2019s Landing. Circa 1910<br \/>\nCooledge School<\/p>\n<\/td>\n<\/tr>\n<\/tbody>\n<\/table>\n<p>&nbsp;<\/p>\n<h3>120<\/h3>\n<table border=\"1\" cellspacing=\"0\" cellpadding=\"0\">\n<tbody>\n<tr>\n<td valign=\"top\" width=\"674\">Mansonville. 1937.<br \/>\n\u00c9quipe de baseball.<\/td>\n<\/tr>\n<tr>\n<td valign=\"top\" width=\"674\">ngg_shortcode_18_placeholder<\/td>\n<\/tr>\n<tr>\n<td valign=\"top\" width=\"674\">\n<p align=\"right\">Baseball team.<\/p>\n<\/td>\n<\/tr>\n<\/tbody>\n<\/table>\n<p>&nbsp;<\/p>\n<h3>121<\/h3>\n<table border=\"1\" cellspacing=\"0\" cellpadding=\"0\">\n<tbody>\n<tr>\n<td valign=\"top\" width=\"674\">Mansonville. 1934.<br \/>\n\u00c9quipe de hockey.<\/td>\n<\/tr>\n<tr>\n<td valign=\"top\" width=\"674\">ngg_shortcode_19_placeholder<\/td>\n<\/tr>\n<tr>\n<td valign=\"top\" width=\"674\">\n<p align=\"right\">Hockey team.<\/p>\n<\/td>\n<\/tr>\n<\/tbody>\n<\/table>\n<p>&nbsp;<\/p>\n<h3>122<\/h3>\n<table border=\"1\" cellspacing=\"0\" cellpadding=\"0\">\n<tbody>\n<tr>\n<td valign=\"top\" width=\"674\">Church of England. &#8211; Mansonville. Circa 1880.<br \/>\nConstruite par les Baptistes en 1848.<\/td>\n<\/tr>\n<tr>\n<td valign=\"top\" width=\"674\">ngg_shortcode_20_placeholder<\/td>\n<\/tr>\n<tr>\n<td valign=\"top\" width=\"674\">\n<p align=\"right\">Church of England. &#8211; Mansonville. Circa 1880.<br \/>\nBuilt by the Baptist in 1848.<\/p>\n<\/td>\n<\/tr>\n<\/tbody>\n<\/table>\n<p>&nbsp;<\/p>\n<h3>123<\/h3>\n<table border=\"1\" cellspacing=\"0\" cellpadding=\"0\">\n<tbody>\n<tr>\n<td valign=\"top\" width=\"674\">St. Paul\u2019s Anglican Church. &#8211; Mansonville.<br \/>\nConstruite en 1902.<\/td>\n<\/tr>\n<tr>\n<td valign=\"top\" width=\"674\">ngg_shortcode_21_placeholder<\/td>\n<\/tr>\n<tr>\n<td valign=\"top\" width=\"674\">\n<p align=\"right\">St. Paul\u2019s Anglican Church. &#8211; Mansonville.<br \/>\nBuilt in 1902.<\/p>\n<\/td>\n<\/tr>\n<\/tbody>\n<\/table>\n<p>&nbsp;<\/p>\n<h3>124<\/h3>\n<table border=\"1\" cellspacing=\"0\" cellpadding=\"0\">\n<tbody>\n<tr>\n<td valign=\"top\" width=\"674\">Mansonville. Circa 1910.<br \/>\nL\u2019ancienne \u00e9glise M\u00e9thodiste maintenant United,<br \/>\nl\u2019\u00e9cole Model (No 5) et l\u2019\u00e9glise Anglicane.<\/td>\n<\/tr>\n<tr>\n<td valign=\"top\" width=\"674\">ngg_shortcode_22_placeholder<\/td>\n<\/tr>\n<tr>\n<td valign=\"top\" width=\"674\">\n<p align=\"right\">The former Methodist Church now United<br \/>\nthe Model School (No. 5) and the Anglican Church.<\/p>\n<\/td>\n<\/tr>\n<\/tbody>\n<\/table>\n<p>&nbsp;<\/p>\n<h3>125<\/h3>\n<table border=\"1\" cellspacing=\"0\" cellpadding=\"0\">\n<tbody>\n<tr>\n<td valign=\"top\" width=\"674\">\u00c9glise Baptiste. Mansonville.<\/td>\n<\/tr>\n<tr>\n<td valign=\"top\" width=\"674\">ngg_shortcode_23_placeholder<\/td>\n<\/tr>\n<tr>\n<td valign=\"top\" width=\"674\">\n<p align=\"right\">Baptist Church. Mansonville<\/p>\n<\/td>\n<\/tr>\n<\/tbody>\n<\/table>\n<p><em>\u00a0<\/em><\/p>\n<p>&nbsp;<\/p>\n<h3>126<\/h3>\n<table border=\"1\" cellspacing=\"0\" cellpadding=\"0\">\n<tbody>\n<tr>\n<td valign=\"top\" width=\"674\">\u00c9glise Evangelical Second Advent. Dunkin<br \/>\nConstruite en 1876.<\/td>\n<\/tr>\n<tr>\n<td valign=\"top\" width=\"674\">ngg_shortcode_24_placeholder<\/td>\n<\/tr>\n<tr>\n<td valign=\"top\" width=\"674\">\n<p align=\"right\">Evangelical Second Advent Church. Dunkin<br \/>\nChurch built 1876<\/p>\n<\/td>\n<\/tr>\n<\/tbody>\n<\/table>\n<p>&nbsp;<\/p>\n<p>&nbsp;<\/p>\n<h3>127<\/h3>\n<table border=\"1\" cellspacing=\"0\" cellpadding=\"0\">\n<tbody>\n<tr>\n<td valign=\"top\" width=\"674\">Premi\u00e8re \u00e9glise catholique. Mansonville. Circa 1910<br \/>\nConstruite en 1880<\/td>\n<\/tr>\n<tr>\n<td valign=\"top\" width=\"674\">ngg_shortcode_25_placeholder<\/td>\n<\/tr>\n<tr>\n<td valign=\"top\" width=\"674\">\n<p align=\"right\">First Catholic Church. Mansonville.<br \/>\nChurch built in 1880.<\/p>\n<\/td>\n<\/tr>\n<\/tbody>\n<\/table>\n<p>&nbsp;<\/p>\n<p>&nbsp;<\/p>\n<h3>128<\/h3>\n<table border=\"1\" cellspacing=\"0\" cellpadding=\"0\">\n<tbody>\n<tr>\n<td valign=\"top\" width=\"674\">Mansonville.<br \/>\nPremi\u00e8re \u00e9cole fran\u00e7aise de l\u2019\u00e9glise St-Cajetan (la 2<sup>e<\/sup>) qui a brul\u00e9 en 1950.<\/td>\n<\/tr>\n<tr>\n<td valign=\"top\" width=\"674\">ngg_shortcode_26_placeholder<\/td>\n<\/tr>\n<tr>\n<td valign=\"top\" width=\"674\">\n<p align=\"right\">First French School and the St-Cajetan Catholic Church (the 2<sup>nd<\/sup>) which burned in 1950.<\/p>\n<\/td>\n<\/tr>\n<\/tbody>\n<\/table>\n<p>&nbsp;<\/p>\n<p>&nbsp;<\/p>\n<h3>129<\/h3>\n<table border=\"1\" cellspacing=\"0\" cellpadding=\"0\">\n<tbody>\n<tr>\n<td valign=\"top\" width=\"674\">Mansonville, 1915.<br \/>\nProcession de la F\u00eate-Dieu \u00e0 la paroisse St-Cajetan.<\/td>\n<\/tr>\n<tr>\n<td valign=\"top\" width=\"674\">ngg_shortcode_27_placeholder<\/td>\n<\/tr>\n<tr>\n<td valign=\"top\" width=\"674\">\n<p align=\"right\">Corpus Christi precession at the St. Cajetan Parish<\/p>\n<\/td>\n<\/tr>\n<\/tbody>\n<\/table>\n<p>&nbsp;<\/p>\n<p>&nbsp;<\/p>\n<h3>130<\/h3>\n<table border=\"1\" cellspacing=\"0\" cellpadding=\"0\">\n<tbody>\n<tr>\n<td valign=\"top\" width=\"674\">Knowlton\u2019s Landing.<br \/>\nLac Memphr\u00e9magog \u00e0 son niveau normal.<\/td>\n<\/tr>\n<tr>\n<td valign=\"top\" width=\"674\">ngg_shortcode_28_placeholder<\/td>\n<\/tr>\n<tr>\n<td valign=\"top\" width=\"674\">\n<p align=\"right\">Knowlton\u2019s Landing.<br \/>\nLake Memphremagog at normal water level.<\/p>\n<\/td>\n<\/tr>\n<\/tbody>\n<\/table>\n<p>&nbsp;<\/p>\n<p>&nbsp;<\/p>\n<h3>131<\/h3>\n<table border=\"1\" cellspacing=\"0\" cellpadding=\"0\">\n<tbody>\n<tr>\n<td valign=\"top\" width=\"674\">Knowlton\u2019s Landing. Nov. 1927.<br \/>\nLe niveau du lac apr\u00e8s l\u2019inondation\u00a0:<br \/>\npr\u00e8s de trois m\u00e8tres pus \u00e9lev\u00e9.<\/td>\n<\/tr>\n<tr>\n<td valign=\"top\" width=\"674\">ngg_shortcode_29_placeholder<\/td>\n<\/tr>\n<tr>\n<td valign=\"top\" width=\"674\">\n<p align=\"right\">Knowlton\u2019s Landing. Nov. 1927<br \/>\nWater level after the flood\u00a0:<br \/>\nclose to three meters (9 feet) higher.<\/p>\n<\/td>\n<\/tr>\n<\/tbody>\n<\/table>\n<p>&nbsp;<\/p>\n<p>&nbsp;<\/p>\n<h3>132<\/h3>\n<table border=\"1\" cellspacing=\"0\" cellpadding=\"0\">\n<tbody>\n<tr>\n<td valign=\"top\" width=\"674\">Mansonville. 1923.<br \/>\nFeu du Manson Block<\/td>\n<\/tr>\n<tr>\n<td valign=\"top\" width=\"674\">ngg_shortcode_30_placeholder<\/td>\n<\/tr>\n<tr>\n<td valign=\"top\" width=\"674\">\n<p align=\"right\">Mansonville. 1923.<br \/>\nManson Block fire<\/p>\n<\/td>\n<\/tr>\n<\/tbody>\n<\/table>\n<p>&nbsp;<\/p>\n<p>&nbsp;<\/p>\n<h3>133<\/h3>\n<table border=\"1\" cellspacing=\"0\" cellpadding=\"0\">\n<tbody>\n<tr>\n<td valign=\"top\" width=\"674\">Highwater Inn. 1934<\/td>\n<\/tr>\n<tr>\n<td valign=\"top\" width=\"674\">ngg_shortcode_31_placeholder<\/td>\n<\/tr>\n<tr>\n<td valign=\"top\" width=\"674\">\n<p align=\"right\">Highwater Inn. 1934<\/p>\n<\/td>\n<\/tr>\n<\/tbody>\n<\/table>\n<p>&nbsp;<\/p>\n<p>&nbsp;<\/p>\n<h3>134<\/h3>\n<table border=\"1\" cellspacing=\"0\" cellpadding=\"0\">\n<tbody>\n<tr>\n<td valign=\"top\" width=\"674\">Mansonville. 1950.<br \/>\nIncendie de l\u2019\u00e9glise St-Cajetan.<br \/>\nAlphonse Rouillard et Alphonse Lessard sauvent les meubles.<\/td>\n<\/tr>\n<tr>\n<td valign=\"top\" width=\"674\">ngg_shortcode_32_placeholder<\/td>\n<\/tr>\n<tr>\n<td valign=\"top\" width=\"674\">\n<p align=\"right\">Fire at the St. Cajetan Church.<br \/>\nAlphonse Rouillard and Alphonse Lessard salvage furniture.<\/p>\n<\/td>\n<\/tr>\n<\/tbody>\n<\/table>\n<p>&nbsp;<\/p>\n<p>&nbsp;<\/p>\n<h3>135<\/h3>\n<table border=\"1\" cellspacing=\"0\" cellpadding=\"0\">\n<tbody>\n<tr>\n<td valign=\"top\" width=\"674\">Incendie de l\u2019\u00e9glise St-Cajetan.<br \/>\nL\u2019homme sur le toit est M. Emery Marcoux<br \/>\n\u00e9poux de Rita et p\u00e8re de Jacques.<\/td>\n<\/tr>\n<tr>\n<td valign=\"top\" width=\"674\">ngg_shortcode_33_placeholder<\/td>\n<\/tr>\n<tr>\n<td valign=\"top\" width=\"674\">\n<p align=\"right\">Fire at the St. Cajetan Church.<br \/>\nThe man on the roof is Emery Marcoux, Rita\u2019s husband and Jacques\u2019father.<\/p>\n<\/td>\n<\/tr>\n<\/tbody>\n<\/table>\n<h3>136<\/h3>\n<table border=\"1\" cellspacing=\"0\" cellpadding=\"0\">\n<tbody>\n<tr>\n<td valign=\"top\" width=\"674\">Vale perkins.<br \/>\nLa roche indienne de Potton.<\/td>\n<\/tr>\n<tr>\n<td valign=\"top\" width=\"674\">ngg_shortcode_34_placeholder<\/td>\n<\/tr>\n<tr>\n<td valign=\"top\" width=\"674\">\n<p align=\"right\">\nPotton Indian Rock.<\/p>\n<\/td>\n<\/tr>\n<\/tbody>\n<\/table>\n<p>&nbsp;<\/p>\n<h3>137<\/h3>\n<table border=\"1\" cellspacing=\"0\" cellpadding=\"0\">\n<tbody>\n<tr>\n<td valign=\"top\" width=\"674\">Site White.<br \/>\nCairn ou monument de pierre avec un quartz sur le dessus.<br \/>\nDate possible\u00a0: entre 1,500 et 2,000 ans avant aujourd\u2019hui.<\/td>\n<\/tr>\n<tr>\n<td valign=\"top\" width=\"674\">ngg_shortcode_35_placeholder<\/td>\n<\/tr>\n<tr>\n<td valign=\"top\" width=\"674\">\n<p align=\"right\">\nCairn or stone monument with quartz stone on top.<br \/>\nPossible date : between 1,500 and 2,000 years before present.<\/p>\n<\/td>\n<\/tr>\n<\/tbody>\n<\/table>\n<p>&nbsp;<\/p>\n<h3>138a<\/h3>\n<table border=\"1\" cellspacing=\"0\" cellpadding=\"0\">\n<tbody>\n<tr>\n<td valign=\"top\" width=\"674\">Caverne Skinner, au nord de l\u2019\u00eele de ce nom.<br \/>\nL\u2019entr\u00e9e de la caverne.<\/td>\n<\/tr>\n<tr>\n<td valign=\"top\" width=\"674\">ngg_shortcode_36_placeholder<\/td>\n<\/tr>\n<tr>\n<td valign=\"top\" width=\"674\">\n<p align=\"right\">\nSkinner\u2019s cave situated at the north end of the island.<\/p>\n<\/td>\n<\/tr>\n<\/tbody>\n<\/table>\n<p>&nbsp;<\/p>\n<h3>138b<\/h3>\n<table border=\"1\" cellspacing=\"0\" cellpadding=\"0\">\n<tbody>\n<tr>\n<td valign=\"top\" width=\"674\">Caverne Skinner, au nord de l\u2019\u00eele de ce nom.<br \/>\nIsland Queen vu de l\u2019int\u00e9rieur de la caverne.<\/td>\n<\/tr>\n<tr>\n<td valign=\"top\" width=\"674\">ngg_shortcode_37_placeholder<\/td>\n<\/tr>\n<tr>\n<td valign=\"top\" width=\"674\">\n<p align=\"right\">\nLooking out of cave at the Island Queen<br \/>\n(Source:Hildreth-1905).<\/p>\n<\/td>\n<\/tr>\n<\/tbody>\n<\/table>\n<p>&nbsp;<\/p>\n<h3>138c<\/h3>\n<table border=\"1\" cellspacing=\"0\" cellpadding=\"0\">\n<tbody>\n<tr>\n<td valign=\"top\" width=\"674\">Caverne Skinner, au nord de l\u2019\u00eele de ce nom.<\/td>\n<\/tr>\n<tr>\n<td valign=\"top\" width=\"674\">ngg_shortcode_38_placeholder<\/td>\n<\/tr>\n<tr>\n<td valign=\"top\" width=\"674\">\n<p align=\"right\">\nSkinner\u2019s cave situated at the north end of the island.<\/p>\n<\/td>\n<\/tr>\n<\/tbody>\n<\/table>\n<p>&nbsp;<\/p>\n<h3>139<\/h3>\n<table border=\"1\" cellspacing=\"0\" cellpadding=\"0\">\n<tbody>\n<tr>\n<td valign=\"top\" width=\"674\">La \u00ab\u00a0pierre balanc\u00e9e\u00a0\u00bb \u00e0 la pointe sud de l\u2019\u00eele longue.<\/td>\n<\/tr>\n<tr>\n<td valign=\"top\" width=\"674\">ngg_shortcode_39_placeholder<\/td>\n<\/tr>\n<tr>\n<td valign=\"top\" width=\"674\">\n<p align=\"right\">\n\u00abBalanced Rock\u00bb on south tip of Long Island.<\/p>\n<\/td>\n<\/tr>\n<\/tbody>\n<\/table>\n<p>&nbsp;<\/p>\n<p><em><br \/>\n<\/em><\/p>\n","protected":false},"excerpt":{"rendered":"<p>&nbsp; 101 Mountain House. Circa 1890 Un homme p\u00eache ! Mountain House. Circa 1890 A good catch ! &nbsp; 102 Potton Springs Hotel. Circa 1915 Site c\u00e9l\u00e8bre pour ses sources d\u2019eau sulfureuses. Potton Springs Hotel. Circa 1915 Famous for its sulphur springs &nbsp; 103 Potton Springs Hotel. Circa 1910 \u00c0 la source d\u2019eau sulfureuse Photo [&hellip;]<\/p>\n","protected":false},"author":5,"featured_media":0,"parent":1588,"menu_order":5,"comment_status":"closed","ping_status":"closed","template":"onecolumn-page.php","meta":{"ngg_post_thumbnail":0,"_mc_calendar":[],"footnotes":""},"class_list":["post-1709","page","type-page","status-publish","hentry"],"_links":{"self":[{"href":"https:\/\/patrimoinepotton.org\/index.php?rest_route=\/wp\/v2\/pages\/1709","targetHints":{"allow":["GET"]}}],"collection":[{"href":"https:\/\/patrimoinepotton.org\/index.php?rest_route=\/wp\/v2\/pages"}],"about":[{"href":"https:\/\/patrimoinepotton.org\/index.php?rest_route=\/wp\/v2\/types\/page"}],"author":[{"embeddable":true,"href":"https:\/\/patrimoinepotton.org\/index.php?rest_route=\/wp\/v2\/users\/5"}],"replies":[{"embeddable":true,"href":"https:\/\/patrimoinepotton.org\/index.php?rest_route=%2Fwp%2Fv2%2Fcomments&post=1709"}],"version-history":[{"count":0,"href":"https:\/\/patrimoinepotton.org\/index.php?rest_route=\/wp\/v2\/pages\/1709\/revisions"}],"up":[{"embeddable":true,"href":"https:\/\/patrimoinepotton.org\/index.php?rest_route=\/wp\/v2\/pages\/1588"}],"wp:attachment":[{"href":"https:\/\/patrimoinepotton.org\/index.php?rest_route=%2Fwp%2Fv2%2Fmedia&parent=1709"}],"curies":[{"name":"wp","href":"https:\/\/api.w.org\/{rel}","templated":true}]}}