{"id":1870,"date":"2016-09-14T22:00:50","date_gmt":"2016-09-15T02:00:50","guid":{"rendered":"http:\/\/patrimoinepotton.org\/?page_id=1870"},"modified":"2024-04-06T21:34:55","modified_gmt":"2024-04-07T01:34:55","slug":"concours-photos","status":"publish","type":"page","link":"https:\/\/patrimoinepotton.org\/?page_id=1870","title":{"rendered":"Concours photo"},"content":{"rendered":"\n<p class=\"has-text-align-left\">Au cours des ann\u00e9es 2010, l&rsquo;Association du patrimoine de Potton organisait, \u00e0 l&rsquo;occasion du <em>Festival de Potton<\/em>, un concours de photographie et invitait la population \u00e0 voter pour choisir trois photos gagnantes. \u00c0 chaque ann\u00e9e, un th\u00e8me particulier \u00e9tait propos\u00e9 aux participants. Un grand nombre de photos ont \u00e9t\u00e9 num\u00e9ris\u00e9es et sont regroup\u00e9es dans ce r\u00e9pertoire en ordre chronologique d\u00e9croissant.<\/p>\n\n\n\nngg_shortcode_0_placeholder\n","protected":false},"excerpt":{"rendered":"<p>Au cours des ann\u00e9es 2010, l&rsquo;Association du patrimoine de Potton organisait, \u00e0 l&rsquo;occasion du Festival de Potton, un concours de photographie et invitait la population \u00e0 voter pour choisir trois photos gagnantes. \u00c0 chaque ann\u00e9e, un th\u00e8me particulier \u00e9tait propos\u00e9 aux participants. Un grand nombre de photos ont \u00e9t\u00e9 num\u00e9ris\u00e9es et sont regroup\u00e9es dans ce [&hellip;]<\/p>\n","protected":false},"author":5,"featured_media":0,"parent":0,"menu_order":0,"comment_status":"closed","ping_status":"closed","template":"","meta":{"ngg_post_thumbnail":0,"_mc_calendar":[],"footnotes":""},"class_list":["post-1870","page","type-page","status-publish","hentry"],"_links":{"self":[{"href":"https:\/\/patrimoinepotton.org\/index.php?rest_route=\/wp\/v2\/pages\/1870","targetHints":{"allow":["GET"]}}],"collection":[{"href":"https:\/\/patrimoinepotton.org\/index.php?rest_route=\/wp\/v2\/pages"}],"about":[{"href":"https:\/\/patrimoinepotton.org\/index.php?rest_route=\/wp\/v2\/types\/page"}],"author":[{"embeddable":true,"href":"https:\/\/patrimoinepotton.org\/index.php?rest_route=\/wp\/v2\/users\/5"}],"replies":[{"embeddable":true,"href":"https:\/\/patrimoinepotton.org\/index.php?rest_route=%2Fwp%2Fv2%2Fcomments&post=1870"}],"version-history":[{"count":0,"href":"https:\/\/patrimoinepotton.org\/index.php?rest_route=\/wp\/v2\/pages\/1870\/revisions"}],"wp:attachment":[{"href":"https:\/\/patrimoinepotton.org\/index.php?rest_route=%2Fwp%2Fv2%2Fmedia&parent=1870"}],"curies":[{"name":"wp","href":"https:\/\/api.w.org\/{rel}","templated":true}]}}