{"id":1906,"date":"2012-08-13T21:15:29","date_gmt":"2012-08-14T01:15:29","guid":{"rendered":"http:\/\/patrimoinepotton.org\/?page_id=1906"},"modified":"2023-04-12T17:58:25","modified_gmt":"2023-04-12T21:58:25","slug":"quand-la-grande-ronde-de-mansonville-parade","status":"publish","type":"page","link":"https:\/\/patrimoinepotton.org\/?page_id=1906","title":{"rendered":"Quand la grande ronde de Mansonville parade &#8230;"},"content":{"rendered":"<p>Pour c\u00e9l\u00e9brer ses 100 ans, la grande ronde de Mansonville a d\u00e9cid\u00e9 de faire un coup d&rsquo;\u00e9clat. Gr\u00e2ce aux talents de notre artiste maquettiste Ralph Milot, elle a pu parader sur la rue Principale, en compagnie des agriculteurs du samedi Ang\u00e8le H\u00e9bert et Hans Walser.<\/p>\n<p>Voici donc un album de\u00a0photos qui relate cette belle histoire v\u00e9cue \u00e0 l&rsquo;occasion du Festival multiculturel de Potton, \u00e9dition 2012.<\/p>\nngg_shortcode_0_placeholder\n","protected":false},"excerpt":{"rendered":"<p>Pour c\u00e9l\u00e9brer ses 100 ans, la grande ronde de Mansonville a d\u00e9cid\u00e9 de faire un coup d&rsquo;\u00e9clat. Gr\u00e2ce aux talents de notre artiste maquettiste Ralph Milot, elle a pu parader sur la rue Principale, en compagnie des agriculteurs du samedi Ang\u00e8le H\u00e9bert et Hans Walser. Voici donc un album de\u00a0photos qui relate cette belle histoire [&hellip;]<\/p>\n","protected":false},"author":5,"featured_media":0,"parent":429,"menu_order":12,"comment_status":"closed","ping_status":"closed","template":"","meta":{"ngg_post_thumbnail":0,"_mc_calendar":[],"footnotes":""},"class_list":["post-1906","page","type-page","status-publish","hentry"],"_links":{"self":[{"href":"https:\/\/patrimoinepotton.org\/index.php?rest_route=\/wp\/v2\/pages\/1906","targetHints":{"allow":["GET"]}}],"collection":[{"href":"https:\/\/patrimoinepotton.org\/index.php?rest_route=\/wp\/v2\/pages"}],"about":[{"href":"https:\/\/patrimoinepotton.org\/index.php?rest_route=\/wp\/v2\/types\/page"}],"author":[{"embeddable":true,"href":"https:\/\/patrimoinepotton.org\/index.php?rest_route=\/wp\/v2\/users\/5"}],"replies":[{"embeddable":true,"href":"https:\/\/patrimoinepotton.org\/index.php?rest_route=%2Fwp%2Fv2%2Fcomments&post=1906"}],"version-history":[{"count":0,"href":"https:\/\/patrimoinepotton.org\/index.php?rest_route=\/wp\/v2\/pages\/1906\/revisions"}],"up":[{"embeddable":true,"href":"https:\/\/patrimoinepotton.org\/index.php?rest_route=\/wp\/v2\/pages\/429"}],"wp:attachment":[{"href":"https:\/\/patrimoinepotton.org\/index.php?rest_route=%2Fwp%2Fv2%2Fmedia&parent=1906"}],"curies":[{"name":"wp","href":"https:\/\/api.w.org\/{rel}","templated":true}]}}