{"id":1987,"date":"2012-10-19T14:58:33","date_gmt":"2012-10-19T18:58:33","guid":{"rendered":"http:\/\/patrimoinepotton.org\/?page_id=1987"},"modified":"2023-04-12T17:58:52","modified_gmt":"2023-04-12T21:58:52","slug":"journees-de-la-culture-2012-album-de-photos","status":"publish","type":"page","link":"https:\/\/patrimoinepotton.org\/?page_id=1987","title":{"rendered":"Journ\u00e9es de la culture 2012 &#8211; Album de photos"},"content":{"rendered":"<p><a href=\"https:\/\/patrimoinepotton.org\/blogue\/wp-content\/uploads\/2012\/09\/JDC_2012_Potton.jpg\"><img loading=\"lazy\" decoding=\"async\" class=\"aligncenter size-full wp-image-1978\" title=\"JDC_2012_Potton\" src=\"https:\/\/patrimoinepotton.org\/blogue\/wp-content\/uploads\/2012\/09\/JDC_2012_Potton.jpg\" alt=\"JDC_2012_Potton\" width=\"743\" height=\"190\" srcset=\"https:\/\/patrimoinepotton.org\/blogue\/wp-content\/uploads\/2012\/09\/JDC_2012_Potton.jpg 743w, https:\/\/patrimoinepotton.org\/blogue\/wp-content\/uploads\/2012\/09\/JDC_2012_Potton-300x76.jpg 300w\" sizes=\"auto, (max-width: 743px) 100vw, 743px\" \/><\/a><\/p>\n<p style=\"text-align: center;\"><strong>Merci \u00e0 nos photographes amateurs<\/strong><\/p>\n<p style=\"text-align: center;\"><strong>Th\u00e9r\u00e8se Descary, Michelyne Fortin, Diane Marcoux et Serge Normand<\/strong><\/p>\n<p style=\"text-align: center;\"><strong>qui nous ont transmis ces photos.<\/strong><\/p>\nngg_shortcode_0_placeholder\n","protected":false},"excerpt":{"rendered":"<p>Merci \u00e0 nos photographes amateurs Th\u00e9r\u00e8se Descary, Michelyne Fortin, Diane Marcoux et Serge Normand qui nous ont transmis ces photos.<\/p>\n","protected":false},"author":5,"featured_media":0,"parent":429,"menu_order":12,"comment_status":"closed","ping_status":"closed","template":"","meta":{"ngg_post_thumbnail":0,"_mc_calendar":[],"footnotes":""},"class_list":["post-1987","page","type-page","status-publish","hentry"],"_links":{"self":[{"href":"https:\/\/patrimoinepotton.org\/index.php?rest_route=\/wp\/v2\/pages\/1987","targetHints":{"allow":["GET"]}}],"collection":[{"href":"https:\/\/patrimoinepotton.org\/index.php?rest_route=\/wp\/v2\/pages"}],"about":[{"href":"https:\/\/patrimoinepotton.org\/index.php?rest_route=\/wp\/v2\/types\/page"}],"author":[{"embeddable":true,"href":"https:\/\/patrimoinepotton.org\/index.php?rest_route=\/wp\/v2\/users\/5"}],"replies":[{"embeddable":true,"href":"https:\/\/patrimoinepotton.org\/index.php?rest_route=%2Fwp%2Fv2%2Fcomments&post=1987"}],"version-history":[{"count":0,"href":"https:\/\/patrimoinepotton.org\/index.php?rest_route=\/wp\/v2\/pages\/1987\/revisions"}],"up":[{"embeddable":true,"href":"https:\/\/patrimoinepotton.org\/index.php?rest_route=\/wp\/v2\/pages\/429"}],"wp:attachment":[{"href":"https:\/\/patrimoinepotton.org\/index.php?rest_route=%2Fwp%2Fv2%2Fmedia&parent=1987"}],"curies":[{"name":"wp","href":"https:\/\/api.w.org\/{rel}","templated":true}]}}