{"id":2035,"date":"2012-12-16T18:18:41","date_gmt":"2012-12-16T23:18:41","guid":{"rendered":"http:\/\/patrimoinepotton.org\/?page_id=2035"},"modified":"2013-10-14T12:10:49","modified_gmt":"2013-10-14T16:10:49","slug":"activites-hiver-2013","status":"publish","type":"page","link":"https:\/\/patrimoinepotton.org\/?page_id=2035","title":{"rendered":"Activit\u00e9s &#8211; Hiver 2013"},"content":{"rendered":"<p align=\"center\"><strong>D\u00e9couverte de notre patrimoine historique, paysager et naturel<br \/> <\/strong><strong>en raquettes ou en ski de fond (ou \u00e0 pied s\u2019il n\u2019y a pas de neige!)<\/strong><\/p>\n<p align=\"center\"><a href=\"https:\/\/patrimoinepotton.org\/blogue\/wp-content\/uploads\/2012\/12\/acti_hiver_2013.pdf\">(T\u00e9l\u00e9charger\u00a0en format pdf)<\/a><\/p>\n<p style=\"text-align: left;\" align=\"center\"><span style=\"color: #008000;\"><strong>Samedi 5 janvier, 10 h<\/strong><\/span><\/p>\n<p>Excursion facile en raquettes dans la for\u00eat et les p\u00e2turages de la ferme B\u00e9dard. Paysages magnifiques. Rencontre\u00a0: angle des chemins Westhill et White. Lunch \u00e0 la maison Reilly au co\u00fbt de 10$. R\u00e9servez avant le 29 d\u00e9cembre\u00a0: Marie Joli (450) 292-0569.<br \/> Guide\u00a0: Robert Joli<\/p>\n<p><span style=\"color: #008000;\"><strong>Samedi 12 janvier, 9 h 30<\/strong><\/span><\/p>\n<p>Excursion facile en raquettes sur les sentiers Missisquoi-Nord \u00e0 Eastman. Co-voiturage \u00e0 9 h 30 depuis le parc Andr\u00e9 Gagnon ou rencontre\u00a0\u00e0 10 h pr\u00e8s du restaurant \u00ab\u00a0La vieille maison\u00a0\u00bb au bord de la route 245 (pr\u00e8s de l\u2019autoroute 10).<br \/> H\u00f4tes\u00a0: Rachel et Harvey Catchpaw (819)\u00a0 843-6991 \u00e0 Orford. Contribution: 5$.<br \/> Guide\u00a0: Frank Ruiz<\/p>\n<p><span style=\"color: #008000;\"><strong>Samedi 19 janvier, 10 h<\/strong><\/span><\/p>\n<p>Excursion facile en raquettes ou ski de fond dans la r\u00e9serve naturelle entre les monts Sugar Loaf et \u00c9l\u00e9phant. Activit\u00e9 \u00e0 saveur \u00e9cossaise, en l\u2019honneur du po\u00e8te Robby Burns.<br \/> Rencontre\u00a0: 50, chemin Hilmar Krausser.<br \/> H\u00f4tes: Diane et Michael (450) 292-4432. Contribution: 5$.<\/p>\n<p><span style=\"color: #339966;\"><strong><span style=\"color: #008000;\">Samedi 26 janvier, 10 h<\/span> <\/strong><\/span><\/p>\n<p>Excursion facile en raquettes ou ski de fond sur les sentiers du terrain de golf. Rencontre\u00a0: 181, chemin Owl\u2019s Head.<br \/> H\u00f4tes\u00a0: Edith et Christian (450) 292-0547. Contribution: 5$.<\/p>\n<p><span style=\"color: #008000;\"><strong>Samedi 2 f\u00e9vrier, 10 h<\/strong><\/span><\/p>\n<p>Excursion facile \u00e0 interm\u00e9diaire en raquettes dans les sentiers priv\u00e9s sur le chemin du versant. Rencontre\u00a0: angle des chemins White et du versant. Lunch \u00e0 l\u2019Eglise Unie.<br \/> Co\u00fbt\u00a0: 5$. R\u00e9servations\u00a0: Edith Smeesters (450) 292-0547. Guide\u00a0: Tim Head<\/p>\n<p><span style=\"color: #008000;\"><strong>Samedi 9 f\u00e9vrier, 10 h<\/strong><\/span><\/p>\n<p>Excursion facile en raquettes avec Th\u00e9r\u00e8se dans un bois\u00e9 priv\u00e9 OU excursion avec Frank le long du Ruisseau Missisquoi \u00e0 partir de chemin Sugar loaf jusqu\u2019au chemin Schoolcraft avec un d\u00e9fi mod\u00e9r\u00e9. Rencontre au 70,\u00a0chemin Schoolcraft OU sur le chemin Sugar loaf.<br \/> H\u00f4tes\u00a0: Jean-Louis et Th\u00e9r\u00e8se (450) 292-0202. Contribution: 5$.<\/p>\n<p><span style=\"color: #008000;\"><strong>Samedi 16 f\u00e9vrier \u00e0 partir de 15h, 17h ou 18h\u00a0: <\/strong><\/span><\/p>\n<p><span style=\"color: #ff0000;\"><strong>C\u00e9l\u00e9brons la Saint-Valentin dans la vall\u00e9e Ruiter!<\/strong><\/span><\/p>\n<p>15 h\u00a0: excursion facile \u00e0 interm\u00e9diaire en raquettes ou ski de fond dans les sentiers de la Fiducie Fonci\u00e8re de la vall\u00e9e Ruiter. Apportez une lampe de poche ou frontale. Rencontre\u00a0: 186 chemin Ruiterbrook<\/p>\n<p>17\u00a0h\u00a0: sauna au bord de la rivi\u00e8re Ruiter pour ceux qui le d\u00e9sirent. Apportez maillot, serviette, sandales et v\u00eatements de rechange.<\/p>\n<p>18\u00a0h\u00a0: Souper \u00e0 la fortune du pot au chalet de la Fiducie Fonci\u00e8re de la vall\u00e9e Ruiter : apportez un plat et votre vin. Co\u00fbt\u00a0: 5 $. R\u00e9servations avant le 9 f\u00e9vrier aupr\u00e8s de Edith (450) 292-0547. Co-voiturage possible depuis le parc Andr\u00e9 Gagnon.<\/p>\n<p><span style=\"color: #008000;\"><strong>Samedi 23 f\u00e9vrier, 10 h<\/strong><\/span><\/p>\n<p>Excursion facile en raquettes sur des sentiers priv\u00e9s. Rencontre\u00a0: 282, chemin Leadville. Lunch au restaurant le Soleil Rouge au co\u00fbt de 10$.<br \/> R\u00e9servation avant le 16 f\u00e9vrier\u00a0: Carol au (514) 481-6279.\u00a0 Guide\u00a0: Robert Joli<\/p>\n<p><span style=\"color: #008000;\"><strong>Samedi 2 mars, 10 h<\/strong><\/span><\/p>\n<p>Excursion facile \u00e0 interm\u00e9diaire en raquettes dans la R\u00e9serve naturelle des Montagnes-vertes. \u00a0Rencontre et lunch au chalet de la Fiducie Fonci\u00e8re de la vall\u00e9e Ruiter, 186 Ruiterbrook.<br \/> Co\u00fbt\u00a0: 10 $. R\u00e9servations\u00a0: Ang\u00e8le et Hans (450) 292-3566. Guide\u00a0: Frank Ruiz<\/p>\n<p><span style=\"color: #008000;\"><strong>Dimanche 10 mars, <span style=\"text-decoration: underline;\">12 h 30<\/span><\/strong><\/span><\/p>\n<p>Excursion facile \u00e0 interm\u00e9diaire en raquettes sur les sentiers Missisquoi-Nord \u00e0 Potton. Rencontre\u00a0: parc Andr\u00e9 Gagnon pour monter avec quelques voitures vers le 139, chemin Westhill. Excursion \u00e0 sens unique: retour par le sentier vers le parc Andr\u00e9 Gagnon. . D\u00e9part\u00a0: 139, chemin Westhill. Repas l\u00e9ger \u00e0 15 h au restaurant Owl\u2019s Bread. Co\u00fbt\u00a0: 10$. Vin disponible sur place.<br \/> R\u00e9servations avant le 2 mars\u00a0: Carol (514) 481-6279.<br \/> Guides\u00a0: Hilary Head et G\u00e9rald Ratzer.<\/p>\n<p><span style=\"color: #008000;\"><strong>Samedi 16 mars, 10h<\/strong><\/span><\/p>\n<p>Excursion facile sur le chemin du lac. Rencontre\u00a0: angle des chemins du Lac et Harry Georges.<br \/> H\u00f4tes : Gilles et H\u00e9l\u00e8ne (450) 292-4479. Contribution: 5$.<\/p>\n<p><span style=\"color: #008000;\"><strong>Dimanche 24 mars<\/strong><\/span><\/p>\n<p><a title=\"Assembl\u00e9e g\u00e9n\u00e9rale annuelle \u2013 24 mars 2013\" href=\"https:\/\/patrimoinepotton.org\/?p=2082\">Assembl\u00e9e g\u00e9n\u00e9rale annuelle<\/a>.<\/p>\n<p>N. B.\u00a0: Les excursions sont gratuites pour les membres de l\u2019Association mais il y a des f<span style=\"text-decoration: underline;\">rais de 5\u00a0$ pour les non-membres, en plus du repas<\/span>. Les excursions sont annul\u00e9es si les conditions ne permettent pas de sortir.<\/p>\n<p><span style=\"text-decoration: underline;\">Lunchs\u00a0<\/span>: \u00c9tant donn\u00e9 le succ\u00e8s de nos lunchs, nous ne pouvons pas toujours vous recevoir dans une maison priv\u00e9e. C\u2019est pourquoi nous vous proposons des lunchs au village \u00e0 quelques occasions. Il est cependant essentiel de r\u00e9server une semaine \u00e0 l\u2019avance. Si vous deviez annuler moins de 3 jours avant la date pr\u00e9vue <span style=\"text-decoration: underline;\">vous \u00eates tenus de payer votre part<\/span>.<\/p>\n<p>Il faut \u00e9galement r\u00e9server lorsque nous sommes invit\u00e9s dans des maisons priv\u00e9es \u00e9tant donn\u00e9 les places parfois limit\u00e9es. Si vous devez annuler, faites-le au moins 2 jours \u00e0 l\u2019avance par courtoisie pour les h\u00f4tes et pour laisser la place \u00e0 d\u2019autres, sans quoi <span style=\"text-decoration: underline;\">vous \u00eates tenus de payer votre part<\/span>.<\/p>\n<p>Pour tout renseignement\u00a0suppl\u00e9mentaire:<\/p>\n<p>\u00c9dith Smeesters, (450) 292-0547 ou Carol Bishop\u00a0: (514) 481-6279 ou <a href=\"mailto:info@patrimoinepotton.org\">info@patrimoinepotton.org<\/a><\/p>\n<p>&nbsp;<\/p>\n","protected":false},"excerpt":{"rendered":"<p>D\u00e9couverte de notre patrimoine historique, paysager et naturel en raquettes ou en ski de fond (ou \u00e0 pied s\u2019il n\u2019y a pas de neige!) (T\u00e9l\u00e9charger\u00a0en format pdf) Samedi 5 janvier, 10 h Excursion facile en raquettes dans la for\u00eat et les p\u00e2turages de la ferme B\u00e9dard. Paysages magnifiques. Rencontre\u00a0: angle des chemins Westhill et White. [&hellip;]<\/p>\n","protected":false},"author":5,"featured_media":0,"parent":329,"menu_order":4,"comment_status":"closed","ping_status":"closed","template":"onecolumn-page.php","meta":{"ngg_post_thumbnail":0,"_mc_calendar":[],"footnotes":""},"class_list":["post-2035","page","type-page","status-publish","hentry"],"_links":{"self":[{"href":"https:\/\/patrimoinepotton.org\/index.php?rest_route=\/wp\/v2\/pages\/2035","targetHints":{"allow":["GET"]}}],"collection":[{"href":"https:\/\/patrimoinepotton.org\/index.php?rest_route=\/wp\/v2\/pages"}],"about":[{"href":"https:\/\/patrimoinepotton.org\/index.php?rest_route=\/wp\/v2\/types\/page"}],"author":[{"embeddable":true,"href":"https:\/\/patrimoinepotton.org\/index.php?rest_route=\/wp\/v2\/users\/5"}],"replies":[{"embeddable":true,"href":"https:\/\/patrimoinepotton.org\/index.php?rest_route=%2Fwp%2Fv2%2Fcomments&post=2035"}],"version-history":[{"count":0,"href":"https:\/\/patrimoinepotton.org\/index.php?rest_route=\/wp\/v2\/pages\/2035\/revisions"}],"up":[{"embeddable":true,"href":"https:\/\/patrimoinepotton.org\/index.php?rest_route=\/wp\/v2\/pages\/329"}],"wp:attachment":[{"href":"https:\/\/patrimoinepotton.org\/index.php?rest_route=%2Fwp%2Fv2%2Fmedia&parent=2035"}],"curies":[{"name":"wp","href":"https:\/\/api.w.org\/{rel}","templated":true}]}}