{"id":2074,"date":"2013-02-01T16:39:02","date_gmt":"2013-02-01T21:39:02","guid":{"rendered":"http:\/\/patrimoinepotton.org\/?page_id=2074"},"modified":"2023-04-12T17:52:45","modified_gmt":"2023-04-12T21:52:45","slug":"conferences-2013","status":"publish","type":"page","link":"https:\/\/patrimoinepotton.org\/?page_id=2074","title":{"rendered":"Conf\u00e9rences &#8211; 2013"},"content":{"rendered":"<p><em><strong>La guerre de 1812 ou la R\u00e9bellion des Patriotes de 1837-1838, quel est l&rsquo;\u00e9v\u00e9nement le plus important<\/strong> ?<\/em> ( Conf\u00e9rence pr\u00e9sent\u00e9e le 27 janvier 2013 par M. Michel Trudel )<\/p>\n<p>M. Trudel sugg\u00e8re les liens suivants comme source documentaire :<\/p>\n<p><b>Le point de vue des Am\u00e9ricains sur la Guerre de 1812 (9 films)<\/b><\/p>\n<p>Premier de 9 films produits sur ce conflit; mis en ligne le 2008-07-15<\/p>\n<p><a href=\"https:\/\/www.youtube.com\/watch?v=c7Hh8W69cos\">First Invasion War of 1812<br \/> <\/a><i>(2004, A&amp;E Television Network, The History Channel)<\/i><\/p>\n<p><b>Concernant la Bataille de la Ch\u00e2teauguay (2 films)<\/b><\/p>\n<p>La guerre de 1812 oppose les \u00c9tats-Unis et la colonie britannique qui allait devenir le Canada. Le territoire de la ville de Salaberry-de-Valleyfield, sur le lac St-Fran\u00e7ois, situ\u00e9 sur la voie strat\u00e9gique envisag\u00e9e par les troupes am\u00e9ricaines, f\u00fbt occup\u00e9 par les Canadiens en position de protection.<\/p>\n<p>Capsule r\u00e9alis\u00e9e dans le cadre du Fonds de comm\u00e9moration de la Guerre de 1812 (gouvernement Canada) en m\u00e9moire du colonel de Salaberry. Un bref regard sur ce h\u00e9ros de guerre et ces faits historiques qui ont marqu\u00e9 notre territoire et tout le reste du Canada.<\/p>\n<p><a href=\"https:\/\/www.youtube.com\/watch?v=B5qL4QQOpis\">Capsule<\/a><br \/> Dur\u00e9e 2 minutes 25 secondes<\/p>\n<p><a href=\"https:\/\/www.onf.ca\/film\/bataille_de_la_chateauguay\/\">ONF 1978, avec Pierre Dufresne dans le r\u00f4le de Salaberry<br \/> <\/a>Dur\u00e9e: 29 minutes, 34 secondes.<\/p>\n<p><b>Concernant la Bataille de Lacolle (1 film)<\/b><\/p>\n<p><a href=\"https:\/\/www.youtube.com\/watch?v=IWpSu6QM5_0\">(Infoman, Radio-Canada)<\/a><\/p>\n<p><b>\u00ab\u00a0Ouverture 1812\u00a0\u00bb de Tcha\u00efkovsky (1 film, sans rapport!)\u00a0\u00a0\u00a0\u00a0\u00a0\u00a0\u00a0\u00a0<\/b><\/p>\n<p><a href=\"https:\/\/www.dailymotion.com\/video\/xobhy_tchaikovsky-overture-1812_music\">Musique compos\u00e9e pour comm\u00e9morer la victoire des Russes contre Napol\u00e9on<\/a>! Pas pour c\u00e9l\u00e9brer la Guerre de 1812 entre les Britanniques et les \u00c9tats-Unis.<\/p>\n<p><strong>Autres vid\u00e9os sur la Guerre de 1812<\/strong>\u00a0:<\/p>\n<p><a href=\"https:\/\/www.youtube.com\/watch?v=Z3spRxo4CKY\">https:\/\/www.youtube.com\/watch?v=Z3spRxo4CKY<\/a><\/p>\n<p><a href=\"https:\/\/www.youtube.com\/watch?v=0ziNiR_CQn0\">https:\/\/www.youtube.com\/watch?v=0ziNiR_CQn0<\/a> (bande annonce)<\/p>\n<p><a href=\"https:\/\/www.youtube.com\/watch?v=q_rWEy_taCA\">https:\/\/www.youtube.com\/watch?v=q_rWEy_taCA<\/a> (1h54)<\/p>\n<p>M. Jean-Fran\u00e7ois Boulais sugg\u00e8re la documentation suivante :<\/p>\n<p>Desch\u00eanes, Gaston , \u00ab\u00a0L&rsquo;ann\u00e9e des Anglais : la C\u00f4te-du-Sud \u00e0 l&rsquo;heure de la conqu\u00eate\u00a0\u00bb, Qu\u00e9bec, Septentrion, 2009<\/p>\n<p>&nbsp;<\/p>\n<p>&nbsp;<\/p>\n","protected":false},"excerpt":{"rendered":"<p>La guerre de 1812 ou la R\u00e9bellion des Patriotes de 1837-1838, quel est l&rsquo;\u00e9v\u00e9nement le plus important ? ( Conf\u00e9rence pr\u00e9sent\u00e9e le 27 janvier 2013 par M. Michel Trudel ) M. Trudel sugg\u00e8re les liens suivants comme source documentaire : Le point de vue des Am\u00e9ricains sur la Guerre de 1812 (9 films) Premier de [&hellip;]<\/p>\n","protected":false},"author":5,"featured_media":0,"parent":329,"menu_order":20,"comment_status":"closed","ping_status":"closed","template":"","meta":{"ngg_post_thumbnail":0,"_mc_calendar":[],"footnotes":""},"class_list":["post-2074","page","type-page","status-publish","hentry"],"_links":{"self":[{"href":"https:\/\/patrimoinepotton.org\/index.php?rest_route=\/wp\/v2\/pages\/2074","targetHints":{"allow":["GET"]}}],"collection":[{"href":"https:\/\/patrimoinepotton.org\/index.php?rest_route=\/wp\/v2\/pages"}],"about":[{"href":"https:\/\/patrimoinepotton.org\/index.php?rest_route=\/wp\/v2\/types\/page"}],"author":[{"embeddable":true,"href":"https:\/\/patrimoinepotton.org\/index.php?rest_route=\/wp\/v2\/users\/5"}],"replies":[{"embeddable":true,"href":"https:\/\/patrimoinepotton.org\/index.php?rest_route=%2Fwp%2Fv2%2Fcomments&post=2074"}],"version-history":[{"count":0,"href":"https:\/\/patrimoinepotton.org\/index.php?rest_route=\/wp\/v2\/pages\/2074\/revisions"}],"up":[{"embeddable":true,"href":"https:\/\/patrimoinepotton.org\/index.php?rest_route=\/wp\/v2\/pages\/329"}],"wp:attachment":[{"href":"https:\/\/patrimoinepotton.org\/index.php?rest_route=%2Fwp%2Fv2%2Fmedia&parent=2074"}],"curies":[{"name":"wp","href":"https:\/\/api.w.org\/{rel}","templated":true}]}}