{"id":2320,"date":"2013-08-29T08:50:45","date_gmt":"2013-08-29T12:50:45","guid":{"rendered":"http:\/\/patrimoinepotton.org\/?page_id=2320"},"modified":"2023-04-12T21:13:21","modified_gmt":"2023-04-13T01:13:21","slug":"souper-benefice-pour-la-grange-ronde","status":"publish","type":"page","link":"https:\/\/patrimoinepotton.org\/?page_id=2320","title":{"rendered":"Souper-b\u00e9n\u00e9fice pour la grange ronde"},"content":{"rendered":"<p style=\"text-align: center;\"><strong><span style=\"color: #800000; font-size: 20px;\">Souper-b\u00e9n\u00e9fice pour la grange ronde<\/span><br \/><span style=\"color: #003300;\">au pavillon du golf Owl\u2019s Head, \u00e0 Potton<\/span><br \/><\/strong><strong><br \/>Cocktail et repas avec encan silencieux<br \/><span style=\"color: #800000; font-size: 18px;\"><br \/>Vendredi 27 septembre, de 17 h \u00e0 22 h<\/span><br \/>Tarif 70 $<\/strong><\/p>\n<p style=\"text-align: justify;\">Le conseil d\u2019administration de l\u2019Association du patrimoine de Potton donne suite \u00e0 la r\u00e9solution, adopt\u00e9e \u00e0 l\u2019unanimit\u00e9 par les membres lors de l\u2019Assembl\u00e9e g\u00e9n\u00e9rale du 24 mars 2013, de soutenir le financement de la r\u00e9novation de la grange ronde de Mansonville.<\/p>\n<p style=\"text-align: justify;\">Il organise, avec la collaboration du Groupe b\u00e9n\u00e9vole municipal de Potton, un souper-b\u00e9n\u00e9fice pour la grange ronde qui se tiendra au pavillon du golf Owl\u2019s Head, \u00e0 Potton. Nous offrons un cocktail suivi d\u2019un repas avec vin le vendredi 27 septembre de 17 h \u00e0 22 h, au tarif de 70 $.<\/p>\n<p style=\"text-align: justify;\">Un encan silencieux vous permet d\u2019acqu\u00e9rir des objets ou des services offerts gracieusement par nos membres et par nos artistes et commer\u00e7ants. Nous vous encourageons \u00e0 profiter de cette occasion pour inscrire votre don en argent pour la r\u00e9fection de la grange ronde.<\/p>\n<p>Pour r\u00e9server un billet pour le cocktail et le repas :<\/p>\n<ul>\n<li>Yolande Lamontagne, au 450-292-0430 ou \u00e0 <a href=\"mailto:lamontagneyolande@gmail.com\">lamontagneyolande@gmail.com<\/a><\/li>\n<li>Tout paiement par ch\u00e8que doit \u00eatre fait au nom de l\u2019Association du patrimoine de Potton.<\/li>\n<\/ul>\n<p>Pour donner un objet ou offrir un service pour l\u2019encan silencieux :<\/p>\n<ul>\n<li>Robert Joli, au 450-292-0569 ou \u00e0 \u00a0<a href=\"mailto:mjoli@hotmail.com\">mjoli@hotmail.com<\/a><\/li>\n<li>Jean-Louis Bertrand , au 450-292-0202 ou \u00e0 <a href=\"mailto:bertrandjl@xplornet.com\">bertrandjl@xplornet.com<\/a><\/li>\n<li>Note : aucun re\u00e7u aux fins de l\u2019imp\u00f4t ne sera remis pour ces dons, vu la difficult\u00e9 d\u2019en estimer la valeur.<\/li>\n<\/ul>\n<p>Pour contribuer \u00e0 la r\u00e9novation de la grange ronde par un don en argent :<\/p>\n<ul>\n<li>Pr\u00e9parer un ch\u00e8que au nom de la Municipalit\u00e9 du Canton de Potton, en indiquant \u00ab\u00a0Don pour la grange ronde\u00a0\u00bb. Un re\u00e7u aux fins de l\u2019imp\u00f4t vous sera remis par la municipalit\u00e9 pour toute somme sup\u00e9rieure \u00e0 20 $.<\/li>\n<li>Vous pouvez remettre votre contribution lors du souper-b\u00e9n\u00e9fice \u00e0 Jean-Louis Bertrand, qui s\u2019assurera du suivi et de l\u2019\u00e9mission du re\u00e7u de charit\u00e9.<\/li>\n<li>Si vous d\u00e9cidez de remettre votre don directement \u00e0 l\u2019H\u00f4tel de ville, veuillez en informer Jean-Louis Bertrand pour les suivis.<\/li>\n<li>Nous annexons \u00e0 ce communiqu\u00e9 le <a href=\"https:\/\/patrimoinepotton.org\/blogue\/wp-content\/uploads\/2013\/08\/Formulaire_de_don_Grange_ronde.pdf\">formulaire de don<\/a> et le <a href=\"https:\/\/patrimoinepotton.org\/blogue\/wp-content\/uploads\/2013\/08\/Programme_de_reconnaissance_aux_donateurs.pdf\">programme de reconnaissance<\/a> g\u00e9r\u00e9 par le Groupe b\u00e9n\u00e9vole municipal de Potton, pr\u00e9sid\u00e9 par Jacques Huppertz.<\/li>\n<\/ul>\n<p>Nous avons comme objectif de recueillir une somme de 10 000 $ lors de cette soir\u00e9e.<\/p>\n<p>Nous esp\u00e9rons vous compter parmi nous et nous vous remercions d\u2019avance de votre contribution au succ\u00e8s de cet \u00e9v\u00e9nement.<\/p>\n<p><em>Sandra Jewett<\/em><br \/><em>Pr\u00e9sidente<\/em><br \/><em>Association du Patrimoine de Potton<\/em><\/p>\n<p style=\"text-align: center;\"><a href=\"https:\/\/patrimoinepotton.org\/blogue\/wp-content\/uploads\/2013\/08\/pdf_courriel_souper_2013.pdf\">(Imprimer en format pdf)<\/a><\/p>\n","protected":false},"excerpt":{"rendered":"<p>Souper-b\u00e9n\u00e9fice pour la grange rondeau pavillon du golf Owl\u2019s Head, \u00e0 PottonCocktail et repas avec encan silencieuxVendredi 27 septembre, de 17 h \u00e0 22 hTarif 70 $ Le conseil d\u2019administration de l\u2019Association du patrimoine de Potton donne suite \u00e0 la r\u00e9solution, adopt\u00e9e \u00e0 l\u2019unanimit\u00e9 par les membres lors de l\u2019Assembl\u00e9e g\u00e9n\u00e9rale du 24 mars 2013, [&hellip;]<\/p>\n","protected":false},"author":5,"featured_media":0,"parent":3893,"menu_order":13,"comment_status":"closed","ping_status":"closed","template":"","meta":{"ngg_post_thumbnail":0,"_mc_calendar":[],"footnotes":""},"class_list":["post-2320","page","type-page","status-publish","hentry"],"_links":{"self":[{"href":"https:\/\/patrimoinepotton.org\/index.php?rest_route=\/wp\/v2\/pages\/2320","targetHints":{"allow":["GET"]}}],"collection":[{"href":"https:\/\/patrimoinepotton.org\/index.php?rest_route=\/wp\/v2\/pages"}],"about":[{"href":"https:\/\/patrimoinepotton.org\/index.php?rest_route=\/wp\/v2\/types\/page"}],"author":[{"embeddable":true,"href":"https:\/\/patrimoinepotton.org\/index.php?rest_route=\/wp\/v2\/users\/5"}],"replies":[{"embeddable":true,"href":"https:\/\/patrimoinepotton.org\/index.php?rest_route=%2Fwp%2Fv2%2Fcomments&post=2320"}],"version-history":[{"count":0,"href":"https:\/\/patrimoinepotton.org\/index.php?rest_route=\/wp\/v2\/pages\/2320\/revisions"}],"up":[{"embeddable":true,"href":"https:\/\/patrimoinepotton.org\/index.php?rest_route=\/wp\/v2\/pages\/3893"}],"wp:attachment":[{"href":"https:\/\/patrimoinepotton.org\/index.php?rest_route=%2Fwp%2Fv2%2Fmedia&parent=2320"}],"curies":[{"name":"wp","href":"https:\/\/api.w.org\/{rel}","templated":true}]}}