{"id":2580,"date":"2014-05-12T09:59:56","date_gmt":"2014-05-12T13:59:56","guid":{"rendered":"http:\/\/patrimoinepotton.org\/?page_id=2580"},"modified":"2023-04-12T20:29:57","modified_gmt":"2023-04-13T00:29:57","slug":"histoire-potton-history-volume-2-numero-1","status":"publish","type":"page","link":"https:\/\/patrimoinepotton.org\/?page_id=2580","title":{"rendered":"Histoire Potton History Volume 2 Num\u00e9ro 1"},"content":{"rendered":"<p style=\"text-align: center;\">La version imprim\u00e9e est \u00e9puis\u00e9e.<br \/>\nUne version num\u00e9ris\u00e9e peut \u00eatre t\u00e9l\u00e9charg\u00e9e en cliquant sur le lien suivant:<\/p>\n<p style=\"text-align: center;\"><img decoding=\"async\" src=\"https:\/\/patrimoinepotton.org\/blogue\/wp-content\/plugins\/wp-downloadmanager\/images\/ext\/pdf.gif\" alt=\"\" title=\"\" style=\"vertical-align: upper\" \/>&nbsp;&nbsp;<a href=\"https:\/\/patrimoinepotton.org\/?dl_id=52\">Histoire Potton History Vol 2 No 1 Printemps 2014<\/a>&nbsp;&nbsp;<span style=\"font-size: x-small\">{3,4 Mo}<\/span><\/p>\n<p><a href=\"https:\/\/patrimoinepotton.org\/blogue\/wp-content\/uploads\/2014\/05\/Couvertures_Revue_HPH_2_1_PRINTEMPS_2014_Page_1.jpg\"><img loading=\"lazy\" decoding=\"async\" class=\" wp-image-2578 aligncenter\" src=\"https:\/\/patrimoinepotton.org\/blogue\/wp-content\/uploads\/2014\/05\/Couvertures_Revue_HPH_2_1_PRINTEMPS_2014_Page_1-791x1024.jpg\" alt=\"Couvertures_Revue_HPH_2_1_PRINTEMPS_2014_Page_1\" width=\"640\" height=\"827\" \/><\/a><\/p>\n<p style=\"text-align: center;\"><a href=\"https:\/\/patrimoinepotton.org\/blogue\/wp-content\/uploads\/2015\/03\/HPH_2_1_Sommaire.jpg\"><img loading=\"lazy\" decoding=\"async\" class=\"aligncenter size-large wp-image-3511\" src=\"https:\/\/patrimoinepotton.org\/blogue\/wp-content\/uploads\/2015\/03\/HPH_2_1_Sommaire-914x1024.jpg\" alt=\"HPH_2_1_Sommaire\" width=\"640\" height=\"717\" srcset=\"https:\/\/patrimoinepotton.org\/blogue\/wp-content\/uploads\/2015\/03\/HPH_2_1_Sommaire-914x1024.jpg 914w, https:\/\/patrimoinepotton.org\/blogue\/wp-content\/uploads\/2015\/03\/HPH_2_1_Sommaire-268x300.jpg 268w\" sizes=\"auto, (max-width: 640px) 100vw, 640px\" \/><\/a><\/p>\n","protected":false},"excerpt":{"rendered":"<p>La version imprim\u00e9e est \u00e9puis\u00e9e. Une version num\u00e9ris\u00e9e peut \u00eatre t\u00e9l\u00e9charg\u00e9e en cliquant sur le lien suivant:<\/p>\n","protected":false},"author":5,"featured_media":0,"parent":2430,"menu_order":14,"comment_status":"closed","ping_status":"closed","template":"","meta":{"ngg_post_thumbnail":0,"_mc_calendar":[],"footnotes":""},"class_list":["post-2580","page","type-page","status-publish","hentry"],"_links":{"self":[{"href":"https:\/\/patrimoinepotton.org\/index.php?rest_route=\/wp\/v2\/pages\/2580","targetHints":{"allow":["GET"]}}],"collection":[{"href":"https:\/\/patrimoinepotton.org\/index.php?rest_route=\/wp\/v2\/pages"}],"about":[{"href":"https:\/\/patrimoinepotton.org\/index.php?rest_route=\/wp\/v2\/types\/page"}],"author":[{"embeddable":true,"href":"https:\/\/patrimoinepotton.org\/index.php?rest_route=\/wp\/v2\/users\/5"}],"replies":[{"embeddable":true,"href":"https:\/\/patrimoinepotton.org\/index.php?rest_route=%2Fwp%2Fv2%2Fcomments&post=2580"}],"version-history":[{"count":0,"href":"https:\/\/patrimoinepotton.org\/index.php?rest_route=\/wp\/v2\/pages\/2580\/revisions"}],"up":[{"embeddable":true,"href":"https:\/\/patrimoinepotton.org\/index.php?rest_route=\/wp\/v2\/pages\/2430"}],"wp:attachment":[{"href":"https:\/\/patrimoinepotton.org\/index.php?rest_route=%2Fwp%2Fv2%2Fmedia&parent=2580"}],"curies":[{"name":"wp","href":"https:\/\/api.w.org\/{rel}","templated":true}]}}