{"id":288,"date":"2023-05-08T20:00:43","date_gmt":"2023-05-09T00:00:43","guid":{"rendered":"http:\/\/patrimoinepotton.org\/blogue\/?page_id=288"},"modified":"2025-05-04T08:41:10","modified_gmt":"2025-05-04T12:41:10","slug":"qui-sommes-nous","status":"publish","type":"page","link":"https:\/\/patrimoinepotton.org\/?page_id=288","title":{"rendered":"Qui sommes-nous ?"},"content":{"rendered":"\n<ul class=\"wp-block-list\">\n<li>Fond\u00e9e en 1990, l\u2019Association du patrimoine de Potton (APP) poursuit ses objectifs sous trois volets&nbsp;:<br>1) une soci\u00e9t\u00e9 d\u2019histoire vou\u00e9e \u00e0 documenter et \u00e0 diffuser les \u00e9l\u00e9ments du patrimoine local,<br>2) un lobby destin\u00e9 \u00e0 promouvoir les \u00e9l\u00e9ments du patrimoine aupr\u00e8s des instances publiques,<br>3) un lieu de rencontre favorisant des \u00e9changes entre personnes partageant des int\u00e9r\u00eats communs en regard du patrimoine.<\/li>\n\n\n\n<li>Des conf\u00e9rences et des excursions sont organis\u00e9es pour faire conna\u00eetre les sites patrimoniaux de la r\u00e9gion.<\/li>\n\n\n\n<li>L\u2019Association compte de nombreuses publications imprim\u00e9es et num\u00e9ris\u00e9es et organise des expositions th\u00e9matiques annuelles.<\/li>\n\n\n\n<li>Le site <strong>Web de l\u2019Association<\/strong> [<a href=\"https:\/\/patrimoinepotton.org\">www.patrimoinepotton.org<\/a>] tient lieu de bulletin d\u2019information pour les membres.<\/li>\n\n\n\n<li>Une <strong>biblioth\u00e8que num\u00e9rique<\/strong> [<a href=\"https:\/\/patrimoinepotton.org\/appnum\">www.patrimoinepotton.org\/appnum<\/a>] donne acc\u00e8s au fonds documentaire et aux archives photographiques de l\u2019Association. On y trouve notamment les tir\u00e9s \u00e0 part de la revue <strong>Histoire Potton History<\/strong> et les pr\u00e9sentations virtuelles des expositions ant\u00e9rieures.<\/li>\n<\/ul>\n\n\n\n<p><span style=\"color: #800000;\"><strong>Conseil d\u2019administration 2025-2026<\/strong><\/span><\/p>\n\n\n\n<p>Lorraine Rouillard, <span style=\"color: #666666;\">pr\u00e9sidente<\/span><br>Pierre L&rsquo;Heureux, <span style=\"color: #666666;\">vice-pr\u00e9sident<\/span><br>Denis Lamontagne, <span style=\"color: #666666;\">tr\u00e9sorier<\/span><br>Jacqueline Robitaille, <span style=\"color: #666666;\">secr\u00e9taire<\/span><br>Virgil Tremblay, <span style=\"color: #666666;\">administrateur<\/span><\/p>\n\n\n\n<p><span style=\"color: #800000;\"><strong>Pour nous joindre<\/strong><\/span><\/p>\n\n\n\n<p>Courriel | <a href=\"mailto:info@patrimoinepotton.org\">info@patrimoinepotton.org<\/a><\/p>\n\n\n\n<div class=\"wp-block-group is-nowrap is-layout-flex wp-container-core-group-is-layout-6c531013 wp-block-group-is-layout-flex\">\n<figure class=\"wp-block-image size-full is-resized\"><img loading=\"lazy\" decoding=\"async\" width=\"400\" height=\"303\" src=\"https:\/\/patrimoinepotton.org\/blogue\/wp-content\/uploads\/2024\/08\/Logo-Rouge-400.png\" alt=\"\" class=\"wp-image-11928\" style=\"width:140px\" srcset=\"https:\/\/patrimoinepotton.org\/blogue\/wp-content\/uploads\/2024\/08\/Logo-Rouge-400.png 400w, https:\/\/patrimoinepotton.org\/blogue\/wp-content\/uploads\/2024\/08\/Logo-Rouge-400-300x227.png 300w\" sizes=\"auto, (max-width: 400px) 100vw, 400px\" \/><\/figure>\n\n\n\n<p><em>Association du patrimoine de Potton<br>C.P. 894<br>Mansonville (Qu\u00e9bec) J0E 1X0<\/em><\/p>\n<\/div>\n\n\n\n<figure class=\"wp-block-image size-full is-resized\"><a href=\"https:\/\/www.qrfy.com\/4fh5Bc0qaN\"><img loading=\"lazy\" decoding=\"async\" width=\"800\" height=\"200\" src=\"https:\/\/patrimoinepotton.org\/blogue\/wp-content\/uploads\/2023\/07\/Groupe_Facebook.png\" alt=\"\" class=\"wp-image-9880\" style=\"width:200px;height:undefinedpx\" srcset=\"https:\/\/patrimoinepotton.org\/blogue\/wp-content\/uploads\/2023\/07\/Groupe_Facebook.png 800w, https:\/\/patrimoinepotton.org\/blogue\/wp-content\/uploads\/2023\/07\/Groupe_Facebook-300x75.png 300w, https:\/\/patrimoinepotton.org\/blogue\/wp-content\/uploads\/2023\/07\/Groupe_Facebook-768x192.png 768w\" sizes=\"auto, (max-width: 800px) 100vw, 800px\" \/><\/a><\/figure>\n","protected":false},"excerpt":{"rendered":"<p>Conseil d\u2019administration 2025-2026 Lorraine Rouillard, pr\u00e9sidentePierre L&rsquo;Heureux, vice-pr\u00e9sidentDenis Lamontagne, tr\u00e9sorierJacqueline Robitaille, secr\u00e9taireVirgil Tremblay, administrateur Pour nous joindre Courriel | info@patrimoinepotton.org Association du patrimoine de PottonC.P. 894Mansonville (Qu\u00e9bec) J0E 1X0<\/p>\n","protected":false},"author":5,"featured_media":0,"parent":0,"menu_order":0,"comment_status":"closed","ping_status":"closed","template":"","meta":{"ngg_post_thumbnail":0,"_mc_calendar":[],"footnotes":""},"class_list":["post-288","page","type-page","status-publish","hentry"],"_links":{"self":[{"href":"https:\/\/patrimoinepotton.org\/index.php?rest_route=\/wp\/v2\/pages\/288","targetHints":{"allow":["GET"]}}],"collection":[{"href":"https:\/\/patrimoinepotton.org\/index.php?rest_route=\/wp\/v2\/pages"}],"about":[{"href":"https:\/\/patrimoinepotton.org\/index.php?rest_route=\/wp\/v2\/types\/page"}],"author":[{"embeddable":true,"href":"https:\/\/patrimoinepotton.org\/index.php?rest_route=\/wp\/v2\/users\/5"}],"replies":[{"embeddable":true,"href":"https:\/\/patrimoinepotton.org\/index.php?rest_route=%2Fwp%2Fv2%2Fcomments&post=288"}],"version-history":[{"count":0,"href":"https:\/\/patrimoinepotton.org\/index.php?rest_route=\/wp\/v2\/pages\/288\/revisions"}],"wp:attachment":[{"href":"https:\/\/patrimoinepotton.org\/index.php?rest_route=%2Fwp%2Fv2%2Fmedia&parent=288"}],"curies":[{"name":"wp","href":"https:\/\/api.w.org\/{rel}","templated":true}]}}