{"id":3009,"date":"2015-01-15T17:00:12","date_gmt":"2015-01-15T22:00:12","guid":{"rendered":"http:\/\/patrimoinepotton.org\/?page_id=3009"},"modified":"2023-04-12T05:50:42","modified_gmt":"2023-04-12T09:50:42","slug":"activites-hiver-2015","status":"publish","type":"page","link":"https:\/\/patrimoinepotton.org\/?page_id=3009","title":{"rendered":"Activit\u00e9s &#8211; Hiver 2015"},"content":{"rendered":"<h5 style=\"text-align: left;\"><\/h5>\n<h5 style=\"text-align: left;\">[Mise-\u00e0-jour : 25 f\u00e9vrier &#8211; 21h]<\/h5>\n<p style=\"text-align: center;\"><strong>D\u00e9couverte d<\/strong><strong>u<\/strong><strong> patrimoine historique<\/strong><strong>, paysager<\/strong><strong> et naturel <\/strong><strong>de Potton<\/strong><br \/>\n<strong>en raquette<\/strong><strong> ou en ski de fond <\/strong><strong>(\u00e0 pied<\/strong><strong>,<\/strong><strong> s\u2019il n\u2019y a pas de neige)<\/strong><\/p>\n<p style=\"text-align: center;\"><img decoding=\"async\" src=\"https:\/\/patrimoinepotton.org\/blogue\/wp-content\/plugins\/wp-downloadmanager\/images\/ext\/pdf.gif\" alt=\"\" title=\"\" style=\"vertical-align: upper\" \/>&nbsp;&nbsp;<a href=\"https:\/\/patrimoinepotton.org\/?dl_id=5\">Activit\u00e9s - Hiver 2015<\/a>&nbsp;&nbsp;<span style=\"font-size: x-small\">{359,0 Ko}<\/span><\/p>\n<p><span style=\"color: #008000;\"><strong>Dimanche 21 d\u00e9cembre 201<\/strong><strong>4<\/strong><strong>, 6h45<\/strong><\/span><\/p>\n<p style=\"padding-left: 30px;\">Solstice d\u2019hiver au sommet du mont Owl\u2019s Head. Rencontre au t\u00e9l\u00e9si\u00e8ge \u00e0 6h45 pr\u00e9cises.Venez c\u00e9l\u00e9brer le d\u00e9but de l&rsquo;hiver!<br \/>\nCo\u00fbt du remonte-pente : 12\u00a0$ <em>(<\/em><em>gratuit, si vous avez un billet <\/em><em>de ski<\/em><em> ou un abonnement<\/em><em>)<\/em><br \/>\nD\u00e9jeuner buffet \u00e0 8h : co\u00fbt de 8\u00a0$<br \/>\nR\u00e9servation avant le 17 d\u00e9cembre : Carol Bishop, 450-292-4844<br \/>\n[<a href=\"https:\/\/patrimoinepotton.org\/?page_id=2171\" target=\"_blank\" rel=\"noopener\">Voir les photos<\/a>]<\/p>\n<p><span style=\"color: #800000;\"><strong>Samedi <\/strong><strong>10<\/strong><strong> janvier, 10h<\/strong><\/span><br \/>\nExcursion facile ou interm\u00e9diaire en raquette sur le sentier de v\u00e9lo de montagne du mont Owl\u2019s Head. Rencontre\u00a0: stationnement du centre de ski. Guide\u00a0: Andr\u00e9.<br \/>\nH\u00f4tes\u00a0: Wendy et Andr\u00e9, 450-292-3146 <em>(max. 35 personnes).<\/em><\/p>\n<p><span style=\"color: #800000;\"><strong>Samedi<\/strong><strong> 1<\/strong><strong>7<\/strong><strong> janvier, <\/strong><strong>10<\/strong><strong>h<\/strong><\/span><br \/>\nExcursion facile ou interm\u00e9diaire en raquette dans les sentiers de la vall\u00e9e Ruiter.<br \/>\nRencontre\u00a0: 171, chemin Ruiter Brook.<br \/>\nH\u00f4tes\u00a0: Hans et Ang\u00e8le, 450-292-3566 <em>(max. 30 personnes)<\/em>.<\/p>\n<p><span style=\"color: #800000;\"><strong>Samedi<\/strong> <strong>24 janvier, 13h30<\/strong><\/span><br \/>\nExcursion facile en raquette ou ski de fond dans la r\u00e9serve naturelle entre les monts Sugar Loaf et \u00c9l\u00e9phant. Rencontre\u00a0: 50, chemin Hilmar-Krausser. Activit\u00e9 \u00e0 saveur \u00e9cossaise, en l\u2019honneur du po\u00e8te Robby Burns. H\u00f4tes\u00a0: Diane et Michael, 450-292-4432 <em>(max. 34 personnes)<\/em>.<\/p>\n<p><span style=\"color: #800000;\"><strong>Samedi 31<\/strong><strong> janvier, 13h30<\/strong><\/span><br \/>\nExcursion facile en raquette dans un bois\u00e9. Atmosph\u00e8re du lac Saint-Jean.<br \/>\nRencontre\u00a0: 265, chemin de Province Hill.<br \/>\nH\u00f4tes\u00a0: Martin et Sylvie, 450-292-4129 <em>(max. 30 personnes)<\/em>.<\/p>\n<p><span style=\"color: #800000;\"><strong>Samedi<\/strong> <strong>7<\/strong><strong> f\u00e9vrier, 10<\/strong><strong>h<\/strong><\/span><br \/>\nExcursion facile ou interm\u00e9diaire en raquette, en for\u00eat. Rencontre\u00a0: 89, chemin Fontaine.<br \/>\nH\u00f4tes\u00a0: Janine et Richard, 450-292-3780 <em>(max. 30 personnes)<\/em>.<\/p>\n<p><span style=\"color: #800000;\"><strong>Samedi le 14 f\u00e9vrier, 10<\/strong><strong>h<br \/>\n<\/strong><\/span>Excursion facile en raquette ou ski de fond sur les sentiers du terrain de golf.<br \/>\n<span style=\"text-decoration: underline;\">Admission sur les sentiers\u00a0: 5 $ par personne<br \/>\n<\/span>C\u00e9l\u00e9brons la Saint Valentin!<br \/>\nRencontre\u00a0: 181, chemin Owl\u2019s Head.<br \/>\nH\u00f4tes\u00a0: \u00c9dith et Christian, 450-292-0547 <em>(max. 45 personnes)<\/em>.<\/p>\n<p><span style=\"color: #800000;\"><strong>Samedi<\/strong><strong> 21<\/strong><strong> f\u00e9vrier, 10h<\/strong><\/span><br \/>\nExcursion facile ou interm\u00e9diaire en raquette dans les sentiers de la vall\u00e9e Ruiter. Guide : Frank Ruiz.<br \/>\nRencontre\u00a0: 139, chemin West Hill. H\u00f4tes\u00a0: Hilary et Michael, 450-292-3748 <em>(max. <\/em><em>36<\/em><em> personnes)<\/em>.<\/p>\n<p><span style=\"color: #800000;\"><strong>Samedi<\/strong> <strong>28 f\u00e9vrier<\/strong><strong>, 10h<\/strong><\/span><br \/>\nExcursion difficile en raquette dans la r\u00e9serve naturelle du mont Pevee ou marche interm\u00e9diaire jusqu\u2019au sommet. Rencontre\u00a0: 14, chemin des H\u00eatres. Guide\u00a0: Ralph Milot.<br \/>\nH\u00f4tes\u00a0: Ralph et Yolande <em>(max. 15 personnes)<\/em>, Lucie et Michel <em>(max. 15 personnes)<\/em>, 450-292-0430.<\/p>\n<p><span style=\"color: #800000;\"><strong>Samedi 7<\/strong><strong> mars, 10h<\/strong><\/span><br \/>\nExcursion interm\u00e9diaire en raquette ou marche facile sur un terrain priv\u00e9.<br \/>\nRencontre\u00a0: 15 chemin Maurice C\u00f4t\u00e9. Stationnement sur le chemin.<br \/>\nH\u00f4tes\u00a0: Fiona et David, 450-292-0797 ou courriel \u00e0 <a href=\"mailto:fionacampbell13@yahoo.ca\">fionacampbell13@yahoo.ca<\/a><br \/>\n<em>(max. 30 personnes)<\/em>.<\/p>\n<p><span style=\"color: #800000;\"><strong>Samedi 14 mars, 10<\/strong><strong>h<\/strong><\/span><br \/>\nExcursion facile en raquette dans un bois\u00e9. Rencontre\u00a0: 504, chemin du Lac.<br \/>\nH\u00f4tes\u00a0: H\u00e9l\u00e8ne et Gilles, 450-292-4479 <em>(max. <\/em><em>28<\/em><em> personnes)<\/em>.<\/p>\n<p><span style=\"color: #800000;\"><strong>Dimanche 19<\/strong><strong> avril<\/strong><strong>, 10h<\/strong><\/span><br \/>\nTous les membres sont convi\u00e9s \u00e0 la 25<sup>e<\/sup>\u00a0Assembl\u00e9e g\u00e9n\u00e9rale annuelle de l\u2019Association du patrimoine de Potton qui aura lieu le dimanche 19 avril 2015, \u00e0 10 h, \u00e0 l\u2019h\u00f4tel de ville de Potton. Vous \u00eates cordialement invit\u00e9s au traditionnel <strong>repas printanier<\/strong> qui sera servi \u00e0 la conclusion de l\u2019assembl\u00e9e annuelle, vers 12 h 30. Prix : 25 $ par personne; vous apportez les boissons de votre choix.<br \/>\n[<a title=\"25e Assembl\u00e9e g\u00e9n\u00e9rale annuelle\" href=\"https:\/\/patrimoinepotton.org\/?page_id=3316\">Voir les d\u00e9tails<\/a>]<\/p>\n<p><strong>Remarques<\/strong><\/p>\n<ul>\n<li><strong>Les excursions sont gratuites pour les membres de l\u2019Association, mais il y a des <span style=\"text-decoration: underline;\">frais de 5\u00a0$ pour les non-membres<\/span>.<\/strong><\/li>\n<li><strong>Les excursions sont annul\u00e9es si les conditions m\u00e9t\u00e9o ne permettent pas de sortir.<\/strong><\/li>\n<li><strong>Une contribution de <span style=\"text-decoration: underline;\">10\u00a0$ par personne<\/span> (membre ou non) est requise de ceux qui participent au lunch apr\u00e8s les excursions, pour d\u00e9dommager les h\u00f4tes.<\/strong><\/li>\n<li><strong>Il faut r\u00e9server lorsque le lunch a lieu dans une maison priv\u00e9e, en raison du nombre de places limit\u00e9. Si vous devez annuler, faites-le au moins 2\u00a0jours \u00e0 l\u2019avance, par courtoisie pour les h\u00f4tes et pour laisser la place \u00e0 d\u2019autres, sans quoi <span style=\"text-decoration: underline;\">vous serez tenus de payer votre part<\/span>.<\/strong><\/li>\n<\/ul>\n<p>Pour tout renseignement suppl\u00e9mentaire\u00a0:<\/p>\n<ul>\n<li>Carol Bishop\u00a0: 514-481-6279<\/li>\n<li>Janine Sourdif\u00a0: 450-292-3780<\/li>\n<li><a href=\"mailto:info@patrimoinepotton.org\">info@patrimoinepotton.org<\/a><\/li>\n<\/ul>\n<p style=\"text-align: center;\"><img decoding=\"async\" src=\"https:\/\/patrimoinepotton.org\/blogue\/wp-content\/plugins\/wp-downloadmanager\/images\/ext\/pdf.gif\" alt=\"\" title=\"\" style=\"vertical-align: upper\" \/>&nbsp;&nbsp;<a href=\"https:\/\/patrimoinepotton.org\/?dl_id=5\">Activit\u00e9s - Hiver 2015<\/a>&nbsp;&nbsp;<span style=\"font-size: x-small\">{359,0 Ko}<\/span><\/p>\n","protected":false},"excerpt":{"rendered":"<p>[Mise-\u00e0-jour : 25 f\u00e9vrier &#8211; 21h] D\u00e9couverte du patrimoine historique, paysager et naturel de Potton en raquette ou en ski de fond (\u00e0 pied, s\u2019il n\u2019y a pas de neige) Dimanche 21 d\u00e9cembre 2014, 6h45 Solstice d\u2019hiver au sommet du mont Owl\u2019s Head. Rencontre au t\u00e9l\u00e9si\u00e8ge \u00e0 6h45 pr\u00e9cises.Venez c\u00e9l\u00e9brer le d\u00e9but de l&rsquo;hiver! Co\u00fbt [&hellip;]<\/p>\n","protected":false},"author":5,"featured_media":3288,"parent":329,"menu_order":6,"comment_status":"closed","ping_status":"closed","template":"","meta":{"ngg_post_thumbnail":0,"_mc_calendar":[],"footnotes":""},"class_list":["post-3009","page","type-page","status-publish","has-post-thumbnail","hentry"],"_links":{"self":[{"href":"https:\/\/patrimoinepotton.org\/index.php?rest_route=\/wp\/v2\/pages\/3009","targetHints":{"allow":["GET"]}}],"collection":[{"href":"https:\/\/patrimoinepotton.org\/index.php?rest_route=\/wp\/v2\/pages"}],"about":[{"href":"https:\/\/patrimoinepotton.org\/index.php?rest_route=\/wp\/v2\/types\/page"}],"author":[{"embeddable":true,"href":"https:\/\/patrimoinepotton.org\/index.php?rest_route=\/wp\/v2\/users\/5"}],"replies":[{"embeddable":true,"href":"https:\/\/patrimoinepotton.org\/index.php?rest_route=%2Fwp%2Fv2%2Fcomments&post=3009"}],"version-history":[{"count":0,"href":"https:\/\/patrimoinepotton.org\/index.php?rest_route=\/wp\/v2\/pages\/3009\/revisions"}],"up":[{"embeddable":true,"href":"https:\/\/patrimoinepotton.org\/index.php?rest_route=\/wp\/v2\/pages\/329"}],"wp:featuredmedia":[{"embeddable":true,"href":"https:\/\/patrimoinepotton.org\/index.php?rest_route=\/wp\/v2\/media\/3288"}],"wp:attachment":[{"href":"https:\/\/patrimoinepotton.org\/index.php?rest_route=%2Fwp%2Fv2%2Fmedia&parent=3009"}],"curies":[{"name":"wp","href":"https:\/\/api.w.org\/{rel}","templated":true}]}}