{"id":3089,"date":"2014-12-08T15:19:52","date_gmt":"2014-12-08T20:19:52","guid":{"rendered":"http:\/\/patrimoinepotton.org\/?page_id=3089"},"modified":"2014-12-08T16:08:06","modified_gmt":"2014-12-08T21:08:06","slug":"telechargements-2","status":"publish","type":"page","link":"https:\/\/patrimoinepotton.org\/?page_id=3089","title":{"rendered":"T\u00e9l\u00e9chargements"},"content":{"rendered":"<p>Le centre de t\u00e9l\u00e9chargements contient les archives publiques num\u00e9ris\u00e9es en format pdf et class\u00e9es sous les rubriques suivantes :<\/p>\n<ul>\n<li>Association du patrimoine de Potton (APPHA)<br \/>\n<em>(R\u00e8glements, proc\u00e8s-verbaux et diaporamas des assembl\u00e9es g\u00e9n\u00e9rales annuelles, communications du pr\u00e9sident, rapports divers, etc.)<\/em><\/li>\n<li>Rapports et documentation de divers organismes<br \/>\nd\u00e9pos\u00e9s au CA de l&rsquo;Association (DIVERS)<\/li>\n<\/ul>\n<p>Documents accessibles via le menu d\u00e9roulant <strong>T\u00e9l\u00e9chargements<\/strong>.<\/p>\n","protected":false},"excerpt":{"rendered":"<p>Le centre de t\u00e9l\u00e9chargements contient les archives publiques num\u00e9ris\u00e9es en format pdf et class\u00e9es sous les rubriques suivantes : Association du patrimoine de Potton (APPHA) (R\u00e8glements, proc\u00e8s-verbaux et diaporamas des assembl\u00e9es g\u00e9n\u00e9rales annuelles, communications du pr\u00e9sident, rapports divers, etc.) Rapports et documentation de divers organismes d\u00e9pos\u00e9s au CA de l&rsquo;Association (DIVERS) Documents accessibles via le [&hellip;]<\/p>\n","protected":false},"author":5,"featured_media":0,"parent":0,"menu_order":0,"comment_status":"closed","ping_status":"closed","template":"","meta":{"ngg_post_thumbnail":0,"_mc_calendar":[],"footnotes":""},"class_list":["post-3089","page","type-page","status-publish","hentry"],"_links":{"self":[{"href":"https:\/\/patrimoinepotton.org\/index.php?rest_route=\/wp\/v2\/pages\/3089","targetHints":{"allow":["GET"]}}],"collection":[{"href":"https:\/\/patrimoinepotton.org\/index.php?rest_route=\/wp\/v2\/pages"}],"about":[{"href":"https:\/\/patrimoinepotton.org\/index.php?rest_route=\/wp\/v2\/types\/page"}],"author":[{"embeddable":true,"href":"https:\/\/patrimoinepotton.org\/index.php?rest_route=\/wp\/v2\/users\/5"}],"replies":[{"embeddable":true,"href":"https:\/\/patrimoinepotton.org\/index.php?rest_route=%2Fwp%2Fv2%2Fcomments&post=3089"}],"version-history":[{"count":0,"href":"https:\/\/patrimoinepotton.org\/index.php?rest_route=\/wp\/v2\/pages\/3089\/revisions"}],"wp:attachment":[{"href":"https:\/\/patrimoinepotton.org\/index.php?rest_route=%2Fwp%2Fv2%2Fmedia&parent=3089"}],"curies":[{"name":"wp","href":"https:\/\/api.w.org\/{rel}","templated":true}]}}