{"id":309,"date":"2010-08-02T10:59:25","date_gmt":"2010-08-02T14:59:25","guid":{"rendered":"http:\/\/patrimoinepotton.org\/blogue\/?page_id=309"},"modified":"2023-04-12T21:20:01","modified_gmt":"2023-04-13T01:20:01","slug":"notre-mission","status":"publish","type":"page","link":"https:\/\/patrimoinepotton.org\/?page_id=309","title":{"rendered":"Notre mission"},"content":{"rendered":"<p style=\"text-align: justify;\"><strong>Pourquoi une telle association ?<\/strong> L\u2019Association vise \u00e0 faire conna\u00eetre le patrimoine du canton de Potton, situ\u00e9 dans les Cantons de l\u2019Est, et \u00e0 en promouvoir la conservation et la mise en valeur. Les membres de l\u2019Association souhaitent ainsi contribuer au d\u00e9veloppement socio-\u00e9conomique du canton et \u00e0 l\u2019am\u00e9lioration de leur cadre de vie.<\/p>\n<p style=\"text-align: justify;\"><strong>Depuis quand l\u2019Association existe-t-elle ?<\/strong> Cr\u00e9\u00e9e en 1990, l\u2019Association du patrimoine de Potton est un organisme sans but lucratif qui est r\u00e9gi par un conseil d\u2019administration \u00e9lu par ses membres.<\/p>\n<p style=\"text-align: justify;\"><strong>Qui sont les membres de l\u2019Association ?<\/strong> L\u2019Association compte plus de 200 membres, citoyens, vill\u00e9giateurs et amis du canton de Potton qui souhaitent soutenir l\u2019Association et participer&nbsp;\u00e0 ses&nbsp;activit\u00e9s.<\/p>\n<p style=\"text-align: justify;\"><strong>En quoi consiste le patrimoine du canton de Potton ?<\/strong> Les \u00e9l\u00e9ments les plus connus du patrimoine du canton de Potton sont les b\u00e2timents publics et priv\u00e9s suivants : les \u00e9glises, l\u2019h\u00f4tel de ville, la grange ronde, le pont de la Fronti\u00e8re, la maison Manson, la place Manson, le magasin Giroux et Giroux, les quais de Vale Perkins et de Knowlton Landing, le magasin Jewett, l\u2019Aubergine et les sites arch\u00e9ologiques. Suivent les paysages humanis\u00e9s et le patrimoine naturel comme le lac Memphr\u00e9magog, les \u00e9tangs Fullerton et Sugar Loaf, les rivi\u00e8res Missisquoi et Missisquoi Nord, de nombreux monts dont le Owl\u2018s Head et des r\u00e9serves naturelles.<\/p>\n<p style=\"text-align: justify;\"><strong>Quels sont les autres \u00e9l\u00e9ments qui d\u00e9finissent le patrimoine du canton de Potton ?<\/strong> L\u2019histoire et le patrimoine des familles, des localit\u00e9s, des r\u00e9gions et des pays doivent faire l\u2019objet d\u2019un enseignement constant et motivant pour l\u2019ensemble de la population. Les membres de l\u2019Association croient qu\u2019il est du devoir de chaque g\u00e9n\u00e9ration de conserver, d\u2019enrichir et de transmettre \u00e0 la suivante l\u2019histoire et le patrimoine qu\u2019elle a re\u00e7us en h\u00e9ritage. La protection du patrimoine naturel dans ses composantes g\u00e9ologiques et biologiques fait \u00e9galement l\u2019objet des pr\u00e9occupations de l\u2019Association.<\/p>\n<p style=\"text-align: justify;\"><strong>Par quels moyens l\u2019Association atteint-elle ses buts ?<\/strong> L\u2019Association compte de nombreuses publications : une quarantaine de brochures, d\u00e9pliants, livres, et la revue Histoire Potton History. Des conf\u00e9rences et des excursions sont organis\u00e9es tout au long de l\u2019ann\u00e9e dans la r\u00e9gion pour faire conna\u00eetre des sites int\u00e9ressants par leur anciennet\u00e9 et leur \u00e9tat de pr\u00e9servation. Un site web [ <a href=\"https:\/\/www.patrimoinepotton.org\">www.patrimoinepotton.org<\/a> ] informe les membres des activit\u00e9s et rend accessibles les archives documentaires et photographiques de l\u2019Association par une biblioth\u00e8que num\u00e9rique [ <a href=\"https:\/\/patrimoinepotton.org\/appnum\">www.patrimoinepotton.org\/appnum<\/a> ].<\/p>\n<p style=\"text-align: justify;\"><strong>Quelle est la participation de l\u2019Association \u00e0 la vie communautaire ?<\/strong> L\u2019Association a jou\u00e9 un r\u00f4le majeur dans la citation et la sauvegarde de la grange ronde et du pont couvert. Elle participe activement aux activit\u00e9s culturelles du milieu et, \u00e0 maintes reprises, l\u2019Association a fait des repr\u00e9sentations aupr\u00e8s des autorit\u00e9s municipales et r\u00e9gionales pour d\u00e9fendre le dossier de la protection et de la mise en valeur du patrimoine de Potton.<\/p>\n","protected":false},"excerpt":{"rendered":"<p>Pourquoi une telle association ? L\u2019Association vise \u00e0 faire conna\u00eetre le patrimoine du canton de Potton, situ\u00e9 dans les Cantons de l\u2019Est, et \u00e0 en promouvoir la conservation et la mise en valeur. Les membres de l\u2019Association souhaitent ainsi contribuer au d\u00e9veloppement socio-\u00e9conomique du canton et \u00e0 l\u2019am\u00e9lioration de leur cadre de vie. Depuis quand [&hellip;]<\/p>\n","protected":false},"author":5,"featured_media":0,"parent":288,"menu_order":10,"comment_status":"closed","ping_status":"closed","template":"","meta":{"ngg_post_thumbnail":0,"_mc_calendar":[],"footnotes":""},"class_list":["post-309","page","type-page","status-publish","hentry"],"_links":{"self":[{"href":"https:\/\/patrimoinepotton.org\/index.php?rest_route=\/wp\/v2\/pages\/309","targetHints":{"allow":["GET"]}}],"collection":[{"href":"https:\/\/patrimoinepotton.org\/index.php?rest_route=\/wp\/v2\/pages"}],"about":[{"href":"https:\/\/patrimoinepotton.org\/index.php?rest_route=\/wp\/v2\/types\/page"}],"author":[{"embeddable":true,"href":"https:\/\/patrimoinepotton.org\/index.php?rest_route=\/wp\/v2\/users\/5"}],"replies":[{"embeddable":true,"href":"https:\/\/patrimoinepotton.org\/index.php?rest_route=%2Fwp%2Fv2%2Fcomments&post=309"}],"version-history":[{"count":0,"href":"https:\/\/patrimoinepotton.org\/index.php?rest_route=\/wp\/v2\/pages\/309\/revisions"}],"up":[{"embeddable":true,"href":"https:\/\/patrimoinepotton.org\/index.php?rest_route=\/wp\/v2\/pages\/288"}],"wp:attachment":[{"href":"https:\/\/patrimoinepotton.org\/index.php?rest_route=%2Fwp%2Fv2%2Fmedia&parent=309"}],"curies":[{"name":"wp","href":"https:\/\/api.w.org\/{rel}","templated":true}]}}