{"id":3160,"date":"2014-12-16T15:02:37","date_gmt":"2014-12-16T20:02:37","guid":{"rendered":"http:\/\/patrimoinepotton.org\/?page_id=3160"},"modified":"2023-04-12T11:48:04","modified_gmt":"2023-04-12T15:48:04","slug":"concours-de-photographies-2015","status":"publish","type":"page","link":"https:\/\/patrimoinepotton.org\/?page_id=3160","title":{"rendered":"Concours de photographie &#8211; 2015"},"content":{"rendered":"<p style=\"text-align: right;\"><img decoding=\"async\" src=\"https:\/\/patrimoinepotton.org\/blogue\/wp-content\/plugins\/wp-downloadmanager\/images\/ext\/pdf.gif\" alt=\"\" title=\"\" style=\"vertical-align: upper\" \/>&nbsp;&nbsp;<a href=\"https:\/\/patrimoinepotton.org\/?dl_id=46\">Concours de photographie - 2015<\/a>&nbsp;&nbsp;<span style=\"font-size: x-small\">{441,4 Ko}<\/span><\/p>\n<ul>\n<li style=\"text-align: justify;\"><img loading=\"lazy\" decoding=\"async\" class=\"alignright  wp-image-3159\" src=\"https:\/\/patrimoinepotton.org\/blogue\/wp-content\/uploads\/2014\/12\/old_camera.png\" alt=\"old_camera\" width=\"336\" height=\"336\" srcset=\"https:\/\/patrimoinepotton.org\/blogue\/wp-content\/uploads\/2014\/12\/old_camera.png 512w, https:\/\/patrimoinepotton.org\/blogue\/wp-content\/uploads\/2014\/12\/old_camera-150x150.png 150w, https:\/\/patrimoinepotton.org\/blogue\/wp-content\/uploads\/2014\/12\/old_camera-300x300.png 300w\" sizes=\"auto, (max-width: 336px) 100vw, 336px\" \/>Le concours de photographie 2015 de l\u2019Association du patrimoine de Potton (APP) se tient \u00e0 l\u2019occasion du Festival multiculturel de Potton (FMP) qui se d\u00e9roule le <strong>8 ao\u00fbt 2015<\/strong><\/li>\n<li style=\"text-align: justify;\">Le th\u00e8me de 2015 : <strong>Les Pottonais au quotidien<\/strong><\/li>\n<li style=\"text-align: justify;\"><strong>Photographiez un Pottonais\u00a0: parent, voisin, ami, artisan, forestier, agriculteur, industriel ou commer\u00e7ant dans une activit\u00e9 quotidienne. <\/strong><\/li>\n<li style=\"text-align: justify;\">Le concours est ouvert \u00e0 tous, habitant ou non le Canton de Potton. Les membres du conseil d\u2019administration de l\u2019Association du patrimoine, leurs conjoints et leurs enfants peuvent participer, vu la valeur symbolique des prix.<\/li>\n<li style=\"text-align: justify;\">Les photos doivent avoir \u00e9t\u00e9 prises dans le Canton de Potton.<\/li>\n<li style=\"text-align: justify;\">Un candidat ne peut soumettre qu\u2019un maximum de trois (3) photographies, en format imprim\u00e9. Toutefois, l\u2019espace pour la pr\u00e9sentation des \u0153uvres \u00e9tant limit\u00e9, l\u2019Association se r\u00e9serve le droit de r\u00e9duire le nombre d\u2019\u0153uvres expos\u00e9es par chaque participant. Dans un tel cas, l\u2019Association demande aux auteurs de choisir la photographie qui est pr\u00e9sent\u00e9e au public du FMP<\/li>\n<li style=\"text-align: justify;\">Les photos imprim\u00e9es doivent \u00eatre remises dans un format de 8\u2019\u2019 x 10\u2019\u2019 ou de 8\u2019\u2019 x 12\u2019\u2019 et peuvent \u00eatre en couleurs ou en noir et blanc.<\/li>\n<li style=\"text-align: justify;\">Au dos de chaque photo, le candidat doit inscrire \u00e0 quel endroit la photo a \u00e9t\u00e9 prise ainsi que ses nom, num\u00e9ro de t\u00e9l\u00e9phone, courriel et adresse postale.<\/li>\n<li style=\"text-align: justify;\">Aux fins du concours, toutes les photos, en format imprim\u00e9, doivent \u00eatre post\u00e9es \u00e0 l\u2019Association du Patrimoine de Potton, C.P. 262, Mansonville, QC J0E 1X0 ou remises \u00e0 Christian Smeesters, 3 Maurice-C\u00f4t\u00e9, Mansonville, QC J0E 1X0 au plus tard une (1) semaine avant le FMP, soit le 1er ao\u00fbt 2015.<\/li>\n<li style=\"text-align: justify;\">Les photos imprim\u00e9es peuvent \u00eatre r\u00e9cup\u00e9r\u00e9es apr\u00e8s le concours sur simple demande \u00e0 Christian Smeesters.<\/li>\n<li style=\"text-align: justify;\">L\u2019Association souhaite recevoir \u00e9galement les photographies num\u00e9ris\u00e9es au format JPG et ne d\u00e9passant pas 2 Mo, afin de les publier sur son site Web.<\/li>\n<li style=\"text-align: justify;\">Ces photos doivent \u00eatre envoy\u00e9es \u00e0 l\u2019adresse courriel suivante :<br \/>\n&#8211; <a href=\"mailto:concoursphoto@patrimoinepotton.org\">concoursphoto@patrimoinepotton.org<\/a><br \/>\n&#8211; ou remises sur une cl\u00e9 USB \u00e0 Christian Smeesters.<\/li>\n<li style=\"text-align: justify;\">Elles doivent \u00eatre accompagn\u00e9es des m\u00eames informations que celles exig\u00e9es ci-dessus. Veuillez noter cependant que pour participer au concours vous devez soumettre les photos en format imprim\u00e9. Le format num\u00e9rique \u00e9tant facultatif.<\/li>\n<li style=\"text-align: justify;\">Le public du FMP choisit par vote secret les trois (3) photos gagnantes.<\/li>\n<li style=\"text-align: justify;\">Les gagnants verront leur photo lamin\u00e9e gratuitement en vue d\u2019une exposition \u00e0 l\u2019automne 2015 \u00e0 la Biblioth\u00e8que municipale.<\/li>\n<li style=\"text-align: justify;\">En soumettant une photographie au concours, le candidat autorise automatiquement l\u2019Association du patrimoine de Potton \u00e0 l\u2019utiliser pour son site web, ses publications et ses expositions \u00e0 la condition que l\u2019auteur de la photo soit clairement identifi\u00e9. Aucune r\u00e9mun\u00e9ration ne sera vers\u00e9e \u00e0 l\u2019auteur pour une telle utilisation.<\/li>\n<li style=\"text-align: justify;\">Les photos de toute personne \u00e2g\u00e9e de moins de dix-huit (18) ans ne sont pas recevables pour le concours et ne seront pas affich\u00e9es ou autrement publi\u00e9es par l\u2019APP.<\/li>\n<li style=\"text-align: justify;\">Les photos d\u2019une ou de plusieurs personnes \u00e2g\u00e9es de dix-huit (18) ans ou plus doivent \u00eatre accompagn\u00e9es d\u2019une autorisation aux fins de publication, libell\u00e9e comme suit :<\/li>\n<\/ul>\n<p style=\"text-align: center;\"><span style=\"color: #993300;\">Autorisation aux fins de publication d\u2019une photographie<\/span><br \/>\n<span style=\"color: #993300;\"> Formulaire de consentement pour les adultes (dix-huit [18] ans ou plus)<\/span><\/p>\n<p style=\"padding-left: 30px; text-align: justify;\"><span style=\"color: #993300;\">J\u2019autorise, par la pr\u00e9sente, la diffusion de mon nom et de l\u2019image de ma personne, en tout ou en partie, individuellement ou avec d\u2019autres images, sur le site Web de l\u2019Association du patrimoine de Potton et sur d\u2019autres sites officiels, ainsi qu\u2019\u00e0 des fins m\u00e9diatiques, y compris lors d\u2019exposition.<\/span><\/p>\n<p style=\"text-align: justify; padding-left: 30px;\"><span style=\"color: #993300;\">Je renonce \u00e0 mon droit \u00e0 la protection de ma vie priv\u00e9e et \u00e0 mon droit \u00e0 la protection des renseignements personnels li\u00e9s \u00e0 l\u2019utilisation de mon nom et de cette image de ma personne et \u00e0 toutes compensations auxquelles je pourrais avoir droit en lien avec l\u2019utilisation de mon nom et de toute image de ma personne.<\/span><\/p>\n<p style=\"padding-left: 30px; text-align: left;\"><span style=\"color: #993300;\">Nom (en caract\u00e8res d\u2019imprimerie) : _________________________________________<\/span><br \/>\n<span style=\"color: #993300;\"> Signature : ___________________________<\/span><br \/>\n<span style=\"color: #993300;\"> Date : _____________<\/span><\/p>\n<p style=\"padding-left: 30px; text-align: center;\"><a href=\"https:\/\/patrimoinepotton.org\/?dl_id=45\">Cette formule d\u2019autorisation est disponible sur le site web de l\u2019Association<\/a><\/p>\n","protected":false},"excerpt":{"rendered":"<p>Le concours de photographie 2015 de l\u2019Association du patrimoine de Potton (APP) se tient \u00e0 l\u2019occasion du Festival multiculturel de Potton (FMP) qui se d\u00e9roule le 8 ao\u00fbt 2015 Le th\u00e8me de 2015 : Les Pottonais au quotidien Photographiez un Pottonais\u00a0: parent, voisin, ami, artisan, forestier, agriculteur, industriel ou commer\u00e7ant dans une activit\u00e9 quotidienne. Le [&hellip;]<\/p>\n","protected":false},"author":5,"featured_media":0,"parent":1870,"menu_order":15,"comment_status":"closed","ping_status":"closed","template":"","meta":{"ngg_post_thumbnail":0,"_mc_calendar":[],"footnotes":""},"class_list":["post-3160","page","type-page","status-publish","hentry"],"_links":{"self":[{"href":"https:\/\/patrimoinepotton.org\/index.php?rest_route=\/wp\/v2\/pages\/3160","targetHints":{"allow":["GET"]}}],"collection":[{"href":"https:\/\/patrimoinepotton.org\/index.php?rest_route=\/wp\/v2\/pages"}],"about":[{"href":"https:\/\/patrimoinepotton.org\/index.php?rest_route=\/wp\/v2\/types\/page"}],"author":[{"embeddable":true,"href":"https:\/\/patrimoinepotton.org\/index.php?rest_route=\/wp\/v2\/users\/5"}],"replies":[{"embeddable":true,"href":"https:\/\/patrimoinepotton.org\/index.php?rest_route=%2Fwp%2Fv2%2Fcomments&post=3160"}],"version-history":[{"count":0,"href":"https:\/\/patrimoinepotton.org\/index.php?rest_route=\/wp\/v2\/pages\/3160\/revisions"}],"up":[{"embeddable":true,"href":"https:\/\/patrimoinepotton.org\/index.php?rest_route=\/wp\/v2\/pages\/1870"}],"wp:attachment":[{"href":"https:\/\/patrimoinepotton.org\/index.php?rest_route=%2Fwp%2Fv2%2Fmedia&parent=3160"}],"curies":[{"name":"wp","href":"https:\/\/api.w.org\/{rel}","templated":true}]}}