{"id":329,"date":"2018-05-27T12:00:03","date_gmt":"2018-05-27T16:00:03","guid":{"rendered":"http:\/\/patrimoinepotton.org\/blogue\/?page_id=329"},"modified":"2023-06-28T13:16:05","modified_gmt":"2023-06-28T17:16:05","slug":"activites","status":"publish","type":"page","link":"https:\/\/patrimoinepotton.org\/?page_id=329","title":{"rendered":"Activit\u00e9s | Historique"},"content":{"rendered":"\n<div class=\"wp-block-columns is-layout-flex wp-container-core-columns-is-layout-28f84493 wp-block-columns-is-layout-flex\">\n<div class=\"wp-block-column is-layout-flow wp-block-column-is-layout-flow\">\n<div class=\"wp-block-group is-vertical is-content-justification-left is-layout-flex wp-container-core-group-is-layout-dd225191 wp-block-group-is-layout-flex\">\n<p><a href=\"https:\/\/patrimoinepotton.org\/blogue\/wp-content\/uploads\/2023\/06\/APP_ete_2023.pdf\">\u00c9t\u00e9 2023<\/a><\/p>\n\n\n\n<p><a href=\"https:\/\/patrimoinepotton.org\/blogue\/wp-content\/uploads\/2022\/02\/Excursions-hiver-2022-APP-8.pdf\">Hiver 2022<\/a><\/p>\n\n\n\n<p><a title=\"Activit\u00e9s \u2013 Hiver 2019-2020 \" href=\"https:\/\/patrimoinepotton.org\/?page_id=7935\">Hiver 2019-2020<\/a><\/p>\n\n\n\n<p><a title=\"Activit\u00e9s \u2013 \u00c9t\u00e9 2019 \" href=\"https:\/\/patrimoinepotton.org\/?page_id=7664\">\u00c9t\u00e9 2019<\/a><\/p>\n\n\n\n<p><a title=\"Activit\u00e9s \u2013 Hiver 2018-19 \" href=\"https:\/\/patrimoinepotton.org\/?page_id=7044\">Hiver 2018-2019<\/a><\/p>\n<\/div>\n<\/div>\n\n\n\n<div class=\"wp-block-column is-layout-flow wp-block-column-is-layout-flow\">\n<div class=\"wp-block-group is-vertical is-content-justification-left is-layout-flex wp-container-core-group-is-layout-dd225191 wp-block-group-is-layout-flex\">\n<p><a title=\"Activit\u00e9s \u2013 \u00c9t\u00e9 2018 \" href=\"https:\/\/patrimoinepotton.org\/?page_id=6534\">\u00c9t\u00e9 2018<\/a><\/p>\n\n\n\n<p><a title=\"Activit\u00e9s \u2013 Hiver 2016-17 \" href=\"https:\/\/patrimoinepotton.org\/?page_id=4830\">Hiver 2016-2017<\/a><\/p>\n\n\n\n<p><a title=\"Activit\u00e9s \u2013 Automne 2016\" href=\"https:\/\/patrimoinepotton.org\/?page_id=4509\">Automne 2016<\/a><\/p>\n\n\n\n<p><a title=\"Activit\u00e9s \u2013 Printemps-\u00c9t\u00e9 2016\" href=\"https:\/\/patrimoinepotton.org\/?page_id=4221\">Printemps-\u00c9t\u00e9 2016<\/a><\/p>\n\n\n\n<p><a title=\"Activit\u00e9s \u2013 Hiver 2015-16\" href=\"https:\/\/patrimoinepotton.org\/?page_id=3868\">Hiver 2015-2016<\/a><\/p>\n\n\n\n<p><a title=\"Activit\u00e9s \u2013 Printemps-\u00c9t\u00e9 2015\" href=\"https:\/\/patrimoinepotton.org\/?page_id=3631\">Printemps-\u00c9t\u00e9 2015<\/a><\/p>\n<\/div>\n<\/div>\n\n\n\n<div class=\"wp-block-column is-layout-flow wp-block-column-is-layout-flow\">\n<div class=\"wp-block-group is-vertical is-content-justification-left is-layout-flex wp-container-core-group-is-layout-dd225191 wp-block-group-is-layout-flex\">\n<p><a title=\"Activit\u00e9s \u2013 Hiver 2014-15\" href=\"https:\/\/patrimoinepotton.org\/?page_id=3009\">Hiver 2014-2015<\/a><\/p>\n\n\n\n<p><a href=\"https:\/\/patrimoinepotton.org\/?page_id=2546\">Printemps-\u00c9t\u00e9 2014<\/a><\/p>\n\n\n\n<p><a title=\"Activit\u00e9s \u2013 Hiver 2014\" href=\"https:\/\/patrimoinepotton.org\/?page_id=2401\">Hiver 2014<\/a><\/p>\n\n\n\n<p><a title=\"Activit\u00e9s \u2013 Printemps-\u00c9t\u00e9 2013\" href=\"https:\/\/patrimoinepotton.org\/?page_id=2157\">Printemps-\u00c9t\u00e9 2013<\/a><\/p>\n\n\n\n<p><a title=\"Activit\u00e9s \u2013 Hiver 2013\" href=\"https:\/\/patrimoinepotton.org\/?page_id=2035\">Hiver 2013<\/a><\/p>\n\n\n\n<p><a title=\"Conf\u00e9rences \u2013 2013\" href=\"https:\/\/patrimoinepotton.org\/?page_id=2074\">Conf\u00e9rences 2013<\/a><\/p>\n<\/div>\n<\/div>\n\n\n\n<div class=\"wp-block-column is-layout-flow wp-block-column-is-layout-flow\">\n<div class=\"wp-block-group is-vertical is-content-justification-left is-layout-flex wp-container-core-group-is-layout-dd225191 wp-block-group-is-layout-flex\">\n<p><a title=\"Activit\u00e9s \u00e9t\u00e9 2012\" href=\"https:\/\/patrimoinepotton.org\/?page_id=1811\">\u00c9t\u00e9 2012<\/a><\/p>\n\n\n\n<p><a title=\"Hiver 2011-2012\" href=\"https:\/\/patrimoinepotton.org\/?page_id=1504\">Hiver 2011-2012<\/a><\/p>\n\n\n\n<p><a title=\"Conf\u00e9rences \u2013 Automne 2011\" href=\"https:\/\/patrimoinepotton.org\/?p=1369\">Conf\u00e9rences automne 2011<\/a><\/p>\n\n\n\n<p><a title=\"\u00c9t\u00e9 2011\" href=\"https:\/\/patrimoinepotton.org\/?page_id=1182\">\u00c9t\u00e9 2011<\/a><\/p>\n\n\n\n<p><a title=\"Excursions \u2013 Hiver 2011\" href=\"https:\/\/patrimoinepotton.org\/?page_id=977\">Hiver 2010-2011<\/a><\/p>\n\n\n\n<p><a title=\"Activit\u00e9s \u00e9t\u00e9 2011\" href=\"https:\/\/patrimoinepotton.org\/?page_id=1182\">\u00c9t\u00e9 2010<\/a><\/p>\n<\/div>\n<\/div>\n<\/div>\n","protected":false},"excerpt":{"rendered":"<p>\u00c9t\u00e9 2023 Hiver 2022 Hiver 2019-2020 \u00c9t\u00e9 2019 Hiver 2018-2019 \u00c9t\u00e9 2018 Hiver 2016-2017 Automne 2016 Printemps-\u00c9t\u00e9 2016 Hiver 2015-2016 Printemps-\u00c9t\u00e9 2015 Hiver 2014-2015 Printemps-\u00c9t\u00e9 2014 Hiver 2014 Printemps-\u00c9t\u00e9 2013 Hiver 2013 Conf\u00e9rences 2013 \u00c9t\u00e9 2012 Hiver 2011-2012 Conf\u00e9rences automne 2011 \u00c9t\u00e9 2011 Hiver 2010-2011 \u00c9t\u00e9 2010<\/p>\n","protected":false},"author":5,"featured_media":0,"parent":0,"menu_order":0,"comment_status":"closed","ping_status":"closed","template":"","meta":{"ngg_post_thumbnail":0,"_mc_calendar":[],"footnotes":""},"class_list":["post-329","page","type-page","status-publish","hentry"],"_links":{"self":[{"href":"https:\/\/patrimoinepotton.org\/index.php?rest_route=\/wp\/v2\/pages\/329","targetHints":{"allow":["GET"]}}],"collection":[{"href":"https:\/\/patrimoinepotton.org\/index.php?rest_route=\/wp\/v2\/pages"}],"about":[{"href":"https:\/\/patrimoinepotton.org\/index.php?rest_route=\/wp\/v2\/types\/page"}],"author":[{"embeddable":true,"href":"https:\/\/patrimoinepotton.org\/index.php?rest_route=\/wp\/v2\/users\/5"}],"replies":[{"embeddable":true,"href":"https:\/\/patrimoinepotton.org\/index.php?rest_route=%2Fwp%2Fv2%2Fcomments&post=329"}],"version-history":[{"count":0,"href":"https:\/\/patrimoinepotton.org\/index.php?rest_route=\/wp\/v2\/pages\/329\/revisions"}],"wp:attachment":[{"href":"https:\/\/patrimoinepotton.org\/index.php?rest_route=%2Fwp%2Fv2%2Fmedia&parent=329"}],"curies":[{"name":"wp","href":"https:\/\/api.w.org\/{rel}","templated":true}]}}