{"id":3316,"date":"2015-02-06T00:05:23","date_gmt":"2015-02-06T05:05:23","guid":{"rendered":"http:\/\/patrimoinepotton.org\/?page_id=3316"},"modified":"2023-04-12T20:20:37","modified_gmt":"2023-04-13T00:20:37","slug":"25e-assemblee-generale-annuelle","status":"publish","type":"page","link":"https:\/\/patrimoinepotton.org\/?page_id=3316","title":{"rendered":"25e Assembl\u00e9e g\u00e9n\u00e9rale annuelle"},"content":{"rendered":"<table style=\"height: 83px;\" width=\"639\">\n<tbody>\n<tr>\n<td style=\"text-align: center; vertical-align: middle;\"><strong><span style=\"font-family: verdana,geneva; color: #800000;\">25<sup>e<\/sup> anniversaire<\/span><\/strong><br \/>\n<b><span style=\"text-decoration: underline;\">25<sup>e<\/sup> Assembl\u00e9e g\u00e9n\u00e9rale annuelle &#8211; 19 avril 2015, \u00e0 10\u00a0h<\/span><\/b><\/td>\n<td><a href=\"https:\/\/patrimoinepotton.org\/?dl_id=49\"><img loading=\"lazy\" decoding=\"async\" width=\"71\" height=\"81\" class=\" size-full wp-image-3142 alignnone\" src=\"https:\/\/patrimoinepotton.org\/blogue\/wp-content\/uploads\/2014\/12\/T\u00e9l\u00e9charger.png\" alt=\"T\u00e9l\u00e9charger\" \/><\/a><\/td>\n<\/tr>\n<\/tbody>\n<\/table>\n<p align=\"center\"><b>Tous les membres sont convi\u00e9s \u00e0 la 25<sup>e<\/sup> Assembl\u00e9e g\u00e9n\u00e9rale<br \/>\nannuelle qui aura lieu le dimanche 19 avril 2015, \u00e0 10\u00a0h,<br \/>\n\u00e0 l\u2019h\u00f4tel de ville de Potton<\/b><\/p>\n<p style=\"text-align: center;\"><i>Jus, caf\u00e9 et biscuits sant\u00e9 seront gracieusement servis \u00e0 compter de 9\u00a0h\u00a015.<\/i><\/p>\n<p><b>Ordre du jour<\/b><\/p>\n<ul>\n<li>Ouverture de l\u2019Assembl\u00e9e &#8211; Adoption de l&rsquo;ordre du jour<\/li>\n<li>Adoption du <a href=\"https:\/\/patrimoinepotton.org\/?dl_id=24\">proc\u00e8s-verbal<\/a> de l\u2019Assembl\u00e9e g\u00e9n\u00e9rale du 23 mars 2014<\/li>\n<li>Rapports 2014 de la pr\u00e9sidente et des administrateurs<\/li>\n<li>Bilan financier et <a href=\"https:\/\/patrimoinepotton.org\/?dl_id=51\">rapport du v\u00e9rificateur 2014<\/a><\/li>\n<li>Pr\u00e9visions budg\u00e9taires 2015<\/li>\n<li>Perspectives 2015<\/li>\n<li>\u00c9lection des administrateurs au conseil d\u2019administration<\/li>\n<li>Nomination d\u2019un v\u00e9rificateur<\/li>\n<li>La parole aux membres<\/li>\n<\/ul>\n<p><b>\u00c9lection des administrateurs <\/b><\/p>\n<p>Les neuf administrateurs de l\u2019Association sont \u00e9lus pour un terme d\u2019un an.<\/p>\n<p>Les candidatures pressenties par le conseil sont\u00a0: Jean-Louis Bertrand, Carol Bishop, Jacques Huppertz, Sandra Jewett, Serge Normand, Janine Sourdif, Hans Walser.<\/p>\n<p>Des mises en nominations additionnelles appuy\u00e9es par au moins cinq membres de l\u2019Association sont recevables. Ces candidatures doivent \u00eatre faites par \u00e9crit et re\u00e7ues par l\u2019Association au moins dix jours avant le vote \u00e0 l\u2019Assembl\u00e9e g\u00e9n\u00e9rale, soit au plus tard <b><span style=\"text-decoration: underline;\">le 9 avril<\/span><\/b><span style=\"text-decoration: underline;\"> <b>2015<\/b><\/span><b>. <\/b><\/p>\n<p><b>Renouvellement d\u2019adh\u00e9sion <\/b><\/p>\n<p>Vous pourrez renouveler votre adh\u00e9sion \u00e0 l\u2019assembl\u00e9e du 19 avril prochain. Pour voter \u00e0 l\u2019Assembl\u00e9e g\u00e9n\u00e9rale, vous devez \u00eatre <a href=\"https:\/\/patrimoinepotton.org\/?dl_id=20\">membre en r\u00e8gle<\/a> de l\u2019Association et pr\u00e9sent lors de sa tenue.<\/p>\n<p style=\"text-align: center;\">Vous \u00eates cordialement invit\u00e9s au traditionnel <span style=\"color: #800000;\"><b><i>repas printanier<br \/>\n<\/i><\/b><\/span>qui sera servi \u00e0 la conclusion de l\u2019assembl\u00e9e annuelle, vers 12\u00a0h\u00a030.<br \/>\nPrix : 25 $ par personne.<br \/>\nVous apportez les boissons de votre choix,<br \/>\nustensiles et assiettes.<\/p>\n<p align=\"center\">Veuillez confirmer votre pr\u00e9sence <b><span style=\"text-decoration: underline;\">avant le 9 avril 2015<\/span><\/b>,<br \/>\nen communiquant avec Carol Bishop au 450-292-4844<br \/>\nou par courriel \u00e0 <a href=\"mailto:info@patrimoinepotton.org\">info@patrimoinepotton.org<br \/>\n<\/a>Veuillez sp\u00e9cifier si vous participez ou non au repas.<\/p>\n<p align=\"center\">Les personnes pr\u00e9sentes recevront un exemplaire gratuit de l\u2019\u00e9dition sp\u00e9ciale de la revue<br \/>\n<a href=\"https:\/\/www.patrimoinepotton.org\/?page_id=3520\">HISTOIRE POTTON HISTORY<\/a><br \/>\n<strong><span style=\"color: #800000;\">publi\u00e9e pour c\u00e9l\u00e9brer notre 25e anniversaire.<\/span><\/strong><i><\/i><\/p>\n<p>&nbsp;<\/p>\n<p>Jean-Louis Bertrand, secr\u00e9taire<br \/>\nLe 15 f\u00e9vrier 2015<\/p>\n","protected":false},"excerpt":{"rendered":"<p>25e anniversaire 25e Assembl\u00e9e g\u00e9n\u00e9rale annuelle &#8211; 19 avril 2015, \u00e0 10\u00a0h Tous les membres sont convi\u00e9s \u00e0 la 25e Assembl\u00e9e g\u00e9n\u00e9rale annuelle qui aura lieu le dimanche 19 avril 2015, \u00e0 10\u00a0h, \u00e0 l\u2019h\u00f4tel de ville de Potton Jus, caf\u00e9 et biscuits sant\u00e9 seront gracieusement servis \u00e0 compter de 9\u00a0h\u00a015. Ordre du jour Ouverture [&hellip;]<\/p>\n","protected":false},"author":5,"featured_media":0,"parent":4356,"menu_order":15,"comment_status":"closed","ping_status":"closed","template":"","meta":{"ngg_post_thumbnail":0,"_mc_calendar":[],"footnotes":""},"class_list":["post-3316","page","type-page","status-publish","hentry"],"_links":{"self":[{"href":"https:\/\/patrimoinepotton.org\/index.php?rest_route=\/wp\/v2\/pages\/3316","targetHints":{"allow":["GET"]}}],"collection":[{"href":"https:\/\/patrimoinepotton.org\/index.php?rest_route=\/wp\/v2\/pages"}],"about":[{"href":"https:\/\/patrimoinepotton.org\/index.php?rest_route=\/wp\/v2\/types\/page"}],"author":[{"embeddable":true,"href":"https:\/\/patrimoinepotton.org\/index.php?rest_route=\/wp\/v2\/users\/5"}],"replies":[{"embeddable":true,"href":"https:\/\/patrimoinepotton.org\/index.php?rest_route=%2Fwp%2Fv2%2Fcomments&post=3316"}],"version-history":[{"count":0,"href":"https:\/\/patrimoinepotton.org\/index.php?rest_route=\/wp\/v2\/pages\/3316\/revisions"}],"up":[{"embeddable":true,"href":"https:\/\/patrimoinepotton.org\/index.php?rest_route=\/wp\/v2\/pages\/4356"}],"wp:attachment":[{"href":"https:\/\/patrimoinepotton.org\/index.php?rest_route=%2Fwp%2Fv2%2Fmedia&parent=3316"}],"curies":[{"name":"wp","href":"https:\/\/api.w.org\/{rel}","templated":true}]}}