{"id":3520,"date":"2015-03-27T17:55:22","date_gmt":"2015-03-27T21:55:22","guid":{"rendered":"http:\/\/patrimoinepotton.org\/?page_id=3520"},"modified":"2023-04-12T20:30:58","modified_gmt":"2023-04-13T00:30:58","slug":"histoire-potton-history-volume-3-numero-2-special-25e","status":"publish","type":"page","link":"https:\/\/patrimoinepotton.org\/?page_id=3520","title":{"rendered":"Histoire Potton History Volume 3 Num\u00e9ro 2 &#8211; Sp\u00e9cial 25e"},"content":{"rendered":"<p style=\"text-align: center;\">Revue bilingue en vente ( 10 $ ) au magasin Jewett, \u00e0 Vale Perkins.<br \/>\nBilingual Revue on sale at Jewett Store in Vale Perkins<\/p>\n<p style=\"text-align: center;\">Par la poste, faire parvenir vos coordonn\u00e9es et un ch\u00e8que au montant de 13.50 $ \u00e0 :<br \/>\nBy mail, please send your address and a cheque for the amount of $ 13.50 to :<\/p>\n<p style=\"text-align: center;\">Association du patrimoine de Potton<br \/>\nC.P. 262 Mansonville (Qu\u00e9bec) J0E 1X0<\/p>\n<p style=\"text-align: center;\">Une version gratuite num\u00e9ris\u00e9e peut \u00eatre t\u00e9l\u00e9charg\u00e9e en cliquant sur le lien suivant:<\/p>\n<p style=\"text-align: center;\"><img decoding=\"async\" src=\"https:\/\/patrimoinepotton.org\/blogue\/wp-content\/plugins\/wp-downloadmanager\/images\/ext\/pdf.gif\" alt=\"\" title=\"\" style=\"vertical-align: upper\" \/>&nbsp;&nbsp;<a href=\"https:\/\/patrimoinepotton.org\/?dl_id=54\">Histoire Potton History - Printemps 2015 SP\u00c9CIAL 25e<\/a>&nbsp;&nbsp;<span style=\"font-size: x-small\">{3,7 Mo}<\/span><\/p>\n<p style=\"text-align: center;\"><a href=\"https:\/\/patrimoinepotton.org\/blogue\/wp-content\/uploads\/2015\/03\/HPH25_Couverture.jpg\"><img loading=\"lazy\" decoding=\"async\" class=\"aligncenter size-large wp-image-3523\" src=\"https:\/\/patrimoinepotton.org\/blogue\/wp-content\/uploads\/2015\/03\/HPH25_Couverture-820x1024.jpg\" alt=\"HPH25_Couverture\" width=\"640\" height=\"799\" srcset=\"https:\/\/patrimoinepotton.org\/blogue\/wp-content\/uploads\/2015\/03\/HPH25_Couverture-820x1024.jpg 820w, https:\/\/patrimoinepotton.org\/blogue\/wp-content\/uploads\/2015\/03\/HPH25_Couverture-240x300.jpg 240w\" sizes=\"auto, (max-width: 640px) 100vw, 640px\" \/><\/a><\/p>\n<p style=\"text-align: center;\">\u00a0<a href=\"https:\/\/patrimoinepotton.org\/blogue\/wp-content\/uploads\/2015\/03\/HPH25_Sommaire.jpg\"><img loading=\"lazy\" decoding=\"async\" class=\"aligncenter size-large wp-image-3522\" src=\"https:\/\/patrimoinepotton.org\/blogue\/wp-content\/uploads\/2015\/03\/HPH25_Sommaire-980x1024.jpg\" alt=\"HPH25_Sommaire\" width=\"640\" height=\"669\" srcset=\"https:\/\/patrimoinepotton.org\/blogue\/wp-content\/uploads\/2015\/03\/HPH25_Sommaire-980x1024.jpg 980w, https:\/\/patrimoinepotton.org\/blogue\/wp-content\/uploads\/2015\/03\/HPH25_Sommaire-287x300.jpg 287w\" sizes=\"auto, (max-width: 640px) 100vw, 640px\" \/><\/a><\/p>\n","protected":false},"excerpt":{"rendered":"<p>Revue bilingue en vente ( 10 $ ) au magasin Jewett, \u00e0 Vale Perkins. Bilingual Revue on sale at Jewett Store in Vale Perkins Par la poste, faire parvenir vos coordonn\u00e9es et un ch\u00e8que au montant de 13.50 $ \u00e0 : By mail, please send your address and a cheque for the amount of $ [&hellip;]<\/p>\n","protected":false},"author":5,"featured_media":0,"parent":2430,"menu_order":15,"comment_status":"closed","ping_status":"closed","template":"","meta":{"ngg_post_thumbnail":0,"_mc_calendar":[],"footnotes":""},"class_list":["post-3520","page","type-page","status-publish","hentry"],"_links":{"self":[{"href":"https:\/\/patrimoinepotton.org\/index.php?rest_route=\/wp\/v2\/pages\/3520","targetHints":{"allow":["GET"]}}],"collection":[{"href":"https:\/\/patrimoinepotton.org\/index.php?rest_route=\/wp\/v2\/pages"}],"about":[{"href":"https:\/\/patrimoinepotton.org\/index.php?rest_route=\/wp\/v2\/types\/page"}],"author":[{"embeddable":true,"href":"https:\/\/patrimoinepotton.org\/index.php?rest_route=\/wp\/v2\/users\/5"}],"replies":[{"embeddable":true,"href":"https:\/\/patrimoinepotton.org\/index.php?rest_route=%2Fwp%2Fv2%2Fcomments&post=3520"}],"version-history":[{"count":0,"href":"https:\/\/patrimoinepotton.org\/index.php?rest_route=\/wp\/v2\/pages\/3520\/revisions"}],"up":[{"embeddable":true,"href":"https:\/\/patrimoinepotton.org\/index.php?rest_route=\/wp\/v2\/pages\/2430"}],"wp:attachment":[{"href":"https:\/\/patrimoinepotton.org\/index.php?rest_route=%2Fwp%2Fv2%2Fmedia&parent=3520"}],"curies":[{"name":"wp","href":"https:\/\/api.w.org\/{rel}","templated":true}]}}