{"id":3613,"date":"2015-04-21T14:56:04","date_gmt":"2015-04-21T18:56:04","guid":{"rendered":"http:\/\/patrimoinepotton.org\/?page_id=3613"},"modified":"2023-04-12T20:20:59","modified_gmt":"2023-04-13T00:20:59","slug":"aga-2015","status":"publish","type":"page","link":"https:\/\/patrimoinepotton.org\/?page_id=3613","title":{"rendered":"AGA 2015 &#8211; Photos"},"content":{"rendered":"<p style=\"text-align: center;\">Merci \u00e0 nos photographes : Karen et Th\u00e9r\u00e8se<\/p>\nngg_shortcode_0_placeholder\n","protected":false},"excerpt":{"rendered":"<p>Merci \u00e0 nos photographes : Karen et Th\u00e9r\u00e8se<\/p>\n","protected":false},"author":5,"featured_media":0,"parent":4356,"menu_order":15,"comment_status":"closed","ping_status":"closed","template":"","meta":{"ngg_post_thumbnail":0,"_mc_calendar":[],"footnotes":""},"class_list":["post-3613","page","type-page","status-publish","hentry"],"_links":{"self":[{"href":"https:\/\/patrimoinepotton.org\/index.php?rest_route=\/wp\/v2\/pages\/3613","targetHints":{"allow":["GET"]}}],"collection":[{"href":"https:\/\/patrimoinepotton.org\/index.php?rest_route=\/wp\/v2\/pages"}],"about":[{"href":"https:\/\/patrimoinepotton.org\/index.php?rest_route=\/wp\/v2\/types\/page"}],"author":[{"embeddable":true,"href":"https:\/\/patrimoinepotton.org\/index.php?rest_route=\/wp\/v2\/users\/5"}],"replies":[{"embeddable":true,"href":"https:\/\/patrimoinepotton.org\/index.php?rest_route=%2Fwp%2Fv2%2Fcomments&post=3613"}],"version-history":[{"count":0,"href":"https:\/\/patrimoinepotton.org\/index.php?rest_route=\/wp\/v2\/pages\/3613\/revisions"}],"up":[{"embeddable":true,"href":"https:\/\/patrimoinepotton.org\/index.php?rest_route=\/wp\/v2\/pages\/4356"}],"wp:attachment":[{"href":"https:\/\/patrimoinepotton.org\/index.php?rest_route=%2Fwp%2Fv2%2Fmedia&parent=3613"}],"curies":[{"name":"wp","href":"https:\/\/api.w.org\/{rel}","templated":true}]}}