{"id":3915,"date":"2015-12-01T23:10:11","date_gmt":"2015-12-02T04:10:11","guid":{"rendered":"http:\/\/patrimoinepotton.org\/?page_id=3915"},"modified":"2023-04-12T20:50:25","modified_gmt":"2023-04-13T00:50:25","slug":"message-de-noel-2015","status":"publish","type":"page","link":"https:\/\/patrimoinepotton.org\/?page_id=3915","title":{"rendered":"Message de No\u00ebl 2015"},"content":{"rendered":"<p style=\"text-align: justify;\"><img loading=\"lazy\" decoding=\"async\" class=\"alignleft size-full wp-image-3063\" src=\"https:\/\/patrimoinepotton.org\/blogue\/wp-content\/uploads\/2014\/12\/word-image.png\" alt=\"word-image\" width=\"128\" height=\"128\" \/>Ce message, bien que bref, me permet de vous transmettre mes v\u0153ux les plus chaleureux pour la p\u00e9riode des f\u00eates. Les jours raccourcissent, mais nous accueillerons bient\u00f4t le retour de la lumi\u00e8re et la naissance d&rsquo;une nouvelle ann\u00e9e.<\/p>\n<p style=\"text-align: justify;\">Pendant que j\u2019\u00e9cris ces lignes, la journ\u00e9e est ensoleill\u00e9e et cristalline, avec seulement un saupoudrage de neige pour tenter les plus hardis d\u2019entre nous. Je pense bien s\u00fbr aux \u00e2mes intr\u00e9pides qui ne se laissent pas d\u00e9courager par la perspective de pelleter, de gratter ou de jouer dans la neige! \u00c0 ce propos, consultez notre <a href=\"https:\/\/patrimoinepotton.org\/?page_id=3868\">site Web<\/a> pour obtenir la liste compl\u00e8te des activit\u00e9s pr\u00e9vues cet hiver. Soulignons que Hans dirigera \u00e0 nouveau, le 20 d\u00e9cembre prochain, l\u2019excursion au sommet d\u2019Owl\u2019s Head pour marquer le solstice d\u2019hiver. Rendez-vous \u00e0 6 h 45! Croisons-nous les doigts et esp\u00e9rons une r\u00e9p\u00e9tition de l\u2019extraordinaire lever de soleil de d\u00e9cembre 2014.<\/p>\n<p style=\"text-align: justify;\">Durant notre assembl\u00e9e g\u00e9n\u00e9rale annuelle, pr\u00e9vue pour la mi-avril 2016, je vous d\u00e9crirai les projets que nous avons r\u00e9alis\u00e9s en 2015 et ceux pr\u00e9vus pour 2016. Pour le moment, je vais vous \u00e9pargner ces d\u00e9tails, et simplement exprimer mes sinc\u00e8res remerciements \u00e0 mes coll\u00e8gues du conseil d&rsquo;administration et \u00e0 tous ceux qui ont soutenu b\u00e9n\u00e9volement nos projets. Gr\u00e2ce \u00e0 votre enthousiasme et \u00e0 votre d\u00e9vouement, nous pouvons continuer \u00e0 servir notre communaut\u00e9 et partager notre passion pour la pr\u00e9servation du pr\u00e9cieux patrimoine de Potton. Je suis privil\u00e9gi\u00e9e de faire partie d&rsquo;une \u00e9quipe aussi \u00e9nergique et d\u00e9vou\u00e9e.<\/p>\n<p style=\"text-align: justify;\">Vous savez que nous d\u00e9pendons financi\u00e8rement des cotisations des membres de l\u2019Association. Je vous rappelle \u00e9galement l\u2019importance d\u2019acquitter les frais associ\u00e9s aux d\u00eeners apr\u00e8s-excursion pr\u00e9par\u00e9s par les membres qui nous accueillent. Je vous invite donc \u00e0 v\u00e9rifier si votre cotisation est \u00e0 jour. En cas de doute, contactez-moi ou un autre administrateur pour valider le tout.<\/p>\n<p style=\"text-align: justify;\">Puisse chacun de nous c\u00e9l\u00e9brer comme il le souhaite la joie du partage avec la famille et les amis, le bonheur de voir grandir les enfants et la joie de vivre dans un coin de pays privil\u00e9gi\u00e9 par la paix et l&rsquo;abondance. Pour une fois, oublions notre vieux monde fatigu\u00e9, rempli de d\u00e9tresse, satur\u00e9 d\u2019exemples r\u00e9p\u00e9titifs d&rsquo;inhumanit\u00e9 qui menacent de nous submerger. J\u2019esp\u00e8re ardemment que la p\u00e9riode des f\u00eates nous donnera un r\u00e9pit et qu\u2019au milieu des r\u00e9jouissances, nous pourrons communier ensemble dans une fraternit\u00e9 toute familiale.<\/p>\n<p style=\"text-align: justify;\">Puisse la nouvelle ann\u00e9e apporter \u00e0 chacun la sant\u00e9, la chaleur de l\u2019amour, le confort de la maison, le ravissement pour nos enfants, et l\u2019entrain pour ceux qui nous sont chers. Avec un c\u0153ur reconnaissant, puisse chacun d\u2019entre-nous donner et recevoir les v\u00e9ritables bienfaits du temps des f\u00eates : l&rsquo;amour, la joie, la paix et l&rsquo;espoir.<\/p>\n<p>Avec mes v\u0153ux les plus chaleureux \u00e0 tout un chacun,<\/p>\n<p><img loading=\"lazy\" decoding=\"async\" class=\"alignleft wp-image-3064\" src=\"https:\/\/patrimoinepotton.org\/blogue\/wp-content\/uploads\/2014\/12\/word-image.jpg\" alt=\"word-image\" width=\"115\" height=\"92\" \/>Sandra Jewett P. S. Et n\u2019oubliez pas d\u2019assister au concert de No\u00ebl pr\u00e9sent\u00e9 \u00e0 la maison \u00e9glise Marie-Paule-Villeneuve, le samedi 12 d\u00e9cembre prochain, \u00e0 15h. Les airs de No\u00ebl qu\u2019interpr\u00e9tera le Ch\u0153ur des gens heureux sont parmi nos pr\u00e9f\u00e9r\u00e9s. Au plaisir de vous y retrouver apr\u00e8s une visite au March\u00e9 de No\u00ebl!<\/p>\n<p style=\"text-align: center;\"><span style=\"font-family: comic sans ms,sans-serif; font-size: 14pt; color: #ff0000;\">Joyeuses f\u00eates \u00e0 tous!<\/span><a href=\"https:\/\/www.patrimoinepotton.org\/?dl_id=68\"><img loading=\"lazy\" decoding=\"async\" class=\"size-full wp-image-3142 alignright\" src=\"https:\/\/patrimoinepotton.org\/blogue\/wp-content\/uploads\/2014\/12\/T\u00e9l\u00e9charger.png\" alt=\"T\u00e9l\u00e9charger\" width=\"71\" height=\"81\" \/><\/a><\/p>\n","protected":false},"excerpt":{"rendered":"<p>Ce message, bien que bref, me permet de vous transmettre mes v\u0153ux les plus chaleureux pour la p\u00e9riode des f\u00eates. Les jours raccourcissent, mais nous accueillerons bient\u00f4t le retour de la lumi\u00e8re et la naissance d&rsquo;une nouvelle ann\u00e9e. Pendant que j\u2019\u00e9cris ces lignes, la journ\u00e9e est ensoleill\u00e9e et cristalline, avec seulement un saupoudrage de neige [&hellip;]<\/p>\n","protected":false},"author":5,"featured_media":0,"parent":4356,"menu_order":15,"comment_status":"closed","ping_status":"closed","template":"","meta":{"ngg_post_thumbnail":0,"_mc_calendar":[],"footnotes":""},"class_list":["post-3915","page","type-page","status-publish","hentry"],"_links":{"self":[{"href":"https:\/\/patrimoinepotton.org\/index.php?rest_route=\/wp\/v2\/pages\/3915","targetHints":{"allow":["GET"]}}],"collection":[{"href":"https:\/\/patrimoinepotton.org\/index.php?rest_route=\/wp\/v2\/pages"}],"about":[{"href":"https:\/\/patrimoinepotton.org\/index.php?rest_route=\/wp\/v2\/types\/page"}],"author":[{"embeddable":true,"href":"https:\/\/patrimoinepotton.org\/index.php?rest_route=\/wp\/v2\/users\/5"}],"replies":[{"embeddable":true,"href":"https:\/\/patrimoinepotton.org\/index.php?rest_route=%2Fwp%2Fv2%2Fcomments&post=3915"}],"version-history":[{"count":0,"href":"https:\/\/patrimoinepotton.org\/index.php?rest_route=\/wp\/v2\/pages\/3915\/revisions"}],"up":[{"embeddable":true,"href":"https:\/\/patrimoinepotton.org\/index.php?rest_route=\/wp\/v2\/pages\/4356"}],"wp:attachment":[{"href":"https:\/\/patrimoinepotton.org\/index.php?rest_route=%2Fwp%2Fv2%2Fmedia&parent=3915"}],"curies":[{"name":"wp","href":"https:\/\/api.w.org\/{rel}","templated":true}]}}