{"id":4140,"date":"2017-01-12T10:00:03","date_gmt":"2017-01-12T15:00:03","guid":{"rendered":"http:\/\/patrimoinepotton.org\/?page_id=4140"},"modified":"2023-04-12T20:29:31","modified_gmt":"2023-04-13T00:29:31","slug":"histoire-potton-history-volume-4-numero-1","status":"publish","type":"page","link":"https:\/\/patrimoinepotton.org\/?page_id=4140","title":{"rendered":"Histoire Potton History Volume 4 Num\u00e9ro 1"},"content":{"rendered":"<p style=\"text-align: center;\">Revue bilingue en vente ( 10 $ ) au magasin Jewett, \u00e0 Vale Perkins.<br \/>\n<em>Bilingual Revue on sale at Jewett Store in Vale Perkins<\/em><\/p>\n<p style=\"text-align: center;\">Par la poste, faire parvenir vos coordonn\u00e9es et un ch\u00e8que au montant de 15 $ \u00e0 :<br \/>\n<em>By mail, please send your address and a cheque for the amount of $ 15 to :<\/em><\/p>\n<p style=\"text-align: center;\">Association du patrimoine de Potton<br \/>\nC.P. 262 Mansonville (Qu\u00e9bec) J0E 1X0<\/p>\n<p style=\"text-align: center;\">\n<img decoding=\"async\" src=\"https:\/\/patrimoinepotton.org\/blogue\/wp-content\/plugins\/wp-downloadmanager\/images\/ext\/pdf.gif\" alt=\"\" title=\"\" style=\"vertical-align: upper\" \/>&nbsp;&nbsp;<a href=\"https:\/\/patrimoinepotton.org\/?dl_id=103\">Histoire Potton History Vol 4 No 1 Printemps 2016<\/a>&nbsp;&nbsp;<span style=\"font-size: x-small\">{1,6 Mo}<\/span><\/p>\n<p><img loading=\"lazy\" decoding=\"async\" class=\"aligncenter size-full wp-image-4142\" src=\"https:\/\/patrimoinepotton.org\/blogue\/wp-content\/uploads\/2016\/04\/HPH_4_1_Couverture.jpg\" alt=\"HPH_4_1_Couverture\" width=\"2550\" height=\"2866\" srcset=\"https:\/\/patrimoinepotton.org\/blogue\/wp-content\/uploads\/2016\/04\/HPH_4_1_Couverture.jpg 2550w, https:\/\/patrimoinepotton.org\/blogue\/wp-content\/uploads\/2016\/04\/HPH_4_1_Couverture-267x300.jpg 267w, https:\/\/patrimoinepotton.org\/blogue\/wp-content\/uploads\/2016\/04\/HPH_4_1_Couverture-768x863.jpg 768w, https:\/\/patrimoinepotton.org\/blogue\/wp-content\/uploads\/2016\/04\/HPH_4_1_Couverture-911x1024.jpg 911w\" sizes=\"auto, (max-width: 2550px) 100vw, 2550px\" \/><\/p>\n<p><img loading=\"lazy\" decoding=\"async\" class=\"aligncenter size-full wp-image-4143\" src=\"https:\/\/patrimoinepotton.org\/blogue\/wp-content\/uploads\/2016\/04\/HPH_4_1_Sommaire.jpg\" alt=\"HPH_4_1_Sommaire\" width=\"2550\" height=\"3300\" srcset=\"https:\/\/patrimoinepotton.org\/blogue\/wp-content\/uploads\/2016\/04\/HPH_4_1_Sommaire.jpg 2550w, https:\/\/patrimoinepotton.org\/blogue\/wp-content\/uploads\/2016\/04\/HPH_4_1_Sommaire-232x300.jpg 232w, https:\/\/patrimoinepotton.org\/blogue\/wp-content\/uploads\/2016\/04\/HPH_4_1_Sommaire-768x994.jpg 768w, https:\/\/patrimoinepotton.org\/blogue\/wp-content\/uploads\/2016\/04\/HPH_4_1_Sommaire-791x1024.jpg 791w\" sizes=\"auto, (max-width: 2550px) 100vw, 2550px\" \/><\/p>\n","protected":false},"excerpt":{"rendered":"<p>Revue bilingue en vente ( 10 $ ) au magasin Jewett, \u00e0 Vale Perkins. Bilingual Revue on sale at Jewett Store in Vale Perkins Par la poste, faire parvenir vos coordonn\u00e9es et un ch\u00e8que au montant de 15 $ \u00e0 : By mail, please send your address and a cheque for the amount of $ [&hellip;]<\/p>\n","protected":false},"author":5,"featured_media":0,"parent":2430,"menu_order":17,"comment_status":"closed","ping_status":"closed","template":"","meta":{"ngg_post_thumbnail":0,"_mc_calendar":[],"footnotes":""},"class_list":["post-4140","page","type-page","status-publish","hentry"],"_links":{"self":[{"href":"https:\/\/patrimoinepotton.org\/index.php?rest_route=\/wp\/v2\/pages\/4140","targetHints":{"allow":["GET"]}}],"collection":[{"href":"https:\/\/patrimoinepotton.org\/index.php?rest_route=\/wp\/v2\/pages"}],"about":[{"href":"https:\/\/patrimoinepotton.org\/index.php?rest_route=\/wp\/v2\/types\/page"}],"author":[{"embeddable":true,"href":"https:\/\/patrimoinepotton.org\/index.php?rest_route=\/wp\/v2\/users\/5"}],"replies":[{"embeddable":true,"href":"https:\/\/patrimoinepotton.org\/index.php?rest_route=%2Fwp%2Fv2%2Fcomments&post=4140"}],"version-history":[{"count":0,"href":"https:\/\/patrimoinepotton.org\/index.php?rest_route=\/wp\/v2\/pages\/4140\/revisions"}],"up":[{"embeddable":true,"href":"https:\/\/patrimoinepotton.org\/index.php?rest_route=\/wp\/v2\/pages\/2430"}],"wp:attachment":[{"href":"https:\/\/patrimoinepotton.org\/index.php?rest_route=%2Fwp%2Fv2%2Fmedia&parent=4140"}],"curies":[{"name":"wp","href":"https:\/\/api.w.org\/{rel}","templated":true}]}}