{"id":4221,"date":"2016-08-29T08:00:34","date_gmt":"2016-08-29T12:00:34","guid":{"rendered":"http:\/\/patrimoinepotton.org\/?page_id=4221"},"modified":"2023-04-12T06:42:24","modified_gmt":"2023-04-12T10:42:24","slug":"activites-ete-2016","status":"publish","type":"page","link":"https:\/\/patrimoinepotton.org\/?page_id=4221","title":{"rendered":"Activit\u00e9s &#8211; \u00c9t\u00e9 2016"},"content":{"rendered":"<h5>[Mise \u00e0 jour\u00a0: 25 ao\u00fbt 2016]<\/h5>\n<table>\n<tbody>\n<tr>\n<td style=\"vertical-align: middle;\"><a href=\"https:\/\/patrimoinepotton.org\/?dl_id=81\"><img loading=\"lazy\" decoding=\"async\" class=\"aligncenter size-full wp-image-3142\" src=\"https:\/\/patrimoinepotton.org\/blogue\/wp-content\/uploads\/2014\/12\/T\u00e9l\u00e9charger.png\" alt=\"T\u00e9l\u00e9charger\" width=\"71\" height=\"81\" \/><\/a><\/td>\n<td style=\"text-align: center; vertical-align: top;\"><strong><span style=\"color: #800000;\">ACTIVIT\u00c9S PRINTANI\u00c8RES ET ESTIVALES 2016<\/span><br \/>\nD\u00e9couvrez notre patrimoine naturel, paysager et b\u00e2ti<br \/>\n<\/strong><\/td>\n<td style=\"vertical-align: middle;\"><a href=\"https:\/\/www.google.com\/maps\/d\/viewer?mid=1Hj_qrnQwxKuB84Dw5SjfTLavuwk&amp;usp=sharing\"><img loading=\"lazy\" decoding=\"async\" class=\"aligncenter size-full wp-image-3887\" src=\"https:\/\/patrimoinepotton.org\/blogue\/wp-content\/uploads\/2015\/11\/Carte.png\" alt=\"Carte\" width=\"74\" height=\"78\" \/><\/a><\/td>\n<\/tr>\n<\/tbody>\n<\/table>\n<p style=\"text-align: justify;\"><img loading=\"lazy\" decoding=\"async\" class=\"size-full wp-image-4231 alignleft\" src=\"https:\/\/patrimoinepotton.org\/blogue\/wp-content\/uploads\/2016\/05\/presentation.png\" alt=\"presentation\" width=\"32\" height=\"37\" \/><strong><span style=\"color: #800000;\">Dimanche 15 mai, 13 h 30<\/span><\/strong><\/p>\n<p style=\"text-align: justify;\">Conf\u00e9rence de Sandra Jewett, pr\u00e9sidente de l\u2019Association du patrimoine de Potton\u00a0: <em>U<\/em><em>ne communaut\u00e9 durement \u00e9prouv\u00e9e &#8211; L\u2019\u00e9pid\u00e9mie de typho\u00efde de 1923 \u00e0 Mansonville<\/em>. Plus de 200 personnes furent touch\u00e9es et on d\u00e9nombra 16 victimes. Un go\u00fbter sera servi apr\u00e8s la conf\u00e9rence. Information\u00a0: Janine 450-292-3780.<\/p>\n<p><a name=\"A\"><\/a><\/p>\n<p style=\"text-align: justify;\"><img loading=\"lazy\" decoding=\"async\" class=\"alignleft size-full wp-image-4223\" src=\"https:\/\/patrimoinepotton.org\/blogue\/wp-content\/uploads\/2016\/05\/cemetary.png\" alt=\"cemetary\" width=\"32\" height=\"37\" \/><span style=\"color: #800000;\"><strong>Samedi 11 juin, 14 h<\/strong><\/span><\/p>\n<p style=\"text-align: justify;\">Visite guid\u00e9e au cimeti\u00e8re Miltimore situ\u00e9 pr\u00e8s de l\u2019intersection du <a href=\"https:\/\/www.google.com\/maps?q=45.03837,-72.41309\">chemin Miltimore<\/a> et de la route 243, suivie d\u2019une marche vers le cimeti\u00e8re Chapel Hill. Sandra Jewett nous parlera des gens et des familles qui ont habit\u00e9 ce secteur. Apr\u00e8s l\u2019excursion, un BBQ (frais de 10 $) aura lieu chez Carol. Apportez la boisson de votre choix. R\u00e9servations : Carol 450-292-4844.<\/p>\n<p><a name=\"B\"><\/a><strong><span style=\"color: #800000;\"><img loading=\"lazy\" decoding=\"async\" class=\"alignleft size-full wp-image-4227\" src=\"https:\/\/patrimoinepotton.org\/blogue\/wp-content\/uploads\/2016\/05\/grange_2.png\" alt=\"grange_2\" width=\"32\" height=\"37\" \/>Jeudi 23 juin, 17 h<\/span><br \/>\nVernissage de l\u2019exposition \u00e0 la grange ronde<\/strong><\/p>\n<p style=\"text-align: center;\"><span style=\"color: #800000;\"><strong>Les samedis du 25 juin au 8 octobre, de 10 h \u00e0 15 h<\/strong><br \/>\n<\/span><span style=\"color: #003366; font-size: 14pt;\">Les ponts couverts des Cantons-de-l\u2019Est<\/span><br \/>\n(Entr\u00e9e gratuite)<br \/>\nInformation : Hans Walser 450-292-3566 <a href=\"mailto:info@patrimoinepotton.org\">info@patrimoinepotton.org<\/a><br \/>\n[<a href=\"https:\/\/patrimoinepotton.org\/?page_id=4274\">Voir l&rsquo;affiche<\/a>]<\/p>\n<p><a name=\"C\"><\/a><strong><span style=\"color: #800000;\">\u00a0<img loading=\"lazy\" decoding=\"async\" class=\"alignleft size-full wp-image-4229\" src=\"https:\/\/patrimoinepotton.org\/blogue\/wp-content\/uploads\/2016\/05\/marche_1.png\" alt=\"marche_1\" width=\"32\" height=\"37\" \/>Dimanche 3 juillet, 10 h<\/span><\/strong><\/p>\n<p style=\"text-align: justify;\">Randonn\u00e9e d\u2019une heure le long d\u2019une ancienne route avec comme destination finale le bord de l\u2019\u00e9tang, chez Anne-Lise et Hubert. Pr\u00e9voir un piquenique; apportez votre boisson, une chaise, et votre maillot! Rencontre au <a href=\"https:\/\/www.google.com\/maps?q=45.04928,-72.4136\">57, chemin Miltimore<\/a>. R\u00e9servations : Janine 450-292-3780.<\/p>\n<p><a name=\"D\"><\/a><strong><span style=\"color: #800000;\"><img loading=\"lazy\" decoding=\"async\" class=\"alignleft size-full wp-image-4229\" src=\"https:\/\/patrimoinepotton.org\/blogue\/wp-content\/uploads\/2016\/05\/marche_1.png\" alt=\"marche_1\" width=\"32\" height=\"37\" \/>ANNUL\u00c9E &#8211; <del>Samedi 9 juillet, 10 h<\/del> [DATE \u00c0 VENIR POUR OCTOBRE]<br \/>\n<\/span><\/strong><\/p>\n<p style=\"text-align: justify;\"><del>Randonn\u00e9e de ressourcement en for\u00eat. Bernadette Rey nous initie \u00e0 la pratique japonaise du <em>shinrin-yoku <\/em>(une sorte de <em>baignade en for\u00eat<\/em>). Cette pratique renforcerait notre syst\u00e8me immunitaire. Apportez un piquenique, votre boisson, une chaise, et votre maillot! Rencontre chez B\u00e9atrice et Karsten au 418, chemin de Leadville. R\u00e9servations : Carol 450-292-4844<\/del>.<\/p>\n<p><a name=\"E\"><\/a><strong><span style=\"color: #800000;\"><img loading=\"lazy\" decoding=\"async\" class=\"alignleft size-full wp-image-4227\" src=\"https:\/\/patrimoinepotton.org\/blogue\/wp-content\/uploads\/2016\/05\/grange_2.png\" alt=\"grange_2\" width=\"32\" height=\"37\" \/><\/span><\/strong><img loading=\"lazy\" decoding=\"async\" class=\"size-full wp-image-4225 alignnone alignleft\" src=\"https:\/\/patrimoinepotton.org\/blogue\/wp-content\/uploads\/2016\/05\/covoiturage.png\" alt=\"covoiturage\" width=\"32\" height=\"37\" \/><strong><span style=\"color: #800000;\">Mardi 19 juillet, 9 h 30<br \/>\n<\/span><\/strong><\/p>\n<p style=\"text-align: justify;\">Visite de la grange dod\u00e9cagonale Walbridge situ\u00e9e sur le <a href=\"https:\/\/www.google.com\/maps?q=45.15439,-72.98695\">chemin de Mystic<\/a> \u00e0 Saint-Ignace-de-Stanbridge. Cette grange est un des sites d&rsquo;exposition du Mus\u00e9e Missisquoi avec le moulin Cornell et le magasin g\u00e9n\u00e9ral Hodge qui sont situ\u00e9s \u00e0 Stanbridge East, \u00e0 6 km de la grange. Possibilit\u00e9 de piqueniquer sur place. Prix d&rsquo;entr\u00e9e 8 $. Rencontre \u00e0 Mansonville dans le <a href=\"https:\/\/www.google.com\/maps?q=45.0498,-72.39217\">stationnement<\/a> en face de la banque CIBC pour le covoiturage. Information et r\u00e9servations\u00a0: Ang\u00e8le 450-292-3566.<\/p>\n<p><a name=\"F\"><\/a><strong><span style=\"color: #800000;\"><img loading=\"lazy\" decoding=\"async\" class=\"alignleft size-full wp-image-4226\" src=\"https:\/\/patrimoinepotton.org\/blogue\/wp-content\/uploads\/2016\/05\/festival.png\" alt=\"festival\" width=\"32\" height=\"37\" \/>Samedi, 13 ao\u00fbt<\/span><\/strong><\/p>\n<p style=\"text-align: center;\"><strong>Visitez notre kiosque au Festival multiculturel<br \/>\n<\/strong>Participez au concours de photographie\u00a0: <em>Les granges de Potton<br \/>\n<\/em>[<a href=\"https:\/\/patrimoinepotton.org\/?page_id=4185\">Consulter les r\u00e8glements du concours sur le site Web<\/a>]<\/p>\n<p><a name=\"G\"><\/a><img loading=\"lazy\" decoding=\"async\" class=\"alignleft size-full wp-image-4230\" src=\"https:\/\/patrimoinepotton.org\/blogue\/wp-content\/uploads\/2016\/05\/marche_2.png\" alt=\"marche_2\" width=\"32\" height=\"37\" \/><strong><span style=\"color: #800000;\">Samedi 27 ao\u00fbt, 10 h<\/span><\/strong><\/p>\n<p>Randonn\u00e9e en for\u00eat le long d\u2019un ruisseau \u00e0 Saint-\u00c9tienne-de-Bolton.<br \/>\nRencontre : <a href=\"https:\/\/www.google.com\/maps?q=45.268187,-72.378129\">stationnement du parc municipal<\/a> (rue du Parc). Votre guide Frank Ruiz.<br \/>\n<strong><u>Il est important de <\/u><\/strong><strong><u>r\u00e9server pour le lunch<\/u><\/strong> au Bistro Coop du Grand Bois\u00a0en le mentionnant \u00e0 Frank Ruiz 450-292-3542.<del><\/del><\/p>\n<p><a name=\"H\"><\/a><strong><span style=\"color: #800000;\"><img loading=\"lazy\" decoding=\"async\" class=\"alignleft size-full wp-image-4232\" src=\"https:\/\/patrimoinepotton.org\/blogue\/wp-content\/uploads\/2016\/05\/shore.png\" alt=\"shore\" width=\"32\" height=\"37\" \/>Samedi 3 septembre, 13 h<\/span><\/strong><\/p>\n<p style=\"text-align: justify;\">Notre rendez-vous annuel toujours populaire : l\u2019\u00e9pluchette de bl\u00e9 d\u2019Inde \u00e0 la plage, pr\u00e8s du quai de <a href=\"https:\/\/www.google.com\/maps?q=45.09194, -72.2944\">Vale Perkins<\/a>. Apportez un plat d\u2019accompagnement (salade ou dessert), votre couvert et votre boisson pr\u00e9f\u00e9r\u00e9e. <strong><u>R\u00e9servations n\u00e9cessaires pour coordonner le menu<\/u><\/strong> : Janine Sourdif\u00a0 450-292-3780. Dur\u00e9e de 3\u00a0heures.<\/p>\n<hr \/>\n<p><strong>Remarques<br \/>\nLes excursions sont gratuites pour les membres de l\u2019Association,<br \/>\n<span style=\"text-decoration: underline;\">mais il y a des frais de 5 $ pour les non-membres<\/span>.<\/strong><\/p>\n<p><img loading=\"lazy\" decoding=\"async\" class=\"alignleft size-full wp-image-4228\" src=\"https:\/\/patrimoinepotton.org\/blogue\/wp-content\/uploads\/2016\/05\/info_v.png\" alt=\"info_v\" width=\"32\" height=\"37\" \/>Pour tout renseignement suppl\u00e9mentaire :<\/p>\n<p>&nbsp;<\/p>\n<ul>\n<li><strong>Carol Bishop : 450-292-4844<\/strong><\/li>\n<li><strong> Janine Sourdif : 450-292-3780<\/strong><\/li>\n<li><a href=\"mailto:info@patrimoinepotton.org\">info@patrimoinepotton.org<\/a><\/li>\n<\/ul>\n<table class=\" aligncenter\" style=\"width: 600px; height: 133px;\">\n<tbody>\n<tr>\n<td style=\"width: 150px;\"><a href=\"https:\/\/patrimoinepotton.org\/?dl_id=81\"><img loading=\"lazy\" decoding=\"async\" class=\"aligncenter size-full wp-image-3142\" src=\"https:\/\/patrimoinepotton.org\/blogue\/wp-content\/uploads\/2014\/12\/T\u00e9l\u00e9charger.png\" alt=\"T\u00e9l\u00e9charger\" width=\"71\" height=\"81\" \/><\/a><\/td>\n<td style=\"width: 250px; text-align: center; vertical-align: middle;\">[print_link]<\/td>\n<td style=\"width: 150px;\"><a href=\"https:\/\/www.google.com\/maps\/d\/viewer?mid=1Hj_qrnQwxKuB84Dw5SjfTLavuwk&amp;usp=sharing\"><img loading=\"lazy\" decoding=\"async\" class=\"aligncenter wp-image-3887 size-full\" src=\"https:\/\/patrimoinepotton.org\/blogue\/wp-content\/uploads\/2015\/11\/Carte.png\" alt=\"Carte\" width=\"74\" height=\"78\" \/><\/a><\/td>\n<td style=\"width: 150px; vertical-align: top;\"><a href=\"https:\/\/www.patrimoinepotton.org\/?page_id=120\"><img loading=\"lazy\" decoding=\"async\" class=\"alignleft size-full wp-image-3957\" src=\"https:\/\/patrimoinepotton.org\/blogue\/wp-content\/uploads\/2015\/12\/calendrier_70.png\" alt=\"calendrier_70\" width=\"70\" height=\"70\" \/><\/a><\/td>\n<\/tr>\n<\/tbody>\n<\/table>\n","protected":false},"excerpt":{"rendered":"<p>[Mise \u00e0 jour\u00a0: 25 ao\u00fbt 2016] ACTIVIT\u00c9S PRINTANI\u00c8RES ET ESTIVALES 2016 D\u00e9couvrez notre patrimoine naturel, paysager et b\u00e2ti Dimanche 15 mai, 13 h 30 Conf\u00e9rence de Sandra Jewett, pr\u00e9sidente de l\u2019Association du patrimoine de Potton\u00a0: Une communaut\u00e9 durement \u00e9prouv\u00e9e &#8211; L\u2019\u00e9pid\u00e9mie de typho\u00efde de 1923 \u00e0 Mansonville. Plus de 200 personnes furent touch\u00e9es et on [&hellip;]<\/p>\n","protected":false},"author":5,"featured_media":3643,"parent":329,"menu_order":7,"comment_status":"closed","ping_status":"closed","template":"","meta":{"ngg_post_thumbnail":0,"_mc_calendar":[],"footnotes":""},"class_list":["post-4221","page","type-page","status-publish","has-post-thumbnail","hentry"],"_links":{"self":[{"href":"https:\/\/patrimoinepotton.org\/index.php?rest_route=\/wp\/v2\/pages\/4221","targetHints":{"allow":["GET"]}}],"collection":[{"href":"https:\/\/patrimoinepotton.org\/index.php?rest_route=\/wp\/v2\/pages"}],"about":[{"href":"https:\/\/patrimoinepotton.org\/index.php?rest_route=\/wp\/v2\/types\/page"}],"author":[{"embeddable":true,"href":"https:\/\/patrimoinepotton.org\/index.php?rest_route=\/wp\/v2\/users\/5"}],"replies":[{"embeddable":true,"href":"https:\/\/patrimoinepotton.org\/index.php?rest_route=%2Fwp%2Fv2%2Fcomments&post=4221"}],"version-history":[{"count":0,"href":"https:\/\/patrimoinepotton.org\/index.php?rest_route=\/wp\/v2\/pages\/4221\/revisions"}],"up":[{"embeddable":true,"href":"https:\/\/patrimoinepotton.org\/index.php?rest_route=\/wp\/v2\/pages\/329"}],"wp:featuredmedia":[{"embeddable":true,"href":"https:\/\/patrimoinepotton.org\/index.php?rest_route=\/wp\/v2\/media\/3643"}],"wp:attachment":[{"href":"https:\/\/patrimoinepotton.org\/index.php?rest_route=%2Fwp%2Fv2%2Fmedia&parent=4221"}],"curies":[{"name":"wp","href":"https:\/\/api.w.org\/{rel}","templated":true}]}}