{"id":427,"date":"2010-08-10T17:00:38","date_gmt":"2010-08-10T21:00:38","guid":{"rendered":"http:\/\/patrimoinepotton.org\/blogue\/?page_id=427"},"modified":"2023-07-27T14:13:36","modified_gmt":"2023-07-27T18:13:36","slug":"publications","status":"publish","type":"page","link":"https:\/\/patrimoinepotton.org\/?page_id=427","title":{"rendered":"Publications"},"content":{"rendered":"\n<p>L&rsquo;Association du patrimoine de Potton a pour mission de faire conna\u00eetre, promouvoir et prot\u00e9ger le patrimoine local, y compris la tradition orale et \u00e9crite. Pour ce faire, l&rsquo;Association privil\u00e9gie notamment la publication de brochures, de d\u00e9pliants et de livres. La revue HISTOIRE POTTON HISTORY, publi\u00e9e depuis 2013, compte pr\u00e8s de 150 d&rsquo;articles. En 2023, un circuit historique de Potton a \u00e9t\u00e9 inscrit sur la plateforme BaladoD\u00e9couverte.<\/p>\n\n\n\n<ul class=\"wp-block-list\">\n<li>Revue <a title=\"HISTOIRE POTTON HISTORY\" href=\"https:\/\/patrimoinepotton.org\/?page_id=2430\">HISTOIRE POTTON HISTORY<\/a><\/li>\n\n\n\n<li><a title=\"D\u00e9pliants\" href=\"https:\/\/patrimoinepotton.org\/?page_id=913\">Brochures et d\u00e9pliants<\/a><\/li>\n\n\n\n<li><a href=\"https:\/\/patrimoinepotton.org\/?page_id=4642\">Portefolio | Prix Patrimoine | Prix Culture<\/a><\/li>\n\n\n\n<li><a href=\"https:\/\/patrimoinepotton.org\/?p=9858\" data-type=\"post\" data-id=\"9858\">Circuit historique de Potton sur BaladoD\u00e9couverte<\/a><\/li>\n<\/ul>\n\n\n\n<p>Vous pouvez consulter la liste de ces documents en s\u00e9lectionnant l&rsquo;option appropri\u00e9e du menu d\u00e9roulant <strong>Publications<\/strong>.<\/p>\n","protected":false},"excerpt":{"rendered":"<p>L&rsquo;Association du patrimoine de Potton a pour mission de faire conna\u00eetre, promouvoir et prot\u00e9ger le patrimoine local, y compris la tradition orale et \u00e9crite. Pour ce faire, l&rsquo;Association privil\u00e9gie notamment la publication de brochures, de d\u00e9pliants et de livres. La revue HISTOIRE POTTON HISTORY, publi\u00e9e depuis 2013, compte pr\u00e8s de 150 d&rsquo;articles. En 2023, un [&hellip;]<\/p>\n","protected":false},"author":5,"featured_media":0,"parent":0,"menu_order":0,"comment_status":"closed","ping_status":"closed","template":"","meta":{"ngg_post_thumbnail":0,"_mc_calendar":[],"footnotes":""},"class_list":["post-427","page","type-page","status-publish","hentry"],"_links":{"self":[{"href":"https:\/\/patrimoinepotton.org\/index.php?rest_route=\/wp\/v2\/pages\/427","targetHints":{"allow":["GET"]}}],"collection":[{"href":"https:\/\/patrimoinepotton.org\/index.php?rest_route=\/wp\/v2\/pages"}],"about":[{"href":"https:\/\/patrimoinepotton.org\/index.php?rest_route=\/wp\/v2\/types\/page"}],"author":[{"embeddable":true,"href":"https:\/\/patrimoinepotton.org\/index.php?rest_route=\/wp\/v2\/users\/5"}],"replies":[{"embeddable":true,"href":"https:\/\/patrimoinepotton.org\/index.php?rest_route=%2Fwp%2Fv2%2Fcomments&post=427"}],"version-history":[{"count":0,"href":"https:\/\/patrimoinepotton.org\/index.php?rest_route=\/wp\/v2\/pages\/427\/revisions"}],"wp:attachment":[{"href":"https:\/\/patrimoinepotton.org\/index.php?rest_route=%2Fwp%2Fv2%2Fmedia&parent=427"}],"curies":[{"name":"wp","href":"https:\/\/api.w.org\/{rel}","templated":true}]}}