{"id":429,"date":"2024-04-02T10:00:46","date_gmt":"2024-04-02T14:00:46","guid":{"rendered":"http:\/\/patrimoinepotton.org\/blogue\/?page_id=429"},"modified":"2024-04-12T09:44:45","modified_gmt":"2024-04-12T13:44:45","slug":"photos-2","status":"publish","type":"page","link":"https:\/\/patrimoinepotton.org\/?page_id=429","title":{"rendered":"Photos"},"content":{"rendered":"\n<p class=\"has-text-align-center\" style=\"font-style:normal;font-weight:600\">Ce portail pr\u00e9sente des albums de photos, souvenirs des excursions et activit\u00e9s<br>organis\u00e9es par l\u2019Association depuis 2010<\/p>\n\n\n\n<div class=\"wp-block-media-text has-media-on-the-right is-stacked-on-mobile\"><div class=\"wp-block-media-text__content\">\n<p class=\"has-text-color has-link-color wp-elements-6325da19d93c3da3d39a640e0abac5de\" style=\"color:#043969\"><a href=\"https:\/\/patrimoinepotton.org\/?page_id=2171\"><strong>Excursions<\/strong><\/a><\/p>\n\n\n\n<ul class=\"wp-block-list\">\n<li class=\"has-small-font-size\">Les photos sont regroup\u00e9es dans des albums annuels;<\/li>\n\n\n\n<li class=\"has-small-font-size\">le survol d\u2019une photo indique la date de l\u2019excursion;<\/li>\n\n\n\n<li class=\"has-small-font-size\">un clic sur une photo affiche le diaporama de l\u2019excursion;<\/li>\n\n\n\n<li class=\"has-small-font-size\">la date et lieu figurent dans la l\u00e9gende.<\/li>\n<\/ul>\n\n\n\n<p class=\"has-text-color has-link-color wp-elements-e844f63a4bd8ed071acd3a47f0410202\" style=\"color:#043969\"><a href=\"https:\/\/patrimoinepotton.org\/?page_id=1870\"><strong>Concours photo<\/strong><\/a><\/p>\n\n\n\n<p class=\"has-text-color has-link-color wp-elements-712e48e67b221bb267753e046c054bfa\" style=\"color:#043969\"><a href=\"https:\/\/patrimoinepotton.org\/?page_id=5664\"><strong>Festivals<\/strong><\/a><\/p>\n\n\n\n<p class=\"has-text-color has-link-color wp-elements-398510f510d4184a1826b8c97d5d47a8\" style=\"color:#043969\"><a href=\"https:\/\/patrimoinepotton.org\/?page_id=11778\" data-type=\"page\" data-id=\"11778\"><strong>Grange ronde<\/strong><\/a><\/p>\n\n\n\n<p class=\"has-text-color has-link-color wp-elements-f6cef65206a6e8f2a4bcd02006c3e174\" style=\"color:#043969\"><a href=\"https:\/\/patrimoinepotton.org\/?page_id=2836\"><strong>Pot-pourri<\/strong><\/a><\/p>\n<\/div><figure class=\"wp-block-media-text__media\"><img loading=\"lazy\" decoding=\"async\" width=\"640\" height=\"427\" src=\"https:\/\/patrimoinepotton.org\/blogue\/wp-content\/uploads\/2024\/04\/Albums-1.png\" alt=\"\" class=\"wp-image-11774 size-full\" srcset=\"https:\/\/patrimoinepotton.org\/blogue\/wp-content\/uploads\/2024\/04\/Albums-1.png 640w, https:\/\/patrimoinepotton.org\/blogue\/wp-content\/uploads\/2024\/04\/Albums-1-300x200.png 300w\" sizes=\"auto, (max-width: 640px) 100vw, 640px\" \/><\/figure><\/div>\n\n\n\n<hr class=\"wp-block-separator has-alpha-channel-opacity is-style-wide\"\/>\n\n\n\n<p class=\"has-text-align-center\" style=\"font-style:normal;font-weight:600\">De nombreuses photographies \u00e0 caract\u00e8re historique<br>ont illustr\u00e9 les publications, expositions<br>et autres productions de l&rsquo;Association<\/p>\n\n\n\n<p style=\"font-style:normal;font-weight:600\">D\u00e9couvrez-les dans les portails suivants:<\/p>\n\n\n\n<div class=\"wp-block-media-text is-stacked-on-mobile\"><figure class=\"wp-block-media-text__media\"><img loading=\"lazy\" decoding=\"async\" width=\"1024\" height=\"273\" src=\"https:\/\/patrimoinepotton.org\/blogue\/wp-content\/uploads\/2019\/10\/R_APPNUM-1024x273.jpg\" alt=\"\" class=\"wp-image-7878 size-full\" srcset=\"https:\/\/patrimoinepotton.org\/blogue\/wp-content\/uploads\/2019\/10\/R_APPNUM.jpg 1024w, https:\/\/patrimoinepotton.org\/blogue\/wp-content\/uploads\/2019\/10\/R_APPNUM-300x80.jpg 300w, https:\/\/patrimoinepotton.org\/blogue\/wp-content\/uploads\/2019\/10\/R_APPNUM-768x205.jpg 768w\" sizes=\"auto, (max-width: 1024px) 100vw, 1024px\" \/><\/figure><div class=\"wp-block-media-text__content\">\n<p class=\"has-text-color has-link-color wp-elements-fbcb3d71d5b3a2af6b16809c0b20b2dd\" style=\"color:#043969\"><strong><a href=\"https:\/\/patrimoinepotton.org\/appnum\">Biblioth\u00e8que num\u00e9rique<\/a><\/strong><\/p>\n\n\n\n<p class=\"has-text-color has-link-color wp-elements-477570da6b91099d4a59b5992e5c3a2f\" style=\"color:#043969\"><a href=\"https:\/\/patrimoinepotton.org\/appnum\/s\/appha-num\/item\/3186\"><strong>Portfolio | Aper\u00e7u des rayons<\/strong><\/a><\/p>\n<\/div><\/div>\n\n\n\n<div class=\"wp-block-media-text has-media-on-the-right is-stacked-on-mobile\"><div class=\"wp-block-media-text__content\">\n<p class=\"has-text-align-right has-text-color has-link-color wp-elements-c42f75f9e559be4e7258a7bcc06b95ba\" style=\"color:#043969\"><a href=\"https:\/\/baladodecouverte.com\/circuits\/1193\/circuit-historique-de-potton\"><strong>Circuit historique de Potton<br>sur BaladoD\u00e9couverte<\/strong><\/a><\/p>\n<\/div><figure class=\"wp-block-media-text__media\"><img loading=\"lazy\" decoding=\"async\" width=\"1024\" height=\"273\" src=\"https:\/\/patrimoinepotton.org\/blogue\/wp-content\/uploads\/2023\/07\/QR_Balado_FR_Rectangle-1024x273.png\" alt=\"\" class=\"wp-image-9849 size-full\" srcset=\"https:\/\/patrimoinepotton.org\/blogue\/wp-content\/uploads\/2023\/07\/QR_Balado_FR_Rectangle-1024x273.png 1024w, https:\/\/patrimoinepotton.org\/blogue\/wp-content\/uploads\/2023\/07\/QR_Balado_FR_Rectangle-300x80.png 300w, https:\/\/patrimoinepotton.org\/blogue\/wp-content\/uploads\/2023\/07\/QR_Balado_FR_Rectangle-768x205.png 768w, https:\/\/patrimoinepotton.org\/blogue\/wp-content\/uploads\/2023\/07\/QR_Balado_FR_Rectangle-1536x410.png 1536w, https:\/\/patrimoinepotton.org\/blogue\/wp-content\/uploads\/2023\/07\/QR_Balado_FR_Rectangle-2048x546.png 2048w\" sizes=\"auto, (max-width: 1024px) 100vw, 1024px\" \/><\/figure><\/div>\n","protected":false},"excerpt":{"rendered":"<p>Ce portail pr\u00e9sente des albums de photos, souvenirs des excursions et activit\u00e9sorganis\u00e9es par l\u2019Association depuis 2010 De nombreuses photographies \u00e0 caract\u00e8re historiqueont illustr\u00e9 les publications, expositionset autres productions de l&rsquo;Association D\u00e9couvrez-les dans les portails suivants: Biblioth\u00e8que num\u00e9rique Portfolio | Aper\u00e7u des rayons Circuit historique de Pottonsur BaladoD\u00e9couverte<\/p>\n","protected":false},"author":5,"featured_media":0,"parent":0,"menu_order":0,"comment_status":"closed","ping_status":"closed","template":"","meta":{"ngg_post_thumbnail":0,"_mc_calendar":[],"footnotes":""},"class_list":["post-429","page","type-page","status-publish","hentry"],"_links":{"self":[{"href":"https:\/\/patrimoinepotton.org\/index.php?rest_route=\/wp\/v2\/pages\/429","targetHints":{"allow":["GET"]}}],"collection":[{"href":"https:\/\/patrimoinepotton.org\/index.php?rest_route=\/wp\/v2\/pages"}],"about":[{"href":"https:\/\/patrimoinepotton.org\/index.php?rest_route=\/wp\/v2\/types\/page"}],"author":[{"embeddable":true,"href":"https:\/\/patrimoinepotton.org\/index.php?rest_route=\/wp\/v2\/users\/5"}],"replies":[{"embeddable":true,"href":"https:\/\/patrimoinepotton.org\/index.php?rest_route=%2Fwp%2Fv2%2Fcomments&post=429"}],"version-history":[{"count":0,"href":"https:\/\/patrimoinepotton.org\/index.php?rest_route=\/wp\/v2\/pages\/429\/revisions"}],"wp:attachment":[{"href":"https:\/\/patrimoinepotton.org\/index.php?rest_route=%2Fwp%2Fv2%2Fmedia&parent=429"}],"curies":[{"name":"wp","href":"https:\/\/api.w.org\/{rel}","templated":true}]}}