{"id":435,"date":"2017-07-23T07:00:45","date_gmt":"2017-07-23T11:00:45","guid":{"rendered":"http:\/\/patrimoinepotton.org\/blogue\/?page_id=435"},"modified":"2024-11-21T22:28:45","modified_gmt":"2024-11-22T03:28:45","slug":"liens","status":"publish","type":"page","link":"https:\/\/patrimoinepotton.org\/?page_id=435","title":{"rendered":"Liens"},"content":{"rendered":"\n<ul class=\"wp-block-list\">\n<li><a href=\"https:\/\/potton.ca\/municipalite\/la-grange-ronde\/\">La grange ronde de Mansonville<\/a><\/li>\n\n\n\n<li><a href=\"https:\/\/drive.google.com\/file\/d\/1ifRpO9NLTWcjIqbVKUOuB496fsD-v8Z3\/view?usp=sharing\">Groupe b\u00e9n\u00e9vole municipal de Potton | 2010-2021<\/a><\/li>\n\n\n\n<li><a href=\"https:\/\/potton.ca\">Municipalit\u00e9 du canton de Potton<\/a><\/li>\n\n\n\n<li><a href=\"https:\/\/fr.bromemuseum.com\/\">Soci\u00e9t\u00e9 historique du comt\u00e9 de Brome<\/a><\/li>\n\n\n\n<li><a href=\"https:\/\/www.boltonheritage.org\">Patrimoine Bolton Heritage<\/a><\/li>\n\n\n\n<li><a href=\"https:\/\/www.histoirequebec.qc.ca\/\">F\u00e9d\u00e9ration des soci\u00e9t\u00e9s d&rsquo;histoire du Qu\u00e9bec<\/a><\/li>\n\n\n\n<li><a href=\"https:\/\/www.aqip.ca\">Association qu\u00e9b\u00e9coise d\u2019interpr\u00e9tation du patrimoine<\/a><\/li>\n\n\n\n<li><a href=\"https:\/\/qahn.org\/fr\">R\u00e9seau du patrimoine anglophone du Qu\u00e9bec&nbsp;<\/a><\/li>\n\n\n\n<li><a href=\"https:\/\/pontscouverts.com\/blogue\/pont-de-la-frontiere\/\">Les ponts couverts au Qu\u00e9bec<\/a><\/li>\n<\/ul>\n\n\n\n<p>&nbsp;<\/p>\n\n\n\n<p><strong>Liens utiles | Loi sur le patrimoine culturel<\/strong><\/p>\n\n\n\n<ul class=\"wp-block-list\">\n<li><a href=\"https:\/\/www.mcc.gouv.qc.ca\/index.php?id=5121\">Culture et Communications Qu\u00e9bec | Portail PATRIMOINE<\/a><br>Portail d\u2019entr\u00e9e \u00e0 la section PATRIMOINE de Culture et Communications Qu\u00e9bec.<br>On y trouve notamment les documents ci-dessous&nbsp;:<\/li>\n\n\n\n<li><a href=\"https:\/\/www.mcc.gouv.qc.ca\/index.php?id=5091\">Conseil local du patrimoine<\/a><br>Chaque conseil local du patrimoine a pour fonction de donner son avis au conseil municipal auquel il se rattache sur les questions relatives \u00e0 la protection et \u00e0 la mise en valeur du patrimoine culturel par la municipalit\u00e9.<\/li>\n\n\n\n<li><a href=\"https:\/\/www.mcc.gouv.qc.ca\/fileadmin\/documents\/publications\/patrimoine\/A_propos_de_la_loi_web_accessible.pdf\">\u00c0 propos de la Loi sur le patrimoine culturel <\/a><br>Cette brochure vise \u00e0 faire conna\u00eetre les diff\u00e9rents aspects de la Loi sur le patrimoine culturel.<\/li>\n\n\n\n<li><a href=\"https:\/\/www.mcc.gouv.qc.ca\/fileadmin\/documents\/patrimoine\/Depliant_MCCCFmaq_C2.pdf\">La Loi sur le patrimoine culturel \u2013 Conna\u00eetre, prot\u00e9ger, valoriser, transmettre&nbsp;<\/a><br>Ce document pr\u00e9sente un survol de la Loi sur le patrimoine culturel.<\/li>\n\n\n\n<li><a href=\"https:\/\/legisquebec.gouv.qc.ca\/fr\/ShowDoc\/cs\/P-9.002\">Qu\u00e9bec | Loi sur le patrimoine culturel | Mise \u00e0 jour 5 juin 2018 <\/a><br>La Loi sur le patrimoine culturel est entr\u00e9e en vigueur le 19 octobre 2012.<br>Elle remplace la Loi sur les biens culturels de 1972.<\/li>\n\n\n\n<li><a href=\"https:\/\/www.mcc.gouv.qc.ca\/fileadmin\/documents\/patrimoine\/guide-municipalite-vf-19-10-2012.pdf\">La Loi sur le patrimoine culturel &#8211; Guide pratique destin\u00e9 aux municipalit\u00e9s&nbsp;<\/a><br>Afin de renseigner les municipalit\u00e9s sur les nouvelles dispositions de la Loi, le Minist\u00e8re a pr\u00e9par\u00e9 un guide qui leur est destin\u00e9 et qui permet de d\u00e9couvrir les nouveaux pouvoirs des municipalit\u00e9s.<\/li>\n<\/ul>\n\n\n\n<p><strong>Autres liens<\/strong><\/p>\n\n\n\n<ul class=\"wp-block-list\">\n<li><a href=\"https:\/\/www.mrcmemphremagog.com\/download\/Politiques\/Politique_culturelle_2016-2020.pdf\">Politique culturelle de la MRC de Memphr\u00e9magog | 2016-2020<\/a><\/li>\n<\/ul>\n\n\n\n<p>&nbsp;<\/p>\n","protected":false},"excerpt":{"rendered":"<p>&nbsp; Liens utiles | Loi sur le patrimoine culturel Autres liens &nbsp;<\/p>\n","protected":false},"author":5,"featured_media":0,"parent":0,"menu_order":0,"comment_status":"closed","ping_status":"closed","template":"","meta":{"ngg_post_thumbnail":0,"_mc_calendar":[],"footnotes":""},"class_list":["post-435","page","type-page","status-publish","hentry"],"_links":{"self":[{"href":"https:\/\/patrimoinepotton.org\/index.php?rest_route=\/wp\/v2\/pages\/435","targetHints":{"allow":["GET"]}}],"collection":[{"href":"https:\/\/patrimoinepotton.org\/index.php?rest_route=\/wp\/v2\/pages"}],"about":[{"href":"https:\/\/patrimoinepotton.org\/index.php?rest_route=\/wp\/v2\/types\/page"}],"author":[{"embeddable":true,"href":"https:\/\/patrimoinepotton.org\/index.php?rest_route=\/wp\/v2\/users\/5"}],"replies":[{"embeddable":true,"href":"https:\/\/patrimoinepotton.org\/index.php?rest_route=%2Fwp%2Fv2%2Fcomments&post=435"}],"version-history":[{"count":0,"href":"https:\/\/patrimoinepotton.org\/index.php?rest_route=\/wp\/v2\/pages\/435\/revisions"}],"wp:attachment":[{"href":"https:\/\/patrimoinepotton.org\/index.php?rest_route=%2Fwp%2Fv2%2Fmedia&parent=435"}],"curies":[{"name":"wp","href":"https:\/\/api.w.org\/{rel}","templated":true}]}}