{"id":4509,"date":"2016-10-28T12:00:27","date_gmt":"2016-10-28T16:00:27","guid":{"rendered":"http:\/\/patrimoinepotton.org\/?page_id=4509"},"modified":"2023-04-12T06:47:32","modified_gmt":"2023-04-12T10:47:32","slug":"automne-2016","status":"publish","type":"page","link":"https:\/\/patrimoinepotton.org\/?page_id=4509","title":{"rendered":"Activit\u00e9s &#8211; Automne 2016"},"content":{"rendered":"<h5>[Mise \u00e0 jour&nbsp;: 28 octobre 2016]<\/h5>\n<table>\n<tbody>\n<tr>\n<td style=\"vertical-align: middle;\">&nbsp;<\/td>\n<td style=\"text-align: center; vertical-align: top;\"><strong><span style=\"color: #800000;\">ACTIVIT\u00c9S AUTOMNALES 2016<\/span><br \/>\nD\u00e9couvrez notre patrimoine naturel, paysager et b\u00e2ti<\/strong><\/td>\n<td style=\"vertical-align: middle;\">&nbsp;<\/td>\n<\/tr>\n<\/tbody>\n<\/table>\n<p><strong><span style=\"color: #800000;\">Samedi 12 novembre, 13 h [ADDENDUM]<\/span><\/strong><\/p>\n<table class=\" aligncenter\" style=\"border-color: #7a0404;\">\n<tbody>\n<tr>\n<td style=\"text-align: justify;\" width=\"740\">Visite de ponts couverts et de sites d\u2019anciens ponts couverts, \u00e0 Potton et \u00e0 North Troy. Sandra Jewett, pr\u00e9sidente de l\u2019Association du patrimoine de Potton, nous racontera l\u2019histoire de ces ponts et Jean-Louis Bertrand, auteur de la brochure <em>Les ponts couverts de Potton,<\/em> et Hans Walser, co-directeur de l\u2019exposition <em>Les ponts couverts des Cantons de l\u2019Est<\/em>, nous d\u00e9criront la structure de ces ponts et les caract\u00e9ristiques remarquables du pont de la Fronti\u00e8re, qui fait l\u2019objet d\u2019une citation officielle.<\/p>\n<p style=\"text-align: center;\"><strong>N\u2019oubliez pas d\u2019apporter votre passeport.<br \/>\n<\/strong><br \/>\nLieu de rencontre : stationnement en face de la banque CIBC<br \/>\n\u00e0 l\u2019intersection des rues Principale et Blanchet<br \/>\nCovoiturage sugg\u00e9r\u00e9<\/p>\n<p style=\"text-align: center;\">La brochure <em>Les ponts couverts de Potton<\/em> sera distribu\u00e9e \u00e0 cette occasion.<em><br \/>\n<\/em>[Peut aussi \u00eatre t\u00e9l\u00e9charg\u00e9e <a href=\"https:\/\/patrimoinepotton.org\/?dl_id=84\">Les ponts couverts de Potton, 2016<\/a> ]<br \/>\nT\u00e9l\u00e9chargement {2,2 Mo}<\/p>\n<p style=\"text-align: center;\">Un vin, fromage et dessert suivra chez Carol.<br \/>\nApportez la boisson de votre choix.<br \/>\nCo\u00fbt : 10 $<br \/>\n&nbsp;<br \/>\n<u>R\u00e9servations : Carol Bishop 450-292-4844, avant le 5 novembre<\/u><br \/>\n&nbsp;<\/p>\n<\/td>\n<\/tr>\n<\/tbody>\n<\/table>\n<p><img loading=\"lazy\" decoding=\"async\" class=\"alignleft size-full wp-image-4227\" src=\"https:\/\/patrimoinepotton.org\/images\/grange_2.png\" alt=\"grange_2\" width=\"32\" height=\"37\"><strong><span style=\"color: #800000;\">Les samedis jusqu&rsquo;au 8 octobre, 10h \u00e0 15 h<br \/>\n<\/span><\/strong><\/p>\n<table>\n<tbody>\n<tr>\n<td style=\"text-align: center;\" colspan=\"2\"><strong><span style=\"color: #ff0000;\">Exposition \u00e0 la grange ronde de Mansonville<\/span><\/strong><br \/>\n<span style=\"color: #003366; font-size: 14pt;\">Les ponts couverts des Cantons-de-l\u2019Est<\/span><br \/>\n(Entr\u00e9e gratuite) &nbsp;&nbsp;&nbsp;&nbsp;&nbsp;&nbsp;&nbsp;&nbsp;&nbsp;&nbsp;&nbsp;&nbsp;&nbsp;&nbsp;&nbsp;&nbsp;&nbsp;&nbsp;&nbsp;&nbsp;&nbsp;&nbsp;&nbsp; [<a href=\"https:\/\/patrimoinepotton.org\/?page_id=4274\">Voir l&rsquo;affiche<\/a>]<\/td>\n<\/tr>\n<tr>\n<td style=\"text-align: center;\" colspan=\"2\">Brochure bilingue<br \/>\n<img decoding=\"async\" src=\"https:\/\/patrimoinepotton.org\/blogue\/wp-content\/plugins\/wp-downloadmanager\/images\/ext\/pdf.gif\" alt=\"\" title=\"\" style=\"vertical-align: upper\" \/>&nbsp;&nbsp;<a href=\"https:\/\/patrimoinepotton.org\/?dl_id=84\">Les ponts couverts de Potton | 2016<\/a>&nbsp;&nbsp;<span style=\"font-size: x-small\">{2,2 Mo}<\/span><\/td>\n<\/tr>\n<\/tbody>\n<\/table>\n<p><strong><span style=\"color: #800000;\"><img loading=\"lazy\" decoding=\"async\" class=\"alignleft size-full wp-image-4229\" src=\"https:\/\/patrimoinepotton.org\/images\/panorama_v.png\" alt=\"marche_1\" width=\"32\" height=\"37\">Les 24-25 septembre ainsi que les 1-2 et 8-9-10 octobre, 10 h<br \/>\n<\/span><\/strong><\/p>\n<p style=\"text-align: justify;\">Festival du plein air d\u2019automne \u00e0 Owl\u2019s Head. Faites une randonn\u00e9e dans la montagne pour appr\u00e9cier la beaut\u00e9 des coloris de la saison. Le monte-pente sera en op\u00e9ration et gratuit pour les d\u00e9tenteurs d\u2019une passe de ski. <a href=\"https:\/\/patrimoinepotton.org\/?page_id=4680\">Prenez le lunch \u00e0 notre cantine<\/a>, exploit\u00e9e par des b\u00e9n\u00e9voles de l\u2019Association du patrimoine de Potton et du Centre Ken Jones. Contribuez ainsi \u00e0 la collecte de fonds annuelle au profit de nos deux organismes. Nous remercions Mme et M. Korman de leur appui r\u00e9p\u00e9t\u00e9 pour la tenue de cette activit\u00e9.<\/p>\n<p style=\"text-align: justify;\"><strong><span style=\"color: #800000;\"><img loading=\"lazy\" decoding=\"async\" class=\"alignleft size-full wp-image-4229\" src=\"https:\/\/patrimoinepotton.org\/images\/aga.png\" alt=\"festival\" width=\"32\" height=\"37\">Le 30 septembre ainsi que les 1er et 2 octobre<\/span><\/strong><\/p>\n<p style=\"text-align: justify;\">Le Comit\u00e9 culturel et patrimonial de Potton invite la population \u00e0 participer aux <a href=\"https:\/\/patrimoinepotton.org\/?dl_id=91\">Journ\u00e9es de la culture<\/a> qui auront lieu les 30 septembre, 1er et 2 octobre prochains. De nombreuses activit\u00e9s sont au programme: exposition, concert, activit\u00e9s plein air et musique au Mont Owl\u2019s Head, inauguration de la sculpture <em>Mon nid \u00e0 Potton<\/em>, remise des Prix Culture et Patrimoine, lancement de la brochure <a href=\"https:\/\/patrimoinepotton.org\/?page_id=4685\">Incomparable Potton<\/a>, etc.<\/p>\n<p style=\"text-align: justify;\"><strong><span style=\"color: #800000;\"><img loading=\"lazy\" decoding=\"async\" class=\"alignleft size-full wp-image-4229\" src=\"https:\/\/patrimoinepotton.org\/images\/marche_1.png\" alt=\"marche_1\" width=\"32\" height=\"37\">Samedi 15 octobre, 10 h<br \/>\n<\/span><\/strong><\/p>\n<p style=\"text-align: justify;\">Randonn\u00e9e de ressourcement en for\u00eat. Bernadette Rey nous initie \u00e0 la pratique japonaise du <em>shinrin-yoku<\/em> (une sorte de baignade en for\u00eat). Les promoteurs de cette pratique y voient des propri\u00e9t\u00e9s th\u00e9rapeutiques insoup\u00e7onn\u00e9es pour renforcer le syst\u00e8me immunitaire. Apportez piquenique, boisson pr\u00e9f\u00e9r\u00e9e et chaise.<\/p>\n<p style=\"text-align: center;\">Frais de 10 $ par personne.<br \/>\nRencontre chez B\u00e9atrice et Karsten au <a href=\"https:\/\/www.google.com\/maps?q=45.0422549,-72.3670337\">418, chemin de Leadville<\/a>.<br \/>\nR\u00e9servations : B\u00e9atrice 450-292-6872.<\/p>\n<table>\n<tbody>\n<tr>\n<td style=\"text-align: center; vertical-align: middle;\">[print_link]<\/td>\n<td style=\"text-align: center; vertical-align: middle;\"><a href=\"https:\/\/patrimoinepotton.org\/?dl_id=90\"><img loading=\"lazy\" decoding=\"async\" class=\"aligncenter wp-image-3142 size-full\" src=\"https:\/\/patrimoinepotton.org\/blogue\/wp-content\/uploads\/2014\/12\/T\u00e9l\u00e9charger.png\" alt=\"T\u00e9l\u00e9charger\" width=\"71\" height=\"81\"><\/a><\/td>\n<\/tr>\n<\/tbody>\n<\/table>\n","protected":false},"excerpt":{"rendered":"<p>[Mise \u00e0 jour&nbsp;: 28 octobre 2016] &nbsp; ACTIVIT\u00c9S AUTOMNALES 2016 D\u00e9couvrez notre patrimoine naturel, paysager et b\u00e2ti &nbsp; Samedi 12 novembre, 13 h [ADDENDUM] Visite de ponts couverts et de sites d\u2019anciens ponts couverts, \u00e0 Potton et \u00e0 North Troy. Sandra Jewett, pr\u00e9sidente de l\u2019Association du patrimoine de Potton, nous racontera l\u2019histoire de ces ponts [&hellip;]<\/p>\n","protected":false},"author":5,"featured_media":4545,"parent":329,"menu_order":7,"comment_status":"closed","ping_status":"closed","template":"","meta":{"ngg_post_thumbnail":0,"_mc_calendar":[],"footnotes":""},"class_list":["post-4509","page","type-page","status-publish","has-post-thumbnail","hentry"],"_links":{"self":[{"href":"https:\/\/patrimoinepotton.org\/index.php?rest_route=\/wp\/v2\/pages\/4509","targetHints":{"allow":["GET"]}}],"collection":[{"href":"https:\/\/patrimoinepotton.org\/index.php?rest_route=\/wp\/v2\/pages"}],"about":[{"href":"https:\/\/patrimoinepotton.org\/index.php?rest_route=\/wp\/v2\/types\/page"}],"author":[{"embeddable":true,"href":"https:\/\/patrimoinepotton.org\/index.php?rest_route=\/wp\/v2\/users\/5"}],"replies":[{"embeddable":true,"href":"https:\/\/patrimoinepotton.org\/index.php?rest_route=%2Fwp%2Fv2%2Fcomments&post=4509"}],"version-history":[{"count":0,"href":"https:\/\/patrimoinepotton.org\/index.php?rest_route=\/wp\/v2\/pages\/4509\/revisions"}],"up":[{"embeddable":true,"href":"https:\/\/patrimoinepotton.org\/index.php?rest_route=\/wp\/v2\/pages\/329"}],"wp:featuredmedia":[{"embeddable":true,"href":"https:\/\/patrimoinepotton.org\/index.php?rest_route=\/wp\/v2\/media\/4545"}],"wp:attachment":[{"href":"https:\/\/patrimoinepotton.org\/index.php?rest_route=%2Fwp%2Fv2%2Fmedia&parent=4509"}],"curies":[{"name":"wp","href":"https:\/\/api.w.org\/{rel}","templated":true}]}}