{"id":4753,"date":"2016-10-23T15:17:18","date_gmt":"2016-10-23T19:17:18","guid":{"rendered":"http:\/\/patrimoinepotton.org\/?page_id=4753"},"modified":"2023-04-12T21:31:53","modified_gmt":"2023-04-13T01:31:53","slug":"operation-cantine-2016","status":"publish","type":"page","link":"https:\/\/patrimoinepotton.org\/?page_id=4753","title":{"rendered":"Op\u00e9ration cantine 2016"},"content":{"rendered":"<p style=\"text-align: center;\"><span style=\"font-size: 12pt;\"><strong><span style=\"color: #800000;\">Collecte de fonds au festival du plein air d\u2019automne \u00e0 Owl\u2019s Head<\/span><\/strong><\/span><\/p>\n<p style=\"text-align: center;\"><strong><span style=\"font-size: 10pt;\">Nous remercions Mme et M. Korman<\/span><\/strong><br \/>\n<strong> <span style=\"font-size: 10pt;\"> de leur appui r\u00e9p\u00e9t\u00e9 pour la tenue de cette activit\u00e9<\/span><\/strong><\/p>\n<p style=\"text-align: center;\"><span style=\"color: #800000;\"><strong><span style=\"font-size: 12pt;\">Merci aux b\u00e9n\u00e9voles<\/span><\/strong><\/span><\/p>\n<p style=\"text-align: center;\">B\u00e9atrice Baass, Karsten Baass, Judy Ball, Jean-Louis Bertrand, Carol Bishop,<br \/>\nMartin Bradwell, Fiona Campbell, Norma Clifford, Wayne Courvette, Sally Crocker,<br \/>\nTim Crocker, Eszter Csiszer, Ronald Darche, Michael Darney, Christian Donaldson,<br \/>\nChantal \u00c9thier, Rick Fergusson, Sharon Fewtrell, Eric Field, Wendy Gardner,<br \/>\nLo\u00efc Goyette, Th\u00e9o Goyette, John Haberl, Hilary Head, Howard Heitner,<br \/>\nPerry Hicks, Sandra Jewett, Janet Jones, Sheila Kerr, Stanley Lake,<br \/>\nCharles Laurin, Alli Leonard, Wanda Leonard, Red MacDougall, Denise McLafferty,<br \/>\nSerge Normand, Murielle Parkes, Michel Payette, June Peacock, Russell Peacock,<br \/>\nNancy Poirier, Lise Ponton, Frank Ruiz, Christian Smeesters, \u00c9dith Smeesters,<br \/>\nMonique Sourdif, Janine Sourdif, David Stirling, Ken Taylor,<br \/>\nRichard T\u00e9treault, Sylvie Th\u00e9berge.<\/p>\n<p style=\"text-align: center;\"><img loading=\"lazy\" decoding=\"async\" class=\"aligncenter size-full wp-image-4767\" src=\"https:\/\/patrimoinepotton.org\/blogue\/wp-content\/uploads\/2016\/10\/Cantine_Sourire_2016_FR.jpg\" alt=\"cantine_sourire_2016_fr\" width=\"2143\" height=\"2023\" srcset=\"https:\/\/patrimoinepotton.org\/blogue\/wp-content\/uploads\/2016\/10\/Cantine_Sourire_2016_FR.jpg 2143w, https:\/\/patrimoinepotton.org\/blogue\/wp-content\/uploads\/2016\/10\/Cantine_Sourire_2016_FR-300x283.jpg 300w, https:\/\/patrimoinepotton.org\/blogue\/wp-content\/uploads\/2016\/10\/Cantine_Sourire_2016_FR-768x725.jpg 768w, https:\/\/patrimoinepotton.org\/blogue\/wp-content\/uploads\/2016\/10\/Cantine_Sourire_2016_FR-1024x967.jpg 1024w\" sizes=\"auto, (max-width: 2143px) 100vw, 2143px\" \/><\/p>\n","protected":false},"excerpt":{"rendered":"<p>Collecte de fonds au festival du plein air d\u2019automne \u00e0 Owl\u2019s Head Nous remercions Mme et M. Korman de leur appui r\u00e9p\u00e9t\u00e9 pour la tenue de cette activit\u00e9 Merci aux b\u00e9n\u00e9voles B\u00e9atrice Baass, Karsten Baass, Judy Ball, Jean-Louis Bertrand, Carol Bishop, Martin Bradwell, Fiona Campbell, Norma Clifford, Wayne Courvette, Sally Crocker, Tim Crocker, Eszter Csiszer, [&hellip;]<\/p>\n","protected":false},"author":5,"featured_media":0,"parent":9511,"menu_order":16,"comment_status":"closed","ping_status":"closed","template":"","meta":{"ngg_post_thumbnail":0,"_mc_calendar":[],"footnotes":""},"class_list":["post-4753","page","type-page","status-publish","hentry"],"_links":{"self":[{"href":"https:\/\/patrimoinepotton.org\/index.php?rest_route=\/wp\/v2\/pages\/4753","targetHints":{"allow":["GET"]}}],"collection":[{"href":"https:\/\/patrimoinepotton.org\/index.php?rest_route=\/wp\/v2\/pages"}],"about":[{"href":"https:\/\/patrimoinepotton.org\/index.php?rest_route=\/wp\/v2\/types\/page"}],"author":[{"embeddable":true,"href":"https:\/\/patrimoinepotton.org\/index.php?rest_route=\/wp\/v2\/users\/5"}],"replies":[{"embeddable":true,"href":"https:\/\/patrimoinepotton.org\/index.php?rest_route=%2Fwp%2Fv2%2Fcomments&post=4753"}],"version-history":[{"count":0,"href":"https:\/\/patrimoinepotton.org\/index.php?rest_route=\/wp\/v2\/pages\/4753\/revisions"}],"up":[{"embeddable":true,"href":"https:\/\/patrimoinepotton.org\/index.php?rest_route=\/wp\/v2\/pages\/9511"}],"wp:attachment":[{"href":"https:\/\/patrimoinepotton.org\/index.php?rest_route=%2Fwp%2Fv2%2Fmedia&parent=4753"}],"curies":[{"name":"wp","href":"https:\/\/api.w.org\/{rel}","templated":true}]}}