{"id":5593,"date":"2017-08-12T17:00:47","date_gmt":"2017-08-12T21:00:47","guid":{"rendered":"http:\/\/patrimoinepotton.org\/?page_id=5593"},"modified":"2023-04-12T11:45:59","modified_gmt":"2023-04-12T15:45:59","slug":"2017-liste-partielle-des-photos-soumises","status":"publish","type":"page","link":"https:\/\/patrimoinepotton.org\/?page_id=5593","title":{"rendered":"Photos soumises au concours 2017"},"content":{"rendered":"<p style=\"text-align: left;\">L&rsquo;Association du patrimoine&nbsp;de Potton organise \u00e0 chaque ann\u00e9e un concours de photographies et invite la population qui fr\u00e9quente le Festival multiculturel de Potton \u00e0 voter pour choisir trois photos gagnantes.<\/p>\n<p style=\"text-align: center;\">Les photos ci-dessous ont \u00e9t\u00e9 soumises via le site Web<br \/>\nLes quatre premi\u00e8res photos sont celles de nos laur\u00e9ats 2017<br \/>\n[ Cliquez sur les vignettes pour un affichage grand format ]<\/p>\nngg_shortcode_0_placeholder\n","protected":false},"excerpt":{"rendered":"<p>L&rsquo;Association du patrimoine&nbsp;de Potton organise \u00e0 chaque ann\u00e9e un concours de photographies et invite la population qui fr\u00e9quente le Festival multiculturel de Potton \u00e0 voter pour choisir trois photos gagnantes. Les photos ci-dessous ont \u00e9t\u00e9 soumises via le site Web Les quatre premi\u00e8res photos sont celles de nos laur\u00e9ats 2017 [ Cliquez sur les vignettes [&hellip;]<\/p>\n","protected":false},"author":5,"featured_media":0,"parent":1870,"menu_order":17,"comment_status":"closed","ping_status":"closed","template":"","meta":{"ngg_post_thumbnail":0,"_mc_calendar":[],"footnotes":""},"class_list":["post-5593","page","type-page","status-publish","hentry"],"_links":{"self":[{"href":"https:\/\/patrimoinepotton.org\/index.php?rest_route=\/wp\/v2\/pages\/5593","targetHints":{"allow":["GET"]}}],"collection":[{"href":"https:\/\/patrimoinepotton.org\/index.php?rest_route=\/wp\/v2\/pages"}],"about":[{"href":"https:\/\/patrimoinepotton.org\/index.php?rest_route=\/wp\/v2\/types\/page"}],"author":[{"embeddable":true,"href":"https:\/\/patrimoinepotton.org\/index.php?rest_route=\/wp\/v2\/users\/5"}],"replies":[{"embeddable":true,"href":"https:\/\/patrimoinepotton.org\/index.php?rest_route=%2Fwp%2Fv2%2Fcomments&post=5593"}],"version-history":[{"count":0,"href":"https:\/\/patrimoinepotton.org\/index.php?rest_route=\/wp\/v2\/pages\/5593\/revisions"}],"up":[{"embeddable":true,"href":"https:\/\/patrimoinepotton.org\/index.php?rest_route=\/wp\/v2\/pages\/1870"}],"wp:attachment":[{"href":"https:\/\/patrimoinepotton.org\/index.php?rest_route=%2Fwp%2Fv2%2Fmedia&parent=5593"}],"curies":[{"name":"wp","href":"https:\/\/api.w.org\/{rel}","templated":true}]}}