{"id":6469,"date":"2018-02-25T16:40:30","date_gmt":"2018-02-25T21:40:30","guid":{"rendered":"https:\/\/patrimoinepotton.org\/?page_id=6469"},"modified":"2023-04-12T20:21:41","modified_gmt":"2023-04-13T00:21:41","slug":"28e-assemblee-generale-annuelle","status":"publish","type":"page","link":"https:\/\/patrimoinepotton.org\/?page_id=6469","title":{"rendered":"28e Assembl\u00e9e g\u00e9n\u00e9rale annuelle"},"content":{"rendered":"<p style=\"text-align: center;\"><strong>Tous les membres sont convi\u00e9s \u00e0 la<br \/>\n28<sup>e<\/sup> Assembl\u00e9e g\u00e9n\u00e9rale annuelle<br \/>\nde l\u2019Association du patrimoine de Potton,<br \/>\nqui aura lieu<br \/>\nle dimanche 25 mars 2018, \u00e0 10&nbsp;h,<br \/>\n\u00e0 l\u2019h\u00f4tel de ville de Mansonville.<\/strong><\/p>\n<p><em>Jus, caf\u00e9 et biscuits sant\u00e9 seront gracieusement servis \u00e0 compter de 9&nbsp;h&nbsp;15.<\/em><\/p>\n<p><strong>Ordre du jour<\/strong><\/p>\n<ul>\n<li>Ouverture de l\u2019Assembl\u00e9e | Adoption de l\u2019ordre du jour<\/li>\n<li>Adoption du<a href=\"https:\/\/patrimoinepotton.org\/?dl_id=109\"> proc\u00e8s-verbal<\/a> de l\u2019Assembl\u00e9e g\u00e9n\u00e9rale du 26 mars 2017<\/li>\n<li>Rapports 2017 de la pr\u00e9sidente et des administrateurs<\/li>\n<li>Bilan financier et <a href=\"https:\/\/patrimoinepotton.org\/?dl_id=125\">rapport du comptable | 2017<\/a><\/li>\n<li>Pr\u00e9visions budg\u00e9taires 2018<\/li>\n<li>Perspectives 2018<\/li>\n<li>\u00c9lection des administrateurs au conseil d\u2019administration<\/li>\n<li>D\u00e9signation d\u2019une firme comptable<\/li>\n<li>La parole aux membres<\/li>\n<\/ul>\n<p><strong>&nbsp;<\/strong><strong>\u00c9lection des administrateurs <\/strong><\/p>\n<p>Les neuf administrateurs de l\u2019Association sont \u00e9lus pour un terme d\u2019un an.<br \/>\nLes huit (8) candidatures pressenties par le conseil sont&nbsp;: Karsten Baass, Carol Bishop, Chantal Ethier, Robert Joli, Sandra Jewett, Serge Normand, Christian Smeesters et Janine Sourdif.<\/p>\n<p>Des mises en nominations additionnelles appuy\u00e9es par au moins cinq membres de l\u2019Association sont recevables. Les candidatures doivent \u00eatre pos\u00e9es par \u00e9crit et re\u00e7ues par l\u2019Association au moins 10 jours avant le vote \u00e0 l\u2019Assembl\u00e9e g\u00e9n\u00e9rale, soit au plus tard <strong><u>le 15 mars 2018<\/u>. <\/strong><\/p>\n<p><strong>Renouvellement d\u2019adh\u00e9sion <\/strong><\/p>\n<p>Le renouvellement d\u2019adh\u00e9sion pour l\u2019ann\u00e9e 2018 est maintenant d\u00fb. Nous vous invitons \u00e0 retourner promptement le <a href=\"https:\/\/patrimoinepotton.org\/?dl_id=20\">formulaire<\/a> avec votre cotisation ou \u00e0 payer avant le d\u00e9but de l\u2019Assembl\u00e9e du 25 mars prochain. Notez que pour voter \u00e0 l\u2019Assembl\u00e9e g\u00e9n\u00e9rale, vous devez \u00eatre membre en r\u00e8gle de l\u2019Association et pr\u00e9sent lors de sa tenue.<\/p>\n<p>Apr\u00e8s la tenue de l\u2019Assembl\u00e9e, vous \u00eates convi\u00e9s \u00e0 un repas \u00e0 la fortune du pot (<em>potluck<\/em>), vers 12h30. Chacun apporte un plat froid et la boisson de son choix.<br \/>\nJambon, saumon, fromages, th\u00e9 et caf\u00e9 seront gracieusement servis.<br \/>\nVeuillez confirmer votre pr\u00e9sence <strong><u>avant le 15 mars 2018<\/u> | <\/strong><a href=\"https:\/\/patrimoinepotton.org\/?page_id=4467\">R\u00e9servation en ligne<\/a><\/p>\n<p>Chantal \u00c9thier, secr\u00e9taire<br \/>\nLe 1<sup>er<\/sup> mars 2018<\/p>\n<img decoding=\"async\" src=\"https:\/\/patrimoinepotton.org\/blogue\/wp-content\/plugins\/wp-downloadmanager\/images\/ext\/pdf.gif\" alt=\"\" title=\"\" style=\"vertical-align: upper\" \/>&nbsp;&nbsp;<a href=\"https:\/\/patrimoinepotton.org\/?dl_id=126\">AGA 2018 |  Avis de convocation<\/a>&nbsp;&nbsp;<span style=\"font-size: x-small\">{152,3 Ko}<\/span>\n","protected":false},"excerpt":{"rendered":"<p>Tous les membres sont convi\u00e9s \u00e0 la 28e Assembl\u00e9e g\u00e9n\u00e9rale annuelle de l\u2019Association du patrimoine de Potton, qui aura lieu le dimanche 25 mars 2018, \u00e0 10&nbsp;h, \u00e0 l\u2019h\u00f4tel de ville de Mansonville. Jus, caf\u00e9 et biscuits sant\u00e9 seront gracieusement servis \u00e0 compter de 9&nbsp;h&nbsp;15. Ordre du jour Ouverture de l\u2019Assembl\u00e9e | Adoption de l\u2019ordre [&hellip;]<\/p>\n","protected":false},"author":5,"featured_media":0,"parent":4356,"menu_order":18,"comment_status":"closed","ping_status":"closed","template":"","meta":{"ngg_post_thumbnail":0,"_mc_calendar":[],"footnotes":""},"class_list":["post-6469","page","type-page","status-publish","hentry"],"_links":{"self":[{"href":"https:\/\/patrimoinepotton.org\/index.php?rest_route=\/wp\/v2\/pages\/6469","targetHints":{"allow":["GET"]}}],"collection":[{"href":"https:\/\/patrimoinepotton.org\/index.php?rest_route=\/wp\/v2\/pages"}],"about":[{"href":"https:\/\/patrimoinepotton.org\/index.php?rest_route=\/wp\/v2\/types\/page"}],"author":[{"embeddable":true,"href":"https:\/\/patrimoinepotton.org\/index.php?rest_route=\/wp\/v2\/users\/5"}],"replies":[{"embeddable":true,"href":"https:\/\/patrimoinepotton.org\/index.php?rest_route=%2Fwp%2Fv2%2Fcomments&post=6469"}],"version-history":[{"count":0,"href":"https:\/\/patrimoinepotton.org\/index.php?rest_route=\/wp\/v2\/pages\/6469\/revisions"}],"up":[{"embeddable":true,"href":"https:\/\/patrimoinepotton.org\/index.php?rest_route=\/wp\/v2\/pages\/4356"}],"wp:attachment":[{"href":"https:\/\/patrimoinepotton.org\/index.php?rest_route=%2Fwp%2Fv2%2Fmedia&parent=6469"}],"curies":[{"name":"wp","href":"https:\/\/api.w.org\/{rel}","templated":true}]}}