{"id":6487,"date":"2018-03-27T10:51:01","date_gmt":"2018-03-27T14:51:01","guid":{"rendered":"https:\/\/patrimoinepotton.org\/?page_id=6487"},"modified":"2023-04-12T20:34:07","modified_gmt":"2023-04-13T00:34:07","slug":"histoire-potton-history-volume-6-numero-1-printemps-2018","status":"publish","type":"page","link":"https:\/\/patrimoinepotton.org\/?page_id=6487","title":{"rendered":"Histoire Potton History | Volume 6 Num\u00e9ro 1 | Printemps 2018"},"content":{"rendered":"\n<p><a href=\"https:\/\/patrimoinepotton.org\/?page_id=2430\">Histoire Potton<\/a><\/p>\n\n\n<p style=\"text-align: center;\">Revue bilingue | Bilingual Revue<br>En vente | 10 $ | On Sale<br>Magasin Jewett Store | Vale Perkins.<br>Marcel Marcoux | 337, rue Principale | Mansonville<\/p>\n<p style=\"text-align: center;\">Par la poste, faire parvenir vos coordonn\u00e9es et un ch\u00e8que au montant de 15 $ \u00e0 :<br>By mail, please send your address and a cheque for the amount of $ 15 to :<\/p>\n<p style=\"text-align: center;\">Association du patrimoine de Potton<br>C.P. 262 Mansonville (Qu\u00e9bec) J0E 1X0<\/p>\n<p style=\"text-align: center;\"><img decoding=\"async\" src=\"https:\/\/patrimoinepotton.org\/blogue\/wp-content\/plugins\/wp-downloadmanager\/images\/ext\/pdf.gif\" alt=\"\" title=\"\" style=\"vertical-align: upper\" \/>&nbsp;&nbsp;<a href=\"https:\/\/patrimoinepotton.org\/?dl_id=137\">Histoire Potton History Vol 6 No 1 Printemps 2018<\/a>&nbsp;&nbsp;<span style=\"font-size: x-small\">{3,9 Mo}<\/span><\/p>\n<p><img loading=\"lazy\" decoding=\"async\" class=\"aligncenter wp-image-6488 size-full\" src=\"https:\/\/patrimoinepotton.org\/blogue\/wp-content\/uploads\/2018\/03\/HPH_6_1_Titre.jpg\" alt=\"\" width=\"816\" height=\"1056\" srcset=\"https:\/\/patrimoinepotton.org\/blogue\/wp-content\/uploads\/2018\/03\/HPH_6_1_Titre.jpg 816w, https:\/\/patrimoinepotton.org\/blogue\/wp-content\/uploads\/2018\/03\/HPH_6_1_Titre-232x300.jpg 232w, https:\/\/patrimoinepotton.org\/blogue\/wp-content\/uploads\/2018\/03\/HPH_6_1_Titre-768x994.jpg 768w, https:\/\/patrimoinepotton.org\/blogue\/wp-content\/uploads\/2018\/03\/HPH_6_1_Titre-791x1024.jpg 791w\" sizes=\"auto, (max-width: 816px) 100vw, 816px\" \/><img loading=\"lazy\" decoding=\"async\" class=\"aligncenter wp-image-6489 size-full\" src=\"https:\/\/patrimoinepotton.org\/blogue\/wp-content\/uploads\/2018\/03\/HPH_6_1_Sommaire.jpg\" alt=\"\" width=\"816\" height=\"1056\" srcset=\"https:\/\/patrimoinepotton.org\/blogue\/wp-content\/uploads\/2018\/03\/HPH_6_1_Sommaire.jpg 816w, https:\/\/patrimoinepotton.org\/blogue\/wp-content\/uploads\/2018\/03\/HPH_6_1_Sommaire-232x300.jpg 232w, https:\/\/patrimoinepotton.org\/blogue\/wp-content\/uploads\/2018\/03\/HPH_6_1_Sommaire-768x994.jpg 768w, https:\/\/patrimoinepotton.org\/blogue\/wp-content\/uploads\/2018\/03\/HPH_6_1_Sommaire-791x1024.jpg 791w\" sizes=\"auto, (max-width: 816px) 100vw, 816px\" \/><\/p>","protected":false},"excerpt":{"rendered":"<p>Histoire Potton Revue bilingue | Bilingual RevueEn vente | 10 $ | On SaleMagasin Jewett Store | Vale Perkins.Marcel Marcoux | 337, rue Principale | Mansonville Par la poste, faire parvenir vos coordonn\u00e9es et un ch\u00e8que au montant de 15 $ \u00e0 :By mail, please send your address and a cheque for the amount of [&hellip;]<\/p>\n","protected":false},"author":5,"featured_media":0,"parent":2430,"menu_order":18,"comment_status":"closed","ping_status":"closed","template":"","meta":{"ngg_post_thumbnail":0,"_mc_calendar":[],"footnotes":""},"class_list":["post-6487","page","type-page","status-publish","hentry"],"_links":{"self":[{"href":"https:\/\/patrimoinepotton.org\/index.php?rest_route=\/wp\/v2\/pages\/6487","targetHints":{"allow":["GET"]}}],"collection":[{"href":"https:\/\/patrimoinepotton.org\/index.php?rest_route=\/wp\/v2\/pages"}],"about":[{"href":"https:\/\/patrimoinepotton.org\/index.php?rest_route=\/wp\/v2\/types\/page"}],"author":[{"embeddable":true,"href":"https:\/\/patrimoinepotton.org\/index.php?rest_route=\/wp\/v2\/users\/5"}],"replies":[{"embeddable":true,"href":"https:\/\/patrimoinepotton.org\/index.php?rest_route=%2Fwp%2Fv2%2Fcomments&post=6487"}],"version-history":[{"count":0,"href":"https:\/\/patrimoinepotton.org\/index.php?rest_route=\/wp\/v2\/pages\/6487\/revisions"}],"up":[{"embeddable":true,"href":"https:\/\/patrimoinepotton.org\/index.php?rest_route=\/wp\/v2\/pages\/2430"}],"wp:attachment":[{"href":"https:\/\/patrimoinepotton.org\/index.php?rest_route=%2Fwp%2Fv2%2Fmedia&parent=6487"}],"curies":[{"name":"wp","href":"https:\/\/api.w.org\/{rel}","templated":true}]}}