{"id":6534,"date":"2018-07-11T08:00:16","date_gmt":"2018-07-11T12:00:16","guid":{"rendered":"https:\/\/patrimoinepotton.org\/?page_id=6534"},"modified":"2023-04-12T06:48:33","modified_gmt":"2023-04-12T10:48:33","slug":"activites-ete-2018","status":"publish","type":"page","link":"https:\/\/patrimoinepotton.org\/?page_id=6534","title":{"rendered":"Activit\u00e9s | \u00c9t\u00e9 2018"},"content":{"rendered":"<p><span style=\"font-size: 10pt; color: #800000;\">[Mise \u00e0 jour&nbsp;: 15 ao\u00fbt 2018]<\/span><\/p>\n<table>\n<tbody>\n<tr>\n<td style=\"vertical-align: middle;\"><a href=\"https:\/\/patrimoinepotton.org\/?dl_id=132\"><br \/>\n<img decoding=\"async\" class=\"aligncenter\" title=\"T\u00e9l\u00e9charger\" src=\"https:\/\/patrimoinepotton.org\/images\/pdf_54.png\" alt=\"T\u00e9l\u00e9charger\"><\/a><\/td>\n<td style=\"text-align: center; vertical-align: top;\"><strong><span style=\"color: #800000;\">ACTIVIT\u00c9S ESTIVALES 2018<\/span><br \/>\nD\u00e9couvrez notre patrimoine naturel, paysager et b\u00e2ti<br \/>\n<\/strong><\/td>\n<td style=\"text-align: center; vertical-align: middle;\">[print_link]<\/td>\n<\/tr>\n<\/tbody>\n<\/table>\n<p><strong><span style=\"color: #800000;\"><img decoding=\"async\" class=\"alignleft\" src=\"https:\/\/patrimoinepotton.org\/images\/marche_2.png\" alt=\"mont\">Samedi 2 juin, 13h30<\/span><\/strong><\/p>\n<p style=\"text-align: justify;\">Randonn\u00e9e sur chemin du Monast\u00e8re \u00e0 partir du chemin de l\u2019A\u00e9roport jusqu\u2019au monast\u00e8re russe. Visite guid\u00e9 du monast\u00e8re et du cimeti\u00e8re. Le d\u00e9pliant <a href=\"https:\/\/www.patrimoinepotton.org\/?dl_id=13\">Monast\u00e8re russe<\/a> et la brochure <a href=\"https:\/\/www.patrimoinepotton.org\/?dl_id=133\">Cimeti\u00e8res de Potton<\/a> d\u00e9crivent en partie ces lieux. Rencontre \u00e0 <a href=\"https:\/\/www.google.com\/maps?q=45.02616,%20-72.40873\">l\u2019intersection chemin du Monast\u00e8re et chemin de l\u2019A\u00e9roport<\/a>. Vous pouvez \u00e9viter la marche en vous rendant directement au monast\u00e8re pour 14h. Un BBQ suivra chez Carol, au 52 Hilmar-Krausser. Co\u00fbt : 10 $; apportez la boisson de votre choix. R\u00e9servations : Carol 450-292-4844 avant le 26 mai.<\/p>\n<p><strong><span style=\"color: #800000;\"><img decoding=\"async\" class=\"alignleft\" src=\"https:\/\/patrimoinepotton.org\/images\/marche_2.png\" alt=\"mont\">Samedi 16 juin, 10h<\/span><\/strong><br \/>\nRandonn\u00e9e sur le chemin White; rencontre au coin du chemin Westhill. &nbsp;John White nous parlera de ses anc\u00eatres, pionniers qui se sont install\u00e9s dans cette r\u00e9gion. Suivra une visite au march\u00e9 public de Mansonville et un lunch au Bistro Chouette.<\/p>\n<p><strong><span style=\"color: #800000;\"><img decoding=\"async\" class=\"alignleft\" src=\"https:\/\/patrimoinepotton.org\/images\/patrimoine.png\" alt=\"mont\">Samedi 22 juin, 17h<br \/>\n<\/span><\/strong><\/p>\n<p style=\"text-align: center;\">Vernissage de l\u2019exposition <em>Le patrimoine de Potton \u00e0 travers nos expositions<br \/>\n<\/em>\u00c0 la <a href=\"https:\/\/www.google.com\/maps?q=45.051901,%20-72.392305\">salle communautaire<\/a> de l\u2019\u00e9glise anglicane de Mansonville<\/p>\n<p style=\"text-align: center;\"><a name=\"C\"><\/a><strong><span style=\"color: #800000;\">Les samedis du 24 juin au 2 septembre, 10h \u2013 15h | Exposition |&nbsp; <a href=\"https:\/\/patrimoinepotton.org\/?page_id=5960\">Voir l\u2019affiche<\/a><br \/>\n<\/span><\/strong><\/p>\n<p style=\"text-align: center;\"><strong>Le patrimoine de Potton \u00e0 travers nos expositions<br \/>\n<\/strong>Salle communautaire \u2013 \u00c9glise anglicane de Mansonville<br \/>\n[Entr\u00e9e libre]<\/p>\n<p><a id=\"proche\"><\/a><strong><span style=\"color: #800000;\"><img decoding=\"async\" class=\"alignleft\" src=\"https:\/\/patrimoinepotton.org\/images\/festival.png\" alt=\"eau\">Samedi 11 ao\u00fbt<\/span><\/strong><\/p>\n<p style=\"text-align: left;\">Visitez notre kiosque au Festival annuel de Potton.<\/p>\n<p style=\"text-align: center;\">Participez au concours de photographie&nbsp;:<br \/>\n<em>L&rsquo;eau \u00e0 Potton.<br \/>\n<\/em><a href=\"https:\/\/patrimoinepotton.org\/?page_id=6509\">Consulter les r\u00e8glements du concours sur le site Web<\/a>.<\/p>\n<p><strong><span style=\"color: #800000;\"><img decoding=\"async\" class=\"alignleft\" src=\"https:\/\/patrimoinepotton.org\/images\/shore.png\" alt=\"eau\"><del>Samedi 18 ao\u00fbt<\/del>, Dimanche 19 ao\u00fbt, 10 h<\/span><\/strong><\/p>\n<p style=\"text-align: justify;\">Une journ\u00e9e au bord de l\u2019\u00e9tang ou de la piscine chez Th\u00e9r\u00e8se et Jean-Louis au <a href=\"https:\/\/www.google.com\/maps?q=45.09897,%20-72.36195\">70 chemin Schoolcraft<\/a>. Randonn\u00e9e possible dans le sous-bois; apportez un contenant si vous souhaitez cueillir des champignons. Apportez pique-nique, chaise et maillot. Nos h\u00f4tes vous proposent de faire un don \u00e0 l\u2019Association du patrimoine de Potton. R\u00e9servations&nbsp;: Janine Sourdif&nbsp; 450-292-3780.<\/p>\n<p><a name=\"F\"><\/a><strong><span style=\"color: #800000;\"><img decoding=\"async\" class=\"alignleft\" src=\"https:\/\/patrimoinepotton.org\/images\/shore.png\" alt=\"eau\">Samedi 1<sup>er<\/sup> septembre, 13 h<\/span><\/strong><\/p>\n<p style=\"text-align: justify;\">Notre rendez-vous annuel toujours populaire : l\u2019\u00e9pluchette de bl\u00e9 d\u2019Inde \u00e0 la plage, pr\u00e8s du quai de <a href=\"https:\/\/www.google.com\/maps?q=45.09194, -72.2944\">Vale Perkins<\/a>. Apportez un plat d\u2019accompagnement (salade ou dessert), votre couvert et votre boisson pr\u00e9f\u00e9r\u00e9e. <strong><u>R\u00e9servations n\u00e9cessaires pour coordonner le menu<\/u><\/strong> : Janine Sourdif&nbsp; 450-292-3780. Dur\u00e9e de 3&nbsp;heures.<\/p>\n<p><strong><span style=\"color: #800000;\"><img decoding=\"async\" class=\"alignleft\" src=\"https:\/\/patrimoinepotton.org\/images\/marche_2.png\" alt=\"marche\">Samedi 13 octobre, 10 h<br \/>\n<\/span><\/strong><\/p>\n<p style=\"text-align: justify;\">Louise Gratton, \u00e9cologiste, &nbsp;animera une marche en for\u00eat et nous parlera du rayonnement des arbres dans l\u2019air ambiant, un baume pour notre corps et notre esprit. Rencontre chez B\u00e9atrice et Karsten, au &nbsp;<a href=\"https:\/\/www.google.com\/maps?q=45.0422549,-72.3670337\">418 chemin de Leadville<\/a>. Apportez piquenique et boisson de votre choix.<br \/>\nR\u00e9servations : Carol &nbsp;450-292-4844.<\/p>\n<hr>\n<p><strong>Remarques<br \/>\nLes excursions sont gratuites pour les membres de l\u2019Association,<br \/>\n<span style=\"text-decoration: underline;\">mais il y a des frais de 5 $ pour les non-membres<\/span>.<\/strong><\/p>\n<table style=\"border: 0px;\">\n<tbody>\n<tr>\n<td style=\"border: 0px;\"><img decoding=\"async\" class=\"alignleft\" src=\"https:\/\/patrimoinepotton.org\/images\/info_v.png\" alt=\"info_v\">Pour tout renseignement<br \/>\nsuppl\u00e9mentaire :<\/td>\n<td style=\"border: 0px;\">\n<ul>\n<li><strong>Carol Bishop : 450-292-4844<\/strong><\/li>\n<li><strong> Janine Sourdif : 450-292-3780<\/strong><\/li>\n<li><a href=\"mailto:info@patrimoinepotton.org\">info@patrimoinepotton.org<\/a><\/li>\n<\/ul>\n<\/td>\n<\/tr>\n<\/tbody>\n<\/table>\n<table>\n<tbody>\n<tr>\n<td style=\"vertical-align: middle;\"><a href=\"https:\/\/www.google.com\/maps\/d\/viewer?mid=1Hj_qrnQwxKuB84Dw5SjfTLavuwk&amp;usp=sharing\"><br \/>\n<img decoding=\"async\" class=\"aligncenter\" title=\"Carte\" src=\"https:\/\/patrimoinepotton.org\/images\/g_map_70.png\" alt=\"Carte\"><\/a><\/td>\n<td style=\"text-align: center; vertical-align: top;\"><strong><span style=\"color: #800000;\">ACTIVIT\u00c9S ESTIVALES 2018<\/span><br \/>\nD\u00e9couvrez notre patrimoine naturel, paysager et b\u00e2ti<br \/>\n<\/strong><\/td>\n<td style=\"text-align: center; vertical-align: middle;\"><a href=\"https:\/\/www.patrimoinepotton.org\/?page_id=120\"><br \/>\n<img decoding=\"async\" class=\"aligncenter\" title=\"Calendrier\" src=\"https:\/\/patrimoinepotton.org\/images\/g_cal_70.png\" alt=\"Calendrier\"><\/a><\/td>\n<\/tr>\n<\/tbody>\n<\/table>\n","protected":false},"excerpt":{"rendered":"<p>[Mise \u00e0 jour&nbsp;: 15 ao\u00fbt 2018] ACTIVIT\u00c9S ESTIVALES 2018 D\u00e9couvrez notre patrimoine naturel, paysager et b\u00e2ti [print_link] Samedi 2 juin, 13h30 Randonn\u00e9e sur chemin du Monast\u00e8re \u00e0 partir du chemin de l\u2019A\u00e9roport jusqu\u2019au monast\u00e8re russe. Visite guid\u00e9 du monast\u00e8re et du cimeti\u00e8re. Le d\u00e9pliant Monast\u00e8re russe et la brochure Cimeti\u00e8res de Potton d\u00e9crivent en partie [&hellip;]<\/p>\n","protected":false},"author":5,"featured_media":0,"parent":329,"menu_order":9,"comment_status":"closed","ping_status":"closed","template":"","meta":{"ngg_post_thumbnail":0,"_mc_calendar":[],"footnotes":""},"class_list":["post-6534","page","type-page","status-publish","hentry"],"_links":{"self":[{"href":"https:\/\/patrimoinepotton.org\/index.php?rest_route=\/wp\/v2\/pages\/6534","targetHints":{"allow":["GET"]}}],"collection":[{"href":"https:\/\/patrimoinepotton.org\/index.php?rest_route=\/wp\/v2\/pages"}],"about":[{"href":"https:\/\/patrimoinepotton.org\/index.php?rest_route=\/wp\/v2\/types\/page"}],"author":[{"embeddable":true,"href":"https:\/\/patrimoinepotton.org\/index.php?rest_route=\/wp\/v2\/users\/5"}],"replies":[{"embeddable":true,"href":"https:\/\/patrimoinepotton.org\/index.php?rest_route=%2Fwp%2Fv2%2Fcomments&post=6534"}],"version-history":[{"count":0,"href":"https:\/\/patrimoinepotton.org\/index.php?rest_route=\/wp\/v2\/pages\/6534\/revisions"}],"up":[{"embeddable":true,"href":"https:\/\/patrimoinepotton.org\/index.php?rest_route=\/wp\/v2\/pages\/329"}],"wp:attachment":[{"href":"https:\/\/patrimoinepotton.org\/index.php?rest_route=%2Fwp%2Fv2%2Fmedia&parent=6534"}],"curies":[{"name":"wp","href":"https:\/\/api.w.org\/{rel}","templated":true}]}}