{"id":6564,"date":"2018-05-21T21:49:49","date_gmt":"2018-05-22T01:49:49","guid":{"rendered":"https:\/\/patrimoinepotton.org\/?page_id=6564"},"modified":"2024-02-23T09:52:08","modified_gmt":"2024-02-23T14:52:08","slug":"politique-de-confidentialite","status":"publish","type":"page","link":"https:\/\/patrimoinepotton.org\/?page_id=6564","title":{"rendered":"Politique de confidentialit\u00e9"},"content":{"rendered":"\n<h5 class=\"wp-block-heading has-medium-font-size\" style=\"text-transform:capitalize\">Qui sommes-nous&nbsp;?<\/h5>\n\n\n\n<p>L&rsquo;Association du patrimoine de Potton est un organisme sans but lucratif qui vise \u00e0 faire conna\u00eetre le patrimoine du canton de Potton.<\/p>\n\n\n\n<p>L\u2019adresse de notre site Web est&nbsp;: https:\/\/patrimoinepotton.org<\/p>\n\n\n\n<h5 class=\"wp-block-heading\" style=\"text-transform:none\">Utilisation des donn\u00e9es personnelles collect\u00e9es<\/h5>\n\n\n\n<h5 class=\"wp-block-heading\" style=\"text-transform:none\">Commentaires<\/h5>\n\n\n\n<p>Notre site web n&rsquo;accepte pas d&rsquo;inscription et n&rsquo;autorise pas les commentaires aux articles publi\u00e9s.<\/p>\n\n\n\n<h5 class=\"wp-block-heading\" style=\"text-transform:none\">Formulaires de contact<\/h5>\n\n\n\n<p>Nous utilisons \u00e0 l&rsquo;occasion un formulaire de contact pour enregistrer votre r\u00e9servation \u00e0 l&rsquo;une ou l&rsquo;autre de nos activit\u00e9s. Dans ce cas, votre nom et votre adresse courriel nous seront transmis. Ces informations seront d\u00e9truites une fois l&rsquo;activit\u00e9 termin\u00e9e.<\/p>\n\n\n\n<h5 class=\"wp-block-heading\" style=\"text-transform:none\">Cookies<\/h5>\n\n\n\n<p>Nous ne recueillons pas de cookies.<\/p>\n\n\n\n<h5 class=\"wp-block-heading\" style=\"text-transform:none\">R\u00e9seaux sociaux<\/h5>\n\n\n\n<p>L&rsquo;Association du patrimoine de Potton administre un groupe priv\u00e9 Facebook qui sert de plateforme de discussion communautaire. Cette plateforme permet aux membres d\u2019interagir entre eux et avec l&rsquo;Association, et facilite le partage des articles, photos et vid\u00e9os ainsi que la promotion des activit\u00e9s de l&rsquo;Association. Toutefois, les contenus ne sont pas synchronis\u00e9s entre le groupe Facebook et ce site Web, qui n\u2019entretient pas de lien direct avec d&rsquo;autres r\u00e9seaux sociaux. Des usagers peuvent toutefois consulter le site Web via ces portails et en partager le contenu. Si vous acc\u00e9dez \u00e0 ce site selon cette modalit\u00e9, les permissions associ\u00e9es \u00e0 votre compte s\u2019appliqueront.<\/p>\n\n\n\n<h5 class=\"wp-block-heading\" style=\"text-transform:none\">Contenu embarqu\u00e9 depuis d\u2019autres sites<\/h5>\n\n\n\n<p>Les articles de ce site peuvent inclure des contenus int\u00e9gr\u00e9s (par exemple des vid\u00e9os, images, articles\u2026). Le contenu int\u00e9gr\u00e9 depuis d\u2019autres sites se comporte de la m\u00eame mani\u00e8re que si le visiteur se rendait sur cet autre site.<\/p>\n\n\n\n<p>Ces sites web pourraient collecter des donn\u00e9es sur vous, utiliser des cookies, embarquer des outils de suivi tiers, suivre vos interactions avec ces contenus embarqu\u00e9s si vous disposez d\u2019un compte connect\u00e9 sur leur site web.<\/p>\n\n\n\n<p>Ce site utilise les modules de g\u00e9olocalisation et d\u2019agenda produits par Google. Si vous d\u00e9tenez un compte chez ce tiers, et copiez ces liens dans votre profil personnel, les permissions associ\u00e9es \u00e0 votre compte s\u2019appliqueront.<\/p>\n\n\n\n<h5 class=\"wp-block-heading\" style=\"text-transform:none\">Statistiques et mesures d\u2019audience<\/h5>\n\n\n\n<p>Votre adresse IP peut \u00eatre enregistr\u00e9e si nous activons un module de statistiques de fr\u00e9quentation.<\/p>\n\n\n\n<p><strong>Association du patrimoine de Potton | Conseil d\u2019administration<\/strong><br><strong>Mai 2018<\/strong> | <strong>Juillet 2023<\/strong><\/p>\n","protected":false},"excerpt":{"rendered":"<p>Qui sommes-nous&nbsp;? L&rsquo;Association du patrimoine de Potton est un organisme sans but lucratif qui vise \u00e0 faire conna\u00eetre le patrimoine du canton de Potton. L\u2019adresse de notre site Web est&nbsp;: https:\/\/patrimoinepotton.org Utilisation des donn\u00e9es personnelles collect\u00e9es Commentaires Notre site web n&rsquo;accepte pas d&rsquo;inscription et n&rsquo;autorise pas les commentaires aux articles publi\u00e9s. Formulaires de contact Nous [&hellip;]<\/p>\n","protected":false},"author":5,"featured_media":0,"parent":9273,"menu_order":0,"comment_status":"closed","ping_status":"closed","template":"","meta":{"ngg_post_thumbnail":0,"_mc_calendar":[],"footnotes":""},"class_list":["post-6564","page","type-page","status-publish","hentry"],"_links":{"self":[{"href":"https:\/\/patrimoinepotton.org\/index.php?rest_route=\/wp\/v2\/pages\/6564","targetHints":{"allow":["GET"]}}],"collection":[{"href":"https:\/\/patrimoinepotton.org\/index.php?rest_route=\/wp\/v2\/pages"}],"about":[{"href":"https:\/\/patrimoinepotton.org\/index.php?rest_route=\/wp\/v2\/types\/page"}],"author":[{"embeddable":true,"href":"https:\/\/patrimoinepotton.org\/index.php?rest_route=\/wp\/v2\/users\/5"}],"replies":[{"embeddable":true,"href":"https:\/\/patrimoinepotton.org\/index.php?rest_route=%2Fwp%2Fv2%2Fcomments&post=6564"}],"version-history":[{"count":0,"href":"https:\/\/patrimoinepotton.org\/index.php?rest_route=\/wp\/v2\/pages\/6564\/revisions"}],"up":[{"embeddable":true,"href":"https:\/\/patrimoinepotton.org\/index.php?rest_route=\/wp\/v2\/pages\/9273"}],"wp:attachment":[{"href":"https:\/\/patrimoinepotton.org\/index.php?rest_route=%2Fwp%2Fv2%2Fmedia&parent=6564"}],"curies":[{"name":"wp","href":"https:\/\/api.w.org\/{rel}","templated":true}]}}