{"id":6836,"date":"2018-08-14T14:00:56","date_gmt":"2018-08-14T18:00:56","guid":{"rendered":"https:\/\/patrimoinepotton.org\/?page_id=6836"},"modified":"2023-08-25T16:18:47","modified_gmt":"2023-08-25T20:18:47","slug":"toponymie-canton-de-potton","status":"publish","type":"page","link":"https:\/\/patrimoinepotton.org\/?page_id=6836","title":{"rendered":"Toponymie | Canton de Potton"},"content":{"rendered":"\n<ul class=\"wp-block-list\">\n<li>La premi\u00e8re version du <em>R\u00e9pertoire toponymique de Potton<\/em> a \u00e9t\u00e9 r\u00e9dig\u00e9e par Jean-Louis Bertrand en 2009; l&rsquo;imprim\u00e9 de cette version est \u00e9puis\u00e9.<\/li>\n\n\n\n<li>En 2013, Sandra Jewett a traduit en langue anglaise ce r\u00e9pertoire en y ajoutant des notes biographiques et historiques compl\u00e9mentaires sous le titre de <em>Place Names of Potton and More<\/em>.<\/li>\n\n\n\n<li>La version sauvegard\u00e9e dans la Biblioth\u00e8que num\u00e9rique comporte maintenant des donn\u00e9es de g\u00e9olocalisation.<\/li>\n<\/ul>\n\n\n\n<figure class=\"wp-block-image aligncenter size-large\"><a href=\"https:\/\/patrimoinepotton.org\/appnum\/s\/PNP\"><img loading=\"lazy\" decoding=\"async\" width=\"1024\" height=\"273\" src=\"https:\/\/patrimoinepotton.org\/blogue\/wp-content\/uploads\/2019\/10\/R_PNP-1024x273.jpg\" alt=\"\" class=\"wp-image-7881\" srcset=\"https:\/\/patrimoinepotton.org\/blogue\/wp-content\/uploads\/2019\/10\/R_PNP.jpg 1024w, https:\/\/patrimoinepotton.org\/blogue\/wp-content\/uploads\/2019\/10\/R_PNP-300x80.jpg 300w, https:\/\/patrimoinepotton.org\/blogue\/wp-content\/uploads\/2019\/10\/R_PNP-768x205.jpg 768w\" sizes=\"auto, (max-width: 1024px) 100vw, 1024px\" \/><\/a><figcaption class=\"wp-element-caption\"><em>Cliquez sur l&rsquo;image pour acc\u00e9der au site.<\/em><\/figcaption><\/figure>\n","protected":false},"excerpt":{"rendered":"","protected":false},"author":5,"featured_media":0,"parent":427,"menu_order":18,"comment_status":"closed","ping_status":"closed","template":"","meta":{"ngg_post_thumbnail":0,"_mc_calendar":[],"footnotes":""},"class_list":["post-6836","page","type-page","status-publish","hentry"],"_links":{"self":[{"href":"https:\/\/patrimoinepotton.org\/index.php?rest_route=\/wp\/v2\/pages\/6836","targetHints":{"allow":["GET"]}}],"collection":[{"href":"https:\/\/patrimoinepotton.org\/index.php?rest_route=\/wp\/v2\/pages"}],"about":[{"href":"https:\/\/patrimoinepotton.org\/index.php?rest_route=\/wp\/v2\/types\/page"}],"author":[{"embeddable":true,"href":"https:\/\/patrimoinepotton.org\/index.php?rest_route=\/wp\/v2\/users\/5"}],"replies":[{"embeddable":true,"href":"https:\/\/patrimoinepotton.org\/index.php?rest_route=%2Fwp%2Fv2%2Fcomments&post=6836"}],"version-history":[{"count":0,"href":"https:\/\/patrimoinepotton.org\/index.php?rest_route=\/wp\/v2\/pages\/6836\/revisions"}],"up":[{"embeddable":true,"href":"https:\/\/patrimoinepotton.org\/index.php?rest_route=\/wp\/v2\/pages\/427"}],"wp:attachment":[{"href":"https:\/\/patrimoinepotton.org\/index.php?rest_route=%2Fwp%2Fv2%2Fmedia&parent=6836"}],"curies":[{"name":"wp","href":"https:\/\/api.w.org\/{rel}","templated":true}]}}