{"id":6914,"date":"2018-09-07T07:12:50","date_gmt":"2018-09-07T11:12:50","guid":{"rendered":"https:\/\/patrimoinepotton.org\/?page_id=6914"},"modified":"2023-04-12T21:01:27","modified_gmt":"2023-04-13T01:01:27","slug":"politique-concernant-le-bottin-des-membres","status":"publish","type":"page","link":"https:\/\/patrimoinepotton.org\/?page_id=6914","title":{"rendered":"Politique concernant le bottin des membres"},"content":{"rendered":"<p style=\"text-align: center;\"><em><strong>Extrait de<\/strong><\/em><br \/>\n<em><strong>Refonte des Politiques de l\u2019Association du patrimoine de Potton<br \/>\nMise \u00e0 jour 10 mai 2016 <\/strong><\/em><\/p>\n<p>La pr\u00e9sente politique s\u2019adresse aux organismes, associations ou personnes qui sollicitent l\u2019Association pour diffuser leurs messages \u00e0 ses membres.<\/p>\n<p>La liste d\u2019adresses courriels de l\u2019Association est confidentielle. Elle ne peut en aucun cas \u00eatre transmise \u00e0 un autre organisme ou association ou encore \u00e0 une personne. Seul les administrateurs sont autoris\u00e9s \u00e0 l\u2019utiliser.<\/p>\n<p>Conditions<\/p>\n<p>Les courriels achemin\u00e9s aux membres de l\u2019Association doivent r\u00e9pondre aux crit\u00e8res suivants&nbsp;:<\/p>\n<p>L\u2019objet du message doit porter sur :<\/p>\n<ul>\n<li>la mission, les projets, les activit\u00e9s et \u00e9v\u00e9nements de l\u2019Association;<\/li>\n<li>une activit\u00e9 ou un \u00e9v\u00e9nement d\u2019int\u00e9r\u00eat historique, arch\u00e9ologique ou patrimonial propre au canton de Potton;<\/li>\n<li>une activit\u00e9 ou un \u00e9v\u00e9nement d\u2019int\u00e9r\u00eat historique, arch\u00e9ologique ou patrimonial de caract\u00e8re r\u00e9gional ou national;<\/li>\n<li>une activit\u00e9 ou un \u00e9v\u00e9nement d\u2019une organisation dont l\u2019Association est membre d\u2019office ou associ\u00e9e, comme le Comit\u00e9 culturel et patrimonial de Potton, le Groupe b\u00e9n\u00e9vole municipal de Potton, la F\u00e9d\u00e9ration des Soci\u00e9t\u00e9s d\u2019Histoire du Qu\u00e9bec, les Townshippers ou encore d\u2019un \u00e9v\u00e9nement auquel l\u2019Association participe comme le Festival multiculturel de Potton, les Journ\u00e9es de la culture et du patrimoine ou le Festival de plein air d\u2019automne d\u2019Owl\u2019s Head.<\/li>\n<\/ul>\n<p>Le contenu doit respecter l\u2019\u00e9thique, \u00eatre authentifi\u00e9, comporter au besoin la ou les sources et \u00eatre disponible, si possible, en fran\u00e7ais et en anglais et \u00eatre approuv\u00e9 par le Conseil.<\/p>\n<p>Pour acheminer un courriel aux membres de l\u2019Association, il faut en faire la demande aupr\u00e8s du Conseil par l\u2019interm\u00e9diaire de l\u2019un de ses administrateurs.<\/p>\n<p>La diffusion d\u2019un courriel \u00e0 ses membres est un privil\u00e8ge consenti par l\u2019Association, qui se r\u00e9serve le droit de ne pas diffuser le message transmis.<\/p>\n<p>Le webmestre et le secr\u00e9taire sont responsables de l\u2019application de la pr\u00e9sente politique.<\/p>\n","protected":false},"excerpt":{"rendered":"<p>Extrait de Refonte des Politiques de l\u2019Association du patrimoine de Potton Mise \u00e0 jour 10 mai 2016 La pr\u00e9sente politique s\u2019adresse aux organismes, associations ou personnes qui sollicitent l\u2019Association pour diffuser leurs messages \u00e0 ses membres. La liste d\u2019adresses courriels de l\u2019Association est confidentielle. Elle ne peut en aucun cas \u00eatre transmise \u00e0 un autre [&hellip;]<\/p>\n","protected":false},"author":5,"featured_media":0,"parent":288,"menu_order":18,"comment_status":"closed","ping_status":"closed","template":"","meta":{"ngg_post_thumbnail":0,"_mc_calendar":[],"footnotes":""},"class_list":["post-6914","page","type-page","status-publish","hentry"],"_links":{"self":[{"href":"https:\/\/patrimoinepotton.org\/index.php?rest_route=\/wp\/v2\/pages\/6914","targetHints":{"allow":["GET"]}}],"collection":[{"href":"https:\/\/patrimoinepotton.org\/index.php?rest_route=\/wp\/v2\/pages"}],"about":[{"href":"https:\/\/patrimoinepotton.org\/index.php?rest_route=\/wp\/v2\/types\/page"}],"author":[{"embeddable":true,"href":"https:\/\/patrimoinepotton.org\/index.php?rest_route=\/wp\/v2\/users\/5"}],"replies":[{"embeddable":true,"href":"https:\/\/patrimoinepotton.org\/index.php?rest_route=%2Fwp%2Fv2%2Fcomments&post=6914"}],"version-history":[{"count":0,"href":"https:\/\/patrimoinepotton.org\/index.php?rest_route=\/wp\/v2\/pages\/6914\/revisions"}],"up":[{"embeddable":true,"href":"https:\/\/patrimoinepotton.org\/index.php?rest_route=\/wp\/v2\/pages\/288"}],"wp:attachment":[{"href":"https:\/\/patrimoinepotton.org\/index.php?rest_route=%2Fwp%2Fv2%2Fmedia&parent=6914"}],"curies":[{"name":"wp","href":"https:\/\/api.w.org\/{rel}","templated":true}]}}