{"id":7690,"date":"2019-06-18T08:17:56","date_gmt":"2019-06-18T12:17:56","guid":{"rendered":"https:\/\/patrimoinepotton.org\/?page_id=7690"},"modified":"2023-04-12T11:50:29","modified_gmt":"2023-04-12T15:50:29","slug":"concours-photo-2019","status":"publish","type":"page","link":"https:\/\/patrimoinepotton.org\/?page_id=7690","title":{"rendered":"Concours photo 2019"},"content":{"rendered":"<table style=\"width: 100%; border-collapse: collapse; border-style: hidden; height: 476px;\" border=\"0\">\n<tbody>\n<tr style=\"height: 28px;\">\n<td style=\"width: 100%; border-style: hidden; background-color: #d9d9d9; text-align: center; vertical-align: middle; height: 28px;\"><span style=\"color: #800000;\"><strong>Concours de photographie | 2019<\/strong><\/span><\/td>\n<\/tr>\n<tr style=\"height: 84px;\">\n<td style=\"width: 100%; vertical-align: middle; text-align: center; height: 84px;\">Le concours de photographie de l\u2019Association du patrimoine de Potton<br \/>\nse tient \u00e0 l\u2019occasion du <em>Festival de l\u2019esprit de Potton<\/em><br \/>\nqui se d\u00e9roulera les 9 et 10 ao\u00fbt<strong><br \/>\n<\/strong><\/td>\n<\/tr>\n<tr style=\"height: 56px;\">\n<td style=\"width: 100%; border-style: hidden; background-color: #d9d9d9; text-align: center; vertical-align: middle; height: 56px;\"><strong>Th\u00e8me retenu pour l\u2019\u00e9dition 2019<br \/>\n<span style=\"color: #800000;\">C\u00e9l\u00e9brons Owl\u2019s Head<\/span><\/strong><\/td>\n<\/tr>\n<tr style=\"height: 308px;\">\n<td style=\"width: 100%; height: 308px;\">Les candidats ont le choix entre deux possibilit\u00e9s :<\/p>\n<p style=\"padding-left: 40px;\"><strong>1)&nbsp; photographier des aspects int\u00e9ressants de la montagne, de la station de ski,<br \/>\n&nbsp;&nbsp;&nbsp;&nbsp;&nbsp; du terrain de golf ou de la marina;<\/strong><br \/>\n<strong>2)&nbsp; pour ceux qui le peuvent, pr\u00e9senter des photos personnelles<br \/>\n&nbsp;&nbsp;&nbsp;&nbsp;&nbsp;&nbsp; illustrant ce que fut Owl\u2019s Head dans le pass\u00e9.<\/strong><\/p>\n<p>Nota Bene :<br \/>\nAucune personne, enfant ou adulte, ne doit appara\u00eetre de fa\u00e7on telle qu\u2019on puisse l\u2019identifier sur les photos \u00e9tant donn\u00e9 leur publication en public et sur notre site web.<\/td>\n<\/tr>\n<\/tbody>\n<\/table>\n<hr style=\"border-style: outset; border-width: 3px;\">\n<p style=\"text-align: center;\"><strong>Politique adopt\u00e9e par le CA de l\u2019Association<br \/>\n17 juin 2019<br \/>\n<\/strong><\/p>\n<hr style=\"border-style: inset; border-width: 3px;\">\n<ul>\n<li style=\"text-align: justify;\">Le concours est ouvert \u00e0 tous, habitant ou non le canton de Potton. Les membres du conseil d\u2019administration de l\u2019Association du patrimoine, leurs conjoints et leurs enfants peuvent participer, vu la valeur symbolique des prix.<\/li>\n<li style=\"text-align: justify;\">Les photos doivent avoir \u00e9t\u00e9 prises dans le canton de Potton.<\/li>\n<li style=\"text-align: justify;\">Un candidat ne peut soumettre qu\u2019un maximum de cinq (5) photos, en format imprim\u00e9, num\u00e9rot\u00e9es de 1 \u00e0 5, car l\u2019espace pour la pr\u00e9sentation des \u0153uvres \u00e9tant limit\u00e9, l\u2019Association se r\u00e9serve le droit de r\u00e9duire le nombre d\u2019\u0153uvres expos\u00e9es par chaque participant.<\/li>\n<li style=\"text-align: justify;\"><strong>Les photos doivent \u00eatre imprim\u00e9es sur papier photo<\/strong> et remises dans un format de 8\u2019\u2019 x 10\u2019\u2019 ou<br \/>\nde 8\u2019\u2019 x 12\u2019\u2019; elles peuvent \u00eatre en couleur ou en noir et blanc.<\/li>\n<li style=\"text-align: justify;\">Au dos de chaque photo, le candidat doit inscrire \u00e0 quel endroit la photo a \u00e9t\u00e9 prise et, si possible pour les photos anciennes, la date approximative. Le candidat indiquera \u00e9galement ses nom, num\u00e9ro de t\u00e9l\u00e9phone, courriel et adresse postale.<\/li>\n<li style=\"text-align: justify;\">Aux fins du concours , toutes les photos , en format imprim\u00e9, doivent \u00eatre post\u00e9es \u00e0 l\u2019Association du patrimoine de Potton, CP 262, MANSONVILLE QC J0E 1X0 ou remises \u00e0 Robert Joli, 282, chemin de Leadville, Potton. [450-292-0569] au plus tard une (1) semaine avant le festival, <strong>date d\u2019\u00e9ch\u00e9ance respect\u00e9e, soit le 2 ao\u00fbt 2019<\/strong>.<\/li>\n<li style=\"text-align: justify;\">Les photos imprim\u00e9es peuvent \u00eatre r\u00e9cup\u00e9r\u00e9es apr\u00e8s le concours sur simple demande \u00e0 Robert Joli.<\/li>\n<li style=\"text-align: justify;\">L\u2019Association souhaite recevoir, si possible, les photos num\u00e9ris\u00e9es au format JPG et ne d\u00e9passant pas<br \/>\n2 Mo, afin de les publier sur son site Web.<\/li>\n<li style=\"text-align: justify;\">Ces photos doivent \u00eatre transmises \u00e0 l\u2019adresse courriel suivante&nbsp;:<br \/>\n[ <a href=\"mailto:concoursphoto@patrimoinepotton.org\">concoursphoto@patrimoinepotton.org<\/a> ]. Veuillez noter cependant que pour participer au concours vous devez soumettre les photos en format imprim\u00e9, le format num\u00e9rique \u00e9tant facultatif.<\/li>\n<li style=\"text-align: justify;\">Le public du festival choisit par vote secret les trois (3) photos gagnantes.<\/li>\n<li style=\"text-align: justify;\">Les gagnants verront leur photo lamin\u00e9e gratuitement en vue d\u2019une exposition \u00e0 l\u2019automne 2019 \u00e0 la biblioth\u00e8que municipale.<\/li>\n<li style=\"text-align: justify;\">En soumettant une photographie au concours, le candidat autorise automatiquement l\u2019Association&nbsp; du patrimoine de Potton \u00e0 l\u2019utiliser pour son site web, ses publications et ses expositions \u00e0 condition que l\u2019auteur de la photo soit clairement identifi\u00e9.&nbsp; Aucune r\u00e9mun\u00e9ration ne sera vers\u00e9e \u00e0 l\u2019auteur pour une telle utilisation.<\/li>\n<\/ul>\n<p>Association du patrimoine de Potton, le 17 juin 2019<\/p>\n<table>\n<tbody>\n<tr>\n<td>[print_link]<\/td>\n<td style=\"text-align: right;\"><img decoding=\"async\" src=\"https:\/\/patrimoinepotton.org\/blogue\/wp-content\/plugins\/wp-downloadmanager\/images\/ext\/pdf.gif\" alt=\"\" title=\"\" style=\"vertical-align: upper\" \/>&nbsp;&nbsp;<a href=\"https:\/\/patrimoinepotton.org\/?dl_id=146\">Concours de photographie | 2019<\/a>&nbsp;&nbsp;<span style=\"font-size: x-small\">{245,6 Ko}<\/span><\/td>\n<\/tr>\n<\/tbody>\n<\/table>\n","protected":false},"excerpt":{"rendered":"<p>Concours de photographie | 2019 Le concours de photographie de l\u2019Association du patrimoine de Potton se tient \u00e0 l\u2019occasion du Festival de l\u2019esprit de Potton qui se d\u00e9roulera les 9 et 10 ao\u00fbt Th\u00e8me retenu pour l\u2019\u00e9dition 2019 C\u00e9l\u00e9brons Owl\u2019s Head Les candidats ont le choix entre deux possibilit\u00e9s : 1)&nbsp; photographier des aspects int\u00e9ressants [&hellip;]<\/p>\n","protected":false},"author":5,"featured_media":0,"parent":1870,"menu_order":19,"comment_status":"closed","ping_status":"closed","template":"","meta":{"ngg_post_thumbnail":0,"_mc_calendar":[],"footnotes":""},"class_list":["post-7690","page","type-page","status-publish","hentry"],"_links":{"self":[{"href":"https:\/\/patrimoinepotton.org\/index.php?rest_route=\/wp\/v2\/pages\/7690","targetHints":{"allow":["GET"]}}],"collection":[{"href":"https:\/\/patrimoinepotton.org\/index.php?rest_route=\/wp\/v2\/pages"}],"about":[{"href":"https:\/\/patrimoinepotton.org\/index.php?rest_route=\/wp\/v2\/types\/page"}],"author":[{"embeddable":true,"href":"https:\/\/patrimoinepotton.org\/index.php?rest_route=\/wp\/v2\/users\/5"}],"replies":[{"embeddable":true,"href":"https:\/\/patrimoinepotton.org\/index.php?rest_route=%2Fwp%2Fv2%2Fcomments&post=7690"}],"version-history":[{"count":0,"href":"https:\/\/patrimoinepotton.org\/index.php?rest_route=\/wp\/v2\/pages\/7690\/revisions"}],"up":[{"embeddable":true,"href":"https:\/\/patrimoinepotton.org\/index.php?rest_route=\/wp\/v2\/pages\/1870"}],"wp:attachment":[{"href":"https:\/\/patrimoinepotton.org\/index.php?rest_route=%2Fwp%2Fv2%2Fmedia&parent=7690"}],"curies":[{"name":"wp","href":"https:\/\/api.w.org\/{rel}","templated":true}]}}