{"id":804,"date":"2018-02-14T12:00:18","date_gmt":"2018-02-14T17:00:18","guid":{"rendered":"http:\/\/patrimoinepotton.org\/?page_id=804"},"modified":"2024-04-19T08:30:06","modified_gmt":"2024-04-19T12:30:06","slug":"archives-et-rapports","status":"publish","type":"page","link":"https:\/\/patrimoinepotton.org\/?page_id=804","title":{"rendered":"Archives | APPHA"},"content":{"rendered":"\n<figure class=\"wp-block-table\"><table style=\"border-style:none;border-width:0px\"><thead><tr><th class=\"has-text-align-left\" data-align=\"left\">Proc\u00e8s verbaux | CA<\/th><th class=\"has-text-align-left\" data-align=\"left\">R\u00e8glements<\/th><\/tr><\/thead><tbody><tr><td class=\"has-text-align-left\" data-align=\"left\"><img decoding=\"async\" src=\"https:\/\/patrimoinepotton.org\/blogue\/wp-content\/plugins\/wp-downloadmanager\/images\/ext\/pdf.gif\" alt=\"\" title=\"\" style=\"vertical-align: upper\" \/>&nbsp;&nbsp;<a href=\"https:\/\/patrimoinepotton.org\/?dl_id=175\">PV | Ann\u00e9e 2020<\/a>&nbsp;&nbsp;<span style=\"font-size: x-small\">{855,1 Ko}<\/span><br><img decoding=\"async\" src=\"https:\/\/patrimoinepotton.org\/blogue\/wp-content\/plugins\/wp-downloadmanager\/images\/ext\/pdf.gif\" alt=\"\" title=\"\" style=\"vertical-align: upper\" \/>&nbsp;&nbsp;<a href=\"https:\/\/patrimoinepotton.org\/?dl_id=70\">PV |  Ann\u00e9es 2011-2019<\/a>&nbsp;&nbsp;<span style=\"font-size: x-small\">{3,0 Mo}<\/span><br><\/td><td class=\"has-text-align-left\" data-align=\"left\"><img decoding=\"async\" src=\"https:\/\/patrimoinepotton.org\/blogue\/wp-content\/plugins\/wp-downloadmanager\/images\/ext\/pdf.gif\" alt=\"\" title=\"\" style=\"vertical-align: upper\" \/>&nbsp;&nbsp;<a href=\"https:\/\/patrimoinepotton.org\/?dl_id=82\">Refonte des politiques de l'APP - Mai 2016<\/a>&nbsp;&nbsp;<span style=\"font-size: x-small\">{131,2 Ko}<\/span><br><img decoding=\"async\" src=\"https:\/\/patrimoinepotton.org\/blogue\/wp-content\/plugins\/wp-downloadmanager\/images\/ext\/pdf.gif\" alt=\"\" title=\"\" style=\"vertical-align: upper\" \/>&nbsp;&nbsp;<a href=\"https:\/\/patrimoinepotton.org\/?dl_id=26\">R\u00e8glements APPHA By Law, Abrogation 2012<\/a>&nbsp;&nbsp;<span style=\"font-size: x-small\">{359,6 Ko}<\/span><br><img decoding=\"async\" src=\"https:\/\/patrimoinepotton.org\/blogue\/wp-content\/plugins\/wp-downloadmanager\/images\/ext\/pdf.gif\" alt=\"\" title=\"\" style=\"vertical-align: upper\" \/>&nbsp;&nbsp;<a href=\"https:\/\/patrimoinepotton.org\/?dl_id=25\">R\u00e8glement APPHA By Law, 2011<\/a>&nbsp;&nbsp;<span style=\"font-size: x-small\">{517,0 Ko}<\/span><\/td><\/tr><\/tbody><\/table><\/figure>\n\n\n\n<figure class=\"wp-block-table\"><table style=\"border-style:none;border-width:0px\"><thead><tr><th class=\"has-text-align-left\" data-align=\"left\">Assembl\u00e9es g\u00e9n\u00e9rales annuelles<\/th><th><\/th><\/tr><\/thead><tbody><tr><td class=\"has-text-align-left\" data-align=\"left\"><img decoding=\"async\" src=\"https:\/\/patrimoinepotton.org\/blogue\/wp-content\/plugins\/wp-downloadmanager\/images\/ext\/pdf.gif\" alt=\"\" title=\"\" style=\"vertical-align: upper\" \/>&nbsp;&nbsp;<a href=\"https:\/\/patrimoinepotton.org\/?dl_id=188\">AGA 2024 | Proc\u00e8s-verbal<\/a>&nbsp;&nbsp;<span style=\"font-size: x-small\">{290,1 Ko}<\/span><br><img decoding=\"async\" src=\"https:\/\/patrimoinepotton.org\/blogue\/wp-content\/plugins\/wp-downloadmanager\/images\/ext\/pdf.gif\" alt=\"\" title=\"\" style=\"vertical-align: upper\" \/>&nbsp;&nbsp;<a href=\"https:\/\/patrimoinepotton.org\/?dl_id=189\">2023 | \u00c9tats financiers<\/a>&nbsp;&nbsp;<span style=\"font-size: x-small\">{66,0 Ko}<\/span><br><br><img decoding=\"async\" src=\"https:\/\/patrimoinepotton.org\/blogue\/wp-content\/plugins\/wp-downloadmanager\/images\/ext\/pdf.gif\" alt=\"\" title=\"\" style=\"vertical-align: upper\" \/>&nbsp;&nbsp;<a href=\"https:\/\/patrimoinepotton.org\/?dl_id=186\">AGA 2023 | Proc\u00e8s-verbal<\/a>&nbsp;&nbsp;<span style=\"font-size: x-small\">{273,4 Ko}<\/span><br><img decoding=\"async\" src=\"https:\/\/patrimoinepotton.org\/blogue\/wp-content\/plugins\/wp-downloadmanager\/images\/ext\/pdf.gif\" alt=\"\" title=\"\" style=\"vertical-align: upper\" \/>&nbsp;&nbsp;<a href=\"https:\/\/patrimoinepotton.org\/?dl_id=187\">2022 | \u00c9tats financiers<\/a>&nbsp;&nbsp;<span style=\"font-size: x-small\">{62,4 Ko}<\/span><br><br><img decoding=\"async\" src=\"https:\/\/patrimoinepotton.org\/blogue\/wp-content\/plugins\/wp-downloadmanager\/images\/ext\/pdf.gif\" alt=\"\" title=\"\" style=\"vertical-align: upper\" \/>&nbsp;&nbsp;<a href=\"https:\/\/patrimoinepotton.org\/?dl_id=156\">Lettre de la pr\u00e9sidente | \u00c9t\u00e9 2020<\/a>&nbsp;&nbsp;<span style=\"font-size: x-small\">{163,5 Ko}<\/span><br><img decoding=\"async\" src=\"https:\/\/patrimoinepotton.org\/blogue\/wp-content\/plugins\/wp-downloadmanager\/images\/ext\/pdf.gif\" alt=\"\" title=\"\" style=\"vertical-align: upper\" \/>&nbsp;&nbsp;<a href=\"https:\/\/patrimoinepotton.org\/?dl_id=157\">R\u00e9solutions du CA | 29 juin 2020<\/a>&nbsp;&nbsp;<span style=\"font-size: x-small\">{71,5 Ko}<\/span><br><img decoding=\"async\" src=\"https:\/\/patrimoinepotton.org\/blogue\/wp-content\/plugins\/wp-downloadmanager\/images\/ext\/pdf.gif\" alt=\"\" title=\"\" style=\"vertical-align: upper\" \/>&nbsp;&nbsp;<a href=\"https:\/\/patrimoinepotton.org\/?dl_id=154\">AGA 2020 | \u00c9tats financiers 2019<\/a>&nbsp;&nbsp;<span style=\"font-size: x-small\">{174,7 Ko}<\/span><br><img decoding=\"async\" src=\"https:\/\/patrimoinepotton.org\/blogue\/wp-content\/plugins\/wp-downloadmanager\/images\/ext\/pdf.gif\" alt=\"\" title=\"\" style=\"vertical-align: upper\" \/>&nbsp;&nbsp;<a href=\"https:\/\/patrimoinepotton.org\/?dl_id=155\">Pr\u00e9visions budg\u00e9taires 2020<\/a>&nbsp;&nbsp;<span style=\"font-size: x-small\">{19,2 Ko}<\/span><\/td><td><br><br><br><img decoding=\"async\" src=\"https:\/\/patrimoinepotton.org\/blogue\/wp-content\/plugins\/wp-downloadmanager\/images\/ext\/pdf.gif\" alt=\"\" title=\"\" style=\"vertical-align: upper\" \/>&nbsp;&nbsp;<a href=\"https:\/\/patrimoinepotton.org\/?dl_id=184\">AGA 2022 | Proc\u00e8s-verbal<\/a>&nbsp;&nbsp;<span style=\"font-size: x-small\">{403,9 Ko}<\/span><br><img decoding=\"async\" src=\"https:\/\/patrimoinepotton.org\/blogue\/wp-content\/plugins\/wp-downloadmanager\/images\/ext\/pdf.gif\" alt=\"\" title=\"\" style=\"vertical-align: upper\" \/>&nbsp;&nbsp;<a href=\"https:\/\/patrimoinepotton.org\/?dl_id=185\">2021 | \u00c9tats financiers<\/a>&nbsp;&nbsp;<span style=\"font-size: x-small\">{47,4 Ko}<\/span><br><br><img decoding=\"async\" src=\"https:\/\/patrimoinepotton.org\/blogue\/wp-content\/plugins\/wp-downloadmanager\/images\/ext\/pdf.gif\" alt=\"\" title=\"\" style=\"vertical-align: upper\" \/>&nbsp;&nbsp;<a href=\"https:\/\/patrimoinepotton.org\/?dl_id=144\">AGA 2019 | Proc\u00e8s-verbal | projet<\/a>&nbsp;&nbsp;<span style=\"font-size: x-small\">{179,2 Ko}<\/span><br><img decoding=\"async\" src=\"https:\/\/patrimoinepotton.org\/blogue\/wp-content\/plugins\/wp-downloadmanager\/images\/ext\/pdf.gif\" alt=\"\" title=\"\" style=\"vertical-align: upper\" \/>&nbsp;&nbsp;<a href=\"https:\/\/patrimoinepotton.org\/?dl_id=143\">AGA 2019 | Diaporama<\/a>&nbsp;&nbsp;<span style=\"font-size: x-small\">{843,4 Ko}<\/span><br><img decoding=\"async\" src=\"https:\/\/patrimoinepotton.org\/blogue\/wp-content\/plugins\/wp-downloadmanager\/images\/ext\/pdf.gif\" alt=\"\" title=\"\" style=\"vertical-align: upper\" \/>&nbsp;&nbsp;<a href=\"https:\/\/patrimoinepotton.org\/?dl_id=140\">AGA 2019 | \u00c9tats financiers 2018<\/a>&nbsp;&nbsp;<span style=\"font-size: x-small\">{184,1 Ko}<\/span><br><img decoding=\"async\" src=\"https:\/\/patrimoinepotton.org\/blogue\/wp-content\/plugins\/wp-downloadmanager\/images\/ext\/pdf.gif\" alt=\"\" title=\"\" style=\"vertical-align: upper\" \/>&nbsp;&nbsp;<a href=\"https:\/\/patrimoinepotton.org\/?dl_id=139\">Lettre de la pr\u00e9sidente | Hiver 2019<\/a>&nbsp;&nbsp;<span style=\"font-size: x-small\">{175,7 Ko}<\/span><\/td><\/tr><tr><td class=\"has-text-align-left\" data-align=\"left\"><img decoding=\"async\" src=\"https:\/\/patrimoinepotton.org\/blogue\/wp-content\/plugins\/wp-downloadmanager\/images\/ext\/pdf.gif\" alt=\"\" title=\"\" style=\"vertical-align: upper\" \/>&nbsp;&nbsp;<a href=\"https:\/\/patrimoinepotton.org\/?dl_id=129\">AGA 2018 | Proc\u00e8s-verbal<\/a>&nbsp;&nbsp;<span style=\"font-size: x-small\">{273,0 Ko}<\/span><br><img decoding=\"async\" src=\"https:\/\/patrimoinepotton.org\/blogue\/wp-content\/plugins\/wp-downloadmanager\/images\/ext\/pdf.gif\" alt=\"\" title=\"\" style=\"vertical-align: upper\" \/>&nbsp;&nbsp;<a href=\"https:\/\/patrimoinepotton.org\/?dl_id=127\">AGA 2018 | Diaporama<\/a>&nbsp;&nbsp;<span style=\"font-size: x-small\">{6,4 Mo}<\/span><br><img decoding=\"async\" src=\"https:\/\/patrimoinepotton.org\/blogue\/wp-content\/plugins\/wp-downloadmanager\/images\/ext\/pdf.gif\" alt=\"\" title=\"\" style=\"vertical-align: upper\" \/>&nbsp;&nbsp;<a href=\"https:\/\/patrimoinepotton.org\/?dl_id=125\">AGA 2018 | \u00c9tats financiers 2017<\/a>&nbsp;&nbsp;<span style=\"font-size: x-small\">{182,6 Ko}<\/span><\/td><td><img decoding=\"async\" src=\"https:\/\/patrimoinepotton.org\/blogue\/wp-content\/plugins\/wp-downloadmanager\/images\/ext\/pdf.gif\" alt=\"\" title=\"\" style=\"vertical-align: upper\" \/>&nbsp;&nbsp;<a href=\"https:\/\/patrimoinepotton.org\/?dl_id=109\">AGA 2017 Proc\u00e8s-verbal<\/a>&nbsp;&nbsp;<span style=\"font-size: x-small\">{363,5 Ko}<\/span><br><img decoding=\"async\" src=\"https:\/\/patrimoinepotton.org\/blogue\/wp-content\/plugins\/wp-downloadmanager\/images\/ext\/pdf.gif\" alt=\"\" title=\"\" style=\"vertical-align: upper\" \/>&nbsp;&nbsp;<a href=\"https:\/\/patrimoinepotton.org\/?dl_id=108\">AGA 2017 Diaporama<\/a>&nbsp;&nbsp;<span style=\"font-size: x-small\">{6,0 Mo}<\/span><br><img decoding=\"async\" src=\"https:\/\/patrimoinepotton.org\/blogue\/wp-content\/plugins\/wp-downloadmanager\/images\/ext\/pdf.gif\" alt=\"\" title=\"\" style=\"vertical-align: upper\" \/>&nbsp;&nbsp;<a href=\"https:\/\/patrimoinepotton.org\/?dl_id=107\">AGA 2017 - \u00c9tats financiers 2016<\/a>&nbsp;&nbsp;<span style=\"font-size: x-small\">{184,0 Ko}<\/span><\/td><\/tr><tr><td class=\"has-text-align-left\" data-align=\"left\"><img decoding=\"async\" src=\"https:\/\/patrimoinepotton.org\/blogue\/wp-content\/plugins\/wp-downloadmanager\/images\/ext\/pdf.gif\" alt=\"\" title=\"\" style=\"vertical-align: upper\" \/>&nbsp;&nbsp;<a href=\"https:\/\/patrimoinepotton.org\/?dl_id=79\">AGA 2016  Proc\u00e8s-verbal<\/a>&nbsp;&nbsp;<span style=\"font-size: x-small\">{373,6 Ko}<\/span><br><img decoding=\"async\" src=\"https:\/\/patrimoinepotton.org\/blogue\/wp-content\/plugins\/wp-downloadmanager\/images\/ext\/pdf.gif\" alt=\"\" title=\"\" style=\"vertical-align: upper\" \/>&nbsp;&nbsp;<a href=\"https:\/\/patrimoinepotton.org\/?dl_id=75\">AGA 2016 Diaporama<\/a>&nbsp;&nbsp;<span style=\"font-size: x-small\">{5,7 Mo}<\/span><br><img decoding=\"async\" src=\"https:\/\/patrimoinepotton.org\/blogue\/wp-content\/plugins\/wp-downloadmanager\/images\/ext\/pdf.gif\" alt=\"\" title=\"\" style=\"vertical-align: upper\" \/>&nbsp;&nbsp;<a href=\"https:\/\/patrimoinepotton.org\/?dl_id=78\">AGA 2016 Mot de la pr\u00e9sidente<\/a>&nbsp;&nbsp;<span style=\"font-size: x-small\">{179,3 Ko}<\/span><br><img decoding=\"async\" src=\"https:\/\/patrimoinepotton.org\/blogue\/wp-content\/plugins\/wp-downloadmanager\/images\/ext\/pdf.gif\" alt=\"\" title=\"\" style=\"vertical-align: upper\" \/>&nbsp;&nbsp;<a href=\"https:\/\/patrimoinepotton.org\/?dl_id=77\">Consultation 2016<\/a>&nbsp;&nbsp;<span style=\"font-size: x-small\">{1,6 Mo}<\/span><br><img decoding=\"async\" src=\"https:\/\/patrimoinepotton.org\/blogue\/wp-content\/plugins\/wp-downloadmanager\/images\/ext\/pdf.gif\" alt=\"\" title=\"\" style=\"vertical-align: upper\" \/>&nbsp;&nbsp;<a href=\"https:\/\/patrimoinepotton.org\/?dl_id=73\">AGA 2016 - \u00c9tats financiers 2015<\/a>&nbsp;&nbsp;<span style=\"font-size: x-small\">{242,8 Ko}<\/span><\/td><td><img decoding=\"async\" src=\"https:\/\/patrimoinepotton.org\/blogue\/wp-content\/plugins\/wp-downloadmanager\/images\/ext\/pdf.gif\" alt=\"\" title=\"\" style=\"vertical-align: upper\" \/>&nbsp;&nbsp;<a href=\"https:\/\/patrimoinepotton.org\/?dl_id=56\">AGA 2015 Proc\u00e8s-verbal<\/a>&nbsp;&nbsp;<span style=\"font-size: x-small\">{660,9 Ko}<\/span><br><img decoding=\"async\" src=\"https:\/\/patrimoinepotton.org\/blogue\/wp-content\/plugins\/wp-downloadmanager\/images\/ext\/pdf.gif\" alt=\"\" title=\"\" style=\"vertical-align: upper\" \/>&nbsp;&nbsp;<a href=\"https:\/\/patrimoinepotton.org\/?dl_id=55\">AGA 2015 Diaporama<\/a>&nbsp;&nbsp;<span style=\"font-size: x-small\">{3,3 Mo}<\/span><br><img decoding=\"async\" src=\"https:\/\/patrimoinepotton.org\/blogue\/wp-content\/plugins\/wp-downloadmanager\/images\/ext\/pdf.gif\" alt=\"\" title=\"\" style=\"vertical-align: upper\" \/>&nbsp;&nbsp;<a href=\"https:\/\/patrimoinepotton.org\/?dl_id=57\">AGA 2015 Mot de la pr\u00e9sidente<\/a>&nbsp;&nbsp;<span style=\"font-size: x-small\">{273,6 Ko}<\/span><br><img decoding=\"async\" src=\"https:\/\/patrimoinepotton.org\/blogue\/wp-content\/plugins\/wp-downloadmanager\/images\/ext\/pdf.gif\" alt=\"\" title=\"\" style=\"vertical-align: upper\" \/>&nbsp;&nbsp;<a href=\"https:\/\/patrimoinepotton.org\/?dl_id=51\">AGA 2015 - \u00c9tats financiers 2014<\/a>&nbsp;&nbsp;<span style=\"font-size: x-small\">{183,7 Ko}<\/span><br><\/td><\/tr><tr><td class=\"has-text-align-left\" data-align=\"left\"><img decoding=\"async\" src=\"https:\/\/patrimoinepotton.org\/blogue\/wp-content\/plugins\/wp-downloadmanager\/images\/ext\/pdf.gif\" alt=\"\" title=\"\" style=\"vertical-align: upper\" \/>&nbsp;&nbsp;<a href=\"https:\/\/patrimoinepotton.org\/?dl_id=24\">AGA 2014 Proc\u00e8s-verbal<\/a>&nbsp;&nbsp;<span style=\"font-size: x-small\">{1,1 Mo}<\/span><br><img decoding=\"async\" src=\"https:\/\/patrimoinepotton.org\/blogue\/wp-content\/plugins\/wp-downloadmanager\/images\/ext\/pdf.gif\" alt=\"\" title=\"\" style=\"vertical-align: upper\" \/>&nbsp;&nbsp;<a href=\"https:\/\/patrimoinepotton.org\/?dl_id=29\">AGA 2014 Diaporama<\/a>&nbsp;&nbsp;<span style=\"font-size: x-small\">{2,3 Mo}<\/span><br><img decoding=\"async\" src=\"https:\/\/patrimoinepotton.org\/blogue\/wp-content\/plugins\/wp-downloadmanager\/images\/ext\/pdf.gif\" alt=\"\" title=\"\" style=\"vertical-align: upper\" \/>&nbsp;&nbsp;<a href=\"https:\/\/patrimoinepotton.org\/?dl_id=31\">AGA 2014 Mot du pr\u00e9sident<\/a>&nbsp;&nbsp;<span style=\"font-size: x-small\">{375,4 Ko}<\/span><\/td><td><img decoding=\"async\" src=\"https:\/\/patrimoinepotton.org\/blogue\/wp-content\/plugins\/wp-downloadmanager\/images\/ext\/pdf.gif\" alt=\"\" title=\"\" style=\"vertical-align: upper\" \/>&nbsp;&nbsp;<a href=\"https:\/\/patrimoinepotton.org\/?dl_id=23\">AGA 2013 Proc\u00e8s-verbal<\/a>&nbsp;&nbsp;<span style=\"font-size: x-small\">{431,2 Ko}<\/span><br><img decoding=\"async\" src=\"https:\/\/patrimoinepotton.org\/blogue\/wp-content\/plugins\/wp-downloadmanager\/images\/ext\/pdf.gif\" alt=\"\" title=\"\" style=\"vertical-align: upper\" \/>&nbsp;&nbsp;<a href=\"https:\/\/patrimoinepotton.org\/?dl_id=41\">AGA 2013 Diaporama<\/a>&nbsp;&nbsp;<span style=\"font-size: x-small\">{1,7 Mo}<\/span><br><img decoding=\"async\" src=\"https:\/\/patrimoinepotton.org\/blogue\/wp-content\/plugins\/wp-downloadmanager\/images\/ext\/pdf.gif\" alt=\"\" title=\"\" style=\"vertical-align: upper\" \/>&nbsp;&nbsp;<a href=\"https:\/\/patrimoinepotton.org\/?dl_id=32\">AGA 2013 Mot du pr\u00e9sident<\/a>&nbsp;&nbsp;<span style=\"font-size: x-small\">{243,5 Ko}<\/span><\/td><\/tr><tr><td class=\"has-text-align-left\" data-align=\"left\"><img decoding=\"async\" src=\"https:\/\/patrimoinepotton.org\/blogue\/wp-content\/plugins\/wp-downloadmanager\/images\/ext\/pdf.gif\" alt=\"\" title=\"\" style=\"vertical-align: upper\" \/>&nbsp;&nbsp;<a href=\"https:\/\/patrimoinepotton.org\/?dl_id=22\">AGA 2012 Proc\u00e8s-verbal<\/a>&nbsp;&nbsp;<span style=\"font-size: x-small\">{393,4 Ko}<\/span><br><img decoding=\"async\" src=\"https:\/\/patrimoinepotton.org\/blogue\/wp-content\/plugins\/wp-downloadmanager\/images\/ext\/pdf.gif\" alt=\"\" title=\"\" style=\"vertical-align: upper\" \/>&nbsp;&nbsp;<a href=\"https:\/\/patrimoinepotton.org\/?dl_id=40\">AGA 2012 Diaporama<\/a>&nbsp;&nbsp;<span style=\"font-size: x-small\">{2,4 Mo}<\/span><br><img decoding=\"async\" src=\"https:\/\/patrimoinepotton.org\/blogue\/wp-content\/plugins\/wp-downloadmanager\/images\/ext\/pdf.gif\" alt=\"\" title=\"\" style=\"vertical-align: upper\" \/>&nbsp;&nbsp;<a href=\"https:\/\/patrimoinepotton.org\/?dl_id=34\">APPHA Manifeste 2012<\/a>&nbsp;&nbsp;<span style=\"font-size: x-small\">{121,3 Ko}<\/span><\/td><td><img decoding=\"async\" src=\"https:\/\/patrimoinepotton.org\/blogue\/wp-content\/plugins\/wp-downloadmanager\/images\/ext\/pdf.gif\" alt=\"\" title=\"\" style=\"vertical-align: upper\" \/>&nbsp;&nbsp;<a href=\"https:\/\/patrimoinepotton.org\/?dl_id=21\">AGA 2011 Proc\u00e8s-verbal<\/a>&nbsp;&nbsp;<span style=\"font-size: x-small\">{150,3 Ko}<\/span><br><img decoding=\"async\" src=\"https:\/\/patrimoinepotton.org\/blogue\/wp-content\/plugins\/wp-downloadmanager\/images\/ext\/pdf.gif\" alt=\"\" title=\"\" style=\"vertical-align: upper\" \/>&nbsp;&nbsp;<a href=\"https:\/\/patrimoinepotton.org\/?dl_id=30\">AGA 2011 Diaporama<\/a>&nbsp;&nbsp;<span style=\"font-size: x-small\">{2,0 Mo}<\/span><br><\/td><\/tr><tr><td class=\"has-text-align-left\" data-align=\"left\"><img decoding=\"async\" src=\"https:\/\/patrimoinepotton.org\/blogue\/wp-content\/plugins\/wp-downloadmanager\/images\/ext\/pdf.gif\" alt=\"\" title=\"\" style=\"vertical-align: upper\" \/>&nbsp;&nbsp;<a href=\"https:\/\/patrimoinepotton.org\/?dl_id=28\">AGA 2010 Proc\u00e8s-verbal<\/a>&nbsp;&nbsp;<span style=\"font-size: x-small\">{103,4 Ko}<\/span><br><img decoding=\"async\" src=\"https:\/\/patrimoinepotton.org\/blogue\/wp-content\/plugins\/wp-downloadmanager\/images\/ext\/pdf.gif\" alt=\"\" title=\"\" style=\"vertical-align: upper\" \/>&nbsp;&nbsp;<a href=\"https:\/\/patrimoinepotton.org\/?dl_id=33\">APPHA Manifeste 2010<\/a>&nbsp;&nbsp;<span style=\"font-size: x-small\">{189,1 Ko}<\/span><\/td><td><\/td><\/tr><\/tbody><\/table><\/figure>\n\n\n\n<figure class=\"wp-block-table is-style-regular\"><table style=\"border-style:none;border-width:0px\"><thead><tr><th class=\"has-text-align-left\" data-align=\"left\">Rapports<\/th><th><\/th><\/tr><\/thead><tbody><tr><td class=\"has-text-align-left\" data-align=\"left\"><img decoding=\"async\" src=\"https:\/\/patrimoinepotton.org\/blogue\/wp-content\/plugins\/wp-downloadmanager\/images\/ext\/pdf.gif\" alt=\"\" title=\"\" style=\"vertical-align: upper\" \/>&nbsp;&nbsp;<a href=\"https:\/\/patrimoinepotton.org\/?dl_id=151\">Rapport Subvention 2019 | Demande 2020<\/a>&nbsp;&nbsp;<span style=\"font-size: x-small\">{1,4 Mo}<\/span><br><img decoding=\"async\" src=\"https:\/\/patrimoinepotton.org\/blogue\/wp-content\/plugins\/wp-downloadmanager\/images\/ext\/pdf.gif\" alt=\"\" title=\"\" style=\"vertical-align: upper\" \/>&nbsp;&nbsp;<a href=\"https:\/\/patrimoinepotton.org\/?dl_id=148\">Biblioth\u00e8que num\u00e9rique | Bilan 2019<\/a>&nbsp;&nbsp;<span style=\"font-size: x-small\">{1,2 Mo}<\/span><br><img decoding=\"async\" src=\"https:\/\/patrimoinepotton.org\/blogue\/wp-content\/plugins\/wp-downloadmanager\/images\/ext\/pdf.gif\" alt=\"\" title=\"\" style=\"vertical-align: upper\" \/>&nbsp;&nbsp;<a href=\"https:\/\/patrimoinepotton.org\/?dl_id=150\">Rapport Subvention 2018 | Demande 2019<\/a>&nbsp;&nbsp;<span style=\"font-size: x-small\">{228,9 Ko}<\/span><br><img decoding=\"async\" src=\"https:\/\/patrimoinepotton.org\/blogue\/wp-content\/plugins\/wp-downloadmanager\/images\/ext\/pdf.gif\" alt=\"\" title=\"\" style=\"vertical-align: upper\" \/>&nbsp;&nbsp;<a href=\"https:\/\/patrimoinepotton.org\/?dl_id=123\">Rapport subvention 2017<\/a>&nbsp;&nbsp;<span style=\"font-size: x-small\">{182,6 Ko}<\/span><br><img decoding=\"async\" src=\"https:\/\/patrimoinepotton.org\/blogue\/wp-content\/plugins\/wp-downloadmanager\/images\/ext\/pdf.gif\" alt=\"\" title=\"\" style=\"vertical-align: upper\" \/>&nbsp;&nbsp;<a href=\"https:\/\/patrimoinepotton.org\/?dl_id=95\">Rapport subvention 2016<\/a>&nbsp;&nbsp;<span style=\"font-size: x-small\">{83,6 Ko}<\/span><br><img decoding=\"async\" src=\"https:\/\/patrimoinepotton.org\/blogue\/wp-content\/plugins\/wp-downloadmanager\/images\/ext\/pdf.gif\" alt=\"\" title=\"\" style=\"vertical-align: upper\" \/>&nbsp;&nbsp;<a href=\"https:\/\/patrimoinepotton.org\/?dl_id=77\">Consultation 2016<\/a>&nbsp;&nbsp;<span style=\"font-size: x-small\">{1,6 Mo}<\/span><\/td><td><img decoding=\"async\" src=\"https:\/\/patrimoinepotton.org\/blogue\/wp-content\/plugins\/wp-downloadmanager\/images\/ext\/pdf.gif\" alt=\"\" title=\"\" style=\"vertical-align: upper\" \/>&nbsp;&nbsp;<a href=\"https:\/\/patrimoinepotton.org\/?dl_id=64\">Rapport subvention 2015<\/a>&nbsp;&nbsp;<span style=\"font-size: x-small\">{189,5 Ko}<\/span><br><img decoding=\"async\" src=\"https:\/\/patrimoinepotton.org\/blogue\/wp-content\/plugins\/wp-downloadmanager\/images\/ext\/pdf.gif\" alt=\"\" title=\"\" style=\"vertical-align: upper\" \/>&nbsp;&nbsp;<a href=\"https:\/\/patrimoinepotton.org\/?dl_id=36\">Rapport subvention 2014<\/a>&nbsp;&nbsp;<span style=\"font-size: x-small\">{93,6 Ko}<\/span><br><img decoding=\"async\" src=\"https:\/\/patrimoinepotton.org\/blogue\/wp-content\/plugins\/wp-downloadmanager\/images\/ext\/pdf.gif\" alt=\"\" title=\"\" style=\"vertical-align: upper\" \/>&nbsp;&nbsp;<a href=\"https:\/\/patrimoinepotton.org\/?dl_id=39\">Rapport subvention 2013<\/a>&nbsp;&nbsp;<span style=\"font-size: x-small\">{306,4 Ko}<\/span><br><img decoding=\"async\" src=\"https:\/\/patrimoinepotton.org\/blogue\/wp-content\/plugins\/wp-downloadmanager\/images\/ext\/pdf.gif\" alt=\"\" title=\"\" style=\"vertical-align: upper\" \/>&nbsp;&nbsp;<a href=\"https:\/\/patrimoinepotton.org\/?dl_id=42\">Rapport subvention 2012<\/a>&nbsp;&nbsp;<span style=\"font-size: x-small\">{289,7 Ko}<\/span><br><img decoding=\"async\" src=\"https:\/\/patrimoinepotton.org\/blogue\/wp-content\/plugins\/wp-downloadmanager\/images\/ext\/pdf.gif\" alt=\"\" title=\"\" style=\"vertical-align: upper\" \/>&nbsp;&nbsp;<a href=\"https:\/\/patrimoinepotton.org\/?dl_id=38\">Rapport subvention 2011<\/a>&nbsp;&nbsp;<span style=\"font-size: x-small\">{246,9 Ko}<\/span><br><img decoding=\"async\" src=\"https:\/\/patrimoinepotton.org\/blogue\/wp-content\/plugins\/wp-downloadmanager\/images\/ext\/pdf.gif\" alt=\"\" title=\"\" style=\"vertical-align: upper\" \/>&nbsp;&nbsp;<a href=\"https:\/\/patrimoinepotton.org\/?dl_id=37\">Rapport subvention 2010<\/a>&nbsp;&nbsp;<span style=\"font-size: x-small\">{389,9 Ko}<\/span><\/td><\/tr><\/tbody><\/table><\/figure>\n","protected":false},"excerpt":{"rendered":"<p>Proc\u00e8s verbaux | CA R\u00e8glements Assembl\u00e9es g\u00e9n\u00e9rales annuelles Rapports<\/p>\n","protected":false},"author":5,"featured_media":0,"parent":3089,"menu_order":18,"comment_status":"closed","ping_status":"closed","template":"","meta":{"ngg_post_thumbnail":0,"_mc_calendar":[],"footnotes":""},"class_list":["post-804","page","type-page","status-publish","hentry"],"_links":{"self":[{"href":"https:\/\/patrimoinepotton.org\/index.php?rest_route=\/wp\/v2\/pages\/804","targetHints":{"allow":["GET"]}}],"collection":[{"href":"https:\/\/patrimoinepotton.org\/index.php?rest_route=\/wp\/v2\/pages"}],"about":[{"href":"https:\/\/patrimoinepotton.org\/index.php?rest_route=\/wp\/v2\/types\/page"}],"author":[{"embeddable":true,"href":"https:\/\/patrimoinepotton.org\/index.php?rest_route=\/wp\/v2\/users\/5"}],"replies":[{"embeddable":true,"href":"https:\/\/patrimoinepotton.org\/index.php?rest_route=%2Fwp%2Fv2%2Fcomments&post=804"}],"version-history":[{"count":0,"href":"https:\/\/patrimoinepotton.org\/index.php?rest_route=\/wp\/v2\/pages\/804\/revisions"}],"up":[{"embeddable":true,"href":"https:\/\/patrimoinepotton.org\/index.php?rest_route=\/wp\/v2\/pages\/3089"}],"wp:attachment":[{"href":"https:\/\/patrimoinepotton.org\/index.php?rest_route=%2Fwp%2Fv2%2Fmedia&parent=804"}],"curies":[{"name":"wp","href":"https:\/\/api.w.org\/{rel}","templated":true}]}}