{"id":8209,"date":"2020-06-19T17:04:38","date_gmt":"2020-06-19T21:04:38","guid":{"rendered":"https:\/\/patrimoinepotton.org\/?page_id=8209"},"modified":"2023-04-12T20:35:19","modified_gmt":"2023-04-13T00:35:19","slug":"histoire-potton-history-volume-7-numero-1","status":"publish","type":"page","link":"https:\/\/patrimoinepotton.org\/?page_id=8209","title":{"rendered":"Histoire Potton History | Volume 7 Num\u00e9ro 1"},"content":{"rendered":"<p style=\"text-align: center;\">Revue bilingue | Bilingual Revue<br>En vente | 10 $ | On Sale <br>Magasin Jewett Store | Vale Perkins.<br>Marcel Marcoux | 337, rue Principale | Mansonville<\/p>\n<p style=\"text-align: center;\">Par la poste, faire parvenir vos coordonn\u00e9es et un ch\u00e8que au montant de 15 $ \u00e0 :<br>By mail, please send your address and a cheque for the amount of $ 15 to :<\/p>\n<p style=\"text-align: center;\">Association du patrimoine de Potton<br>C.P. 262 Mansonville (Qu\u00e9bec) J0E 1X0<\/p>\n<p style=\"text-align: center;\"><img decoding=\"async\" src=\"https:\/\/patrimoinepotton.org\/blogue\/wp-content\/plugins\/wp-downloadmanager\/images\/ext\/pdf.gif\" alt=\"\" title=\"\" style=\"vertical-align: upper\" \/>&nbsp;&nbsp;<a href=\"https:\/\/patrimoinepotton.org\/?dl_id=164\">Histoire Potton History Vol 7 No 1 Printemps 2020<\/a>&nbsp;&nbsp;<span style=\"font-size: x-small\">{4,0 Mo}<\/span><\/p>\n\n\n<div class=\"wp-block-image\"><figure class=\"aligncenter size-large\"><img loading=\"lazy\" decoding=\"async\" width=\"791\" height=\"1024\" src=\"https:\/\/patrimoinepotton.org\/blogue\/wp-content\/uploads\/2020\/06\/HPH_7_1_Couverture-791x1024.jpg\" alt=\"\" class=\"wp-image-8211\" srcset=\"https:\/\/patrimoinepotton.org\/blogue\/wp-content\/uploads\/2020\/06\/HPH_7_1_Couverture-791x1024.jpg 791w, https:\/\/patrimoinepotton.org\/blogue\/wp-content\/uploads\/2020\/06\/HPH_7_1_Couverture-232x300.jpg 232w, https:\/\/patrimoinepotton.org\/blogue\/wp-content\/uploads\/2020\/06\/HPH_7_1_Couverture-768x994.jpg 768w, https:\/\/patrimoinepotton.org\/blogue\/wp-content\/uploads\/2020\/06\/HPH_7_1_Couverture-1187x1536.jpg 1187w, https:\/\/patrimoinepotton.org\/blogue\/wp-content\/uploads\/2020\/06\/HPH_7_1_Couverture-1200x1553.jpg 1200w, https:\/\/patrimoinepotton.org\/blogue\/wp-content\/uploads\/2020\/06\/HPH_7_1_Couverture.jpg 1275w\" sizes=\"auto, (max-width: 791px) 100vw, 791px\" \/><\/figure><\/div>\n\n\n\n<div class=\"wp-block-image\"><figure class=\"aligncenter size-large\"><img loading=\"lazy\" decoding=\"async\" width=\"791\" height=\"1024\" src=\"https:\/\/patrimoinepotton.org\/blogue\/wp-content\/uploads\/2020\/06\/HPH_7_1_Sommaire-791x1024.jpg\" alt=\"\" class=\"wp-image-8212\" srcset=\"https:\/\/patrimoinepotton.org\/blogue\/wp-content\/uploads\/2020\/06\/HPH_7_1_Sommaire-791x1024.jpg 791w, https:\/\/patrimoinepotton.org\/blogue\/wp-content\/uploads\/2020\/06\/HPH_7_1_Sommaire-232x300.jpg 232w, https:\/\/patrimoinepotton.org\/blogue\/wp-content\/uploads\/2020\/06\/HPH_7_1_Sommaire-768x994.jpg 768w, https:\/\/patrimoinepotton.org\/blogue\/wp-content\/uploads\/2020\/06\/HPH_7_1_Sommaire-1187x1536.jpg 1187w, https:\/\/patrimoinepotton.org\/blogue\/wp-content\/uploads\/2020\/06\/HPH_7_1_Sommaire-1200x1553.jpg 1200w, https:\/\/patrimoinepotton.org\/blogue\/wp-content\/uploads\/2020\/06\/HPH_7_1_Sommaire.jpg 1275w\" sizes=\"auto, (max-width: 791px) 100vw, 791px\" \/><\/figure><\/div>\n","protected":false},"excerpt":{"rendered":"<p>Revue bilingue | Bilingual RevueEn vente | 10 $ | On Sale Magasin Jewett Store | Vale Perkins.Marcel Marcoux | 337, rue Principale | Mansonville Par la poste, faire parvenir vos coordonn\u00e9es et un ch\u00e8que au montant de 15 $ \u00e0 :By mail, please send your address and a cheque for the amount of $ [&hellip;]<\/p>\n","protected":false},"author":5,"featured_media":0,"parent":2430,"menu_order":20,"comment_status":"closed","ping_status":"closed","template":"","meta":{"ngg_post_thumbnail":0,"_mc_calendar":[],"footnotes":""},"class_list":["post-8209","page","type-page","status-publish","hentry"],"_links":{"self":[{"href":"https:\/\/patrimoinepotton.org\/index.php?rest_route=\/wp\/v2\/pages\/8209","targetHints":{"allow":["GET"]}}],"collection":[{"href":"https:\/\/patrimoinepotton.org\/index.php?rest_route=\/wp\/v2\/pages"}],"about":[{"href":"https:\/\/patrimoinepotton.org\/index.php?rest_route=\/wp\/v2\/types\/page"}],"author":[{"embeddable":true,"href":"https:\/\/patrimoinepotton.org\/index.php?rest_route=\/wp\/v2\/users\/5"}],"replies":[{"embeddable":true,"href":"https:\/\/patrimoinepotton.org\/index.php?rest_route=%2Fwp%2Fv2%2Fcomments&post=8209"}],"version-history":[{"count":0,"href":"https:\/\/patrimoinepotton.org\/index.php?rest_route=\/wp\/v2\/pages\/8209\/revisions"}],"up":[{"embeddable":true,"href":"https:\/\/patrimoinepotton.org\/index.php?rest_route=\/wp\/v2\/pages\/2430"}],"wp:attachment":[{"href":"https:\/\/patrimoinepotton.org\/index.php?rest_route=%2Fwp%2Fv2%2Fmedia&parent=8209"}],"curies":[{"name":"wp","href":"https:\/\/api.w.org\/{rel}","templated":true}]}}