{"id":8223,"date":"2020-07-01T07:06:45","date_gmt":"2020-07-01T11:06:45","guid":{"rendered":"https:\/\/patrimoinepotton.org\/?page_id=8223"},"modified":"2023-04-12T20:47:12","modified_gmt":"2023-04-13T00:47:12","slug":"lettre-de-la-presidente-ete-2020","status":"publish","type":"page","link":"https:\/\/patrimoinepotton.org\/?page_id=8223","title":{"rendered":"Lettre de la pr\u00e9sidente | \u00c9t\u00e9 2020"},"content":{"rendered":"\n\n\n<p>Bonjour \u00e0 tous\u2009!<\/p>\n<p style=\"text-align: justify;\">Un \u00e9t\u00e9 inhabituel commence alors que nous sortons de nos terriers apr\u00e8s un hiver et un printemps de confinement et de distanciation sociale sans pr\u00e9c\u00e9dent \u2014 cette derni\u00e8re expression une qu\u2019aucun d\u2019entre nous n\u2019aurait utilis\u00e9e avant le 14 mars\u2009!&nbsp;<\/p>\n<p style=\"text-align: justify;\">Personnellement, les nombreuses semaines d\u2019isolation m\u2019ont laiss\u00e9 du temps pour l\u2019introspection et la r\u00e9flexion, la r\u00e9orientation et la r\u00e9organisation. Ce n\u2019\u00e9tait pas d\u00e9sagr\u00e9able\u2009; en fait, j\u2019ai bien aim\u00e9 me retirer dans la solitude. N\u00e9anmoins, cela fait du bien de se retrouver progressivement entre amis.<\/p>\n<p style=\"text-align: justify;\">La date initialement pr\u00e9vue pour notre assembl\u00e9e g\u00e9n\u00e9rale annuelle \u00e9tait le 5 avril 2020. Jusqu\u2019en mars, tout s\u2019est d\u00e9roul\u00e9 comme pr\u00e9vu. Puis, de mani\u00e8re abrupte et totalement invisible, la virulence de la pand\u00e9mie (Covid-19) a fait le tour de la terre, semant une mis\u00e8re, un chagrin, des peurs et des pertes indicibles partout o\u00f9 elle a s\u00e9vi. Malheureusement, elle nous tourmente encore. Le projet d\u2019une assembl\u00e9e g\u00e9n\u00e9rale annuelle a \u00e9t\u00e9 imm\u00e9diatement suspendu.<\/p>\n<p style=\"text-align: justify;\">Nonobstant le moment et les circonstances, la loi nous oblige \u00e0 faire rapport de nos activit\u00e9s, administratives, civiques, sociales et \u00e9conomiques \u00e0 nos membres abonn\u00e9s dans les quatre-vingt-dix jours suivant la fin de l\u2019exercice financier. La quarantaine a emp\u00each\u00e9 les rassemblements. Nous avons, comme tout le monde, attendu&nbsp;: h\u00e9las, en vain&#8230;<\/p>\n<p style=\"text-align: justify;\">\u00c0 cette fin, le conseil d\u2019administration au complet (8 administrateurs) s\u2019est r\u00e9uni dans mon jardin le 10 juin dernier pour envisager les prochaines \u00e9tapes. Apr\u00e8s avoir pass\u00e9 en revue les contraintes impos\u00e9es par la pand\u00e9mie concernant les assembl\u00e9es, les directeurs ont d\u00e9cid\u00e9 \u00e0 d\u2019unanimit\u00e9 de&nbsp;:<\/p>\n<ul>\n<li style=\"list-style-type: none;\">\n<ol>\n<li>Reporter notre assembl\u00e9e g\u00e9n\u00e9rale annuelle pour 2020 \u00e0 2021\u2009;<\/li>\n<li>Fournir tous les documents essentiels par courriel avec cette lettre\u2009;<\/li>\n<li>Nommer Carol Bishop, Sandra Jewett, Lorraine Rouillard et Thierry Roger au conseil d\u2019administration, les \u00e9lections officielles au conseil d\u2019administration devant avoir lieu lors de la prochaine assembl\u00e9e g\u00e9n\u00e9rale\u2009;<\/li>\n<li>Mettre en pause notre association pour la r\u00e9organiser et reprendre ses activit\u00e9s dans des conditions plus faciles. Notre d\u00e9cision pourrait \u00eatre remise en question\u2009;<\/li>\n<li>Rendre la cotisation pour 2020 optionnelle, les cotisants de 2019 conservant leur droit de vote.<\/li>\n<\/ol>\n<\/li>\n<\/ul>\n<p style=\"text-align: justify;\">Ce n\u2019est que r\u00e9cemment que des rassemblements jusqu\u2019\u00e0 50 personnes ont \u00e9t\u00e9 autoris\u00e9s \u2014 avec une distance sociale de 1,5&nbsp;m (4,9 pieds). Je dois vous dire qu\u2019ayant r\u00e9cemment particip\u00e9 \u00e0 une r\u00e9union de travail de 10 personnes distantes de 2 m\u00e8tres chacune, l\u2019exp\u00e9rience n\u2019a \u00e9t\u00e9 ni agr\u00e9able, ni particuli\u00e8rement productive en ce qui concerne la discussion et la d\u00e9cision. Toute distance importante restreint la participation et il peut \u00eatre difficile de s\u2019entendre parler. &nbsp;\u00c9tant donn\u00e9 que la pand\u00e9mie ne semble pas se terminer, une nouvelle cl\u00e9mence du gouvernement ne semble pas imminente.&nbsp;<\/p>\n<p style=\"text-align: justify;\">Comme vous vous en souvenez peut-\u00eatre, cinq de nos membres ont officiellement indiqu\u00e9 qu\u2019ils ne se repr\u00e9senteraient pas \u00e0 l\u2019\u00e9lection du Conseil. Bien que leurs d\u00e9parts soient enti\u00e8rement fortuits et pour des raisons personnelles justifi\u00e9es, la perte de cinq de nos huit membres du conseil d\u2019administration est un coup dur, mais ce sont des choses qui arrivent dans la vie. Nous les remercions sinc\u00e8rement pour leur \u00e9nergie sans limites et leur incroyable contribution \u00e0 l\u2019Association. Je sais que vous vous joindrez \u00e0 moi pour souhaiter \u00e0 Serge, Chantal, Christian, Robert et Janine sant\u00e9, bonheur et nouvelles aventures (ou pas\u2009!) pour l\u2019avenir. Ce fut un privil\u00e8ge de travailler avec un si beau groupe.&nbsp;<\/p>\n<p style=\"text-align: justify;\">Bien que j\u2019envisageasse de prendre ma retraite depuis un certain temps, je resterai membre du conseil d\u2019administration et laisserai la pr\u00e9sidence \u00e0 la tr\u00e8s comp\u00e9tente Lorraine Rouillard, qui apportera un nouveau visage, de nouvelles id\u00e9es et une perspective diff\u00e9rente \u00e0 l\u2019association. Pour nous aider dans nos t\u00e2ches, nous sommes heureux d\u2019accueillir Thierry Roger en tant que directeur. Il a tr\u00e8s gracieusement accept\u00e9 de remplir les fonctions de secr\u00e9taire, de tr\u00e9sorier et de webmestre. Ce dernier r\u00f4le n\u2019est pas une mince affaire. Peu de personnes ont les comp\u00e9tences et le savoir-faire n\u00e9cessaires pour maintenir les normes \u00e9lev\u00e9es suivies par Serge.<\/p>\n<p style=\"text-align: justify;\">En tout cas, il est \u00e9vident que le monde et la vie tel que nous les connaissons ne seront plus les m\u00eames pendant un certain temps, voire jamais. Il me semble que le moment est venu pour moi de faire un acte de foi et de changer de cap personnel, tout en m\u2019\u00e9loignant de la pr\u00e9sidence de l\u2019association \u00e0 laquelle je suis tr\u00e8s d\u00e9vou\u00e9. L\u2019Association, comme vous le savez, c\u00e9l\u00e8bre cette ann\u00e9e le 30e anniversaire de sa fondation. Nous trouverons un moment ensemble pour marquer cette occasion.<\/p>\n<p style=\"text-align: justify;\">En attendant, portez-vous bien mes amis, prenez soin de vous, et laissons-nous tous prendre soin les uns des autres. La vie est pr\u00e9cieuse. Tout comme le sont les bons amis et le fait de vous conna\u00eetre tous\u2009! Je vous embrasse virtuellement \u2014 et de tout c\u0153ur. Nous resterons en contact\u2009!<\/p>\n<p>Meilleures salutations \u00e0 tous,<br>Sandra Jewett<br>Juin 2020<\/p>\n\n\n\n<div class=\"wp-block-buttons is-layout-flex wp-block-buttons-is-layout-flex\">\n<div class=\"wp-block-button\"><a class=\"wp-block-button__link has-text-color has-dark-red-color has-background has-yellow-background-color no-border-radius\" href=\"https:\/\/patrimoinepotton.org\/?dl_id=156\">T\u00e9l\u00e9charger au format pdf<\/a><\/div>\n<\/div>\n","protected":false},"excerpt":{"rendered":"","protected":false},"author":5,"featured_media":0,"parent":4356,"menu_order":20,"comment_status":"closed","ping_status":"closed","template":"","meta":{"ngg_post_thumbnail":0,"_mc_calendar":[],"footnotes":""},"class_list":["post-8223","page","type-page","status-publish","hentry"],"_links":{"self":[{"href":"https:\/\/patrimoinepotton.org\/index.php?rest_route=\/wp\/v2\/pages\/8223","targetHints":{"allow":["GET"]}}],"collection":[{"href":"https:\/\/patrimoinepotton.org\/index.php?rest_route=\/wp\/v2\/pages"}],"about":[{"href":"https:\/\/patrimoinepotton.org\/index.php?rest_route=\/wp\/v2\/types\/page"}],"author":[{"embeddable":true,"href":"https:\/\/patrimoinepotton.org\/index.php?rest_route=\/wp\/v2\/users\/5"}],"replies":[{"embeddable":true,"href":"https:\/\/patrimoinepotton.org\/index.php?rest_route=%2Fwp%2Fv2%2Fcomments&post=8223"}],"version-history":[{"count":0,"href":"https:\/\/patrimoinepotton.org\/index.php?rest_route=\/wp\/v2\/pages\/8223\/revisions"}],"up":[{"embeddable":true,"href":"https:\/\/patrimoinepotton.org\/index.php?rest_route=\/wp\/v2\/pages\/4356"}],"wp:attachment":[{"href":"https:\/\/patrimoinepotton.org\/index.php?rest_route=%2Fwp%2Fv2%2Fmedia&parent=8223"}],"curies":[{"name":"wp","href":"https:\/\/api.w.org\/{rel}","templated":true}]}}