{"id":828,"date":"2010-12-22T11:47:21","date_gmt":"2010-12-22T16:47:21","guid":{"rendered":"http:\/\/patrimoinepotton.org\/?page_id=828"},"modified":"2010-12-22T12:32:47","modified_gmt":"2010-12-22T17:32:47","slug":"solstice_2010","status":"publish","type":"page","link":"https:\/\/patrimoinepotton.org\/?page_id=828","title":{"rendered":"Solstice 2010 au Mont Owl&rsquo;s Head"},"content":{"rendered":"<p>Le soleil n&rsquo;\u00e9tait pas visible en ce matin du 22 d\u00e9cembre 2010, mais le paysage d&rsquo;hiver \u00e9tait f\u00e9\u00e9rique.<\/p>\n<p><em>Cliquez sur une image pour d\u00e9marrer le diaporama et cliquez aussi sur une image agrandie pour arr\u00eater le diaporama.<\/em><\/p>\nngg_shortcode_0_placeholder\n","protected":false},"excerpt":{"rendered":"<p>Le soleil n&rsquo;\u00e9tait pas visible en ce matin du 22 d\u00e9cembre 2010, mais le paysage d&rsquo;hiver \u00e9tait f\u00e9\u00e9rique. Cliquez sur une image pour d\u00e9marrer le diaporama et cliquez aussi sur une image agrandie pour arr\u00eater le diaporama.<\/p>\n","protected":false},"author":5,"featured_media":0,"parent":429,"menu_order":2,"comment_status":"closed","ping_status":"closed","template":"onecolumn-page.php","meta":{"ngg_post_thumbnail":0,"_mc_calendar":[],"footnotes":""},"class_list":["post-828","page","type-page","status-publish","hentry"],"_links":{"self":[{"href":"https:\/\/patrimoinepotton.org\/index.php?rest_route=\/wp\/v2\/pages\/828","targetHints":{"allow":["GET"]}}],"collection":[{"href":"https:\/\/patrimoinepotton.org\/index.php?rest_route=\/wp\/v2\/pages"}],"about":[{"href":"https:\/\/patrimoinepotton.org\/index.php?rest_route=\/wp\/v2\/types\/page"}],"author":[{"embeddable":true,"href":"https:\/\/patrimoinepotton.org\/index.php?rest_route=\/wp\/v2\/users\/5"}],"replies":[{"embeddable":true,"href":"https:\/\/patrimoinepotton.org\/index.php?rest_route=%2Fwp%2Fv2%2Fcomments&post=828"}],"version-history":[{"count":0,"href":"https:\/\/patrimoinepotton.org\/index.php?rest_route=\/wp\/v2\/pages\/828\/revisions"}],"up":[{"embeddable":true,"href":"https:\/\/patrimoinepotton.org\/index.php?rest_route=\/wp\/v2\/pages\/429"}],"wp:attachment":[{"href":"https:\/\/patrimoinepotton.org\/index.php?rest_route=%2Fwp%2Fv2%2Fmedia&parent=828"}],"curies":[{"name":"wp","href":"https:\/\/api.w.org\/{rel}","templated":true}]}}