{"id":8313,"date":"2020-08-10T14:09:54","date_gmt":"2020-08-10T18:09:54","guid":{"rendered":"https:\/\/patrimoinepotton.org\/?page_id=8313"},"modified":"2023-08-25T16:25:38","modified_gmt":"2023-08-25T20:25:38","slug":"brochures-et-depliants-2","status":"publish","type":"page","link":"https:\/\/patrimoinepotton.org\/?page_id=8313","title":{"rendered":"Brochures et d\u00e9pliants"},"content":{"rendered":"\n<p class=\"has-text-align-center\">D\u00e9sormais int\u00e9gr\u00e9s dans la Biblioth\u00e8que num\u00e9rique.<br>Cliquez sur l&rsquo;image pour parcourir le r\u00e9pertoire.<\/p>\n\n\n\n<figure class=\"wp-block-image size-large\"><a href=\"https:\/\/patrimoinepotton.org\/appnum\/s\/PUB\"><img loading=\"lazy\" decoding=\"async\" width=\"1024\" height=\"273\" src=\"https:\/\/patrimoinepotton.org\/blogue\/wp-content\/uploads\/2020\/08\/R_PUB.jpg\" alt=\"\" class=\"wp-image-8311\" srcset=\"https:\/\/patrimoinepotton.org\/blogue\/wp-content\/uploads\/2020\/08\/R_PUB.jpg 1024w, https:\/\/patrimoinepotton.org\/blogue\/wp-content\/uploads\/2020\/08\/R_PUB-300x80.jpg 300w, https:\/\/patrimoinepotton.org\/blogue\/wp-content\/uploads\/2020\/08\/R_PUB-768x205.jpg 768w\" sizes=\"auto, (max-width: 1024px) 100vw, 1024px\" \/><\/a><\/figure>\n\n\n\n<p class=\"has-small-font-size\">[ <a href=\"https:\/\/patrimoinepotton.org\/?page_id=913\">Acc\u00e8s via le portail classique<\/a> ]<\/p>\n","protected":false},"excerpt":{"rendered":"<p>D\u00e9sormais int\u00e9gr\u00e9s dans la Biblioth\u00e8que num\u00e9rique.Cliquez sur l&rsquo;image pour parcourir le r\u00e9pertoire. [ Acc\u00e8s via le portail classique ]<\/p>\n","protected":false},"author":5,"featured_media":0,"parent":427,"menu_order":10,"comment_status":"closed","ping_status":"closed","template":"","meta":{"ngg_post_thumbnail":0,"_mc_calendar":[],"footnotes":""},"class_list":["post-8313","page","type-page","status-publish","hentry"],"_links":{"self":[{"href":"https:\/\/patrimoinepotton.org\/index.php?rest_route=\/wp\/v2\/pages\/8313","targetHints":{"allow":["GET"]}}],"collection":[{"href":"https:\/\/patrimoinepotton.org\/index.php?rest_route=\/wp\/v2\/pages"}],"about":[{"href":"https:\/\/patrimoinepotton.org\/index.php?rest_route=\/wp\/v2\/types\/page"}],"author":[{"embeddable":true,"href":"https:\/\/patrimoinepotton.org\/index.php?rest_route=\/wp\/v2\/users\/5"}],"replies":[{"embeddable":true,"href":"https:\/\/patrimoinepotton.org\/index.php?rest_route=%2Fwp%2Fv2%2Fcomments&post=8313"}],"version-history":[{"count":0,"href":"https:\/\/patrimoinepotton.org\/index.php?rest_route=\/wp\/v2\/pages\/8313\/revisions"}],"up":[{"embeddable":true,"href":"https:\/\/patrimoinepotton.org\/index.php?rest_route=\/wp\/v2\/pages\/427"}],"wp:attachment":[{"href":"https:\/\/patrimoinepotton.org\/index.php?rest_route=%2Fwp%2Fv2%2Fmedia&parent=8313"}],"curies":[{"name":"wp","href":"https:\/\/api.w.org\/{rel}","templated":true}]}}