{"id":913,"date":"2017-10-02T10:00:26","date_gmt":"2017-10-02T14:00:26","guid":{"rendered":"http:\/\/patrimoinepotton.org\/?page_id=913"},"modified":"2023-08-25T16:22:46","modified_gmt":"2023-08-25T20:22:46","slug":"brochures-et-depliants","status":"publish","type":"page","link":"https:\/\/patrimoinepotton.org\/?page_id=913","title":{"rendered":"Brochures et d\u00e9pliants [Portail classique]"},"content":{"rendered":"<p><a id=\"brochure\"><\/a><strong>Brochures<\/strong><br \/>\n<em>Ordre chronologique de publication<\/em><\/p>\n<p><img decoding=\"async\" src=\"https:\/\/patrimoinepotton.org\/blogue\/wp-content\/plugins\/wp-downloadmanager\/images\/ext\/pdf.gif\" alt=\"\" title=\"\" style=\"vertical-align: upper\" \/>&nbsp;&nbsp;<a href=\"https:\/\/patrimoinepotton.org\/?dl_id=118\">Cimeti\u00e8res de Potton | 2017<\/a>&nbsp;&nbsp;<span style=\"font-size: x-small\">{4,3 Mo}<\/span><br \/>\n<img decoding=\"async\" src=\"https:\/\/patrimoinepotton.org\/blogue\/wp-content\/plugins\/wp-downloadmanager\/images\/ext\/pdf.gif\" alt=\"\" title=\"\" style=\"vertical-align: upper\" \/>&nbsp;&nbsp;<a href=\"https:\/\/patrimoinepotton.org\/?dl_id=114\">Le tourisme \u00e0 Potton au tournant du 19e si\u00e8cle | 2017<\/a>&nbsp;&nbsp;<span style=\"font-size: x-small\">{3,4 Mo}<\/span><br \/>\n<img decoding=\"async\" src=\"https:\/\/patrimoinepotton.org\/blogue\/wp-content\/plugins\/wp-downloadmanager\/images\/ext\/pdf.gif\" alt=\"\" title=\"\" style=\"vertical-align: upper\" \/>&nbsp;&nbsp;<a href=\"https:\/\/patrimoinepotton.org\/?dl_id=94\">Incomparable Potton | 2016<\/a>&nbsp;&nbsp;<span style=\"font-size: x-small\">{880,4 Ko}<\/span><br \/>\n<img decoding=\"async\" src=\"https:\/\/patrimoinepotton.org\/blogue\/wp-content\/plugins\/wp-downloadmanager\/images\/ext\/pdf.gif\" alt=\"\" title=\"\" style=\"vertical-align: upper\" \/>&nbsp;&nbsp;<a href=\"https:\/\/patrimoinepotton.org\/?dl_id=84\">Les ponts couverts de Potton | 2016<\/a>&nbsp;&nbsp;<span style=\"font-size: x-small\">{2,2 Mo}<\/span><br \/>\n<img decoding=\"async\" src=\"https:\/\/patrimoinepotton.org\/blogue\/wp-content\/plugins\/wp-downloadmanager\/images\/ext\/pdf.gif\" alt=\"\" title=\"\" style=\"vertical-align: upper\" \/>&nbsp;&nbsp;<a href=\"https:\/\/patrimoinepotton.org\/?dl_id=69\">Le patrimoine b\u00e2ti de Potton | Les commerces | 2015<\/a>&nbsp;&nbsp;<span style=\"font-size: x-small\">{2,9 Mo}<\/span><br \/>\n<img decoding=\"async\" src=\"https:\/\/patrimoinepotton.org\/blogue\/wp-content\/plugins\/wp-downloadmanager\/images\/ext\/pdf.gif\" alt=\"\" title=\"\" style=\"vertical-align: upper\" \/>&nbsp;&nbsp;<a href=\"https:\/\/patrimoinepotton.org\/?dl_id=9\">Les paysages de Potton | Un bien culturel collectif | 2014, 2018<\/a>&nbsp;&nbsp;<span style=\"font-size: x-small\">{3,9 Mo}<\/span><br \/>\n<img decoding=\"async\" src=\"https:\/\/patrimoinepotton.org\/blogue\/wp-content\/plugins\/wp-downloadmanager\/images\/ext\/pdf.gif\" alt=\"\" title=\"\" style=\"vertical-align: upper\" \/>&nbsp;&nbsp;<a href=\"https:\/\/patrimoinepotton.org\/?dl_id=8\">Le patrimoine b\u00e2ti de Potton | Les r\u00e9sidences | 2013<\/a>&nbsp;&nbsp;<span style=\"font-size: x-small\">{1,3 Mo}<\/span><br \/>\n<img decoding=\"async\" src=\"https:\/\/patrimoinepotton.org\/blogue\/wp-content\/plugins\/wp-downloadmanager\/images\/ext\/pdf.gif\" alt=\"\" title=\"\" style=\"vertical-align: upper\" \/>&nbsp;&nbsp;<a href=\"https:\/\/patrimoinepotton.org\/?dl_id=7\">Incomparable Potton | 2013<\/a>&nbsp;&nbsp;<span style=\"font-size: x-small\">{1,2 Mo}<\/span><br \/>\n<img decoding=\"async\" src=\"https:\/\/patrimoinepotton.org\/blogue\/wp-content\/plugins\/wp-downloadmanager\/images\/ext\/pdf.gif\" alt=\"\" title=\"\" style=\"vertical-align: upper\" \/>&nbsp;&nbsp;<a href=\"https:\/\/patrimoinepotton.org\/?dl_id=6\">Une promenade au village Mansonville | 2011<\/a>&nbsp;&nbsp;<span style=\"font-size: x-small\">{5,3 Mo}<\/span><br \/>\n<img decoding=\"async\" src=\"https:\/\/patrimoinepotton.org\/blogue\/wp-content\/plugins\/wp-downloadmanager\/images\/ext\/pdf.gif\" alt=\"\" title=\"\" style=\"vertical-align: upper\" \/>&nbsp;&nbsp;<a href=\"https:\/\/patrimoinepotton.org\/?dl_id=3\">Un canton \u00e0 d\u00e9couvrir, Potton | 2008<\/a>&nbsp;&nbsp;<span style=\"font-size: x-small\">{4,1 Mo}<\/span><\/p>\n<p><strong>D\u00e9pliants<\/strong><br \/>\n<em>Ordre chronologique de publication<\/em><\/p>\n<p><img decoding=\"async\" src=\"https:\/\/patrimoinepotton.org\/blogue\/wp-content\/plugins\/wp-downloadmanager\/images\/ext\/pdf.gif\" alt=\"\" title=\"\" style=\"vertical-align: upper\" \/>&nbsp;&nbsp;<a href=\"https:\/\/patrimoinepotton.org\/?dl_id=19\">Grange ronde de Mansonville | 2014<\/a>&nbsp;&nbsp;<span style=\"font-size: x-small\">{245,4 Ko}<\/span><br \/>\n<img decoding=\"async\" src=\"https:\/\/patrimoinepotton.org\/blogue\/wp-content\/plugins\/wp-downloadmanager\/images\/ext\/pdf.gif\" alt=\"\" title=\"\" style=\"vertical-align: upper\" \/>&nbsp;&nbsp;<a href=\"https:\/\/patrimoinepotton.org\/?dl_id=18\">Dunkin | 2011<\/a>&nbsp;&nbsp;<span style=\"font-size: x-small\">{302,8 Ko}<\/span><br \/>\n<img decoding=\"async\" src=\"https:\/\/patrimoinepotton.org\/blogue\/wp-content\/plugins\/wp-downloadmanager\/images\/ext\/pdf.gif\" alt=\"\" title=\"\" style=\"vertical-align: upper\" \/>&nbsp;&nbsp;<a href=\"https:\/\/patrimoinepotton.org\/?dl_id=17\">Highwater | 2011<\/a>&nbsp;&nbsp;<span style=\"font-size: x-small\">{278,7 Ko}<\/span><br \/>\n<img decoding=\"async\" src=\"https:\/\/patrimoinepotton.org\/blogue\/wp-content\/plugins\/wp-downloadmanager\/images\/ext\/pdf.gif\" alt=\"\" title=\"\" style=\"vertical-align: upper\" \/>&nbsp;&nbsp;<a href=\"https:\/\/patrimoinepotton.org\/?dl_id=16\">Le patrimoine religieux de Potton | 2011<\/a>&nbsp;&nbsp;<span style=\"font-size: x-small\">{337,5 Ko}<\/span><br \/>\n<img decoding=\"async\" src=\"https:\/\/patrimoinepotton.org\/blogue\/wp-content\/plugins\/wp-downloadmanager\/images\/ext\/pdf.gif\" alt=\"\" title=\"\" style=\"vertical-align: upper\" \/>&nbsp;&nbsp;<a href=\"https:\/\/patrimoinepotton.org\/?dl_id=15\">Vale Perkins | 2011<\/a>&nbsp;&nbsp;<span style=\"font-size: x-small\">{303,6 Ko}<\/span><br \/>\n<img decoding=\"async\" src=\"https:\/\/patrimoinepotton.org\/blogue\/wp-content\/plugins\/wp-downloadmanager\/images\/ext\/pdf.gif\" alt=\"\" title=\"\" style=\"vertical-align: upper\" \/>&nbsp;&nbsp;<a href=\"https:\/\/patrimoinepotton.org\/?dl_id=14\">Knowlton Landing | 2010<\/a>&nbsp;&nbsp;<span style=\"font-size: x-small\">{282,4 Ko}<\/span><br \/>\n<img decoding=\"async\" src=\"https:\/\/patrimoinepotton.org\/blogue\/wp-content\/plugins\/wp-downloadmanager\/images\/ext\/pdf.gif\" alt=\"\" title=\"\" style=\"vertical-align: upper\" \/>&nbsp;&nbsp;<a href=\"https:\/\/patrimoinepotton.org\/?dl_id=13\">Monast\u00e8re russe | 2010<\/a>&nbsp;&nbsp;<span style=\"font-size: x-small\">{310,0 Ko}<\/span><br \/>\n<img decoding=\"async\" src=\"https:\/\/patrimoinepotton.org\/blogue\/wp-content\/plugins\/wp-downloadmanager\/images\/ext\/pdf.gif\" alt=\"\" title=\"\" style=\"vertical-align: upper\" \/>&nbsp;&nbsp;<a href=\"https:\/\/patrimoinepotton.org\/?dl_id=12\">Owl's Head | 2010<\/a>&nbsp;&nbsp;<span style=\"font-size: x-small\">{488,5 Ko}<\/span><br \/>\n<img decoding=\"async\" src=\"https:\/\/patrimoinepotton.org\/blogue\/wp-content\/plugins\/wp-downloadmanager\/images\/ext\/pdf.gif\" alt=\"\" title=\"\" style=\"vertical-align: upper\" \/>&nbsp;&nbsp;<a href=\"https:\/\/patrimoinepotton.org\/?dl_id=11\">Vorokhta et chapelle ukrainienne Saint-Jean-Baptiste | 2010<\/a>&nbsp;&nbsp;<span style=\"font-size: x-small\">{300,4 Ko}<\/span><br \/>\n<img decoding=\"async\" src=\"https:\/\/patrimoinepotton.org\/blogue\/wp-content\/plugins\/wp-downloadmanager\/images\/ext\/pdf.gif\" alt=\"\" title=\"\" style=\"vertical-align: upper\" \/>&nbsp;&nbsp;<a href=\"https:\/\/patrimoinepotton.org\/?dl_id=10\">Pont de la fronti\u00e8re | 2009<\/a>&nbsp;&nbsp;<span style=\"font-size: x-small\">{236,2 Ko}<\/span><\/p>\n<p style=\"text-align: right; color: #008000; font-size: x-small;\">[T\u00e9l\u00e9chargements depuis Novembre 2014]<\/p>\n","protected":false},"excerpt":{"rendered":"<p>Brochures Ordre chronologique de publication D\u00e9pliants Ordre chronologique de publication [T\u00e9l\u00e9chargements depuis Novembre 2014]<\/p>\n","protected":false},"author":5,"featured_media":0,"parent":427,"menu_order":11,"comment_status":"closed","ping_status":"closed","template":"","meta":{"ngg_post_thumbnail":0,"_mc_calendar":[],"footnotes":""},"class_list":["post-913","page","type-page","status-publish","hentry"],"_links":{"self":[{"href":"https:\/\/patrimoinepotton.org\/index.php?rest_route=\/wp\/v2\/pages\/913","targetHints":{"allow":["GET"]}}],"collection":[{"href":"https:\/\/patrimoinepotton.org\/index.php?rest_route=\/wp\/v2\/pages"}],"about":[{"href":"https:\/\/patrimoinepotton.org\/index.php?rest_route=\/wp\/v2\/types\/page"}],"author":[{"embeddable":true,"href":"https:\/\/patrimoinepotton.org\/index.php?rest_route=\/wp\/v2\/users\/5"}],"replies":[{"embeddable":true,"href":"https:\/\/patrimoinepotton.org\/index.php?rest_route=%2Fwp%2Fv2%2Fcomments&post=913"}],"version-history":[{"count":0,"href":"https:\/\/patrimoinepotton.org\/index.php?rest_route=\/wp\/v2\/pages\/913\/revisions"}],"up":[{"embeddable":true,"href":"https:\/\/patrimoinepotton.org\/index.php?rest_route=\/wp\/v2\/pages\/427"}],"wp:attachment":[{"href":"https:\/\/patrimoinepotton.org\/index.php?rest_route=%2Fwp%2Fv2%2Fmedia&parent=913"}],"curies":[{"name":"wp","href":"https:\/\/api.w.org\/{rel}","templated":true}]}}