{"id":9273,"date":"2023-04-01T09:37:53","date_gmt":"2023-04-01T13:37:53","guid":{"rendered":"https:\/\/patrimoinepotton.org\/?page_id=9273"},"modified":"2025-12-04T06:19:46","modified_gmt":"2025-12-04T11:19:46","slug":"site-en-maintenance","status":"publish","type":"page","link":"https:\/\/patrimoinepotton.org\/","title":{"rendered":"Accueil | 2023"},"content":{"rendered":"\n<div class=\"wp-block-group alignwide is-content-justification-space-between is-layout-flex wp-container-core-group-is-layout-9366075c wp-block-group-is-layout-flex\">\n<div class=\"wp-block-group alignwide is-vertical is-layout-flex wp-container-core-group-is-layout-0eaaeabc wp-block-group-is-layout-flex\" style=\"padding-top:0px;padding-right:0px;padding-bottom:0px;padding-left:0px\">\n<p class=\"has-text-color\" style=\"color:#002d80;font-size:clamp(0.984rem, 0.984rem + ((1vw - 0.2rem) * 0.938), 1.5rem);\"><strong>Association du patrimoine de Potton<\/strong><\/p>\n\n\n\n<p class=\"has-text-color\" style=\"color:#902e2e;font-size:clamp(0.984rem, 0.984rem + ((1vw - 0.2rem) * 0.938), 1.5rem);\"><strong>Depuis 1990<\/strong><\/p>\n<\/div>\n\n\n\n<p><a href=\"https:\/\/patrimoinepotton.org\/?p=9374\" data-type=\"post\" data-id=\"9374\">Aide | Infos<\/a><\/p>\n<\/div>\n\n\n\n<div class=\"wp-block-group alignwide has-global-padding is-layout-constrained wp-container-core-group-is-layout-bea02a06 wp-block-group-is-layout-constrained\">\n<figure class=\"wp-block-image alignwide size-full\"><img loading=\"lazy\" decoding=\"async\" width=\"1200\" height=\"252\" src=\"https:\/\/patrimoinepotton.org\/blogue\/wp-content\/uploads\/2023\/04\/WEB_Logo_1200_NR.jpg\" alt=\"\" class=\"wp-image-9295\" srcset=\"https:\/\/patrimoinepotton.org\/blogue\/wp-content\/uploads\/2023\/04\/WEB_Logo_1200_NR.jpg 1200w, https:\/\/patrimoinepotton.org\/blogue\/wp-content\/uploads\/2023\/04\/WEB_Logo_1200_NR-300x63.jpg 300w, https:\/\/patrimoinepotton.org\/blogue\/wp-content\/uploads\/2023\/04\/WEB_Logo_1200_NR-1024x215.jpg 1024w, https:\/\/patrimoinepotton.org\/blogue\/wp-content\/uploads\/2023\/04\/WEB_Logo_1200_NR-768x161.jpg 768w\" sizes=\"auto, (max-width: 1200px) 100vw, 1200px\" \/><\/figure>\n<\/div>\n\n\n\n<div class=\"wp-block-group alignwide is-content-justification-center is-layout-flex wp-container-core-group-is-layout-560196fc wp-block-group-is-layout-flex\">\n<p style=\"font-size:clamp(0.875rem, 0.875rem + ((1vw - 0.2rem) * 0.682), 1.25rem);font-style:normal;font-weight:600\">Babillard: <\/p>\n\n\n<div class=\"wp-block-archives-dropdown alignleft wp-block-archives\"><label for=\"wp-block-archives-1\" class=\"wp-block-archives__label screen-reader-text\">Archives<\/label>\n\t\t<select id=\"wp-block-archives-1\" name=\"archive-dropdown\">\n\t\t<option value=\"\">S\u00e9lectionner un mois<\/option>\t<option value='https:\/\/patrimoinepotton.org\/?m=202602'> f\u00e9vrier 2026 &nbsp;(1)<\/option>\n\t<option value='https:\/\/patrimoinepotton.org\/?m=202512'> d\u00e9cembre 2025 &nbsp;(2)<\/option>\n\t<option value='https:\/\/patrimoinepotton.org\/?m=202510'> octobre 2025 &nbsp;(1)<\/option>\n\t<option value='https:\/\/patrimoinepotton.org\/?m=202509'> septembre 2025 &nbsp;(1)<\/option>\n\t<option value='https:\/\/patrimoinepotton.org\/?m=202508'> ao\u00fbt 2025 &nbsp;(3)<\/option>\n\t<option value='https:\/\/patrimoinepotton.org\/?m=202506'> juin 2025 &nbsp;(1)<\/option>\n\t<option value='https:\/\/patrimoinepotton.org\/?m=202505'> mai 2025 &nbsp;(1)<\/option>\n\t<option value='https:\/\/patrimoinepotton.org\/?m=202504'> avril 2025 &nbsp;(1)<\/option>\n\t<option value='https:\/\/patrimoinepotton.org\/?m=202503'> mars 2025 &nbsp;(1)<\/option>\n\t<option value='https:\/\/patrimoinepotton.org\/?m=202501'> janvier 2025 &nbsp;(1)<\/option>\n\t<option value='https:\/\/patrimoinepotton.org\/?m=202412'> d\u00e9cembre 2024 &nbsp;(1)<\/option>\n\t<option value='https:\/\/patrimoinepotton.org\/?m=202411'> novembre 2024 &nbsp;(1)<\/option>\n\t<option value='https:\/\/patrimoinepotton.org\/?m=202410'> octobre 2024 &nbsp;(1)<\/option>\n\t<option value='https:\/\/patrimoinepotton.org\/?m=202409'> septembre 2024 &nbsp;(2)<\/option>\n\t<option value='https:\/\/patrimoinepotton.org\/?m=202408'> ao\u00fbt 2024 &nbsp;(2)<\/option>\n\t<option value='https:\/\/patrimoinepotton.org\/?m=202406'> juin 2024 &nbsp;(1)<\/option>\n\t<option value='https:\/\/patrimoinepotton.org\/?m=202405'> mai 2024 &nbsp;(1)<\/option>\n\t<option value='https:\/\/patrimoinepotton.org\/?m=202404'> avril 2024 &nbsp;(1)<\/option>\n\t<option value='https:\/\/patrimoinepotton.org\/?m=202403'> mars 2024 &nbsp;(3)<\/option>\n\t<option value='https:\/\/patrimoinepotton.org\/?m=202401'> janvier 2024 &nbsp;(1)<\/option>\n\t<option value='https:\/\/patrimoinepotton.org\/?m=202312'> d\u00e9cembre 2023 &nbsp;(5)<\/option>\n\t<option value='https:\/\/patrimoinepotton.org\/?m=202311'> novembre 2023 &nbsp;(1)<\/option>\n\t<option value='https:\/\/patrimoinepotton.org\/?m=202309'> septembre 2023 &nbsp;(1)<\/option>\n\t<option value='https:\/\/patrimoinepotton.org\/?m=202308'> ao\u00fbt 2023 &nbsp;(1)<\/option>\n\t<option value='https:\/\/patrimoinepotton.org\/?m=202306'> juin 2023 &nbsp;(1)<\/option>\n\t<option value='https:\/\/patrimoinepotton.org\/?m=202305'> mai 2023 &nbsp;(1)<\/option>\n\t<option value='https:\/\/patrimoinepotton.org\/?m=202304'> avril 2023 &nbsp;(1)<\/option>\n\t<option value='https:\/\/patrimoinepotton.org\/?m=202303'> mars 2023 &nbsp;(1)<\/option>\n\t<option value='https:\/\/patrimoinepotton.org\/?m=202302'> f\u00e9vrier 2023 &nbsp;(3)<\/option>\n\t<option value='https:\/\/patrimoinepotton.org\/?m=202301'> janvier 2023 &nbsp;(2)<\/option>\n\t<option value='https:\/\/patrimoinepotton.org\/?m=202212'> d\u00e9cembre 2022 &nbsp;(1)<\/option>\n\t<option value='https:\/\/patrimoinepotton.org\/?m=202208'> ao\u00fbt 2022 &nbsp;(1)<\/option>\n\t<option value='https:\/\/patrimoinepotton.org\/?m=202207'> juillet 2022 &nbsp;(2)<\/option>\n\t<option value='https:\/\/patrimoinepotton.org\/?m=202205'> mai 2022 &nbsp;(2)<\/option>\n\t<option value='https:\/\/patrimoinepotton.org\/?m=202203'> mars 2022 &nbsp;(1)<\/option>\n\t<option value='https:\/\/patrimoinepotton.org\/?m=202201'> janvier 2022 &nbsp;(1)<\/option>\n\t<option value='https:\/\/patrimoinepotton.org\/?m=202112'> d\u00e9cembre 2021 &nbsp;(2)<\/option>\n\t<option value='https:\/\/patrimoinepotton.org\/?m=202110'> octobre 2021 &nbsp;(1)<\/option>\n\t<option value='https:\/\/patrimoinepotton.org\/?m=202109'> septembre 2021 &nbsp;(1)<\/option>\n\t<option value='https:\/\/patrimoinepotton.org\/?m=202108'> ao\u00fbt 2021 &nbsp;(1)<\/option>\n\t<option value='https:\/\/patrimoinepotton.org\/?m=202106'> juin 2021 &nbsp;(1)<\/option>\n\t<option value='https:\/\/patrimoinepotton.org\/?m=202102'> f\u00e9vrier 2021 &nbsp;(1)<\/option>\n\t<option value='https:\/\/patrimoinepotton.org\/?m=202101'> janvier 2021 &nbsp;(1)<\/option>\n\t<option value='https:\/\/patrimoinepotton.org\/?m=202012'> d\u00e9cembre 2020 &nbsp;(1)<\/option>\n\t<option value='https:\/\/patrimoinepotton.org\/?m=202011'> novembre 2020 &nbsp;(1)<\/option>\n\t<option value='https:\/\/patrimoinepotton.org\/?m=202010'> octobre 2020 &nbsp;(1)<\/option>\n\t<option value='https:\/\/patrimoinepotton.org\/?m=202007'> juillet 2020 &nbsp;(3)<\/option>\n\t<option value='https:\/\/patrimoinepotton.org\/?m=202006'> juin 2020 &nbsp;(1)<\/option>\n\t<option value='https:\/\/patrimoinepotton.org\/?m=202003'> mars 2020 &nbsp;(2)<\/option>\n\t<option value='https:\/\/patrimoinepotton.org\/?m=202002'> f\u00e9vrier 2020 &nbsp;(2)<\/option>\n\t<option value='https:\/\/patrimoinepotton.org\/?m=201912'> d\u00e9cembre 2019 &nbsp;(2)<\/option>\n\t<option value='https:\/\/patrimoinepotton.org\/?m=201911'> novembre 2019 &nbsp;(1)<\/option>\n\t<option value='https:\/\/patrimoinepotton.org\/?m=201910'> octobre 2019 &nbsp;(1)<\/option>\n\t<option value='https:\/\/patrimoinepotton.org\/?m=201909'> septembre 2019 &nbsp;(2)<\/option>\n\t<option value='https:\/\/patrimoinepotton.org\/?m=201908'> ao\u00fbt 2019 &nbsp;(1)<\/option>\n\t<option value='https:\/\/patrimoinepotton.org\/?m=201907'> juillet 2019 &nbsp;(1)<\/option>\n\t<option value='https:\/\/patrimoinepotton.org\/?m=201906'> juin 2019 &nbsp;(1)<\/option>\n\t<option value='https:\/\/patrimoinepotton.org\/?m=201904'> avril 2019 &nbsp;(2)<\/option>\n\t<option value='https:\/\/patrimoinepotton.org\/?m=201903'> mars 2019 &nbsp;(2)<\/option>\n\t<option value='https:\/\/patrimoinepotton.org\/?m=201902'> f\u00e9vrier 2019 &nbsp;(2)<\/option>\n\t<option value='https:\/\/patrimoinepotton.org\/?m=201812'> d\u00e9cembre 2018 &nbsp;(3)<\/option>\n\t<option value='https:\/\/patrimoinepotton.org\/?m=201811'> novembre 2018 &nbsp;(1)<\/option>\n\t<option value='https:\/\/patrimoinepotton.org\/?m=201810'> octobre 2018 &nbsp;(1)<\/option>\n\t<option value='https:\/\/patrimoinepotton.org\/?m=201808'> ao\u00fbt 2018 &nbsp;(3)<\/option>\n\t<option value='https:\/\/patrimoinepotton.org\/?m=201807'> juillet 2018 &nbsp;(2)<\/option>\n\t<option value='https:\/\/patrimoinepotton.org\/?m=201806'> juin 2018 &nbsp;(1)<\/option>\n\t<option value='https:\/\/patrimoinepotton.org\/?m=201805'> mai 2018 &nbsp;(1)<\/option>\n\t<option value='https:\/\/patrimoinepotton.org\/?m=201803'> mars 2018 &nbsp;(2)<\/option>\n\t<option value='https:\/\/patrimoinepotton.org\/?m=201802'> f\u00e9vrier 2018 &nbsp;(1)<\/option>\n\t<option value='https:\/\/patrimoinepotton.org\/?m=201801'> janvier 2018 &nbsp;(1)<\/option>\n\t<option value='https:\/\/patrimoinepotton.org\/?m=201712'> d\u00e9cembre 2017 &nbsp;(1)<\/option>\n\t<option value='https:\/\/patrimoinepotton.org\/?m=201711'> novembre 2017 &nbsp;(1)<\/option>\n\t<option value='https:\/\/patrimoinepotton.org\/?m=201710'> octobre 2017 &nbsp;(3)<\/option>\n\t<option value='https:\/\/patrimoinepotton.org\/?m=201708'> ao\u00fbt 2017 &nbsp;(2)<\/option>\n\t<option value='https:\/\/patrimoinepotton.org\/?m=201707'> juillet 2017 &nbsp;(1)<\/option>\n\t<option value='https:\/\/patrimoinepotton.org\/?m=201705'> mai 2017 &nbsp;(1)<\/option>\n\t<option value='https:\/\/patrimoinepotton.org\/?m=201704'> avril 2017 &nbsp;(1)<\/option>\n\t<option value='https:\/\/patrimoinepotton.org\/?m=201702'> f\u00e9vrier 2017 &nbsp;(2)<\/option>\n\t<option value='https:\/\/patrimoinepotton.org\/?m=201612'> d\u00e9cembre 2016 &nbsp;(1)<\/option>\n\t<option value='https:\/\/patrimoinepotton.org\/?m=201611'> novembre 2016 &nbsp;(3)<\/option>\n\t<option value='https:\/\/patrimoinepotton.org\/?m=201610'> octobre 2016 &nbsp;(1)<\/option>\n\t<option value='https:\/\/patrimoinepotton.org\/?m=201609'> septembre 2016 &nbsp;(3)<\/option>\n\t<option value='https:\/\/patrimoinepotton.org\/?m=201608'> ao\u00fbt 2016 &nbsp;(1)<\/option>\n\t<option value='https:\/\/patrimoinepotton.org\/?m=201605'> mai 2016 &nbsp;(3)<\/option>\n\t<option value='https:\/\/patrimoinepotton.org\/?m=201604'> avril 2016 &nbsp;(3)<\/option>\n\t<option value='https:\/\/patrimoinepotton.org\/?m=201601'> janvier 2016 &nbsp;(1)<\/option>\n\t<option value='https:\/\/patrimoinepotton.org\/?m=201512'> d\u00e9cembre 2015 &nbsp;(2)<\/option>\n\t<option value='https:\/\/patrimoinepotton.org\/?m=201510'> octobre 2015 &nbsp;(2)<\/option>\n\t<option value='https:\/\/patrimoinepotton.org\/?m=201509'> septembre 2015 &nbsp;(4)<\/option>\n\t<option value='https:\/\/patrimoinepotton.org\/?m=201508'> ao\u00fbt 2015 &nbsp;(1)<\/option>\n\t<option value='https:\/\/patrimoinepotton.org\/?m=201505'> mai 2015 &nbsp;(2)<\/option>\n\t<option value='https:\/\/patrimoinepotton.org\/?m=201504'> avril 2015 &nbsp;(1)<\/option>\n\t<option value='https:\/\/patrimoinepotton.org\/?m=201503'> mars 2015 &nbsp;(2)<\/option>\n\t<option value='https:\/\/patrimoinepotton.org\/?m=201412'> d\u00e9cembre 2014 &nbsp;(1)<\/option>\n\t<option value='https:\/\/patrimoinepotton.org\/?m=201410'> octobre 2014 &nbsp;(1)<\/option>\n\t<option value='https:\/\/patrimoinepotton.org\/?m=201409'> septembre 2014 &nbsp;(4)<\/option>\n\t<option value='https:\/\/patrimoinepotton.org\/?m=201405'> mai 2014 &nbsp;(1)<\/option>\n\t<option value='https:\/\/patrimoinepotton.org\/?m=201403'> mars 2014 &nbsp;(3)<\/option>\n\t<option value='https:\/\/patrimoinepotton.org\/?m=201310'> octobre 2013 &nbsp;(1)<\/option>\n\t<option value='https:\/\/patrimoinepotton.org\/?m=201308'> ao\u00fbt 2013 &nbsp;(2)<\/option>\n\t<option value='https:\/\/patrimoinepotton.org\/?m=201307'> juillet 2013 &nbsp;(1)<\/option>\n\t<option value='https:\/\/patrimoinepotton.org\/?m=201306'> juin 2013 &nbsp;(1)<\/option>\n\t<option value='https:\/\/patrimoinepotton.org\/?m=201303'> mars 2013 &nbsp;(1)<\/option>\n\t<option value='https:\/\/patrimoinepotton.org\/?m=201302'> f\u00e9vrier 2013 &nbsp;(2)<\/option>\n\t<option value='https:\/\/patrimoinepotton.org\/?m=201212'> d\u00e9cembre 2012 &nbsp;(2)<\/option>\n\t<option value='https:\/\/patrimoinepotton.org\/?m=201210'> octobre 2012 &nbsp;(2)<\/option>\n\t<option value='https:\/\/patrimoinepotton.org\/?m=201209'> septembre 2012 &nbsp;(1)<\/option>\n\t<option value='https:\/\/patrimoinepotton.org\/?m=201208'> ao\u00fbt 2012 &nbsp;(1)<\/option>\n\t<option value='https:\/\/patrimoinepotton.org\/?m=201206'> juin 2012 &nbsp;(2)<\/option>\n\t<option value='https:\/\/patrimoinepotton.org\/?m=201204'> avril 2012 &nbsp;(1)<\/option>\n\t<option value='https:\/\/patrimoinepotton.org\/?m=201202'> f\u00e9vrier 2012 &nbsp;(1)<\/option>\n\t<option value='https:\/\/patrimoinepotton.org\/?m=201201'> janvier 2012 &nbsp;(1)<\/option>\n\t<option value='https:\/\/patrimoinepotton.org\/?m=201112'> d\u00e9cembre 2011 &nbsp;(1)<\/option>\n\t<option value='https:\/\/patrimoinepotton.org\/?m=201111'> novembre 2011 &nbsp;(1)<\/option>\n\t<option value='https:\/\/patrimoinepotton.org\/?m=201110'> octobre 2011 &nbsp;(2)<\/option>\n\t<option value='https:\/\/patrimoinepotton.org\/?m=201109'> septembre 2011 &nbsp;(1)<\/option>\n\t<option value='https:\/\/patrimoinepotton.org\/?m=201108'> ao\u00fbt 2011 &nbsp;(2)<\/option>\n\t<option value='https:\/\/patrimoinepotton.org\/?m=201107'> juillet 2011 &nbsp;(3)<\/option>\n\t<option value='https:\/\/patrimoinepotton.org\/?m=201106'> juin 2011 &nbsp;(3)<\/option>\n\t<option value='https:\/\/patrimoinepotton.org\/?m=201104'> avril 2011 &nbsp;(3)<\/option>\n\t<option value='https:\/\/patrimoinepotton.org\/?m=201103'> mars 2011 &nbsp;(1)<\/option>\n\t<option value='https:\/\/patrimoinepotton.org\/?m=201102'> f\u00e9vrier 2011 &nbsp;(2)<\/option>\n\t<option value='https:\/\/patrimoinepotton.org\/?m=201101'> janvier 2011 &nbsp;(2)<\/option>\n\t<option value='https:\/\/patrimoinepotton.org\/?m=201012'> d\u00e9cembre 2010 &nbsp;(2)<\/option>\n\t<option value='https:\/\/patrimoinepotton.org\/?m=201011'> novembre 2010 &nbsp;(1)<\/option>\n\t<option value='https:\/\/patrimoinepotton.org\/?m=201010'> octobre 2010 &nbsp;(1)<\/option>\n\t<option value='https:\/\/patrimoinepotton.org\/?m=201009'> septembre 2010 &nbsp;(4)<\/option>\n\t<option value='https:\/\/patrimoinepotton.org\/?m=201008'> ao\u00fbt 2010 &nbsp;(5)<\/option>\n\t<option value='https:\/\/patrimoinepotton.org\/?m=201007'> juillet 2010 &nbsp;(3)<\/option>\n<\/select><script>\n( ( [ dropdownId, homeUrl ] ) => {\n\t\tconst dropdown = document.getElementById( dropdownId );\n\t\tfunction onSelectChange() {\n\t\t\tsetTimeout( () => {\n\t\t\t\tif ( 'escape' === dropdown.dataset.lastkey ) {\n\t\t\t\t\treturn;\n\t\t\t\t}\n\t\t\t\tif ( dropdown.value ) {\n\t\t\t\t\tlocation.href = dropdown.value;\n\t\t\t\t}\n\t\t\t}, 250 );\n\t\t}\n\t\tfunction onKeyUp( event ) {\n\t\t\tif ( 'Escape' === event.key ) {\n\t\t\t\tdropdown.dataset.lastkey = 'escape';\n\t\t\t} else {\n\t\t\t\tdelete dropdown.dataset.lastkey;\n\t\t\t}\n\t\t}\n\t\tfunction onClick() {\n\t\t\tdelete dropdown.dataset.lastkey;\n\t\t}\n\t\tdropdown.addEventListener( 'keyup', onKeyUp );\n\t\tdropdown.addEventListener( 'click', onClick );\n\t\tdropdown.addEventListener( 'change', onSelectChange );\n\t} )( [\"wp-block-archives-1\",\"https:\/\/patrimoinepotton.org\"] );\n\/\/# sourceURL=block_core_archives_build_dropdown_script\n<\/script>\n<\/div>\n\n\n<p style=\"font-size:clamp(0.875rem, 0.875rem + ((1vw - 0.2rem) * 0.682), 1.25rem);font-style:normal;font-weight:600\"><a href=\"https:\/\/patrimoinepotton.org\/?page_id=9292\" data-type=\"page\" data-id=\"1876\">Visiter le site Web<\/a><\/p>\n<\/div>\n\n\n\n<hr class=\"wp-block-separator alignwide has-alpha-channel-opacity is-style-wide\"\/>\n\n\n\n<div class=\"wp-block-group is-content-justification-center is-layout-flex wp-container-core-group-is-layout-b02886af wp-block-group-is-layout-flex\">\n<div class=\"wp-block-group is-vertical is-layout-flex wp-container-core-group-is-layout-fe9cc265 wp-block-group-is-layout-flex\">\n<p class=\"has-text-align-center has-text-color\" style=\"color:#002d80;font-size:clamp(0.984rem, 0.984rem + ((1vw - 0.2rem) * 0.938), 1.5rem);\"><strong>Biblioth\u00e8que num\u00e9rique<\/strong><\/p>\n\n\n\n<p class=\"has-text-align-center\" style=\"font-size:clamp(0.875rem, 0.875rem + ((1vw - 0.2rem) * 0.682), 1.25rem);font-style:normal;font-weight:600\"><a rel=\"noreferrer noopener\" href=\"https:\/\/patrimoinepotton.org\/appnum\" target=\"_blank\">Visiter la biblioth\u00e8que<\/a><\/p>\n\n\n\n<p class=\"has-text-align-center\" style=\"font-size:clamp(0.875rem, 0.875rem + ((1vw - 0.2rem) * 0.682), 1.25rem);font-style:normal;font-weight:600\"><a href=\"https:\/\/patrimoinepotton.org\/appnum\/s\/appha-num\/item\/3186\" target=\"_blank\" rel=\"noreferrer noopener\">Portfolio | Aper\u00e7u<\/a><\/p>\n<\/div>\n\n\n\n<figure class=\"wp-block-image size-full is-resized\"><img loading=\"lazy\" decoding=\"async\" width=\"600\" height=\"331\" src=\"https:\/\/patrimoinepotton.org\/blogue\/wp-content\/uploads\/2023\/04\/V_Biblio.png\" alt=\"\" class=\"wp-image-9294\" style=\"width:375px;height:undefinedpx\" srcset=\"https:\/\/patrimoinepotton.org\/blogue\/wp-content\/uploads\/2023\/04\/V_Biblio.png 600w, https:\/\/patrimoinepotton.org\/blogue\/wp-content\/uploads\/2023\/04\/V_Biblio-300x166.png 300w\" sizes=\"auto, (max-width: 600px) 100vw, 600px\" \/><\/figure>\n<\/div>\n\n\n\n<hr class=\"wp-block-separator alignwide has-alpha-channel-opacity is-style-wide\"\/>\n\n\n\n<div class=\"wp-block-group alignwide is-content-justification-space-between is-layout-flex wp-container-core-group-is-layout-ae664aa0 wp-block-group-is-layout-flex\" style=\"padding-top:0;padding-right:0;padding-bottom:0;padding-left:0\">\n<p class=\"has-text-align-left has-small-font-size\"><a href=\"https:\/\/patrimoinepotton.org\/?page_id=6564\" data-type=\"page\" data-id=\"6564\">Politique de confidentialit\u00e9<\/a><\/p>\n\n\n\n<div class=\"wp-block-buttons is-layout-flex wp-block-buttons-is-layout-flex\">\n<div class=\"wp-block-button has-custom-width wp-block-button__width-100 is-style-fill\"><a class=\"wp-block-button__link has-small-font-size has-custom-font-size wp-element-button\" href=\"https:\/\/pottonheritage.org\" style=\"padding-top:0;padding-bottom:0\">EN | Potton Heritage Association<\/a><\/div>\n<\/div>\n\n\n\n<figure class=\"wp-block-image size-full is-resized\"><a href=\"https:\/\/www.facebook.com\/groups\/appha1990\"><img loading=\"lazy\" decoding=\"async\" width=\"800\" height=\"200\" src=\"https:\/\/patrimoinepotton.org\/blogue\/wp-content\/uploads\/2023\/07\/Groupe_Facebook.png\" alt=\"\" class=\"wp-image-9880\" style=\"width:150px;height:undefinedpx\" srcset=\"https:\/\/patrimoinepotton.org\/blogue\/wp-content\/uploads\/2023\/07\/Groupe_Facebook.png 800w, https:\/\/patrimoinepotton.org\/blogue\/wp-content\/uploads\/2023\/07\/Groupe_Facebook-300x75.png 300w, https:\/\/patrimoinepotton.org\/blogue\/wp-content\/uploads\/2023\/07\/Groupe_Facebook-768x192.png 768w\" sizes=\"auto, (max-width: 800px) 100vw, 800px\" \/><\/a><\/figure>\n<\/div>\n","protected":false},"excerpt":{"rendered":"<p>Association du patrimoine de Potton Depuis 1990 Aide | Infos Babillard: Visiter le site Web Biblioth\u00e8que num\u00e9rique Visiter la biblioth\u00e8que Portfolio | Aper\u00e7u Politique de confidentialit\u00e9<\/p>\n","protected":false},"author":5,"featured_media":0,"parent":0,"menu_order":1,"comment_status":"closed","ping_status":"closed","template":"blank","meta":{"ngg_post_thumbnail":0,"_mc_calendar":[],"footnotes":""},"class_list":["post-9273","page","type-page","status-publish","hentry"],"_links":{"self":[{"href":"https:\/\/patrimoinepotton.org\/index.php?rest_route=\/wp\/v2\/pages\/9273","targetHints":{"allow":["GET"]}}],"collection":[{"href":"https:\/\/patrimoinepotton.org\/index.php?rest_route=\/wp\/v2\/pages"}],"about":[{"href":"https:\/\/patrimoinepotton.org\/index.php?rest_route=\/wp\/v2\/types\/page"}],"author":[{"embeddable":true,"href":"https:\/\/patrimoinepotton.org\/index.php?rest_route=\/wp\/v2\/users\/5"}],"replies":[{"embeddable":true,"href":"https:\/\/patrimoinepotton.org\/index.php?rest_route=%2Fwp%2Fv2%2Fcomments&post=9273"}],"version-history":[{"count":2,"href":"https:\/\/patrimoinepotton.org\/index.php?rest_route=\/wp\/v2\/pages\/9273\/revisions"}],"predecessor-version":[{"id":12217,"href":"https:\/\/patrimoinepotton.org\/index.php?rest_route=\/wp\/v2\/pages\/9273\/revisions\/12217"}],"wp:attachment":[{"href":"https:\/\/patrimoinepotton.org\/index.php?rest_route=%2Fwp%2Fv2%2Fmedia&parent=9273"}],"curies":[{"name":"wp","href":"https:\/\/api.w.org\/{rel}","templated":true}]}}